{"id":43704,"date":"2022-05-26T05:40:37","date_gmt":"2022-05-26T03:40:37","guid":{"rendered":"https:\/\/siluteinfo.lt\/leisure\/places-to-visit\/church-of-st-james-the-apostle-in-sveksna\/"},"modified":"2025-06-18T19:30:26","modified_gmt":"2025-06-18T17:30:26","slug":"church-of-st-james-the-apostle-in-sveksna","status":"publish","type":"page","link":"https:\/\/siluteinfo.lt\/en\/leisure\/places-to-visit\/church-of-st-james-the-apostle-in-sveksna\/","title":{"rendered":"Church of St. James the Apostle in \u0160v\u0117k\u0161na"},"content":{"rendered":"\t\t<div data-elementor-type=\"wp-page\" data-elementor-id=\"43704\" class=\"elementor elementor-43704 elementor-11287\" data-elementor-post-type=\"page\">\n\t\t\t\t<div class=\"wd-negative-gap elementor-element elementor-element-9ebcffe e-flex e-con-boxed e-con e-parent\" data-id=\"9ebcffe\" data-element_type=\"container\" data-e-type=\"container\">\n\t\t\t\t\t<div class=\"e-con-inner\">\n\t\t<div class=\"elementor-element elementor-element-b6653e5 e-con-full e-flex e-con e-child\" data-id=\"b6653e5\" data-element_type=\"container\" data-e-type=\"container\">\n\t\t\t\t<div class=\"elementor-element elementor-element-edd49b8 elementor-widget elementor-widget-theme-post-featured-image elementor-widget-image\" data-id=\"edd49b8\" data-element_type=\"widget\" data-e-type=\"widget\" data-widget_type=\"theme-post-featured-image.default\">\n\t\t\t\t<div class=\"elementor-widget-container\">\n\t\t\t\t\t\t\t\t\t\t\t\t\t\t\t<img loading=\"lazy\" decoding=\"async\" width=\"1200\" height=\"800\" src=\"https:\/\/siluteinfo.lt\/wp-content\/themes\/woodmart\/images\/lazy.svg\" data-src=\"https:\/\/siluteinfo.lt\/wp-content\/uploads\/2023\/11\/lankomi-sveksnos-sv-apastalo-jokubo-baznycia.jpg\" class=\" wd-lazy-blur attachment-full size-full wp-image-32044\" alt=\"\u0160v. Apa\u0161talo Jok\u016bbo ba\u017eny\u010dia \u0160v\u0117k\u0161noje\" srcset=\"\" data-srcset=\"https:\/\/siluteinfo.lt\/wp-content\/uploads\/2023\/11\/lankomi-sveksnos-sv-apastalo-jokubo-baznycia.jpg 1200w, https:\/\/siluteinfo.lt\/wp-content\/uploads\/2023\/11\/lankomi-sveksnos-sv-apastalo-jokubo-baznycia-400x267.jpg 400w, https:\/\/siluteinfo.lt\/wp-content\/uploads\/2023\/11\/lankomi-sveksnos-sv-apastalo-jokubo-baznycia-768x512.jpg 768w\" sizes=\"auto, (max-width: 1200px) 100vw, 1200px\" \/>\t\t\t\t\t\t\t\t\t\t\t\t\t\t\t<\/div>\n\t\t\t\t<\/div>\n\t\t\t\t<\/div>\n\t\t<div class=\"elementor-element elementor-element-2fcc88e e-con-full e-flex e-con e-child\" data-id=\"2fcc88e\" data-element_type=\"container\" data-e-type=\"container\">\n\t\t\t\t<div class=\"elementor-element elementor-element-8b51749 color-scheme-inherit text-left elementor-widget elementor-widget-text-editor\" data-id=\"8b51749\" data-element_type=\"widget\" data-e-type=\"widget\" data-widget_type=\"text-editor.default\">\n\t\t\t\t<div class=\"elementor-widget-container\">\n\t\t\t\t\t\t\t\t\t<div dir=\"auto\" style=\"font-style: normal; font-variant-ligatures: normal; font-variant-caps: normal; font-weight: 400; font-family: Jost, Arial, Helvetica, sans-serif; font-size: 16px; white-space: normal; text-align: justify;\"><div dir=\"auto\" style=\"font-style: normal; font-variant-ligatures: normal; font-variant-caps: normal; font-weight: 400; font-family: Jost, Arial, Helvetica, sans-serif; font-size: 16px; white-space: normal; text-align: justify;\"><div dir=\"auto\" style=\"font-style: normal; font-variant-ligatures: normal; font-variant-caps: normal; font-weight: 400; font-family: Jost, Arial, Helvetica, sans-serif; font-size: 16px; white-space: normal; text-align: justify;\"><div dir=\"auto\" style=\"font-style: normal; font-variant-ligatures: normal; font-variant-caps: normal; font-weight: 400; font-family: Jost, Arial, Helvetica, sans-serif; font-size: 16px; white-space: normal; text-align: justify;\"><div dir=\"auto\" style=\"font-style: normal; font-variant-ligatures: normal; font-variant-caps: normal; font-weight: 400; font-family: Jost, Arial, Helvetica, sans-serif; font-size: 16px; white-space: normal; text-align: justify;\"><div dir=\"auto\" style=\"font-style: normal; font-variant-ligatures: normal; font-variant-caps: normal; font-weight: 400; font-family: Jost, Arial, Helvetica, sans-serif; font-size: 16px; white-space: normal; text-align: justify;\"><p style=\"text-align: left;\">Built in 1905 according to a design by Swedish architect Karl Eduard Strandmann, this neo-Gothic church is one of the town&#8217;s key architectural landmarks. Its construction was funded by the Plater counts of \u0160v\u0117k\u0161na and Vilk\u0117nai, with generous donations from residents of \u0160v\u0117k\u0161na and neighboring parishes. Part of the funds came from Lithuanian emigrants in the United States.  <br>The church features three longitudinal naves intersected by a transept. The twin towers rise to a height of 65 meters. The interior is adorned with eight altars. The main altar, nearly 16 meters tall, along with the pulpit, was made in Tyrol, Austria, at the Purger factory. A crypt lies beneath the main altar.<br>A unique arched pedestrian bridge (viaduct), built around 1885, connects the churchyard to the nearby park. It is a rare architectural structure in Lithuania.      <\/p><\/div><\/div><\/div><\/div><\/div><\/div>\t\t\t\t\t\t\t\t<\/div>\n\t\t\t\t<\/div>\n\t\t\t\t<\/div>\n\t\t<div class=\"elementor-element elementor-element-399b033 e-con-full e-flex e-con e-child\" data-id=\"399b033\" data-element_type=\"container\" data-e-type=\"container\">\n\t\t\t\t<div class=\"elementor-element elementor-element-70ac158 elementor-widget elementor-widget-shortcode\" data-id=\"70ac158\" data-element_type=\"widget\" data-e-type=\"widget\" data-widget_type=\"shortcode.default\">\n\t\t\t\t<div class=\"elementor-widget-container\">\n\t\t\t\t\t\t\t<div class=\"elementor-shortcode\">\t\t<div id=\"maps-marker-pro-4614c11a\" class=\"maps-marker-pro mmp-list-below\" style=\"width: 100%;\">\n\t\t\t<div id=\"mmp-map-wrap-4614c11a\" class=\"mmp-map-wrap\">\n\t\t\t\t\t\t\t\t\t<div id=\"mmp-panel-4614c11a\" class=\"mmp-panel\"><\/div>\n\t\t\t\t\t\t\t\t<div id=\"mmp-map-4614c11a\" class=\"mmp-map\" style=\"height: 500px;\"><\/div>\n\t\t\t\t\t\t\t<\/div>\n\t\t\t\t\t\t\t<div id=\"mmp-list-4614c11a\" class=\"mmp-list\" style=\"flex-basis: 400px;\"><\/div>\n\t\t\t\t\t<\/div>\n\t\t<\/div>\n\t\t\t\t\t\t<\/div>\n\t\t\t\t<\/div>\n\t\t\t\t<\/div>\n\t\t\t\t\t<\/div>\n\t\t\t\t<\/div>\n\t\t\t\t<\/div>\n\t\t","protected":false},"excerpt":{"rendered":"<p>Built in 1905 according to a design by Swedish architect Karl Eduard Strandmann, this neo-Gothic church is one of the<\/p>\n","protected":false},"author":1,"featured_media":32044,"parent":22863,"menu_order":87,"comment_status":"closed","ping_status":"closed","template":"","meta":{"_acf_changed":false,"_monsterinsights_skip_tracking":false,"_monsterinsights_sitenote_active":false,"_monsterinsights_sitenote_note":"","_monsterinsights_sitenote_category":0,"footnotes":""},"class_list":["post-43704","page","type-page","status-publish","has-post-thumbnail","hentry"],"acf":[],"_links":{"self":[{"href":"https:\/\/siluteinfo.lt\/en\/wp-json\/wp\/v2\/pages\/43704","targetHints":{"allow":["GET"]}}],"collection":[{"href":"https:\/\/siluteinfo.lt\/en\/wp-json\/wp\/v2\/pages"}],"about":[{"href":"https:\/\/siluteinfo.lt\/en\/wp-json\/wp\/v2\/types\/page"}],"author":[{"embeddable":true,"href":"https:\/\/siluteinfo.lt\/en\/wp-json\/wp\/v2\/users\/1"}],"replies":[{"embeddable":true,"href":"https:\/\/siluteinfo.lt\/en\/wp-json\/wp\/v2\/comments?post=43704"}],"version-history":[{"count":0,"href":"https:\/\/siluteinfo.lt\/en\/wp-json\/wp\/v2\/pages\/43704\/revisions"}],"up":[{"embeddable":true,"href":"https:\/\/siluteinfo.lt\/en\/wp-json\/wp\/v2\/pages\/22863"}],"wp:featuredmedia":[{"embeddable":true,"href":"https:\/\/siluteinfo.lt\/en\/wp-json\/wp\/v2\/media\/32044"}],"wp:attachment":[{"href":"https:\/\/siluteinfo.lt\/en\/wp-json\/wp\/v2\/media?parent=43704"}],"curies":[{"name":"wp","href":"https:\/\/api.w.org\/{rel}","templated":true}]}}