{"id":43425,"date":"2023-06-01T16:48:00","date_gmt":"2023-06-01T14:48:00","guid":{"rendered":"https:\/\/siluteinfo.lt\/leisure\/places-to-visit\/former-villa-verdaine-building\/"},"modified":"2025-06-12T15:25:42","modified_gmt":"2025-06-12T13:25:42","slug":"former-villa-verdaine-building","status":"publish","type":"page","link":"https:\/\/siluteinfo.lt\/en\/leisure\/places-to-visit\/former-villa-verdaine-building\/","title":{"rendered":"Former \u201cVilla Verdain\u0117\u201d Building"},"content":{"rendered":"\t\t<div data-elementor-type=\"wp-page\" data-elementor-id=\"43425\" class=\"elementor elementor-43425 elementor-24689\" data-elementor-post-type=\"page\">\n\t\t\t\t<div class=\"wd-negative-gap elementor-element elementor-element-a63ebc0 e-flex e-con-boxed e-con e-parent\" data-id=\"a63ebc0\" data-element_type=\"container\" data-e-type=\"container\">\n\t\t\t\t\t<div class=\"e-con-inner\">\n\t\t<div class=\"elementor-element elementor-element-642aa79 e-con-full e-flex e-con e-child\" data-id=\"642aa79\" data-element_type=\"container\" data-e-type=\"container\">\n\t\t\t\t<div class=\"elementor-element elementor-element-b2d5cae elementor-widget elementor-widget-theme-post-featured-image elementor-widget-image\" data-id=\"b2d5cae\" data-element_type=\"widget\" data-e-type=\"widget\" data-widget_type=\"theme-post-featured-image.default\">\n\t\t\t\t<div class=\"elementor-widget-container\">\n\t\t\t\t\t\t\t\t\t\t\t\t\t\t\t<img loading=\"lazy\" decoding=\"async\" width=\"1200\" height=\"900\" src=\"https:\/\/siluteinfo.lt\/wp-content\/themes\/woodmart\/images\/lazy.svg\" data-src=\"https:\/\/siluteinfo.lt\/wp-content\/uploads\/2023\/11\/lankomi-buvusios-verdaines-vilos-pastatas.jpg\" class=\" wd-lazy-blur attachment-full size-full wp-image-31927\" alt=\"Buvusios \u201eVerdain\u0117s vilos\u201c pastatas Verdain\u0117s kaime\" srcset=\"\" data-srcset=\"https:\/\/siluteinfo.lt\/wp-content\/uploads\/2023\/11\/lankomi-buvusios-verdaines-vilos-pastatas.jpg 1200w, https:\/\/siluteinfo.lt\/wp-content\/uploads\/2023\/11\/lankomi-buvusios-verdaines-vilos-pastatas-400x300.jpg 400w, https:\/\/siluteinfo.lt\/wp-content\/uploads\/2023\/11\/lankomi-buvusios-verdaines-vilos-pastatas-768x576.jpg 768w\" sizes=\"auto, (max-width: 1200px) 100vw, 1200px\" \/>\t\t\t\t\t\t\t\t\t\t\t\t\t\t\t<\/div>\n\t\t\t\t<\/div>\n\t\t\t\t<\/div>\n\t\t<div class=\"elementor-element elementor-element-19213d9 e-con-full e-flex e-con e-child\" data-id=\"19213d9\" data-element_type=\"container\" data-e-type=\"container\">\n\t\t\t\t<div class=\"elementor-element elementor-element-9a93ae6 color-scheme-inherit text-left elementor-widget elementor-widget-text-editor\" data-id=\"9a93ae6\" data-element_type=\"widget\" data-e-type=\"widget\" data-widget_type=\"text-editor.default\">\n\t\t\t\t<div class=\"elementor-widget-container\">\n\t\t\t\t\t\t\t\t\t<div dir=\"auto\" style=\"font-style: normal; font-variant-ligatures: normal; font-variant-caps: normal; font-weight: 400; font-family: Jost, Arial, Helvetica, sans-serif; font-size: 16px; white-space: normal; text-align: justify;\"><div dir=\"auto\" style=\"font-style: normal; font-variant-ligatures: normal; font-variant-caps: normal; font-weight: 400; font-family: Jost, Arial, Helvetica, sans-serif; font-size: 16px; white-space: normal; text-align: justify;\"><div dir=\"auto\" style=\"font-style: normal; font-variant-ligatures: normal; font-variant-caps: normal; font-weight: 400; font-family: Jost, Arial, Helvetica, sans-serif; font-size: 16px; white-space: normal; text-align: justify;\"><div dir=\"auto\" style=\"font-style: normal; font-variant-ligatures: normal; font-variant-caps: normal; font-weight: 400; font-family: Jost, Arial, Helvetica, sans-serif; font-size: 16px; white-space: normal; text-align: justify;\"><p style=\"text-align: left;\">Before World War I, a beautiful brick building was constructed on the site of a former wooden inn (known as the \u201cUpper Inn\u201d), which became the \u201cVilla Werden\u201d (Villa Verdain\u0117) restaurant. The yard was planted with various trees and shrubs. In summer, tables and chairs stood outside, and it became a favorite place for \u0160ilokar\u010dema residents to enjoy coffee or fine drinks.<br>A spacious brick hall with a stage was built in the yard, where amateur plays, concerts, lively dances, meetings, and banquets were held year-round. Verdain\u0117 restaurant owned one of the first radios in the Klaip\u0117da Region. From 1924, guests could enjoy music and broadcasts from K\u00f6nigsberg, Berlin, London, and others.<br>On January 19, 1923, the \u0160ilut\u0117 Assembly gathered in this restaurant. More than 120 representatives of the Supreme Committee for the Salvation of Lithuania Minor and cultural and economic organizations of the Klaip\u0117da Region adopted and signed the declaration for the Klaip\u0117da Region\u2019s accession to the restored Lithuanian state with autonomous rights. The document also outlined key principles for future life.    <\/p><p style=\"text-align: left;\">After the war, in 1946, the building housed the Pag\u0117giai-\u0160ilut\u0117 road maintenance division, succeeded by \u0160ilut\u0117 Road Maintenance Company. Today, UAB \u201c\u0160ilut\u0117s automobili\u0173 keliai\u201d operates here.<br>A commemorative plaque marks the place where the declaration of Klaip\u0117da\u2019s autonomy was signed. The historic moment is highlighted by an artistic light installation called \u201cThe Delegates\u201d, depicting the leaders of the committee: Vilius \u0160aulinskis, Martynas Jankus, Jonas Vanagaitis, Jurgis L\u0117bartas, and Jurgis Br\u016bvelaitis. <\/p><\/div><\/div><\/div><\/div>\t\t\t\t\t\t\t\t<\/div>\n\t\t\t\t<\/div>\n\t\t\t\t<\/div>\n\t\t<div class=\"elementor-element elementor-element-9ace103 e-con-full e-flex e-con e-child\" data-id=\"9ace103\" data-element_type=\"container\" data-e-type=\"container\">\n\t\t\t\t<div class=\"elementor-element elementor-element-4c6e249 elementor-widget elementor-widget-shortcode\" data-id=\"4c6e249\" data-element_type=\"widget\" data-e-type=\"widget\" data-widget_type=\"shortcode.default\">\n\t\t\t\t<div class=\"elementor-widget-container\">\n\t\t\t\t\t\t\t<div class=\"elementor-shortcode\">\t\t<div id=\"maps-marker-pro-1f0bad1e\" class=\"maps-marker-pro mmp-list-below\" style=\"width: 100%;\">\n\t\t\t<div id=\"mmp-map-wrap-1f0bad1e\" class=\"mmp-map-wrap\">\n\t\t\t\t\t\t\t\t\t<div id=\"mmp-panel-1f0bad1e\" class=\"mmp-panel\"><\/div>\n\t\t\t\t\t\t\t\t<div id=\"mmp-map-1f0bad1e\" class=\"mmp-map\" style=\"height: 500px;\"><\/div>\n\t\t\t\t\t\t\t<\/div>\n\t\t\t\t\t\t\t<div id=\"mmp-list-1f0bad1e\" class=\"mmp-list\" style=\"flex-basis: 400px;\"><\/div>\n\t\t\t\t\t<\/div>\n\t\t<\/div>\n\t\t\t\t\t\t<\/div>\n\t\t\t\t<\/div>\n\t\t\t\t<\/div>\n\t\t\t\t\t<\/div>\n\t\t\t\t<\/div>\n\t\t\t\t<\/div>\n\t\t","protected":false},"excerpt":{"rendered":"<p>Before World War I, a beautiful brick building was constructed on the site of a former wooden inn (known as<\/p>\n","protected":false},"author":2,"featured_media":31927,"parent":22863,"menu_order":70,"comment_status":"closed","ping_status":"closed","template":"","meta":{"_acf_changed":false,"_monsterinsights_skip_tracking":false,"_monsterinsights_sitenote_active":false,"_monsterinsights_sitenote_note":"","_monsterinsights_sitenote_category":0,"footnotes":""},"class_list":["post-43425","page","type-page","status-publish","has-post-thumbnail","hentry"],"acf":[],"_links":{"self":[{"href":"https:\/\/siluteinfo.lt\/en\/wp-json\/wp\/v2\/pages\/43425","targetHints":{"allow":["GET"]}}],"collection":[{"href":"https:\/\/siluteinfo.lt\/en\/wp-json\/wp\/v2\/pages"}],"about":[{"href":"https:\/\/siluteinfo.lt\/en\/wp-json\/wp\/v2\/types\/page"}],"author":[{"embeddable":true,"href":"https:\/\/siluteinfo.lt\/en\/wp-json\/wp\/v2\/users\/2"}],"replies":[{"embeddable":true,"href":"https:\/\/siluteinfo.lt\/en\/wp-json\/wp\/v2\/comments?post=43425"}],"version-history":[{"count":0,"href":"https:\/\/siluteinfo.lt\/en\/wp-json\/wp\/v2\/pages\/43425\/revisions"}],"up":[{"embeddable":true,"href":"https:\/\/siluteinfo.lt\/en\/wp-json\/wp\/v2\/pages\/22863"}],"wp:featuredmedia":[{"embeddable":true,"href":"https:\/\/siluteinfo.lt\/en\/wp-json\/wp\/v2\/media\/31927"}],"wp:attachment":[{"href":"https:\/\/siluteinfo.lt\/en\/wp-json\/wp\/v2\/media?parent=43425"}],"curies":[{"name":"wp","href":"https:\/\/api.w.org\/{rel}","templated":true}]}}