{"id":43355,"date":"2022-05-26T05:36:00","date_gmt":"2022-05-26T03:36:00","guid":{"rendered":"https:\/\/siluteinfo.lt\/leisure\/places-to-visit\/deims-hotel-building\/"},"modified":"2025-06-12T14:56:35","modified_gmt":"2025-06-12T12:56:35","slug":"deims-hotel-building","status":"publish","type":"page","link":"https:\/\/siluteinfo.lt\/en\/leisure\/places-to-visit\/deims-hotel-building\/","title":{"rendered":"\u201cDeims\u201d Hotel Building"},"content":{"rendered":"\t\t<div data-elementor-type=\"wp-page\" data-elementor-id=\"43355\" class=\"elementor elementor-43355 elementor-11269\" data-elementor-post-type=\"page\">\n\t\t\t\t<div class=\"wd-negative-gap elementor-element elementor-element-ba0badd e-flex e-con-boxed e-con e-parent\" data-id=\"ba0badd\" data-element_type=\"container\" data-e-type=\"container\">\n\t\t\t\t\t<div class=\"e-con-inner\">\n\t\t<div class=\"elementor-element elementor-element-5a3cbeb e-con-full e-flex e-con e-child\" data-id=\"5a3cbeb\" data-element_type=\"container\" data-e-type=\"container\">\n\t\t\t\t<div class=\"elementor-element elementor-element-58d9817 elementor-widget elementor-widget-theme-post-featured-image elementor-widget-image\" data-id=\"58d9817\" data-element_type=\"widget\" data-e-type=\"widget\" data-widget_type=\"theme-post-featured-image.default\">\n\t\t\t\t<div class=\"elementor-widget-container\">\n\t\t\t\t\t\t\t\t\t\t\t\t\t\t\t<img loading=\"lazy\" decoding=\"async\" width=\"1200\" height=\"800\" src=\"https:\/\/siluteinfo.lt\/wp-content\/themes\/woodmart\/images\/lazy.svg\" data-src=\"https:\/\/siluteinfo.lt\/wp-content\/uploads\/2025\/05\/lankomi-viesbucio-deims-pastatas.jpg\" class=\" wd-lazy-blur attachment-full size-full wp-image-42056\" alt=\"Vie\u0161bu\u010dio \u201eDeims\u201c pastatas \u0160ilut\u0117je\" srcset=\"\" data-srcset=\"https:\/\/siluteinfo.lt\/wp-content\/uploads\/2025\/05\/lankomi-viesbucio-deims-pastatas.jpg 1200w, https:\/\/siluteinfo.lt\/wp-content\/uploads\/2025\/05\/lankomi-viesbucio-deims-pastatas-400x267.jpg 400w, https:\/\/siluteinfo.lt\/wp-content\/uploads\/2025\/05\/lankomi-viesbucio-deims-pastatas-768x512.jpg 768w\" sizes=\"auto, (max-width: 1200px) 100vw, 1200px\" \/>\t\t\t\t\t\t\t\t\t\t\t\t\t\t\t<\/div>\n\t\t\t\t<\/div>\n\t\t\t\t<\/div>\n\t\t<div class=\"elementor-element elementor-element-8c33611 e-con-full e-flex e-con e-child\" data-id=\"8c33611\" data-element_type=\"container\" data-e-type=\"container\">\n\t\t\t\t<div class=\"elementor-element elementor-element-49b1d53 color-scheme-inherit text-left elementor-widget elementor-widget-text-editor\" data-id=\"49b1d53\" data-element_type=\"widget\" data-e-type=\"widget\" data-widget_type=\"text-editor.default\">\n\t\t\t\t<div class=\"elementor-widget-container\">\n\t\t\t\t\t\t\t\t\t<div dir=\"auto\" style=\"font-style: normal; font-variant-ligatures: normal; font-variant-caps: normal; font-weight: 400; font-family: Jost, Arial, Helvetica, sans-serif; font-size: 16px; white-space: normal; text-align: justify;\"><div dir=\"auto\" style=\"font-style: normal; font-variant-ligatures: normal; font-variant-caps: normal; font-weight: 400; font-family: Jost, Arial, Helvetica, sans-serif; font-size: 16px; white-space: normal; text-align: justify;\"><div dir=\"auto\" style=\"font-style: normal; font-variant-ligatures: normal; font-variant-caps: normal; font-weight: 400; font-family: Jost, Arial, Helvetica, sans-serif; font-size: 16px; white-space: normal; text-align: justify;\"><p style=\"text-align: left;\">The hotel was established in 1870. Its name comes from the surname of its owner \u2013 Deim. The exact date when Hermann Deim became the owner is unknown, but it is believed to have happened in the early 20th century, as the hotel under this name appeared in the \u0160ilut\u0117 district address book of that time.    <br>In 1922, the hotel and its caf\u00e9 were purchased by Mr. Haupt. After World War II, the hotel resumed operations. The name \u201cDeims Hotel\u201d was changed to \u201cNemunas,\u201d and a caf\u00e9 named \u201c\u017dibintas\u201d was opened. A major renovation was carried out during the post-war period. While the building was reconstructed, its pre-war exterior elements were largely preserved.     <br>Today, \u201cDeims\u201d is the only hotel in \u0160ilut\u0117 that can accommodate up to 85 guests at once. It offers 43 rooms. <\/p><\/div><\/div><\/div>\t\t\t\t\t\t\t\t<\/div>\n\t\t\t\t<\/div>\n\t\t\t\t<\/div>\n\t\t<div class=\"elementor-element elementor-element-320591e e-con-full e-flex e-con e-child\" data-id=\"320591e\" data-element_type=\"container\" data-e-type=\"container\">\n\t\t\t\t<div class=\"elementor-element elementor-element-89b213e elementor-widget elementor-widget-shortcode\" data-id=\"89b213e\" data-element_type=\"widget\" data-e-type=\"widget\" data-widget_type=\"shortcode.default\">\n\t\t\t\t<div class=\"elementor-widget-container\">\n\t\t\t\t\t\t\t<div class=\"elementor-shortcode\">\t\t<div id=\"maps-marker-pro-6e599212\" class=\"maps-marker-pro mmp-list-below\" style=\"width: 100%;\">\n\t\t\t<div id=\"mmp-map-wrap-6e599212\" class=\"mmp-map-wrap\">\n\t\t\t\t\t\t\t\t\t<div id=\"mmp-panel-6e599212\" class=\"mmp-panel\"><\/div>\n\t\t\t\t\t\t\t\t<div id=\"mmp-map-6e599212\" class=\"mmp-map\" style=\"height: 500px;\"><\/div>\n\t\t\t\t\t\t\t<\/div>\n\t\t\t\t\t\t\t<div id=\"mmp-list-6e599212\" class=\"mmp-list\" style=\"flex-basis: 400px;\"><\/div>\n\t\t\t\t\t<\/div>\n\t\t<\/div>\n\t\t\t\t\t\t<\/div>\n\t\t\t\t<\/div>\n\t\t\t\t<\/div>\n\t\t\t\t\t<\/div>\n\t\t\t\t<\/div>\n\t\t\t\t<\/div>\n\t\t","protected":false},"excerpt":{"rendered":"<p>The hotel was established in 1870. Its name comes from the surname of its owner \u2013 Deim. The exact date<\/p>\n","protected":false},"author":1,"featured_media":42056,"parent":22863,"menu_order":63,"comment_status":"closed","ping_status":"closed","template":"","meta":{"_acf_changed":false,"_monsterinsights_skip_tracking":false,"_monsterinsights_sitenote_active":false,"_monsterinsights_sitenote_note":"","_monsterinsights_sitenote_category":0,"footnotes":""},"class_list":["post-43355","page","type-page","status-publish","has-post-thumbnail","hentry"],"acf":[],"_links":{"self":[{"href":"https:\/\/siluteinfo.lt\/en\/wp-json\/wp\/v2\/pages\/43355","targetHints":{"allow":["GET"]}}],"collection":[{"href":"https:\/\/siluteinfo.lt\/en\/wp-json\/wp\/v2\/pages"}],"about":[{"href":"https:\/\/siluteinfo.lt\/en\/wp-json\/wp\/v2\/types\/page"}],"author":[{"embeddable":true,"href":"https:\/\/siluteinfo.lt\/en\/wp-json\/wp\/v2\/users\/1"}],"replies":[{"embeddable":true,"href":"https:\/\/siluteinfo.lt\/en\/wp-json\/wp\/v2\/comments?post=43355"}],"version-history":[{"count":0,"href":"https:\/\/siluteinfo.lt\/en\/wp-json\/wp\/v2\/pages\/43355\/revisions"}],"up":[{"embeddable":true,"href":"https:\/\/siluteinfo.lt\/en\/wp-json\/wp\/v2\/pages\/22863"}],"wp:featuredmedia":[{"embeddable":true,"href":"https:\/\/siluteinfo.lt\/en\/wp-json\/wp\/v2\/media\/42056"}],"wp:attachment":[{"href":"https:\/\/siluteinfo.lt\/en\/wp-json\/wp\/v2\/media?parent=43355"}],"curies":[{"name":"wp","href":"https:\/\/api.w.org\/{rel}","templated":true}]}}