{"id":43345,"date":"2022-05-25T16:27:27","date_gmt":"2022-05-25T14:27:27","guid":{"rendered":"https:\/\/siluteinfo.lt\/leisure\/places-to-visit\/former-peoples-school-volkschule\/"},"modified":"2025-06-12T14:51:21","modified_gmt":"2025-06-12T12:51:21","slug":"former-peoples-school-volkschule","status":"publish","type":"page","link":"https:\/\/siluteinfo.lt\/en\/leisure\/places-to-visit\/former-peoples-school-volkschule\/","title":{"rendered":"Former People&#8217;s School \u201cVolkschule\u201d"},"content":{"rendered":"\t\t<div data-elementor-type=\"wp-page\" data-elementor-id=\"43345\" class=\"elementor elementor-43345 elementor-11255\" data-elementor-post-type=\"page\">\n\t\t\t\t<div class=\"wd-negative-gap elementor-element elementor-element-c80c434 e-flex e-con-boxed e-con e-parent\" data-id=\"c80c434\" data-element_type=\"container\" data-e-type=\"container\">\n\t\t\t\t\t<div class=\"e-con-inner\">\n\t\t<div class=\"elementor-element elementor-element-a2bcc1f e-con-full e-flex e-con e-child\" data-id=\"a2bcc1f\" data-element_type=\"container\" data-e-type=\"container\">\n\t\t\t\t<div class=\"elementor-element elementor-element-cc5fb14 elementor-widget elementor-widget-theme-post-featured-image elementor-widget-image\" data-id=\"cc5fb14\" data-element_type=\"widget\" data-e-type=\"widget\" data-widget_type=\"theme-post-featured-image.default\">\n\t\t\t\t<div class=\"elementor-widget-container\">\n\t\t\t\t\t\t\t\t\t\t\t\t\t\t\t<img loading=\"lazy\" decoding=\"async\" width=\"1200\" height=\"800\" src=\"https:\/\/siluteinfo.lt\/wp-content\/themes\/woodmart\/images\/lazy.svg\" data-src=\"https:\/\/siluteinfo.lt\/wp-content\/uploads\/2024\/06\/lankomi-buvusi-liaudies-mokykla.jpg\" class=\" wd-lazy-blur attachment-full size-full wp-image-36438\" alt=\"Buvusios liaudies mokyklos \u201eVolkshule\u201c pastatas \u0160ilut\u0117je\" srcset=\"\" data-srcset=\"https:\/\/siluteinfo.lt\/wp-content\/uploads\/2024\/06\/lankomi-buvusi-liaudies-mokykla.jpg 1200w, https:\/\/siluteinfo.lt\/wp-content\/uploads\/2024\/06\/lankomi-buvusi-liaudies-mokykla-400x267.jpg 400w, https:\/\/siluteinfo.lt\/wp-content\/uploads\/2024\/06\/lankomi-buvusi-liaudies-mokykla-768x512.jpg 768w\" sizes=\"auto, (max-width: 1200px) 100vw, 1200px\" \/>\t\t\t\t\t\t\t\t\t\t\t\t\t\t\t<\/div>\n\t\t\t\t<\/div>\n\t\t\t\t<\/div>\n\t\t<div class=\"elementor-element elementor-element-2a18f08 e-con-full e-flex e-con e-child\" data-id=\"2a18f08\" data-element_type=\"container\" data-e-type=\"container\">\n\t\t\t\t<div class=\"elementor-element elementor-element-c564a64 color-scheme-inherit text-left elementor-widget elementor-widget-text-editor\" data-id=\"c564a64\" data-element_type=\"widget\" data-e-type=\"widget\" data-widget_type=\"text-editor.default\">\n\t\t\t\t<div class=\"elementor-widget-container\">\n\t\t\t\t\t\t\t\t\t<div dir=\"auto\" style=\"font-style: normal; font-variant-ligatures: normal; font-variant-caps: normal; font-weight: 400; font-family: Jost, Arial, Helvetica, sans-serif; font-size: 16px; white-space: normal; text-align: justify;\"><div dir=\"auto\" style=\"font-style: normal; font-variant-ligatures: normal; font-variant-caps: normal; font-weight: 400; font-family: Jost, Arial, Helvetica, sans-serif; font-size: 16px; white-space: normal; text-align: justify;\"><p style=\"text-align: left;\">In the 19th century, compulsory eight-year education was introduced in Prussia, and public schools were established. German schools were structured into three tiers: elementary, secondary, and gymnasium. The elementary level was known as the &#8220;<em>Volkschule<\/em>&#8221; (people\u2019s school), which prepared students to become farmers, workers, and craftsmen. Secondary schools trained lower-level civil servants and clerks, while gymnasium graduates could go on to higher education.<br>At the end of the 19th century, this school building with spacious, bright classrooms, wide corridors, and a hall was constructed for the \u0160ilut\u0117 Volkschule. By 1900, the school had classes from grade I to VII, and in 1901, grade VIII was added. After World War II, the building housed an eight-year school, later reorganized as the Fourth Secondary School.<br>In 1980, the school moved to a new building on \u017dalgirio Street. The old building then hosted various organizations and a children&#8217;s sports school. In 1990, it became home to the \u0160ilut\u0117 Primary School, which operated for 22 years until it was integrated into the \u0160ilut\u0117 Pamarys Basic School in 2012 (renamed \u0160ilut\u0117 Pamarys Progymnasium in 2021). Since September 1, 2015, the building has been home to the \u0160ilut\u0117 School of Arts.                <\/p><\/div><\/div>\t\t\t\t\t\t\t\t<\/div>\n\t\t\t\t<\/div>\n\t\t\t\t<\/div>\n\t\t<div class=\"elementor-element elementor-element-d97dc66 e-con-full e-flex e-con e-child\" data-id=\"d97dc66\" data-element_type=\"container\" data-e-type=\"container\">\n\t\t\t\t<div class=\"elementor-element elementor-element-a4d9617 elementor-widget elementor-widget-shortcode\" data-id=\"a4d9617\" data-element_type=\"widget\" data-e-type=\"widget\" data-widget_type=\"shortcode.default\">\n\t\t\t\t<div class=\"elementor-widget-container\">\n\t\t\t\t\t\t\t<div class=\"elementor-shortcode\">\t\t<div id=\"maps-marker-pro-1f948e5b\" class=\"maps-marker-pro mmp-list-below\" style=\"width: 100%;\">\n\t\t\t<div id=\"mmp-map-wrap-1f948e5b\" class=\"mmp-map-wrap\">\n\t\t\t\t\t\t\t\t\t<div id=\"mmp-panel-1f948e5b\" class=\"mmp-panel\"><\/div>\n\t\t\t\t\t\t\t\t<div id=\"mmp-map-1f948e5b\" class=\"mmp-map\" style=\"height: 500px;\"><\/div>\n\t\t\t\t\t\t\t<\/div>\n\t\t\t\t\t\t\t<div id=\"mmp-list-1f948e5b\" class=\"mmp-list\" style=\"flex-basis: 400px;\"><\/div>\n\t\t\t\t\t<\/div>\n\t\t<\/div>\n\t\t\t\t\t\t<\/div>\n\t\t\t\t<\/div>\n\t\t\t\t<\/div>\n\t\t\t\t\t<\/div>\n\t\t\t\t<\/div>\n\t\t\t\t<\/div>\n\t\t","protected":false},"excerpt":{"rendered":"<p>In the 19th century, compulsory eight-year education was introduced in Prussia, and public schools were established. German schools were structured<\/p>\n","protected":false},"author":1,"featured_media":36438,"parent":22863,"menu_order":62,"comment_status":"closed","ping_status":"closed","template":"","meta":{"_acf_changed":false,"_monsterinsights_skip_tracking":false,"_monsterinsights_sitenote_active":false,"_monsterinsights_sitenote_note":"","_monsterinsights_sitenote_category":0,"footnotes":""},"class_list":["post-43345","page","type-page","status-publish","has-post-thumbnail","hentry"],"acf":[],"_links":{"self":[{"href":"https:\/\/siluteinfo.lt\/en\/wp-json\/wp\/v2\/pages\/43345","targetHints":{"allow":["GET"]}}],"collection":[{"href":"https:\/\/siluteinfo.lt\/en\/wp-json\/wp\/v2\/pages"}],"about":[{"href":"https:\/\/siluteinfo.lt\/en\/wp-json\/wp\/v2\/types\/page"}],"author":[{"embeddable":true,"href":"https:\/\/siluteinfo.lt\/en\/wp-json\/wp\/v2\/users\/1"}],"replies":[{"embeddable":true,"href":"https:\/\/siluteinfo.lt\/en\/wp-json\/wp\/v2\/comments?post=43345"}],"version-history":[{"count":0,"href":"https:\/\/siluteinfo.lt\/en\/wp-json\/wp\/v2\/pages\/43345\/revisions"}],"up":[{"embeddable":true,"href":"https:\/\/siluteinfo.lt\/en\/wp-json\/wp\/v2\/pages\/22863"}],"wp:featuredmedia":[{"embeddable":true,"href":"https:\/\/siluteinfo.lt\/en\/wp-json\/wp\/v2\/media\/36438"}],"wp:attachment":[{"href":"https:\/\/siluteinfo.lt\/en\/wp-json\/wp\/v2\/media?parent=43345"}],"curies":[{"name":"wp","href":"https:\/\/api.w.org\/{rel}","templated":true}]}}