{"id":43335,"date":"2022-05-26T05:35:17","date_gmt":"2022-05-26T03:35:17","guid":{"rendered":"https:\/\/siluteinfo.lt\/leisure\/places-to-visit\/hermann-sudermann-monument\/"},"modified":"2025-06-12T14:44:57","modified_gmt":"2025-06-12T12:44:57","slug":"hermann-sudermann-monument","status":"publish","type":"page","link":"https:\/\/siluteinfo.lt\/en\/leisure\/places-to-visit\/hermann-sudermann-monument\/","title":{"rendered":"Hermann Sudermann Monument"},"content":{"rendered":"\t\t<div data-elementor-type=\"wp-page\" data-elementor-id=\"43335\" class=\"elementor elementor-43335 elementor-11267\" data-elementor-post-type=\"page\">\n\t\t\t\t<div class=\"wd-negative-gap elementor-element elementor-element-3d0148b e-flex e-con-boxed e-con e-parent\" data-id=\"3d0148b\" data-element_type=\"container\" data-e-type=\"container\">\n\t\t\t\t\t<div class=\"e-con-inner\">\n\t\t<div class=\"elementor-element elementor-element-651c497 e-con-full e-flex e-con e-child\" data-id=\"651c497\" data-element_type=\"container\" data-e-type=\"container\">\n\t\t\t\t<div class=\"elementor-element elementor-element-6757467 elementor-widget elementor-widget-theme-post-featured-image elementor-widget-image\" data-id=\"6757467\" data-element_type=\"widget\" data-e-type=\"widget\" data-widget_type=\"theme-post-featured-image.default\">\n\t\t\t\t<div class=\"elementor-widget-container\">\n\t\t\t\t\t\t\t\t\t\t\t\t\t\t\t<img loading=\"lazy\" decoding=\"async\" width=\"1200\" height=\"800\" src=\"https:\/\/siluteinfo.lt\/wp-content\/themes\/woodmart\/images\/lazy.svg\" data-src=\"https:\/\/siluteinfo.lt\/wp-content\/uploads\/2024\/06\/lankomi-hermano-zudermano-paminklas.jpg\" class=\" wd-lazy-blur attachment-full size-full wp-image-36402\" alt=\"Hermano Zudermano paminklas \u0160ilut\u0117je\" srcset=\"\" data-srcset=\"https:\/\/siluteinfo.lt\/wp-content\/uploads\/2024\/06\/lankomi-hermano-zudermano-paminklas.jpg 1200w, https:\/\/siluteinfo.lt\/wp-content\/uploads\/2024\/06\/lankomi-hermano-zudermano-paminklas-400x267.jpg 400w, https:\/\/siluteinfo.lt\/wp-content\/uploads\/2024\/06\/lankomi-hermano-zudermano-paminklas-768x512.jpg 768w\" sizes=\"auto, (max-width: 1200px) 100vw, 1200px\" \/>\t\t\t\t\t\t\t\t\t\t\t\t\t\t\t<\/div>\n\t\t\t\t<\/div>\n\t\t\t\t<\/div>\n\t\t<div class=\"elementor-element elementor-element-d0ee35a e-con-full e-flex e-con e-child\" data-id=\"d0ee35a\" data-element_type=\"container\" data-e-type=\"container\">\n\t\t\t\t<div class=\"elementor-element elementor-element-8277726 color-scheme-inherit text-left elementor-widget elementor-widget-text-editor\" data-id=\"8277726\" data-element_type=\"widget\" data-e-type=\"widget\" data-widget_type=\"text-editor.default\">\n\t\t\t\t<div class=\"elementor-widget-container\">\n\t\t\t\t\t\t\t\t\t<div dir=\"auto\" style=\"font-style: normal; font-variant-ligatures: normal; font-variant-caps: normal; font-weight: 400; font-family: Jost, Arial, Helvetica, sans-serif; font-size: 16px; white-space: normal; text-align: justify;\"><div dir=\"auto\" style=\"font-style: normal; font-variant-ligatures: normal; font-variant-caps: normal; font-weight: 400; font-family: Jost, Arial, Helvetica, sans-serif; font-size: 16px; white-space: normal; text-align: justify;\"><div dir=\"auto\" style=\"font-style: normal; font-variant-ligatures: normal; font-variant-caps: normal; font-weight: 400; font-family: Jost, Arial, Helvetica, sans-serif; font-size: 16px; white-space: normal; text-align: justify;\"><p style=\"text-align: left;\">Hermann Sudermann, a renowned German writer and playwright, was born on September 30, 1857, in the village of Macikai near \u0160ilut\u0117, where he lived for 12 years. He studied at a private primary school in Verdain\u0117, continued his education in Elbing (East Prussia), and graduated from Tilsit Gymnasium in 1875. He pursued further studies in K\u00f6nigsberg and Berlin while earning a living by tutoring children from wealthy families. Later, he left his studies and turned to journalism.<br>Sudermann wrote 20 plays and several prose works. His 1889 play Honor brought him international fame, and he became one of the most popular playwrights of his era. In his Lithuanian Stories, he depicted the places and people of his homeland. The work was dedicated to Hugo Scheu, a patron of \u0160ilut\u0117\u2019s cultural life. Notable stories like Journey to Tilsit, Mikas Bumbulis, and Jonas and Erdme are considered his literary masterpieces.<br>In 1936, a monument to Sudermann was erected in \u0160ilut\u0117. Hugo Scheu supported the project by donating the land and planting the alley with birch trees, the writer&#8217;s favorite. The sculptor was Erich Schmidt-Kestner. During the Soviet era, the monument was demolished and replaced with an obelisk for Soviet soldiers. In the years of national revival, the monument was restored thanks to the efforts of the \u0160ilut\u0117 Hermann Sudermann Literary Club. Today, it features a gray marble bust on a 2-meter-high pedestal.                     <\/p><\/div><\/div><\/div>\t\t\t\t\t\t\t\t<\/div>\n\t\t\t\t<\/div>\n\t\t\t\t<\/div>\n\t\t<div class=\"elementor-element elementor-element-990e099 e-con-full e-flex e-con e-child\" data-id=\"990e099\" data-element_type=\"container\" data-e-type=\"container\">\n\t\t\t\t<div class=\"elementor-element elementor-element-cee813a elementor-widget elementor-widget-shortcode\" data-id=\"cee813a\" data-element_type=\"widget\" data-e-type=\"widget\" data-widget_type=\"shortcode.default\">\n\t\t\t\t<div class=\"elementor-widget-container\">\n\t\t\t\t\t\t\t<div class=\"elementor-shortcode\">\t\t<div id=\"maps-marker-pro-7f27561c\" class=\"maps-marker-pro mmp-list-below\" style=\"width: 100%;\">\n\t\t\t<div id=\"mmp-map-wrap-7f27561c\" class=\"mmp-map-wrap\">\n\t\t\t\t\t\t\t\t\t<div id=\"mmp-panel-7f27561c\" class=\"mmp-panel\"><\/div>\n\t\t\t\t\t\t\t\t<div id=\"mmp-map-7f27561c\" class=\"mmp-map\" style=\"height: 500px;\"><\/div>\n\t\t\t\t\t\t\t<\/div>\n\t\t\t\t\t\t\t<div id=\"mmp-list-7f27561c\" class=\"mmp-list\" style=\"flex-basis: 400px;\"><\/div>\n\t\t\t\t\t<\/div>\n\t\t<\/div>\n\t\t\t\t\t\t<\/div>\n\t\t\t\t<\/div>\n\t\t\t\t<\/div>\n\t\t\t\t\t<\/div>\n\t\t\t\t<\/div>\n\t\t\t\t<\/div>\n\t\t","protected":false},"excerpt":{"rendered":"<p>Hermann Sudermann, a renowned German writer and playwright, was born on September 30, 1857, in the village of Macikai near<\/p>\n","protected":false},"author":1,"featured_media":36402,"parent":22863,"menu_order":56,"comment_status":"closed","ping_status":"closed","template":"","meta":{"_acf_changed":false,"_monsterinsights_skip_tracking":false,"_monsterinsights_sitenote_active":false,"_monsterinsights_sitenote_note":"","_monsterinsights_sitenote_category":0,"footnotes":""},"class_list":["post-43335","page","type-page","status-publish","has-post-thumbnail","hentry"],"acf":[],"_links":{"self":[{"href":"https:\/\/siluteinfo.lt\/en\/wp-json\/wp\/v2\/pages\/43335","targetHints":{"allow":["GET"]}}],"collection":[{"href":"https:\/\/siluteinfo.lt\/en\/wp-json\/wp\/v2\/pages"}],"about":[{"href":"https:\/\/siluteinfo.lt\/en\/wp-json\/wp\/v2\/types\/page"}],"author":[{"embeddable":true,"href":"https:\/\/siluteinfo.lt\/en\/wp-json\/wp\/v2\/users\/1"}],"replies":[{"embeddable":true,"href":"https:\/\/siluteinfo.lt\/en\/wp-json\/wp\/v2\/comments?post=43335"}],"version-history":[{"count":0,"href":"https:\/\/siluteinfo.lt\/en\/wp-json\/wp\/v2\/pages\/43335\/revisions"}],"up":[{"embeddable":true,"href":"https:\/\/siluteinfo.lt\/en\/wp-json\/wp\/v2\/pages\/22863"}],"wp:featuredmedia":[{"embeddable":true,"href":"https:\/\/siluteinfo.lt\/en\/wp-json\/wp\/v2\/media\/36402"}],"wp:attachment":[{"href":"https:\/\/siluteinfo.lt\/en\/wp-json\/wp\/v2\/media?parent=43335"}],"curies":[{"name":"wp","href":"https:\/\/api.w.org\/{rel}","templated":true}]}}