{"id":43275,"date":"2022-05-25T16:26:58","date_gmt":"2022-05-25T14:26:58","guid":{"rendered":"https:\/\/siluteinfo.lt\/leisure\/places-to-visit\/the-wall-of-silute\/"},"modified":"2025-06-12T08:59:33","modified_gmt":"2025-06-12T06:59:33","slug":"the-wall-of-silute","status":"publish","type":"page","link":"https:\/\/siluteinfo.lt\/en\/leisure\/places-to-visit\/the-wall-of-silute\/","title":{"rendered":"The Wall of \u0160ilut\u0117"},"content":{"rendered":"\t\t<div data-elementor-type=\"wp-page\" data-elementor-id=\"43275\" class=\"elementor elementor-43275 elementor-11253\" data-elementor-post-type=\"page\">\n\t\t\t\t<div class=\"wd-negative-gap elementor-element elementor-element-f6bac85 e-flex e-con-boxed e-con e-parent\" data-id=\"f6bac85\" data-element_type=\"container\" data-e-type=\"container\">\n\t\t\t\t\t<div class=\"e-con-inner\">\n\t\t<div class=\"elementor-element elementor-element-5a5f762 e-con-full e-flex e-con e-child\" data-id=\"5a5f762\" data-element_type=\"container\" data-e-type=\"container\">\n\t\t\t\t<div class=\"elementor-element elementor-element-0f7d0f4 elementor-widget elementor-widget-theme-post-featured-image elementor-widget-image\" data-id=\"0f7d0f4\" data-element_type=\"widget\" data-e-type=\"widget\" data-widget_type=\"theme-post-featured-image.default\">\n\t\t\t\t<div class=\"elementor-widget-container\">\n\t\t\t\t\t\t\t\t\t\t\t\t\t\t\t<img loading=\"lazy\" decoding=\"async\" width=\"1200\" height=\"800\" src=\"https:\/\/siluteinfo.lt\/wp-content\/themes\/woodmart\/images\/lazy.svg\" data-src=\"https:\/\/siluteinfo.lt\/wp-content\/uploads\/2024\/06\/lankomi-silutes-siena.jpg\" class=\" wd-lazy-blur attachment-full size-full wp-image-36396\" alt=\"Bendruomeninio projekto \u201e\u0160ilut\u0117s siena\u201c fragmentas su istoriniais pie\u0161iniais\" srcset=\"\" data-srcset=\"https:\/\/siluteinfo.lt\/wp-content\/uploads\/2024\/06\/lankomi-silutes-siena.jpg 1200w, https:\/\/siluteinfo.lt\/wp-content\/uploads\/2024\/06\/lankomi-silutes-siena-400x267.jpg 400w, https:\/\/siluteinfo.lt\/wp-content\/uploads\/2024\/06\/lankomi-silutes-siena-768x512.jpg 768w\" sizes=\"auto, (max-width: 1200px) 100vw, 1200px\" \/>\t\t\t\t\t\t\t\t\t\t\t\t\t\t\t<\/div>\n\t\t\t\t<\/div>\n\t\t\t\t<\/div>\n\t\t<div class=\"elementor-element elementor-element-6986547 e-con-full e-flex e-con e-child\" data-id=\"6986547\" data-element_type=\"container\" data-e-type=\"container\">\n\t\t\t\t<div class=\"elementor-element elementor-element-52dd146 color-scheme-inherit text-left elementor-widget elementor-widget-text-editor\" data-id=\"52dd146\" data-element_type=\"widget\" data-e-type=\"widget\" data-widget_type=\"text-editor.default\">\n\t\t\t\t<div class=\"elementor-widget-container\">\n\t\t\t\t\t\t\t\t\t<div dir=\"auto\" style=\"font-style: normal; font-variant-ligatures: normal; font-variant-caps: normal; font-weight: 400; font-family: Jost, Arial, Helvetica, sans-serif; font-size: 16px; white-space: normal; text-align: justify;\"><div dir=\"auto\" style=\"font-style: normal; font-variant-ligatures: normal; font-variant-caps: normal; font-weight: 400; font-family: Jost, Arial, Helvetica, sans-serif; font-size: 16px; white-space: normal; text-align: justify;\"><p style=\"text-align: left;\">The \u201cWall of \u0160ilut\u0117\u201d is the result of a community project that brought the town&#8217;s people together. It was initiated by the SBA Group and its company \u201c\u0160ilut\u0117s baldai\u201d. To commemorate the 125th anniversary of the furniture factory and the 505th anniversary of \u0160ilut\u0117, it was decided to create the longest chronicle in collaboration with the local community \u2013 a 500-meter-long wall capturing the town\u2019s most important historical events and notable regional figures.<br>Over 500 square meters of wall, surrounding the \u201c\u0160ilut\u0117s baldai\u201d factory, were painted by young artists from \u0160ilut\u0117 Art School. Their illustrations tell the story of the town and reflect the unique identity of the Lithuania Minor region. The wall consists of 85 segments and features moments such as the great flood, the port of \u0160ilut\u0117, its famous markets, the Treaty of Melno, depictions of the old post office, the gas factory, and a haunting reference to 1944 when only 7 original residents remained in \u0160ilut\u0117. It also honors the \u0160ilut\u0117s baldai factory \u2013 one of the oldest companies in the municipality and the largest employer.<br>Prominent regional figures such as Hermann Sudermann, Hugo Scheu, Vyd\u016bnas, and Petras Jak\u0161tas are also featured, alongside Jurgis Talaitis \u2013 the founder of \u0160ilokar\u010dema settlement. Events such as the independence movement, emigration, French occupation, and wartime history are all included.<br>The wall is visually striking \u2013 mostly black, white, and grey, with bold color accents and fun modern touches: a lamp, flowers, furniture elements, and subtle humor. For example, French soldiers are drawn holding baguettes instead of weapons, and a humorous sign reads \u201cWe\u2019re no longer peasants\u201d, marking the moment \u0160ilut\u0117 received city rights on September 27, 1941.      <br>In 2016, \u201cThe Wall of \u0160ilut\u0117\u201d was recognized as the \u201cRegional Initiative of the Year\u201d for uniting the community and celebrating the area\u2019s cultural heritage. <\/p><\/div><\/div>\t\t\t\t\t\t\t\t<\/div>\n\t\t\t\t<\/div>\n\t\t\t\t<\/div>\n\t\t<div class=\"elementor-element elementor-element-75fdee9 e-con-full e-flex e-con e-child\" data-id=\"75fdee9\" data-element_type=\"container\" data-e-type=\"container\">\n\t\t\t\t<div class=\"elementor-element elementor-element-f1e245a elementor-widget elementor-widget-shortcode\" data-id=\"f1e245a\" data-element_type=\"widget\" data-e-type=\"widget\" data-widget_type=\"shortcode.default\">\n\t\t\t\t<div class=\"elementor-widget-container\">\n\t\t\t\t\t\t\t<div class=\"elementor-shortcode\">\t\t<div id=\"maps-marker-pro-84ccf8a8\" class=\"maps-marker-pro mmp-list-below\" style=\"width: 100%;\">\n\t\t\t<div id=\"mmp-map-wrap-84ccf8a8\" class=\"mmp-map-wrap\">\n\t\t\t\t\t\t\t\t\t<div id=\"mmp-panel-84ccf8a8\" class=\"mmp-panel\"><\/div>\n\t\t\t\t\t\t\t\t<div id=\"mmp-map-84ccf8a8\" class=\"mmp-map\" style=\"height: 500px;\"><\/div>\n\t\t\t\t\t\t\t<\/div>\n\t\t\t\t\t\t\t<div id=\"mmp-list-84ccf8a8\" class=\"mmp-list\" style=\"flex-basis: 400px;\"><\/div>\n\t\t\t\t\t<\/div>\n\t\t<\/div>\n\t\t\t\t\t\t<\/div>\n\t\t\t\t<\/div>\n\t\t\t\t<\/div>\n\t\t\t\t\t<\/div>\n\t\t\t\t<\/div>\n\t\t\t\t<\/div>\n\t\t","protected":false},"excerpt":{"rendered":"<p>The \u201cWall of \u0160ilut\u0117\u201d is the result of a community project that brought the town&#8217;s people together. It was initiated<\/p>\n","protected":false},"author":1,"featured_media":36396,"parent":22863,"menu_order":55,"comment_status":"closed","ping_status":"closed","template":"","meta":{"_acf_changed":false,"_monsterinsights_skip_tracking":false,"_monsterinsights_sitenote_active":false,"_monsterinsights_sitenote_note":"","_monsterinsights_sitenote_category":0,"footnotes":""},"class_list":["post-43275","page","type-page","status-publish","has-post-thumbnail","hentry"],"acf":[],"_links":{"self":[{"href":"https:\/\/siluteinfo.lt\/en\/wp-json\/wp\/v2\/pages\/43275","targetHints":{"allow":["GET"]}}],"collection":[{"href":"https:\/\/siluteinfo.lt\/en\/wp-json\/wp\/v2\/pages"}],"about":[{"href":"https:\/\/siluteinfo.lt\/en\/wp-json\/wp\/v2\/types\/page"}],"author":[{"embeddable":true,"href":"https:\/\/siluteinfo.lt\/en\/wp-json\/wp\/v2\/users\/1"}],"replies":[{"embeddable":true,"href":"https:\/\/siluteinfo.lt\/en\/wp-json\/wp\/v2\/comments?post=43275"}],"version-history":[{"count":0,"href":"https:\/\/siluteinfo.lt\/en\/wp-json\/wp\/v2\/pages\/43275\/revisions"}],"up":[{"embeddable":true,"href":"https:\/\/siluteinfo.lt\/en\/wp-json\/wp\/v2\/pages\/22863"}],"wp:featuredmedia":[{"embeddable":true,"href":"https:\/\/siluteinfo.lt\/en\/wp-json\/wp\/v2\/media\/36396"}],"wp:attachment":[{"href":"https:\/\/siluteinfo.lt\/en\/wp-json\/wp\/v2\/media?parent=43275"}],"curies":[{"name":"wp","href":"https:\/\/api.w.org\/{rel}","templated":true}]}}