{"id":43263,"date":"2022-05-25T16:25:05","date_gmt":"2022-05-25T14:25:05","guid":{"rendered":"https:\/\/siluteinfo.lt\/leisure\/places-to-visit\/silutes-secrets\/"},"modified":"2025-06-12T08:45:05","modified_gmt":"2025-06-12T06:45:05","slug":"silutes-secrets","status":"publish","type":"page","link":"https:\/\/siluteinfo.lt\/en\/leisure\/places-to-visit\/silutes-secrets\/","title":{"rendered":"\u0160ilut\u0117\u2019s Secrets"},"content":{"rendered":"\t\t<div data-elementor-type=\"wp-page\" data-elementor-id=\"43263\" class=\"elementor elementor-43263 elementor-11247\" data-elementor-post-type=\"page\">\n\t\t\t\t<div class=\"wd-negative-gap elementor-element elementor-element-944dc90 e-flex e-con-boxed e-con e-parent\" data-id=\"944dc90\" data-element_type=\"container\" data-e-type=\"container\">\n\t\t\t\t\t<div class=\"e-con-inner\">\n\t\t<div class=\"elementor-element elementor-element-069a90e e-con-full e-flex e-con e-child\" data-id=\"069a90e\" data-element_type=\"container\" data-e-type=\"container\">\n\t\t\t\t<div class=\"elementor-element elementor-element-5e5d559 elementor-widget elementor-widget-theme-post-featured-image elementor-widget-image\" data-id=\"5e5d559\" data-element_type=\"widget\" data-e-type=\"widget\" data-widget_type=\"theme-post-featured-image.default\">\n\t\t\t\t<div class=\"elementor-widget-container\">\n\t\t\t\t\t\t\t\t\t\t\t\t\t\t\t<img loading=\"lazy\" decoding=\"async\" width=\"935\" height=\"623\" src=\"https:\/\/siluteinfo.lt\/wp-content\/themes\/woodmart\/images\/lazy.svg\" data-src=\"https:\/\/siluteinfo.lt\/wp-content\/uploads\/2024\/06\/lankomi-silutes-sekretai.jpg\" class=\" wd-lazy-blur attachment-full size-full wp-image-36390\" alt=\"\u0160ilut\u0117s sekretai \u2013 miniati\u016brinis dvira\u010di\u0173 taisyklos kambarys po stiklu\" srcset=\"\" data-srcset=\"https:\/\/siluteinfo.lt\/wp-content\/uploads\/2024\/06\/lankomi-silutes-sekretai.jpg 935w, https:\/\/siluteinfo.lt\/wp-content\/uploads\/2024\/06\/lankomi-silutes-sekretai-400x267.jpg 400w, https:\/\/siluteinfo.lt\/wp-content\/uploads\/2024\/06\/lankomi-silutes-sekretai-768x512.jpg 768w\" sizes=\"auto, (max-width: 935px) 100vw, 935px\" \/>\t\t\t\t\t\t\t\t\t\t\t\t\t\t\t<\/div>\n\t\t\t\t<\/div>\n\t\t\t\t<\/div>\n\t\t<div class=\"elementor-element elementor-element-07a18eb e-con-full e-flex e-con e-child\" data-id=\"07a18eb\" data-element_type=\"container\" data-e-type=\"container\">\n\t\t\t\t<div class=\"elementor-element elementor-element-061e52b color-scheme-inherit text-left elementor-widget elementor-widget-text-editor\" data-id=\"061e52b\" data-element_type=\"widget\" data-e-type=\"widget\" data-widget_type=\"text-editor.default\">\n\t\t\t\t<div class=\"elementor-widget-container\">\n\t\t\t\t\t\t\t\t\t<div dir=\"auto\" style=\"font-style: normal; font-variant-ligatures: normal; font-variant-caps: normal; font-weight: 400; font-family: Jost, Arial, Helvetica, sans-serif; font-size: 16px; white-space: normal; text-align: justify;\"><div dir=\"auto\" style=\"font-style: normal; font-variant-ligatures: normal; font-variant-caps: normal; font-weight: 400; font-family: Jost, Arial, Helvetica, sans-serif; font-size: 16px; white-space: normal; text-align: justify;\"><div dir=\"auto\" style=\"font-style: normal; font-variant-ligatures: normal; font-variant-caps: normal; font-weight: 400; font-family: Jost, Arial, Helvetica, sans-serif; font-size: 16px; white-space: normal; text-align: justify;\"><p style=\"text-align: left;\">What comes to mind when you hear the word &#8220;secrets&#8221;? Childhood memories often surface first\u2014when kids used to dig small holes in secret spots, fill them with candy wrappers, glitter, and pebbles, cover them with a piece of glass, and then bury them under the soil. What a joy it was to discover those treasures!  <br>\u0160ilut\u0117\u2019s \u201cSecrets\u201d is a unique project in Lithuania and Europe that reveals the city\u2019s history through elements of small architecture. These are small rooms embedded into the sidewalk and covered with glass, showcasing life from the late 19th to early 20th century in historical homes of \u0160ilut\u0117.<br>There are 20 of these secrets installed along Lietuvinink\u0173 Street. You can easily spot them by looking down as you walk along both sides of the street\u2014from Hugo \u0160ojus Manor to the intersection with Taikos and Egli\u0173 streets. These secrets offer a peek into the lives of a butter-maker, a builder, a dentist\u2019s office, treats in a confectionery, and the hustle and bustle of the narrow-gauge railway, bus station, or carriage post. They are even more impressive at night, as they are illuminated from within.     <\/p><p style=\"text-align: left;\"><strong><a href=\"http:\/\/siluteinfo.lt\/wp-content\/uploads\/2020\/08\/zemelapiscompressed5.pdf\">Map of Secrets<\/a><\/strong><\/p><p style=\"text-align: left;\"><strong>More information: <a href=\"http:\/\/www.silutessekretai.lt\" target=\"_blank\" rel=\"noopener\">www.silutessekretai.lt<\/a><\/strong><\/p><\/div><\/div><\/div>\t\t\t\t\t\t\t\t<\/div>\n\t\t\t\t<\/div>\n\t\t\t\t<\/div>\n\t\t<div class=\"elementor-element elementor-element-c043a38 e-con-full e-flex e-con e-child\" data-id=\"c043a38\" data-element_type=\"container\" data-e-type=\"container\">\n\t\t\t\t<div class=\"elementor-element elementor-element-ae12b4d elementor-widget elementor-widget-shortcode\" data-id=\"ae12b4d\" data-element_type=\"widget\" data-e-type=\"widget\" data-widget_type=\"shortcode.default\">\n\t\t\t\t<div class=\"elementor-widget-container\">\n\t\t\t\t\t\t\t<div class=\"elementor-shortcode\">\t\t<div id=\"maps-marker-pro-39b05e91\" class=\"maps-marker-pro mmp-list-below\" style=\"width: 100%;\">\n\t\t\t<div id=\"mmp-map-wrap-39b05e91\" class=\"mmp-map-wrap\">\n\t\t\t\t\t\t\t\t\t<div id=\"mmp-panel-39b05e91\" class=\"mmp-panel\"><\/div>\n\t\t\t\t\t\t\t\t<div id=\"mmp-map-39b05e91\" class=\"mmp-map\" style=\"height: 500px;\"><\/div>\n\t\t\t\t\t\t\t<\/div>\n\t\t\t\t\t\t\t<div id=\"mmp-list-39b05e91\" class=\"mmp-list\" style=\"flex-basis: 400px;\"><\/div>\n\t\t\t\t\t<\/div>\n\t\t<\/div>\n\t\t\t\t\t\t<\/div>\n\t\t\t\t<\/div>\n\t\t\t\t<\/div>\n\t\t\t\t\t<\/div>\n\t\t\t\t<\/div>\n\t\t\t\t<\/div>\n\t\t","protected":false},"excerpt":{"rendered":"<p>What comes to mind when you hear the word &#8220;secrets&#8221;? Childhood memories often surface first\u2014when kids used to dig small<\/p>\n","protected":false},"author":1,"featured_media":36390,"parent":22863,"menu_order":54,"comment_status":"closed","ping_status":"closed","template":"","meta":{"_acf_changed":false,"_monsterinsights_skip_tracking":false,"_monsterinsights_sitenote_active":false,"_monsterinsights_sitenote_note":"","_monsterinsights_sitenote_category":0,"footnotes":""},"class_list":["post-43263","page","type-page","status-publish","has-post-thumbnail","hentry"],"acf":[],"_links":{"self":[{"href":"https:\/\/siluteinfo.lt\/en\/wp-json\/wp\/v2\/pages\/43263","targetHints":{"allow":["GET"]}}],"collection":[{"href":"https:\/\/siluteinfo.lt\/en\/wp-json\/wp\/v2\/pages"}],"about":[{"href":"https:\/\/siluteinfo.lt\/en\/wp-json\/wp\/v2\/types\/page"}],"author":[{"embeddable":true,"href":"https:\/\/siluteinfo.lt\/en\/wp-json\/wp\/v2\/users\/1"}],"replies":[{"embeddable":true,"href":"https:\/\/siluteinfo.lt\/en\/wp-json\/wp\/v2\/comments?post=43263"}],"version-history":[{"count":0,"href":"https:\/\/siluteinfo.lt\/en\/wp-json\/wp\/v2\/pages\/43263\/revisions"}],"up":[{"embeddable":true,"href":"https:\/\/siluteinfo.lt\/en\/wp-json\/wp\/v2\/pages\/22863"}],"wp:featuredmedia":[{"embeddable":true,"href":"https:\/\/siluteinfo.lt\/en\/wp-json\/wp\/v2\/media\/36390"}],"wp:attachment":[{"href":"https:\/\/siluteinfo.lt\/en\/wp-json\/wp\/v2\/media?parent=43263"}],"curies":[{"name":"wp","href":"https:\/\/api.w.org\/{rel}","templated":true}]}}