{"id":43157,"date":"2022-05-26T05:33:59","date_gmt":"2022-05-26T03:33:59","guid":{"rendered":"https:\/\/siluteinfo.lt\/leisure\/places-to-visit\/old-market-square\/"},"modified":"2025-06-10T17:40:43","modified_gmt":"2025-06-10T15:40:43","slug":"old-market-square","status":"publish","type":"page","link":"https:\/\/siluteinfo.lt\/en\/leisure\/places-to-visit\/old-market-square\/","title":{"rendered":"Old Market Square"},"content":{"rendered":"\t\t<div data-elementor-type=\"wp-page\" data-elementor-id=\"43157\" class=\"elementor elementor-43157 elementor-11261\" data-elementor-post-type=\"page\">\n\t\t\t\t<div class=\"wd-negative-gap elementor-element elementor-element-ed6b498 e-flex e-con-boxed e-con e-parent\" data-id=\"ed6b498\" data-element_type=\"container\" data-e-type=\"container\">\n\t\t\t\t\t<div class=\"e-con-inner\">\n\t\t<div class=\"elementor-element elementor-element-68ff536 e-con-full e-flex e-con e-child\" data-id=\"68ff536\" data-element_type=\"container\" data-e-type=\"container\">\n\t\t\t\t<div class=\"elementor-element elementor-element-63e293c elementor-widget elementor-widget-theme-post-featured-image elementor-widget-image\" data-id=\"63e293c\" data-element_type=\"widget\" data-e-type=\"widget\" data-widget_type=\"theme-post-featured-image.default\">\n\t\t\t\t<div class=\"elementor-widget-container\">\n\t\t\t\t\t\t\t\t\t\t\t\t\t\t\t<img loading=\"lazy\" decoding=\"async\" width=\"1200\" height=\"800\" src=\"https:\/\/siluteinfo.lt\/wp-content\/themes\/woodmart\/images\/lazy.svg\" data-src=\"https:\/\/siluteinfo.lt\/wp-content\/uploads\/2025\/05\/lankomi-senoji-silutes-turgaus-aikste.jpg\" class=\" wd-lazy-blur attachment-full size-full wp-image-42042\" alt=\"Senoji turgaus aik\u0161t\u0117 \u0160ilut\u0117je\" srcset=\"\" data-srcset=\"https:\/\/siluteinfo.lt\/wp-content\/uploads\/2025\/05\/lankomi-senoji-silutes-turgaus-aikste.jpg 1200w, https:\/\/siluteinfo.lt\/wp-content\/uploads\/2025\/05\/lankomi-senoji-silutes-turgaus-aikste-400x267.jpg 400w, https:\/\/siluteinfo.lt\/wp-content\/uploads\/2025\/05\/lankomi-senoji-silutes-turgaus-aikste-768x512.jpg 768w\" sizes=\"auto, (max-width: 1200px) 100vw, 1200px\" \/>\t\t\t\t\t\t\t\t\t\t\t\t\t\t\t<\/div>\n\t\t\t\t<\/div>\n\t\t\t\t<\/div>\n\t\t<div class=\"elementor-element elementor-element-515a8eb e-con-full e-flex e-con e-child\" data-id=\"515a8eb\" data-element_type=\"container\" data-e-type=\"container\">\n\t\t\t\t<div class=\"elementor-element elementor-element-fed4599 color-scheme-inherit text-left elementor-widget elementor-widget-text-editor\" data-id=\"fed4599\" data-element_type=\"widget\" data-e-type=\"widget\" data-widget_type=\"text-editor.default\">\n\t\t\t\t<div class=\"elementor-widget-container\">\n\t\t\t\t\t\t\t\t\t<div dir=\"auto\" style=\"font-style: normal; font-variant-ligatures: normal; font-variant-caps: normal; font-weight: 400; font-family: Jost, Arial, Helvetica, sans-serif; font-size: 16px; white-space: normal; text-align: justify;\"><div dir=\"auto\" style=\"font-style: normal; font-variant-ligatures: normal; font-variant-caps: normal; font-weight: 400; font-family: Jost, Arial, Helvetica, sans-serif; font-size: 16px; white-space: normal; text-align: justify;\"><p style=\"text-align: left;\">From the 16th century until World War II, the most prominent feature of the town of \u0160ilut\u0117 was the massive markets held in the Old Market Square. Fishermen, farmers, and merchants from nearby settlements, as well as traders from K\u00f6nigsberg and Klaip\u0117da, and Samogitians from Greater Lithuania would gather there. Next to the market square, the first tavern was built, which is believed to have sparked the expansion of the town of \u0160ilut\u0117. The famous fish market operated in the square for several centuries.    <br>The Old Market Square in \u0160ilut\u0117 is still surrounded by old buildings. Its layout, only slightly altered by an embankment built along the bend of the \u0160y\u0161a River and the stone pavement beneath the asphalt, has remained intact. Located near the \u0160y\u0161a bend, the \u0160ilut\u0117 Manor, and the iron bridge on the road to Rusn\u0117, the square served as a marketplace for almost 500 years. <br>The Old Market Square in \u0160ilut\u0117 is one of the town\u2019s oldest historical sites, associated with significant stages of its development. In 2022, the square was renovated.  <\/p><\/div><\/div>\t\t\t\t\t\t\t\t<\/div>\n\t\t\t\t<\/div>\n\t\t\t\t<\/div>\n\t\t<div class=\"elementor-element elementor-element-dc6d28e e-con-full e-flex e-con e-child\" data-id=\"dc6d28e\" data-element_type=\"container\" data-e-type=\"container\">\n\t\t\t\t<div class=\"elementor-element elementor-element-fdcfb5b elementor-widget elementor-widget-shortcode\" data-id=\"fdcfb5b\" data-element_type=\"widget\" data-e-type=\"widget\" data-widget_type=\"shortcode.default\">\n\t\t\t\t<div class=\"elementor-widget-container\">\n\t\t\t\t\t\t\t<div class=\"elementor-shortcode\">\t\t<div id=\"maps-marker-pro-d77d4833\" class=\"maps-marker-pro mmp-list-below\" style=\"width: 100%;\">\n\t\t\t<div id=\"mmp-map-wrap-d77d4833\" class=\"mmp-map-wrap\">\n\t\t\t\t\t\t\t\t\t<div id=\"mmp-panel-d77d4833\" class=\"mmp-panel\"><\/div>\n\t\t\t\t\t\t\t\t<div id=\"mmp-map-d77d4833\" class=\"mmp-map\" style=\"height: 500px;\"><\/div>\n\t\t\t\t\t\t\t<\/div>\n\t\t\t\t\t\t\t<div id=\"mmp-list-d77d4833\" class=\"mmp-list\" style=\"flex-basis: 400px;\"><\/div>\n\t\t\t\t\t<\/div>\n\t\t<\/div>\n\t\t\t\t\t\t<\/div>\n\t\t\t\t<\/div>\n\t\t\t\t<\/div>\n\t\t\t\t\t<\/div>\n\t\t\t\t<\/div>\n\t\t\t\t<\/div>\n\t\t","protected":false},"excerpt":{"rendered":"<p>From the 16th century until World War II, the most prominent feature of the town of \u0160ilut\u0117 was the massive<\/p>\n","protected":false},"author":1,"featured_media":42042,"parent":22863,"menu_order":53,"comment_status":"closed","ping_status":"closed","template":"","meta":{"_acf_changed":false,"_monsterinsights_skip_tracking":false,"_monsterinsights_sitenote_active":false,"_monsterinsights_sitenote_note":"","_monsterinsights_sitenote_category":0,"footnotes":""},"class_list":["post-43157","page","type-page","status-publish","has-post-thumbnail","hentry"],"acf":[],"_links":{"self":[{"href":"https:\/\/siluteinfo.lt\/en\/wp-json\/wp\/v2\/pages\/43157","targetHints":{"allow":["GET"]}}],"collection":[{"href":"https:\/\/siluteinfo.lt\/en\/wp-json\/wp\/v2\/pages"}],"about":[{"href":"https:\/\/siluteinfo.lt\/en\/wp-json\/wp\/v2\/types\/page"}],"author":[{"embeddable":true,"href":"https:\/\/siluteinfo.lt\/en\/wp-json\/wp\/v2\/users\/1"}],"replies":[{"embeddable":true,"href":"https:\/\/siluteinfo.lt\/en\/wp-json\/wp\/v2\/comments?post=43157"}],"version-history":[{"count":0,"href":"https:\/\/siluteinfo.lt\/en\/wp-json\/wp\/v2\/pages\/43157\/revisions"}],"up":[{"embeddable":true,"href":"https:\/\/siluteinfo.lt\/en\/wp-json\/wp\/v2\/pages\/22863"}],"wp:featuredmedia":[{"embeddable":true,"href":"https:\/\/siluteinfo.lt\/en\/wp-json\/wp\/v2\/media\/42042"}],"wp:attachment":[{"href":"https:\/\/siluteinfo.lt\/en\/wp-json\/wp\/v2\/media?parent=43157"}],"curies":[{"name":"wp","href":"https:\/\/api.w.org\/{rel}","templated":true}]}}