{"id":43122,"date":"2025-06-10T10:01:32","date_gmt":"2025-06-10T08:01:32","guid":{"rendered":"https:\/\/siluteinfo.lt\/transport\/boats\/boat-svajone\/"},"modified":"2025-06-10T10:17:08","modified_gmt":"2025-06-10T08:17:08","slug":"boat-svajone","status":"publish","type":"page","link":"https:\/\/siluteinfo.lt\/en\/transport\/boats\/boat-svajone\/","title":{"rendered":"Boat \u201cSvajon\u0117\u201d"},"content":{"rendered":"\t\t<div data-elementor-type=\"wp-page\" data-elementor-id=\"43122\" class=\"elementor elementor-43122 elementor-43105\" data-elementor-post-type=\"page\">\n\t\t\t\t\t\t<section class=\"wd-negative-gap elementor-section elementor-top-section elementor-element elementor-element-3567869 elementor-section-boxed elementor-section-height-default elementor-section-height-default\" data-id=\"3567869\" data-element_type=\"section\" data-e-type=\"section\">\n\t\t\t\t\t\t<div class=\"elementor-container elementor-column-gap-default\">\n\t\t\t\t\t<div class=\"elementor-column elementor-col-100 elementor-top-column elementor-element elementor-element-864fbd1\" data-id=\"864fbd1\" data-element_type=\"column\" data-e-type=\"column\">\n\t\t\t<div class=\"elementor-widget-wrap elementor-element-populated\">\n\t\t\t\t\t\t<section class=\"wd-negative-gap elementor-section elementor-inner-section elementor-element elementor-element-3ae24d1 elementor-section-boxed elementor-section-height-default elementor-section-height-default\" data-id=\"3ae24d1\" data-element_type=\"section\" data-e-type=\"section\">\n\t\t\t\t\t\t<div class=\"elementor-container elementor-column-gap-default\">\n\t\t\t\t\t<div class=\"elementor-column elementor-col-50 elementor-inner-column elementor-element elementor-element-4debd9e\" data-id=\"4debd9e\" data-element_type=\"column\" data-e-type=\"column\">\n\t\t\t<div class=\"elementor-widget-wrap elementor-element-populated\">\n\t\t\t\t\t\t<div class=\"elementor-element elementor-element-c589956 elementor-widget elementor-widget-theme-post-featured-image elementor-widget-image\" data-id=\"c589956\" data-element_type=\"widget\" data-e-type=\"widget\" data-widget_type=\"theme-post-featured-image.default\">\n\t\t\t\t<div class=\"elementor-widget-container\">\n\t\t\t\t\t\t\t\t\t\t\t\t\t\t\t<img loading=\"lazy\" decoding=\"async\" width=\"1200\" height=\"800\" src=\"https:\/\/siluteinfo.lt\/wp-content\/themes\/woodmart\/images\/lazy.svg\" data-src=\"https:\/\/siluteinfo.lt\/wp-content\/uploads\/2025\/06\/laivininkai-svajone.jpg\" class=\" wd-lazy-blur attachment-large size-large wp-image-43108\" alt=\"LAivas sva\" srcset=\"\" data-srcset=\"https:\/\/siluteinfo.lt\/wp-content\/uploads\/2025\/06\/laivininkai-svajone.jpg 1200w, https:\/\/siluteinfo.lt\/wp-content\/uploads\/2025\/06\/laivininkai-svajone-400x267.jpg 400w, https:\/\/siluteinfo.lt\/wp-content\/uploads\/2025\/06\/laivininkai-svajone-768x512.jpg 768w\" sizes=\"auto, (max-width: 1200px) 100vw, 1200px\" \/>\t\t\t\t\t\t\t\t\t\t\t\t\t\t\t<\/div>\n\t\t\t\t<\/div>\n\t\t\t\t\t<\/div>\n\t\t<\/div>\n\t\t\t\t<div class=\"elementor-column elementor-col-50 elementor-inner-column elementor-element elementor-element-bc49566\" data-id=\"bc49566\" data-element_type=\"column\" data-e-type=\"column\">\n\t\t\t<div class=\"elementor-widget-wrap elementor-element-populated\">\n\t\t\t\t\t\t<div class=\"elementor-element elementor-element-cf33416 color-scheme-inherit text-left elementor-widget elementor-widget-text-editor\" data-id=\"cf33416\" data-element_type=\"widget\" data-e-type=\"widget\" data-widget_type=\"text-editor.default\">\n\t\t\t\t<div class=\"elementor-widget-container\">\n\t\t\t\t\t\t\t\t\t<p><strong>Capacity: 160 passengers<\/strong><\/p>\n<p>Berth location \u2013 Krok\u0173 Lankos g. 33, Minija, \u0160ilut\u0117s r. sav.<br>Tel. +370 686 66 600<br>Email <a href=\"&#109;a&#x69;l&#x74;o&#x3a;m&#x69;&#110;&#x69;&#106;&#x61;&#64;&#x6d;&#105;n&#103;e&#x73;e&#x67;z&#x6f;&#116;&#x69;&#107;&#x61;&#46;&#x6c;&#116;\">&#x6d;&#105;n&#x69;&#106;a&#x40;&#x6d;&#105;&#x6e;&#x67;&#101;s&#x65;&#103;z&#x6f;&#x74;&#105;&#x6b;&#x61;&#46;l&#x74;<br><\/a><a href=\"https:\/\/www.mingeskaimas.lt\" target=\"_blank\" rel=\"noopener\">www.mingeskaimas.lt<\/a>   <\/p>\n<ul>\n<li>Two decks<\/li>\n<li>Onboard bar<\/li>\n<li>Air conditioning \/ heating system<\/li>\n<li>Pet-friendly<\/li>\n<li>Bicycle\/scooter transport allowed<\/li>\n<li>Boat \u201cSvajon\u0117\u201d also operates as a ferry and runs the seasonal route: MINIJA\u2013UOSTADVARIS\u2013NIDA\u2013UOSTADVARIS\u2013MINIJA<br>More information: <a href=\"https:\/\/siluteinfo.lt\/en\/transport\/ferries\/\">Ferries<\/a><\/li>\n<\/ul>\t\t\t\t\t\t\t\t<\/div>\n\t\t\t\t<\/div>\n\t\t\t\t\t<\/div>\n\t\t<\/div>\n\t\t\t\t\t<\/div>\n\t\t<\/section>\n\t\t\t\t<section class=\"wd-negative-gap elementor-section elementor-inner-section elementor-element elementor-element-6d6bc43 elementor-section-boxed elementor-section-height-default elementor-section-height-default\" data-id=\"6d6bc43\" data-element_type=\"section\" data-e-type=\"section\">\n\t\t\t\t\t\t<div class=\"elementor-container elementor-column-gap-default\">\n\t\t\t\t\t<div class=\"elementor-column elementor-col-100 elementor-inner-column elementor-element elementor-element-0027614\" data-id=\"0027614\" data-element_type=\"column\" data-e-type=\"column\">\n\t\t\t<div class=\"elementor-widget-wrap elementor-element-populated\">\n\t\t\t\t\t\t\t<\/div>\n\t\t<\/div>\n\t\t\t\t\t<\/div>\n\t\t<\/section>\n\t\t\t\t\t<\/div>\n\t\t<\/div>\n\t\t\t\t\t<\/div>\n\t\t<\/section>\n\t\t\t\t<\/div>\n\t\t","protected":false},"excerpt":{"rendered":"<p>Capacity: 160 passengers Berth location \u2013 Krok\u0173 Lankos g. 33, Minija, \u0160ilut\u0117s r. sav.Tel. +370 686 66 600Email &#109;&#x69;n&#x69;&#x6a;&#97;&#x40;m&#x69;&#x6e;&#103;&#x65;s&#x65;&#x67;&#122;&#x6f;t&#x69;&#x6b;&#97;&#x2e;l&#x74;www.mingeskaimas.lt Two<\/p>\n","protected":false},"author":2,"featured_media":43108,"parent":22926,"menu_order":8,"comment_status":"closed","ping_status":"closed","template":"","meta":{"_acf_changed":false,"_monsterinsights_skip_tracking":false,"_monsterinsights_sitenote_active":false,"_monsterinsights_sitenote_note":"","_monsterinsights_sitenote_category":0,"footnotes":""},"class_list":["post-43122","page","type-page","status-publish","has-post-thumbnail","hentry"],"acf":[],"_links":{"self":[{"href":"https:\/\/siluteinfo.lt\/en\/wp-json\/wp\/v2\/pages\/43122","targetHints":{"allow":["GET"]}}],"collection":[{"href":"https:\/\/siluteinfo.lt\/en\/wp-json\/wp\/v2\/pages"}],"about":[{"href":"https:\/\/siluteinfo.lt\/en\/wp-json\/wp\/v2\/types\/page"}],"author":[{"embeddable":true,"href":"https:\/\/siluteinfo.lt\/en\/wp-json\/wp\/v2\/users\/2"}],"replies":[{"embeddable":true,"href":"https:\/\/siluteinfo.lt\/en\/wp-json\/wp\/v2\/comments?post=43122"}],"version-history":[{"count":0,"href":"https:\/\/siluteinfo.lt\/en\/wp-json\/wp\/v2\/pages\/43122\/revisions"}],"up":[{"embeddable":true,"href":"https:\/\/siluteinfo.lt\/en\/wp-json\/wp\/v2\/pages\/22926"}],"wp:featuredmedia":[{"embeddable":true,"href":"https:\/\/siluteinfo.lt\/en\/wp-json\/wp\/v2\/media\/43108"}],"wp:attachment":[{"href":"https:\/\/siluteinfo.lt\/en\/wp-json\/wp\/v2\/media?parent=43122"}],"curies":[{"name":"wp","href":"https:\/\/api.w.org\/{rel}","templated":true}]}}