{"id":41689,"date":"2022-05-25T16:26:23","date_gmt":"2022-05-25T14:26:23","guid":{"rendered":"https:\/\/siluteinfo.lt\/leisure\/places-to-visit\/metal-arch-bridge-over-the-sysa-river\/"},"modified":"2025-05-22T09:27:34","modified_gmt":"2025-05-22T07:27:34","slug":"metal-arch-bridge-over-the-sysa-river","status":"publish","type":"page","link":"https:\/\/siluteinfo.lt\/en\/leisure\/places-to-visit\/metal-arch-bridge-over-the-sysa-river\/","title":{"rendered":"Metal Arch Bridge over the \u0160y\u0161a River"},"content":{"rendered":"\t\t<div data-elementor-type=\"wp-page\" data-elementor-id=\"41689\" class=\"elementor elementor-41689 elementor-11251\" data-elementor-post-type=\"page\">\n\t\t\t\t<div class=\"wd-negative-gap elementor-element elementor-element-f095950 e-flex e-con-boxed e-con e-parent\" data-id=\"f095950\" data-element_type=\"container\" data-e-type=\"container\">\n\t\t\t\t\t<div class=\"e-con-inner\">\n\t\t<div class=\"elementor-element elementor-element-48ad2c6 e-con-full e-flex e-con e-child\" data-id=\"48ad2c6\" data-element_type=\"container\" data-e-type=\"container\">\n\t\t\t\t<div class=\"elementor-element elementor-element-cc6cfee elementor-widget elementor-widget-theme-post-featured-image elementor-widget-image\" data-id=\"cc6cfee\" data-element_type=\"widget\" data-e-type=\"widget\" data-widget_type=\"theme-post-featured-image.default\">\n\t\t\t\t<div class=\"elementor-widget-container\">\n\t\t\t\t\t\t\t\t\t\t\t\t\t\t\t<img loading=\"lazy\" decoding=\"async\" width=\"1200\" height=\"800\" src=\"https:\/\/siluteinfo.lt\/wp-content\/themes\/woodmart\/images\/lazy.svg\" data-src=\"https:\/\/siluteinfo.lt\/wp-content\/uploads\/2024\/06\/lankomi-metalinis-arkinis-tiltas-per-sysos-upe.jpg\" class=\" wd-lazy-blur attachment-full size-full wp-image-36378\" alt=\"Metalinis arkinis tiltas per \u0160y\u0161os up\u0119 \u0160ilut\u0117je\" srcset=\"\" data-srcset=\"https:\/\/siluteinfo.lt\/wp-content\/uploads\/2024\/06\/lankomi-metalinis-arkinis-tiltas-per-sysos-upe.jpg 1200w, https:\/\/siluteinfo.lt\/wp-content\/uploads\/2024\/06\/lankomi-metalinis-arkinis-tiltas-per-sysos-upe-400x267.jpg 400w, https:\/\/siluteinfo.lt\/wp-content\/uploads\/2024\/06\/lankomi-metalinis-arkinis-tiltas-per-sysos-upe-768x512.jpg 768w\" sizes=\"auto, (max-width: 1200px) 100vw, 1200px\" \/>\t\t\t\t\t\t\t\t\t\t\t\t\t\t\t<\/div>\n\t\t\t\t<\/div>\n\t\t\t\t<\/div>\n\t\t<div class=\"elementor-element elementor-element-bcc9d47 e-con-full e-flex e-con e-child\" data-id=\"bcc9d47\" data-element_type=\"container\" data-e-type=\"container\">\n\t\t\t\t<div class=\"elementor-element elementor-element-777fce0 color-scheme-inherit text-left elementor-widget elementor-widget-text-editor\" data-id=\"777fce0\" data-element_type=\"widget\" data-e-type=\"widget\" data-widget_type=\"text-editor.default\">\n\t\t\t\t<div class=\"elementor-widget-container\">\n\t\t\t\t\t\t\t\t\t<div dir=\"auto\" style=\"font-style: normal; font-variant-ligatures: normal; font-variant-caps: normal; font-weight: 400; font-family: Jost, Arial, Helvetica, sans-serif; font-size: 16px; white-space: normal; text-align: justify;\"><p style=\"text-align: left;\">The metal arch bridge over the \u0160y\u0161a River was built in 1914. This bridge, which has historical and technical value, is located on the \u0160ilut\u0117\u2013Rusn\u0117 road, the only land route at the time leading to Rusn\u0117 Island. The bridge was designed by engineer Fabian. The need to build a bridge over the \u0160y\u0161a River arose when the construction of a small boat port began in \u0160ilokar\u010dema (now \u0160ilut\u0117).   <br>Built at the beginning of the 20th century, the bridge increased the area&#8217;s communication significance by connecting \u0160ilut\u0117, which had formed from several villages, with the then-important Rusn\u0117 Island. Constructed with state funds, the bridge reflects the features, quality, and trends of bridge construction in the Klaip\u0117da region in the last century. Its foundations and supports are made of stone, while the span (the load-bearing structure) is a steel arch. In recent decades, the arches have been painted yellow. The bridge is 40 meters long, 5 meters wide, and 3.5 meters high, with sidewalks (pedestrian paths) with 1-meter-high railings on both sides.<br>It is an urban monument of \u0160ilut\u0117&#8217;s old town.     <\/p><\/div>\t\t\t\t\t\t\t\t<\/div>\n\t\t\t\t<\/div>\n\t\t\t\t<\/div>\n\t\t<div class=\"elementor-element elementor-element-fe06706 e-con-full e-flex e-con e-child\" data-id=\"fe06706\" data-element_type=\"container\" data-e-type=\"container\">\n\t\t\t\t<div class=\"elementor-element elementor-element-957bde3 elementor-widget elementor-widget-shortcode\" data-id=\"957bde3\" data-element_type=\"widget\" data-e-type=\"widget\" data-widget_type=\"shortcode.default\">\n\t\t\t\t<div class=\"elementor-widget-container\">\n\t\t\t\t\t\t\t<div class=\"elementor-shortcode\">\t\t<div id=\"maps-marker-pro-a21eb0da\" class=\"maps-marker-pro mmp-list-below\" style=\"width: 100%;\">\n\t\t\t<div id=\"mmp-map-wrap-a21eb0da\" class=\"mmp-map-wrap\">\n\t\t\t\t\t\t\t\t\t<div id=\"mmp-panel-a21eb0da\" class=\"mmp-panel\"><\/div>\n\t\t\t\t\t\t\t\t<div id=\"mmp-map-a21eb0da\" class=\"mmp-map\" style=\"height: 500px;\"><\/div>\n\t\t\t\t\t\t\t<\/div>\n\t\t\t\t\t\t\t<div id=\"mmp-list-a21eb0da\" class=\"mmp-list\" style=\"flex-basis: 400px;\"><\/div>\n\t\t\t\t\t<\/div>\n\t\t<\/div>\n\t\t\t\t\t\t<\/div>\n\t\t\t\t<\/div>\n\t\t\t\t<\/div>\n\t\t\t\t\t<\/div>\n\t\t\t\t<\/div>\n\t\t\t\t<\/div>\n\t\t","protected":false},"excerpt":{"rendered":"<p>The metal arch bridge over the \u0160y\u0161a River was built in 1914. This bridge, which has historical and technical value,<\/p>\n","protected":false},"author":1,"featured_media":36378,"parent":22863,"menu_order":52,"comment_status":"closed","ping_status":"closed","template":"","meta":{"_acf_changed":false,"_monsterinsights_skip_tracking":false,"_monsterinsights_sitenote_active":false,"_monsterinsights_sitenote_note":"","_monsterinsights_sitenote_category":0,"footnotes":""},"class_list":["post-41689","page","type-page","status-publish","has-post-thumbnail","hentry"],"acf":[],"_links":{"self":[{"href":"https:\/\/siluteinfo.lt\/en\/wp-json\/wp\/v2\/pages\/41689","targetHints":{"allow":["GET"]}}],"collection":[{"href":"https:\/\/siluteinfo.lt\/en\/wp-json\/wp\/v2\/pages"}],"about":[{"href":"https:\/\/siluteinfo.lt\/en\/wp-json\/wp\/v2\/types\/page"}],"author":[{"embeddable":true,"href":"https:\/\/siluteinfo.lt\/en\/wp-json\/wp\/v2\/users\/1"}],"replies":[{"embeddable":true,"href":"https:\/\/siluteinfo.lt\/en\/wp-json\/wp\/v2\/comments?post=41689"}],"version-history":[{"count":0,"href":"https:\/\/siluteinfo.lt\/en\/wp-json\/wp\/v2\/pages\/41689\/revisions"}],"up":[{"embeddable":true,"href":"https:\/\/siluteinfo.lt\/en\/wp-json\/wp\/v2\/pages\/22863"}],"wp:featuredmedia":[{"embeddable":true,"href":"https:\/\/siluteinfo.lt\/en\/wp-json\/wp\/v2\/media\/36378"}],"wp:attachment":[{"href":"https:\/\/siluteinfo.lt\/en\/wp-json\/wp\/v2\/media?parent=41689"}],"curies":[{"name":"wp","href":"https:\/\/api.w.org\/{rel}","templated":true}]}}