{"id":41152,"date":"2023-07-13T15:23:10","date_gmt":"2023-07-13T13:23:10","guid":{"rendered":"https:\/\/siluteinfo.lt\/transport\/boats\/houseboat-relax\/"},"modified":"2025-05-15T08:59:58","modified_gmt":"2025-05-15T06:59:58","slug":"houseboat-relax","status":"publish","type":"page","link":"https:\/\/siluteinfo.lt\/en\/transport\/boats\/houseboat-relax\/","title":{"rendered":"Houseboat &#8220;Relax&#8221;"},"content":{"rendered":"\t\t<div data-elementor-type=\"wp-page\" data-elementor-id=\"41152\" class=\"elementor elementor-41152 elementor-27100\" data-elementor-post-type=\"page\">\n\t\t\t\t\t\t<section class=\"wd-negative-gap elementor-section elementor-top-section elementor-element elementor-element-f05966e elementor-section-boxed elementor-section-height-default elementor-section-height-default\" data-id=\"f05966e\" data-element_type=\"section\" data-e-type=\"section\">\n\t\t\t\t\t\t<div class=\"elementor-container elementor-column-gap-default\">\n\t\t\t\t\t<div class=\"elementor-column elementor-col-100 elementor-top-column elementor-element elementor-element-3d08d4b\" data-id=\"3d08d4b\" data-element_type=\"column\" data-e-type=\"column\">\n\t\t\t<div class=\"elementor-widget-wrap elementor-element-populated\">\n\t\t\t\t\t\t<section class=\"wd-negative-gap elementor-section elementor-inner-section elementor-element elementor-element-54c9953 elementor-section-boxed elementor-section-height-default elementor-section-height-default\" data-id=\"54c9953\" data-element_type=\"section\" data-e-type=\"section\">\n\t\t\t\t\t\t<div class=\"elementor-container elementor-column-gap-default\">\n\t\t\t\t\t<div class=\"elementor-column elementor-col-50 elementor-inner-column elementor-element elementor-element-361658b\" data-id=\"361658b\" data-element_type=\"column\" data-e-type=\"column\">\n\t\t\t<div class=\"elementor-widget-wrap elementor-element-populated\">\n\t\t\t\t\t\t<div class=\"elementor-element elementor-element-40a2604 elementor-widget elementor-widget-theme-post-featured-image elementor-widget-image\" data-id=\"40a2604\" data-element_type=\"widget\" data-e-type=\"widget\" data-widget_type=\"theme-post-featured-image.default\">\n\t\t\t\t<div class=\"elementor-widget-container\">\n\t\t\t\t\t\t\t\t\t\t\t\t\t\t\t<img loading=\"lazy\" decoding=\"async\" width=\"1200\" height=\"800\" src=\"https:\/\/siluteinfo.lt\/wp-content\/themes\/woodmart\/images\/lazy.svg\" data-src=\"https:\/\/siluteinfo.lt\/wp-content\/uploads\/2024\/02\/laivininkai-relax.jpg\" class=\" wd-lazy-blur attachment-large size-large wp-image-35307\" alt=\"\" srcset=\"\" data-srcset=\"https:\/\/siluteinfo.lt\/wp-content\/uploads\/2024\/02\/laivininkai-relax.jpg 1200w, https:\/\/siluteinfo.lt\/wp-content\/uploads\/2024\/02\/laivininkai-relax-400x267.jpg 400w, https:\/\/siluteinfo.lt\/wp-content\/uploads\/2024\/02\/laivininkai-relax-768x512.jpg 768w\" sizes=\"auto, (max-width: 1200px) 100vw, 1200px\" \/>\t\t\t\t\t\t\t\t\t\t\t\t\t\t\t<\/div>\n\t\t\t\t<\/div>\n\t\t\t\t\t<\/div>\n\t\t<\/div>\n\t\t\t\t<div class=\"elementor-column elementor-col-50 elementor-inner-column elementor-element elementor-element-3330128\" data-id=\"3330128\" data-element_type=\"column\" data-e-type=\"column\">\n\t\t\t<div class=\"elementor-widget-wrap elementor-element-populated\">\n\t\t\t\t\t\t<div class=\"elementor-element elementor-element-64ccea24 color-scheme-inherit text-left elementor-widget elementor-widget-text-editor\" data-id=\"64ccea24\" data-element_type=\"widget\" data-e-type=\"widget\" data-widget_type=\"text-editor.default\">\n\t\t\t\t<div class=\"elementor-widget-container\">\n\t\t\t\t\t\t\t\t\t\n<p><strong>Capacity \u2013 11 passengers, comfortably sleeps 6\u20138 guests<\/strong><\/p>\n\n\n\n<p>Berth location \u2013 Uostadvaris Inland Water Port, Uostadvario g. 47, Uostadvaris, \u0160ilut\u0117s r. sav.<br>Tel. +370 646 94 794<br>Email    &nbsp;<a href=\"&#109;&#x61;&#105;&#x6c;&#116;&#x6f;:&#x6c;a&#x62;a&#115;&#x40;&#117;&#x6f;&#115;&#x74;&#97;&#x64;v&#x61;r&#x69;s&#46;&#x6c;&#116;\">&#108;&#x61;&#98;&#x61;&#115;&#x40;&#117;&#x6f;&#115;&#x74;&#97;&#x64;&#118;&#x61;&#114;&#x69;&#115;&#x2e;&#108;&#x74;<\/a><br><a href=\"https:\/\/uostadvaris.lt\/\" target=\"_blank\" rel=\"noreferrer noopener\">www.uostadvaris.lt<\/a><\/p>\n\n\n\n<ul>\n<li>A two-deck, spacious, modern, and comfortable houseboat for your relaxing cruises in the Nemunas Delta region..&nbsp;Enjoy the cruise, then stay overnight on the water with your family or friends.<\/li>\n\n\n\n<li>We sail based on your individual routes \u2014 in the Nemunas Delta, Krok\u0173 Lankos, Minija River, Kniaupas Bay, Curonian Lagoon, and other scenic rivers and streams of Lithuania Minor. We visit Vent\u0117 Cape, Ming\u0117 village, Uostadvaris port, Tulkiarag\u0117 water pumping station, Rusn\u0117 town, Dreverna, Svencel\u0117, Juodkrant\u0117, Nida, and more.<\/li>\n\n\n\n<li>Onboard amenities include:<br>Wild nature | Stunning Nemunas Delta landscapes | Grill barbecue | Gas stove | Coffee machine | Kettle | Full set of utensils and dishes | Wi-Fi | TV | Shower | WC | Second-floor terrace with outdoor furniture | Easy water access for swimming | Audio system and other cozy details.<\/li>\n<\/ul>\n\t\t\t\t\t\t\t\t<\/div>\n\t\t\t\t<\/div>\n\t\t\t\t\t<\/div>\n\t\t<\/div>\n\t\t\t\t\t<\/div>\n\t\t<\/section>\n\t\t\t\t<section class=\"wd-negative-gap elementor-section elementor-inner-section elementor-element elementor-element-2816f89 elementor-section-boxed elementor-section-height-default elementor-section-height-default\" data-id=\"2816f89\" data-element_type=\"section\" data-e-type=\"section\">\n\t\t\t\t\t\t<div class=\"elementor-container elementor-column-gap-default\">\n\t\t\t\t\t<div class=\"elementor-column elementor-col-100 elementor-inner-column elementor-element elementor-element-4946106\" data-id=\"4946106\" data-element_type=\"column\" data-e-type=\"column\">\n\t\t\t<div class=\"elementor-widget-wrap elementor-element-populated\">\n\t\t\t\t\t\t\t<\/div>\n\t\t<\/div>\n\t\t\t\t\t<\/div>\n\t\t<\/section>\n\t\t\t\t\t<\/div>\n\t\t<\/div>\n\t\t\t\t\t<\/div>\n\t\t<\/section>\n\t\t\t\t<\/div>\n\t\t","protected":false},"excerpt":{"rendered":"<p>Capacity \u2013 11 passengers, comfortably sleeps 6\u20138 guests Berth location \u2013 Uostadvaris Inland Water Port, Uostadvario g. 47, Uostadvaris, \u0160ilut\u0117s<\/p>\n","protected":false},"author":6,"featured_media":35307,"parent":22926,"menu_order":26,"comment_status":"closed","ping_status":"closed","template":"","meta":{"_acf_changed":false,"_monsterinsights_skip_tracking":false,"_monsterinsights_sitenote_active":false,"_monsterinsights_sitenote_note":"","_monsterinsights_sitenote_category":0,"footnotes":""},"class_list":["post-41152","page","type-page","status-publish","has-post-thumbnail","hentry"],"acf":[],"_links":{"self":[{"href":"https:\/\/siluteinfo.lt\/en\/wp-json\/wp\/v2\/pages\/41152","targetHints":{"allow":["GET"]}}],"collection":[{"href":"https:\/\/siluteinfo.lt\/en\/wp-json\/wp\/v2\/pages"}],"about":[{"href":"https:\/\/siluteinfo.lt\/en\/wp-json\/wp\/v2\/types\/page"}],"author":[{"embeddable":true,"href":"https:\/\/siluteinfo.lt\/en\/wp-json\/wp\/v2\/users\/6"}],"replies":[{"embeddable":true,"href":"https:\/\/siluteinfo.lt\/en\/wp-json\/wp\/v2\/comments?post=41152"}],"version-history":[{"count":0,"href":"https:\/\/siluteinfo.lt\/en\/wp-json\/wp\/v2\/pages\/41152\/revisions"}],"up":[{"embeddable":true,"href":"https:\/\/siluteinfo.lt\/en\/wp-json\/wp\/v2\/pages\/22926"}],"wp:featuredmedia":[{"embeddable":true,"href":"https:\/\/siluteinfo.lt\/en\/wp-json\/wp\/v2\/media\/35307"}],"wp:attachment":[{"href":"https:\/\/siluteinfo.lt\/en\/wp-json\/wp\/v2\/media?parent=41152"}],"curies":[{"name":"wp","href":"https:\/\/api.w.org\/{rel}","templated":true}]}}