{"id":41054,"date":"2022-06-11T07:50:14","date_gmt":"2022-06-11T05:50:14","guid":{"rendered":"https:\/\/siluteinfo.lt\/transport\/boats\/sea-going-boat\/"},"modified":"2025-05-15T07:53:57","modified_gmt":"2025-05-15T05:53:57","slug":"sea-going-boat","status":"publish","type":"page","link":"https:\/\/siluteinfo.lt\/en\/transport\/boats\/sea-going-boat\/","title":{"rendered":"Sea-going Boat"},"content":{"rendered":"\t\t<div data-elementor-type=\"wp-page\" data-elementor-id=\"41054\" class=\"elementor elementor-41054 elementor-12858\" data-elementor-post-type=\"page\">\n\t\t\t\t\t\t<section class=\"wd-negative-gap elementor-section elementor-top-section elementor-element elementor-element-6de9970 elementor-section-boxed elementor-section-height-default elementor-section-height-default\" data-id=\"6de9970\" data-element_type=\"section\" data-e-type=\"section\">\n\t\t\t\t\t\t<div class=\"elementor-container elementor-column-gap-default\">\n\t\t\t\t\t<div class=\"elementor-column elementor-col-100 elementor-top-column elementor-element elementor-element-5a01011\" data-id=\"5a01011\" data-element_type=\"column\" data-e-type=\"column\">\n\t\t\t<div class=\"elementor-widget-wrap elementor-element-populated\">\n\t\t\t\t\t\t<section class=\"wd-negative-gap elementor-section elementor-inner-section elementor-element elementor-element-dd2d25d elementor-section-boxed elementor-section-height-default elementor-section-height-default\" data-id=\"dd2d25d\" data-element_type=\"section\" data-e-type=\"section\">\n\t\t\t\t\t\t<div class=\"elementor-container elementor-column-gap-default\">\n\t\t\t\t\t<div class=\"elementor-column elementor-col-50 elementor-inner-column elementor-element elementor-element-2906f35\" data-id=\"2906f35\" data-element_type=\"column\" data-e-type=\"column\">\n\t\t\t<div class=\"elementor-widget-wrap elementor-element-populated\">\n\t\t\t\t\t\t<div class=\"elementor-element elementor-element-4bd76b7 elementor-widget elementor-widget-theme-post-featured-image elementor-widget-image\" data-id=\"4bd76b7\" data-element_type=\"widget\" data-e-type=\"widget\" data-widget_type=\"theme-post-featured-image.default\">\n\t\t\t\t<div class=\"elementor-widget-container\">\n\t\t\t\t\t\t\t\t\t\t\t\t\t\t\t<img loading=\"lazy\" decoding=\"async\" width=\"780\" height=\"240\" src=\"https:\/\/siluteinfo.lt\/wp-content\/themes\/woodmart\/images\/lazy.svg\" data-src=\"https:\/\/siluteinfo.lt\/wp-content\/uploads\/2023\/10\/laivininkai-jurinis-laivas.jpg\" class=\" wd-lazy-blur attachment-large size-large wp-image-30526\" alt=\"\" srcset=\"\" data-srcset=\"https:\/\/siluteinfo.lt\/wp-content\/uploads\/2023\/10\/laivininkai-jurinis-laivas.jpg 780w, https:\/\/siluteinfo.lt\/wp-content\/uploads\/2023\/10\/laivininkai-jurinis-laivas-400x123.jpg 400w, https:\/\/siluteinfo.lt\/wp-content\/uploads\/2023\/10\/laivininkai-jurinis-laivas-768x236.jpg 768w\" sizes=\"auto, (max-width: 780px) 100vw, 780px\" \/>\t\t\t\t\t\t\t\t\t\t\t\t\t\t\t<\/div>\n\t\t\t\t<\/div>\n\t\t\t\t\t<\/div>\n\t\t<\/div>\n\t\t\t\t<div class=\"elementor-column elementor-col-50 elementor-inner-column elementor-element elementor-element-a293818\" data-id=\"a293818\" data-element_type=\"column\" data-e-type=\"column\">\n\t\t\t<div class=\"elementor-widget-wrap elementor-element-populated\">\n\t\t\t\t\t\t<div class=\"elementor-element elementor-element-e11b9c1 color-scheme-inherit text-left elementor-widget elementor-widget-text-editor\" data-id=\"e11b9c1\" data-element_type=\"widget\" data-e-type=\"widget\" data-widget_type=\"text-editor.default\">\n\t\t\t\t<div class=\"elementor-widget-container\">\n\t\t\t\t\t\t\t\t\t<p><strong>Capacity \u2013 12 passengers<\/strong><\/p>\n<p>Berth location \u2013 Kur\u0161i\u0173 g. 18, Kintai, \u0160ilut\u0117s r. sav.<br>Tel. +370 698 89 081<br>Email <a href=\"&#x6d;&#x61;&#x69;&#x6c;&#x74;&#x6f;&#x3a;&#x73;&#109;&#105;&#108;&#116;&#97;&#108;&#101;&#64;yah&#x6f;&#x6f;&#x2e;&#x63;&#x6f;&#x6d;\">&#115;m&#x69;l&#x74;&#97;&#x6c;&#101;&#x40;&#121;a&#x68;o&#x6f;&#46;&#x63;&#111;&#x6d;<\/a>    <\/p>\t\t\t\t\t\t\t\t<\/div>\n\t\t\t\t<\/div>\n\t\t\t\t\t<\/div>\n\t\t<\/div>\n\t\t\t\t\t<\/div>\n\t\t<\/section>\n\t\t\t\t<section class=\"wd-negative-gap elementor-section elementor-inner-section elementor-element elementor-element-66f2fe4 elementor-section-boxed elementor-section-height-default elementor-section-height-default\" data-id=\"66f2fe4\" data-element_type=\"section\" data-e-type=\"section\">\n\t\t\t\t\t\t<div class=\"elementor-container elementor-column-gap-default\">\n\t\t\t\t\t<div class=\"elementor-column elementor-col-100 elementor-inner-column elementor-element elementor-element-75d693e\" data-id=\"75d693e\" data-element_type=\"column\" data-e-type=\"column\">\n\t\t\t<div class=\"elementor-widget-wrap elementor-element-populated\">\n\t\t\t\t\t\t\t<\/div>\n\t\t<\/div>\n\t\t\t\t\t<\/div>\n\t\t<\/section>\n\t\t\t\t\t<\/div>\n\t\t<\/div>\n\t\t\t\t\t<\/div>\n\t\t<\/section>\n\t\t\t\t<\/div>\n\t\t","protected":false},"excerpt":{"rendered":"<p>Capacity \u2013 12 passengers Berth location \u2013 Kur\u0161i\u0173 g. 18, Kintai, \u0160ilut\u0117s r. sav.Tel. +370 698 89 081Email &#115;m&#x69;l&#x74;a&#x6c;e&#x40;y&#x61;h&#x6f;&#111;&#x2e;&#99;&#x6f;&#109;<\/p>\n","protected":false},"author":1,"featured_media":30526,"parent":22926,"menu_order":18,"comment_status":"closed","ping_status":"closed","template":"","meta":{"_acf_changed":false,"_monsterinsights_skip_tracking":false,"_monsterinsights_sitenote_active":false,"_monsterinsights_sitenote_note":"","_monsterinsights_sitenote_category":0,"footnotes":""},"class_list":["post-41054","page","type-page","status-publish","has-post-thumbnail","hentry"],"acf":[],"_links":{"self":[{"href":"https:\/\/siluteinfo.lt\/en\/wp-json\/wp\/v2\/pages\/41054","targetHints":{"allow":["GET"]}}],"collection":[{"href":"https:\/\/siluteinfo.lt\/en\/wp-json\/wp\/v2\/pages"}],"about":[{"href":"https:\/\/siluteinfo.lt\/en\/wp-json\/wp\/v2\/types\/page"}],"author":[{"embeddable":true,"href":"https:\/\/siluteinfo.lt\/en\/wp-json\/wp\/v2\/users\/1"}],"replies":[{"embeddable":true,"href":"https:\/\/siluteinfo.lt\/en\/wp-json\/wp\/v2\/comments?post=41054"}],"version-history":[{"count":0,"href":"https:\/\/siluteinfo.lt\/en\/wp-json\/wp\/v2\/pages\/41054\/revisions"}],"up":[{"embeddable":true,"href":"https:\/\/siluteinfo.lt\/en\/wp-json\/wp\/v2\/pages\/22926"}],"wp:featuredmedia":[{"embeddable":true,"href":"https:\/\/siluteinfo.lt\/en\/wp-json\/wp\/v2\/media\/30526"}],"wp:attachment":[{"href":"https:\/\/siluteinfo.lt\/en\/wp-json\/wp\/v2\/media?parent=41054"}],"curies":[{"name":"wp","href":"https:\/\/api.w.org\/{rel}","templated":true}]}}