{"id":40895,"date":"2022-06-11T07:40:38","date_gmt":"2022-06-11T05:40:38","guid":{"rendered":"https:\/\/siluteinfo.lt\/transport\/boats\/ship-kursiu-deltos-ekspresas\/"},"modified":"2025-05-13T19:35:22","modified_gmt":"2025-05-13T17:35:22","slug":"ship-kursiu-deltos-ekspresas","status":"publish","type":"page","link":"https:\/\/siluteinfo.lt\/en\/transport\/boats\/ship-kursiu-deltos-ekspresas\/","title":{"rendered":"Ship &#8220;Kur\u0161i\u0173 deltos ekspresas&#8221;"},"content":{"rendered":"\t\t<div data-elementor-type=\"wp-page\" data-elementor-id=\"40895\" class=\"elementor elementor-40895 elementor-12810\" data-elementor-post-type=\"page\">\n\t\t\t\t\t\t<section class=\"wd-negative-gap elementor-section elementor-top-section elementor-element elementor-element-97aeb75 elementor-section-boxed elementor-section-height-default elementor-section-height-default\" data-id=\"97aeb75\" data-element_type=\"section\" data-e-type=\"section\">\n\t\t\t\t\t\t<div class=\"elementor-container elementor-column-gap-default\">\n\t\t\t\t\t<div class=\"elementor-column elementor-col-100 elementor-top-column elementor-element elementor-element-9509485\" data-id=\"9509485\" data-element_type=\"column\" data-e-type=\"column\">\n\t\t\t<div class=\"elementor-widget-wrap elementor-element-populated\">\n\t\t\t\t\t\t<section class=\"wd-negative-gap elementor-section elementor-inner-section elementor-element elementor-element-4999d49 elementor-section-boxed elementor-section-height-default elementor-section-height-default\" data-id=\"4999d49\" data-element_type=\"section\" data-e-type=\"section\">\n\t\t\t\t\t\t<div class=\"elementor-container elementor-column-gap-default\">\n\t\t\t\t\t<div class=\"elementor-column elementor-col-50 elementor-inner-column elementor-element elementor-element-2bd805e\" data-id=\"2bd805e\" data-element_type=\"column\" data-e-type=\"column\">\n\t\t\t<div class=\"elementor-widget-wrap elementor-element-populated\">\n\t\t\t\t\t\t<div class=\"elementor-element elementor-element-825829c elementor-widget elementor-widget-theme-post-featured-image elementor-widget-image\" data-id=\"825829c\" data-element_type=\"widget\" data-e-type=\"widget\" data-widget_type=\"theme-post-featured-image.default\">\n\t\t\t\t<div class=\"elementor-widget-container\">\n\t\t\t\t\t\t\t\t\t\t\t\t\t\t\t<img loading=\"lazy\" decoding=\"async\" width=\"1200\" height=\"900\" src=\"https:\/\/siluteinfo.lt\/wp-content\/themes\/woodmart\/images\/lazy.svg\" data-src=\"https:\/\/siluteinfo.lt\/wp-content\/uploads\/2023\/10\/laivininkai-kursiu-deltos-ekspresas.jpg\" class=\" wd-lazy-blur attachment-large size-large wp-image-30394\" alt=\"\" srcset=\"\" data-srcset=\"https:\/\/siluteinfo.lt\/wp-content\/uploads\/2023\/10\/laivininkai-kursiu-deltos-ekspresas.jpg 1200w, https:\/\/siluteinfo.lt\/wp-content\/uploads\/2023\/10\/laivininkai-kursiu-deltos-ekspresas-400x300.jpg 400w, https:\/\/siluteinfo.lt\/wp-content\/uploads\/2023\/10\/laivininkai-kursiu-deltos-ekspresas-768x576.jpg 768w\" sizes=\"auto, (max-width: 1200px) 100vw, 1200px\" \/>\t\t\t\t\t\t\t\t\t\t\t\t\t\t\t<\/div>\n\t\t\t\t<\/div>\n\t\t\t\t\t<\/div>\n\t\t<\/div>\n\t\t\t\t<div class=\"elementor-column elementor-col-50 elementor-inner-column elementor-element elementor-element-e3bfb09\" data-id=\"e3bfb09\" data-element_type=\"column\" data-e-type=\"column\">\n\t\t\t<div class=\"elementor-widget-wrap elementor-element-populated\">\n\t\t\t\t\t\t<div class=\"elementor-element elementor-element-ada8399 color-scheme-inherit text-left elementor-widget elementor-widget-text-editor\" data-id=\"ada8399\" data-element_type=\"widget\" data-e-type=\"widget\" data-widget_type=\"text-editor.default\">\n\t\t\t\t<div class=\"elementor-widget-container\">\n\t\t\t\t\t\t\t\t\t<p><strong>Capacity \u2013 90 passengers<\/strong><\/p><p>Berth location \u2013 \u0160ilut\u0117 Small Boat Harbor, Uosto g. 9, \u0160ilut\u0117<br>Tel. +370 616 72 402<br>Email <a href=\"&#x6d;&#97;i&#x6c;&#x74;&#111;:&#x69;&#x6e;&#102;o&#x40;&#107;i&#x6e;&#x74;&#97;i&#x2e;&#x6c;&#116;\">&#x69;&#x6e;&#x66;&#x6f;&#x40;&#x6b;&#x69;&#110;&#116;&#97;&#105;&#46;lt<\/a>   <br><a href=\"https:\/\/www.kintai.lt\" target=\"_blank\" rel=\"noopener\">www.kintai.lt<\/a><strong><br><\/strong><\/p><ul><li>Up to 90 passengers can travel at the same time.<\/li><li>The spacious indoor deck features a cozy lounge with tables and soft benches, comfortably seating up to 60 people.<\/li><li>Large windows provide a breathtaking view during the journey.<\/li><li>For passengers\u2019 convenience, there is a bar offering drinks and snacks.<\/li><li>The deck is equipped with heating and air conditioning, as well as sound and video systems.<\/li><li>There is a WC on board.<\/li><li>Bicycles can be transported.<\/li><\/ul><p>\u201cKur\u0161i\u0173 deltos ekspresas\u201d also operates as a ferry and sails daily on the route \u0160ILUT\u0116\u2013NIDA\u2013\u0160ILUT\u0116 during the season.<br>Ferry information: <a href=\"https:\/\/siluteinfo.lt\/en\/transport\/ferries\/\">Ferries<\/a><\/p>\t\t\t\t\t\t\t\t<\/div>\n\t\t\t\t<\/div>\n\t\t\t\t\t<\/div>\n\t\t<\/div>\n\t\t\t\t\t<\/div>\n\t\t<\/section>\n\t\t\t\t<section class=\"wd-negative-gap elementor-section elementor-inner-section elementor-element elementor-element-64ca7a5 elementor-section-boxed elementor-section-height-default elementor-section-height-default\" data-id=\"64ca7a5\" data-element_type=\"section\" data-e-type=\"section\">\n\t\t\t\t\t\t<div class=\"elementor-container elementor-column-gap-default\">\n\t\t\t\t\t<div class=\"elementor-column elementor-col-100 elementor-inner-column elementor-element elementor-element-4108f51\" data-id=\"4108f51\" data-element_type=\"column\" data-e-type=\"column\">\n\t\t\t<div class=\"elementor-widget-wrap elementor-element-populated\">\n\t\t\t\t\t\t\t<\/div>\n\t\t<\/div>\n\t\t\t\t\t<\/div>\n\t\t<\/section>\n\t\t\t\t\t<\/div>\n\t\t<\/div>\n\t\t\t\t\t<\/div>\n\t\t<\/section>\n\t\t\t\t<\/div>\n\t\t","protected":false},"excerpt":{"rendered":"<p>Capacity \u2013 90 passengers Berth location \u2013 \u0160ilut\u0117 Small Boat Harbor, Uosto g. 9, \u0160ilut\u0117Tel. +370 616 72 402Email inf&#111;&#64;&#107;&#x69;&#x6e;&#x74;&#x61;&#x69;&#x2e;lt<\/p>\n","protected":false},"author":1,"featured_media":30394,"parent":22926,"menu_order":1,"comment_status":"closed","ping_status":"closed","template":"","meta":{"_acf_changed":false,"_monsterinsights_skip_tracking":false,"_monsterinsights_sitenote_active":false,"_monsterinsights_sitenote_note":"","_monsterinsights_sitenote_category":0,"footnotes":""},"class_list":["post-40895","page","type-page","status-publish","has-post-thumbnail","hentry"],"acf":[],"_links":{"self":[{"href":"https:\/\/siluteinfo.lt\/en\/wp-json\/wp\/v2\/pages\/40895","targetHints":{"allow":["GET"]}}],"collection":[{"href":"https:\/\/siluteinfo.lt\/en\/wp-json\/wp\/v2\/pages"}],"about":[{"href":"https:\/\/siluteinfo.lt\/en\/wp-json\/wp\/v2\/types\/page"}],"author":[{"embeddable":true,"href":"https:\/\/siluteinfo.lt\/en\/wp-json\/wp\/v2\/users\/1"}],"replies":[{"embeddable":true,"href":"https:\/\/siluteinfo.lt\/en\/wp-json\/wp\/v2\/comments?post=40895"}],"version-history":[{"count":0,"href":"https:\/\/siluteinfo.lt\/en\/wp-json\/wp\/v2\/pages\/40895\/revisions"}],"up":[{"embeddable":true,"href":"https:\/\/siluteinfo.lt\/en\/wp-json\/wp\/v2\/pages\/22926"}],"wp:featuredmedia":[{"embeddable":true,"href":"https:\/\/siluteinfo.lt\/en\/wp-json\/wp\/v2\/media\/30394"}],"wp:attachment":[{"href":"https:\/\/siluteinfo.lt\/en\/wp-json\/wp\/v2\/media?parent=40895"}],"curies":[{"name":"wp","href":"https:\/\/api.w.org\/{rel}","templated":true}]}}