{"id":40652,"date":"2023-05-30T08:36:17","date_gmt":"2023-05-30T06:36:17","guid":{"rendered":"https:\/\/siluteinfo.lt\/transport\/boats\/boat-minija\/"},"modified":"2025-06-10T09:52:26","modified_gmt":"2025-06-10T07:52:26","slug":"boat-minija","status":"publish","type":"page","link":"https:\/\/siluteinfo.lt\/en\/transport\/boats\/boat-minija\/","title":{"rendered":"Boat &#8220;Minija&#8221;"},"content":{"rendered":"\t\t<div data-elementor-type=\"wp-page\" data-elementor-id=\"40652\" class=\"elementor elementor-40652 elementor-24562\" data-elementor-post-type=\"page\">\n\t\t\t\t\t\t<section class=\"wd-negative-gap elementor-section elementor-top-section elementor-element elementor-element-7dc72dd elementor-section-boxed elementor-section-height-default elementor-section-height-default\" data-id=\"7dc72dd\" data-element_type=\"section\" data-e-type=\"section\">\n\t\t\t\t\t\t<div class=\"elementor-container elementor-column-gap-default\">\n\t\t\t\t\t<div class=\"elementor-column elementor-col-100 elementor-top-column elementor-element elementor-element-9a9cc03\" data-id=\"9a9cc03\" data-element_type=\"column\" data-e-type=\"column\">\n\t\t\t<div class=\"elementor-widget-wrap elementor-element-populated\">\n\t\t\t\t\t\t<section class=\"wd-negative-gap elementor-section elementor-inner-section elementor-element elementor-element-3a976db elementor-section-boxed elementor-section-height-default elementor-section-height-default\" data-id=\"3a976db\" data-element_type=\"section\" data-e-type=\"section\">\n\t\t\t\t\t\t<div class=\"elementor-container elementor-column-gap-default\">\n\t\t\t\t\t<div class=\"elementor-column elementor-col-50 elementor-inner-column elementor-element elementor-element-3e56e33\" data-id=\"3e56e33\" data-element_type=\"column\" data-e-type=\"column\">\n\t\t\t<div class=\"elementor-widget-wrap elementor-element-populated\">\n\t\t\t\t\t\t<div class=\"elementor-element elementor-element-fdff87f elementor-widget elementor-widget-theme-post-featured-image elementor-widget-image\" data-id=\"fdff87f\" data-element_type=\"widget\" data-e-type=\"widget\" data-widget_type=\"theme-post-featured-image.default\">\n\t\t\t\t<div class=\"elementor-widget-container\">\n\t\t\t\t\t\t\t\t\t\t\t\t\t\t\t<img loading=\"lazy\" decoding=\"async\" width=\"1200\" height=\"800\" src=\"https:\/\/siluteinfo.lt\/wp-content\/themes\/woodmart\/images\/lazy.svg\" data-src=\"https:\/\/siluteinfo.lt\/wp-content\/uploads\/2025\/06\/laivininkai-minija.jpg\" class=\" wd-lazy-blur attachment-large size-large wp-image-43091\" alt=\"Laivas \u201eMinija\u201c Minijos kaime\" srcset=\"\" data-srcset=\"https:\/\/siluteinfo.lt\/wp-content\/uploads\/2025\/06\/laivininkai-minija.jpg 1200w, https:\/\/siluteinfo.lt\/wp-content\/uploads\/2025\/06\/laivininkai-minija-400x267.jpg 400w, https:\/\/siluteinfo.lt\/wp-content\/uploads\/2025\/06\/laivininkai-minija-768x512.jpg 768w\" sizes=\"auto, (max-width: 1200px) 100vw, 1200px\" \/>\t\t\t\t\t\t\t\t\t\t\t\t\t\t\t<\/div>\n\t\t\t\t<\/div>\n\t\t\t\t\t<\/div>\n\t\t<\/div>\n\t\t\t\t<div class=\"elementor-column elementor-col-50 elementor-inner-column elementor-element elementor-element-5886a93\" data-id=\"5886a93\" data-element_type=\"column\" data-e-type=\"column\">\n\t\t\t<div class=\"elementor-widget-wrap elementor-element-populated\">\n\t\t\t\t\t\t<div class=\"elementor-element elementor-element-526c95e color-scheme-inherit text-left elementor-widget elementor-widget-text-editor\" data-id=\"526c95e\" data-element_type=\"widget\" data-e-type=\"widget\" data-widget_type=\"text-editor.default\">\n\t\t\t\t<div class=\"elementor-widget-container\">\n\t\t\t\t\t\t\t\t\t<p><strong>Capacity \u2013 24 passengers<\/strong><\/p>\n<p>Berth location \u2013 Krok\u0173 Lankos g. 33, Minija, \u0160ilut\u0117s r. sav.<br>Tel. +370 686 66 600<br>Email <a href=\"&#x6d;&#x61;&#x69;&#108;&#116;o:&#x6d;&#x69;&#x6e;&#x69;&#106;&#97;&#64;m&#x69;&#x6e;&#x67;&#101;&#115;&#101;gz&#x6f;&#x74;&#x69;&#107;&#97;&#46;l&#x74;\">&#x6d;&#105;&#x6e;&#x69;j&#x61;&#64;m&#x69;&#110;g&#x65;&#115;&#x65;&#x67;z&#x6f;&#116;i&#x6b;&#97;&#46;&#x6c;&#116;<br><\/a><a href=\"https:\/\/www.mingeskaimas.lt\" target=\"_blank\" rel=\"noopener\">www.mingeskaimas.lt<\/a>   <\/p>\t\t\t\t\t\t\t\t<\/div>\n\t\t\t\t<\/div>\n\t\t\t\t\t<\/div>\n\t\t<\/div>\n\t\t\t\t\t<\/div>\n\t\t<\/section>\n\t\t\t\t<section class=\"wd-negative-gap elementor-section elementor-inner-section elementor-element elementor-element-7f66c0e elementor-section-boxed elementor-section-height-default elementor-section-height-default\" data-id=\"7f66c0e\" data-element_type=\"section\" data-e-type=\"section\">\n\t\t\t\t\t\t<div class=\"elementor-container elementor-column-gap-default\">\n\t\t\t\t\t<div class=\"elementor-column elementor-col-100 elementor-inner-column elementor-element elementor-element-7c2beca\" data-id=\"7c2beca\" data-element_type=\"column\" data-e-type=\"column\">\n\t\t\t<div class=\"elementor-widget-wrap elementor-element-populated\">\n\t\t\t\t\t\t\t<\/div>\n\t\t<\/div>\n\t\t\t\t\t<\/div>\n\t\t<\/section>\n\t\t\t\t\t<\/div>\n\t\t<\/div>\n\t\t\t\t\t<\/div>\n\t\t<\/section>\n\t\t\t\t<\/div>\n\t\t","protected":false},"excerpt":{"rendered":"<p>Capacity \u2013 24 passengers Berth location \u2013 Krok\u0173 Lankos g. 33, Minija, \u0160ilut\u0117s r. sav.Tel. +370 686 66 600Email &#x6d;i&#x6e;&#105;j&#x61;&#64;&#x6d;&#105;n&#x67;&#101;&#x73;&#101;g&#x7a;&#111;&#x74;&#x69;k&#x61;&#46;l&#x74;www.mingeskaimas.lt<\/p>\n","protected":false},"author":6,"featured_media":43091,"parent":22926,"menu_order":10,"comment_status":"closed","ping_status":"closed","template":"","meta":{"_acf_changed":false,"_monsterinsights_skip_tracking":false,"_monsterinsights_sitenote_active":false,"_monsterinsights_sitenote_note":"","_monsterinsights_sitenote_category":0,"footnotes":""},"class_list":["post-40652","page","type-page","status-publish","has-post-thumbnail","hentry"],"acf":[],"_links":{"self":[{"href":"https:\/\/siluteinfo.lt\/en\/wp-json\/wp\/v2\/pages\/40652","targetHints":{"allow":["GET"]}}],"collection":[{"href":"https:\/\/siluteinfo.lt\/en\/wp-json\/wp\/v2\/pages"}],"about":[{"href":"https:\/\/siluteinfo.lt\/en\/wp-json\/wp\/v2\/types\/page"}],"author":[{"embeddable":true,"href":"https:\/\/siluteinfo.lt\/en\/wp-json\/wp\/v2\/users\/6"}],"replies":[{"embeddable":true,"href":"https:\/\/siluteinfo.lt\/en\/wp-json\/wp\/v2\/comments?post=40652"}],"version-history":[{"count":0,"href":"https:\/\/siluteinfo.lt\/en\/wp-json\/wp\/v2\/pages\/40652\/revisions"}],"up":[{"embeddable":true,"href":"https:\/\/siluteinfo.lt\/en\/wp-json\/wp\/v2\/pages\/22926"}],"wp:featuredmedia":[{"embeddable":true,"href":"https:\/\/siluteinfo.lt\/en\/wp-json\/wp\/v2\/media\/43091"}],"wp:attachment":[{"href":"https:\/\/siluteinfo.lt\/en\/wp-json\/wp\/v2\/media?parent=40652"}],"curies":[{"name":"wp","href":"https:\/\/api.w.org\/{rel}","templated":true}]}}