{"id":40630,"date":"2023-05-30T08:23:14","date_gmt":"2023-05-30T06:23:14","guid":{"rendered":"https:\/\/siluteinfo.lt\/transport\/boats\/boat-forelle-flicka\/"},"modified":"2025-06-10T10:12:28","modified_gmt":"2025-06-10T08:12:28","slug":"boat-forelle-flicka","status":"publish","type":"page","link":"https:\/\/siluteinfo.lt\/en\/transport\/boats\/boat-forelle-flicka\/","title":{"rendered":"Boat &#8220;Forelle-Flicka&#8221;"},"content":{"rendered":"\t\t<div data-elementor-type=\"wp-page\" data-elementor-id=\"40630\" class=\"elementor elementor-40630 elementor-24540\" data-elementor-post-type=\"page\">\n\t\t\t\t\t\t<section class=\"wd-negative-gap elementor-section elementor-top-section elementor-element elementor-element-b806441 elementor-section-boxed elementor-section-height-default elementor-section-height-default\" data-id=\"b806441\" data-element_type=\"section\" data-e-type=\"section\">\n\t\t\t\t\t\t<div class=\"elementor-container elementor-column-gap-default\">\n\t\t\t\t\t<div class=\"elementor-column elementor-col-100 elementor-top-column elementor-element elementor-element-1b03fb4\" data-id=\"1b03fb4\" data-element_type=\"column\" data-e-type=\"column\">\n\t\t\t<div class=\"elementor-widget-wrap elementor-element-populated\">\n\t\t\t\t\t\t<section class=\"wd-negative-gap elementor-section elementor-inner-section elementor-element elementor-element-8a14745 elementor-section-boxed elementor-section-height-default elementor-section-height-default\" data-id=\"8a14745\" data-element_type=\"section\" data-e-type=\"section\">\n\t\t\t\t\t\t<div class=\"elementor-container elementor-column-gap-default\">\n\t\t\t\t\t<div class=\"elementor-column elementor-col-50 elementor-inner-column elementor-element elementor-element-24e6c56\" data-id=\"24e6c56\" data-element_type=\"column\" data-e-type=\"column\">\n\t\t\t<div class=\"elementor-widget-wrap elementor-element-populated\">\n\t\t\t\t\t\t<div class=\"elementor-element elementor-element-c756f4d elementor-widget elementor-widget-theme-post-featured-image elementor-widget-image\" data-id=\"c756f4d\" data-element_type=\"widget\" data-e-type=\"widget\" data-widget_type=\"theme-post-featured-image.default\">\n\t\t\t\t<div class=\"elementor-widget-container\">\n\t\t\t\t\t\t\t\t\t\t\t\t\t\t\t<img loading=\"lazy\" decoding=\"async\" width=\"1200\" height=\"800\" src=\"https:\/\/siluteinfo.lt\/wp-content\/themes\/woodmart\/images\/lazy.svg\" data-src=\"https:\/\/siluteinfo.lt\/wp-content\/uploads\/2025\/06\/laivininkai-forelle-flicka.jpg\" class=\" wd-lazy-blur attachment-large size-large wp-image-43099\" alt=\"Laivas \u201eForelle Flicka\u201c Uostadvaryje\" srcset=\"\" data-srcset=\"https:\/\/siluteinfo.lt\/wp-content\/uploads\/2025\/06\/laivininkai-forelle-flicka.jpg 1200w, https:\/\/siluteinfo.lt\/wp-content\/uploads\/2025\/06\/laivininkai-forelle-flicka-400x267.jpg 400w, https:\/\/siluteinfo.lt\/wp-content\/uploads\/2025\/06\/laivininkai-forelle-flicka-768x512.jpg 768w\" sizes=\"auto, (max-width: 1200px) 100vw, 1200px\" \/>\t\t\t\t\t\t\t\t\t\t\t\t\t\t\t<\/div>\n\t\t\t\t<\/div>\n\t\t\t\t\t<\/div>\n\t\t<\/div>\n\t\t\t\t<div class=\"elementor-column elementor-col-50 elementor-inner-column elementor-element elementor-element-8c575ad\" data-id=\"8c575ad\" data-element_type=\"column\" data-e-type=\"column\">\n\t\t\t<div class=\"elementor-widget-wrap elementor-element-populated\">\n\t\t\t\t\t\t<div class=\"elementor-element elementor-element-d1bd433 color-scheme-inherit text-left elementor-widget elementor-widget-text-editor\" data-id=\"d1bd433\" data-element_type=\"widget\" data-e-type=\"widget\" data-widget_type=\"text-editor.default\">\n\t\t\t\t<div class=\"elementor-widget-container\">\n\t\t\t\t\t\t\t\t\t<p><strong>Capacity \u2013 80 passengers<\/strong><\/p>\n<p>Berth location \u2013 Krok\u0173 Lankos g. 33, Minija, \u0160ilut\u0117s r. sav.<br>Tel. +370 686 66 600<br>Email <a href=\"m&#97;&#105;&#x6c;&#x74;&#x6f;:&#109;&#105;&#x6e;&#x69;&#x6a;a&#64;&#109;&#x69;&#x6e;&#x67;es&#101;&#103;&#x7a;&#x6f;&#x74;i&#107;&#97;&#x2e;&#x6c;&#x74;\">m&#105;&#110;&#x69;&#x6a;&#x61;&#64;m&#105;&#110;&#x67;&#x65;&#x73;e&#103;&#122;&#111;&#x74;&#x69;&#x6b;a&#46;&#108;&#x74;<br><\/a><a href=\"https:\/\/www.mingeskaimas.lt\" target=\"_blank\" rel=\"noopener\">www.mingeskaimas.lt<\/a>   <\/p>\n<ul>\n<li>The boat &#8220;Forelle-Flicka&#8221; also operates as a ferry and during the season sails the route MINIJA\u2013UOSTADVARIS\u2013NIDA\u2013UOSTADVARIS\u2013MINIJA<br>Ferry info: <a href=\"https:\/\/siluteinfo.lt\/en\/transport\/ferries\/\">www.siluteinfo.lt\/en\/transport\/ferries\/<\/a><\/li>\n<\/ul>\t\t\t\t\t\t\t\t<\/div>\n\t\t\t\t<\/div>\n\t\t\t\t\t<\/div>\n\t\t<\/div>\n\t\t\t\t\t<\/div>\n\t\t<\/section>\n\t\t\t\t<section class=\"wd-negative-gap elementor-section elementor-inner-section elementor-element elementor-element-896f07a elementor-section-boxed elementor-section-height-default elementor-section-height-default\" data-id=\"896f07a\" data-element_type=\"section\" data-e-type=\"section\">\n\t\t\t\t\t\t<div class=\"elementor-container elementor-column-gap-default\">\n\t\t\t\t\t<div class=\"elementor-column elementor-col-100 elementor-inner-column elementor-element elementor-element-a634c5f\" data-id=\"a634c5f\" data-element_type=\"column\" data-e-type=\"column\">\n\t\t\t<div class=\"elementor-widget-wrap elementor-element-populated\">\n\t\t\t\t\t\t\t<\/div>\n\t\t<\/div>\n\t\t\t\t\t<\/div>\n\t\t<\/section>\n\t\t\t\t\t<\/div>\n\t\t<\/div>\n\t\t\t\t\t<\/div>\n\t\t<\/section>\n\t\t\t\t<\/div>\n\t\t","protected":false},"excerpt":{"rendered":"<p>Capacity \u2013 80 passengers Berth location \u2013 Krok\u0173 Lankos g. 33, Minija, \u0160ilut\u0117s r. sav.Tel. +370 686 66 600Email min&#105;&#106;&#97;&#x40;&#x6d;&#x69;&#x6e;&#x67;&#x65;seg&#122;&#111;&#116;&#105;&#x6b;&#x61;&#x2e;&#x6c;&#x74;www.mingeskaimas.lt<\/p>\n","protected":false},"author":6,"featured_media":43099,"parent":22926,"menu_order":9,"comment_status":"closed","ping_status":"closed","template":"","meta":{"_acf_changed":false,"_monsterinsights_skip_tracking":false,"_monsterinsights_sitenote_active":false,"_monsterinsights_sitenote_note":"","_monsterinsights_sitenote_category":0,"footnotes":""},"class_list":["post-40630","page","type-page","status-publish","has-post-thumbnail","hentry"],"acf":[],"_links":{"self":[{"href":"https:\/\/siluteinfo.lt\/en\/wp-json\/wp\/v2\/pages\/40630","targetHints":{"allow":["GET"]}}],"collection":[{"href":"https:\/\/siluteinfo.lt\/en\/wp-json\/wp\/v2\/pages"}],"about":[{"href":"https:\/\/siluteinfo.lt\/en\/wp-json\/wp\/v2\/types\/page"}],"author":[{"embeddable":true,"href":"https:\/\/siluteinfo.lt\/en\/wp-json\/wp\/v2\/users\/6"}],"replies":[{"embeddable":true,"href":"https:\/\/siluteinfo.lt\/en\/wp-json\/wp\/v2\/comments?post=40630"}],"version-history":[{"count":0,"href":"https:\/\/siluteinfo.lt\/en\/wp-json\/wp\/v2\/pages\/40630\/revisions"}],"up":[{"embeddable":true,"href":"https:\/\/siluteinfo.lt\/en\/wp-json\/wp\/v2\/pages\/22926"}],"wp:featuredmedia":[{"embeddable":true,"href":"https:\/\/siluteinfo.lt\/en\/wp-json\/wp\/v2\/media\/43099"}],"wp:attachment":[{"href":"https:\/\/siluteinfo.lt\/en\/wp-json\/wp\/v2\/media?parent=40630"}],"curies":[{"name":"wp","href":"https:\/\/api.w.org\/{rel}","templated":true}]}}