{"id":40499,"date":"2022-06-11T11:59:38","date_gmt":"2022-06-11T09:59:38","guid":{"rendered":"https:\/\/siluteinfo.lt\/leisure\/travel-agencies-and-tour-operators\/travel-agency-upaite\/"},"modified":"2025-04-22T20:13:04","modified_gmt":"2025-04-22T18:13:04","slug":"travel-agency-upaite","status":"publish","type":"page","link":"https:\/\/siluteinfo.lt\/en\/leisure\/travel-agencies-and-tour-operators\/travel-agency-upaite\/","title":{"rendered":"Travel Agency &#8220;Upait\u0117&#8221;"},"content":{"rendered":"\t\t<div data-elementor-type=\"wp-page\" data-elementor-id=\"40499\" class=\"elementor elementor-40499 elementor-13283\" data-elementor-post-type=\"page\">\n\t\t\t\t\t\t<section class=\"wd-negative-gap elementor-section elementor-top-section elementor-element elementor-element-14b3238 elementor-section-boxed elementor-section-height-default elementor-section-height-default\" data-id=\"14b3238\" data-element_type=\"section\" data-e-type=\"section\">\n\t\t\t\t\t\t<div class=\"elementor-container elementor-column-gap-default\">\n\t\t\t\t\t<div class=\"elementor-column elementor-col-100 elementor-top-column elementor-element elementor-element-52001b96\" data-id=\"52001b96\" data-element_type=\"column\" data-e-type=\"column\">\n\t\t\t<div class=\"elementor-widget-wrap elementor-element-populated\">\n\t\t\t\t\t\t<div class=\"elementor-element elementor-element-25afc15a color-scheme-inherit text-left elementor-widget elementor-widget-text-editor\" data-id=\"25afc15a\" data-element_type=\"widget\" data-e-type=\"widget\" data-widget_type=\"text-editor.default\">\n\t\t\t\t<div class=\"elementor-widget-container\">\n\t\t\t\t\t\t\t\t\t<p>We are people of the Pamarys region, closely connected to water, floods, and wind. Our treasures are the dense river network, the Curonian Lagoon, and the flooded meadows. Our joy lies in the abundance of fish and birds.<br>We are ready to share all of this with our guests. We will introduce you to our way of life, culture, and traditions, invite you to taste our culinary heritage, and show you the most beautiful corners of our land.<br>To help you navigate both our waterways and the wide variety of services we offer, we have come together in one place \u2013 <a href=\"https:\/\/upaite.lt\/\" target=\"_blank\" rel=\"noopener\">www.upaite.lt<\/a>   <\/p><p>We are united by the desire for you to have the best experiences and take home the most pleasant memories.<\/p><p>Travel Agency &#8220;Upait\u0117&#8221;<br>Tel. +370 688 39 447<br>Lietuvinink\u0173 g. 48A, \u0160ilut\u0117  <\/p>\t\t\t\t\t\t\t\t<\/div>\n\t\t\t\t<\/div>\n\t\t\t\t\t<\/div>\n\t\t<\/div>\n\t\t\t\t\t<\/div>\n\t\t<\/section>\n\t\t\t\t<\/div>\n\t\t","protected":false},"excerpt":{"rendered":"<p>We are people of the Pamarys region, closely connected to water, floods, and wind. Our treasures are the dense river<\/p>\n","protected":false},"author":1,"featured_media":13285,"parent":40478,"menu_order":1,"comment_status":"closed","ping_status":"closed","template":"","meta":{"_acf_changed":false,"_monsterinsights_skip_tracking":false,"_monsterinsights_sitenote_active":false,"_monsterinsights_sitenote_note":"","_monsterinsights_sitenote_category":0,"footnotes":""},"class_list":["post-40499","page","type-page","status-publish","has-post-thumbnail","hentry"],"acf":[],"_links":{"self":[{"href":"https:\/\/siluteinfo.lt\/en\/wp-json\/wp\/v2\/pages\/40499","targetHints":{"allow":["GET"]}}],"collection":[{"href":"https:\/\/siluteinfo.lt\/en\/wp-json\/wp\/v2\/pages"}],"about":[{"href":"https:\/\/siluteinfo.lt\/en\/wp-json\/wp\/v2\/types\/page"}],"author":[{"embeddable":true,"href":"https:\/\/siluteinfo.lt\/en\/wp-json\/wp\/v2\/users\/1"}],"replies":[{"embeddable":true,"href":"https:\/\/siluteinfo.lt\/en\/wp-json\/wp\/v2\/comments?post=40499"}],"version-history":[{"count":0,"href":"https:\/\/siluteinfo.lt\/en\/wp-json\/wp\/v2\/pages\/40499\/revisions"}],"up":[{"embeddable":true,"href":"https:\/\/siluteinfo.lt\/en\/wp-json\/wp\/v2\/pages\/40478"}],"wp:featuredmedia":[{"embeddable":true,"href":"https:\/\/siluteinfo.lt\/en\/wp-json\/wp\/v2\/media\/13285"}],"wp:attachment":[{"href":"https:\/\/siluteinfo.lt\/en\/wp-json\/wp\/v2\/media?parent=40499"}],"curies":[{"name":"wp","href":"https:\/\/api.w.org\/{rel}","templated":true}]}}