{"id":40429,"date":"2024-12-20T13:04:08","date_gmt":"2024-12-20T11:04:08","guid":{"rendered":"https:\/\/siluteinfo.lt\/leisure\/leisure-activities\/silute-swimming-pool\/"},"modified":"2025-05-20T07:26:36","modified_gmt":"2025-05-20T05:26:36","slug":"silute-swimming-pool","status":"publish","type":"page","link":"https:\/\/siluteinfo.lt\/en\/leisure\/leisure-activities\/silute-swimming-pool\/","title":{"rendered":"\u0160ilut\u0117 Swimming Pool"},"content":{"rendered":"\t\t<div data-elementor-type=\"wp-page\" data-elementor-id=\"40429\" class=\"elementor elementor-40429 elementor-37989\" data-elementor-post-type=\"page\">\n\t\t\t\t\t\t<section class=\"wd-negative-gap elementor-section elementor-top-section elementor-element elementor-element-6806269 elementor-section-boxed elementor-section-height-default elementor-section-height-default\" data-id=\"6806269\" data-element_type=\"section\" data-e-type=\"section\">\n\t\t\t\t\t\t<div class=\"elementor-container elementor-column-gap-default\">\n\t\t\t\t\t<div class=\"elementor-column elementor-col-100 elementor-top-column elementor-element elementor-element-93f0e14\" data-id=\"93f0e14\" data-element_type=\"column\" data-e-type=\"column\">\n\t\t\t<div class=\"elementor-widget-wrap elementor-element-populated\">\n\t\t\t\t\t\t<section class=\"wd-negative-gap elementor-section elementor-inner-section elementor-element elementor-element-217d47b elementor-section-boxed elementor-section-height-default elementor-section-height-default\" data-id=\"217d47b\" data-element_type=\"section\" data-e-type=\"section\">\n\t\t\t\t\t\t<div class=\"elementor-container elementor-column-gap-default\">\n\t\t\t\t\t<div class=\"elementor-column elementor-col-50 elementor-inner-column elementor-element elementor-element-dd0ed0d\" data-id=\"dd0ed0d\" data-element_type=\"column\" data-e-type=\"column\">\n\t\t\t<div class=\"elementor-widget-wrap elementor-element-populated\">\n\t\t\t\t\t\t<div class=\"elementor-element elementor-element-b9a7788 elementor-widget elementor-widget-theme-post-featured-image elementor-widget-image\" data-id=\"b9a7788\" data-element_type=\"widget\" data-e-type=\"widget\" data-widget_type=\"theme-post-featured-image.default\">\n\t\t\t\t<div class=\"elementor-widget-container\">\n\t\t\t\t\t\t\t\t\t\t\t\t\t\t\t<img loading=\"lazy\" decoding=\"async\" width=\"1000\" height=\"666\" src=\"https:\/\/siluteinfo.lt\/wp-content\/themes\/woodmart\/images\/lazy.svg\" data-src=\"https:\/\/siluteinfo.lt\/wp-content\/uploads\/2025\/03\/pramogos-silutes-baseinas.jpg\" class=\" wd-lazy-blur attachment-large size-large wp-image-39195\" alt=\"Laisvalaikio ir sporto nam\u0173 pastatas \u0160ilut\u0117je\" srcset=\"\" data-srcset=\"https:\/\/siluteinfo.lt\/wp-content\/uploads\/2025\/03\/pramogos-silutes-baseinas.jpg 1000w, https:\/\/siluteinfo.lt\/wp-content\/uploads\/2025\/03\/pramogos-silutes-baseinas-400x266.jpg 400w, https:\/\/siluteinfo.lt\/wp-content\/uploads\/2025\/03\/pramogos-silutes-baseinas-768x511.jpg 768w\" sizes=\"auto, (max-width: 1000px) 100vw, 1000px\" \/>\t\t\t\t\t\t\t\t\t\t\t\t\t\t\t<\/div>\n\t\t\t\t<\/div>\n\t\t\t\t\t<\/div>\n\t\t<\/div>\n\t\t\t\t<div class=\"elementor-column elementor-col-50 elementor-inner-column elementor-element elementor-element-7f29403\" data-id=\"7f29403\" data-element_type=\"column\" data-e-type=\"column\">\n\t\t\t<div class=\"elementor-widget-wrap elementor-element-populated\">\n\t\t\t\t\t\t<div class=\"elementor-element elementor-element-453d810 color-scheme-inherit text-left elementor-widget elementor-widget-text-editor\" data-id=\"453d810\" data-element_type=\"widget\" data-e-type=\"widget\" data-widget_type=\"text-editor.default\">\n\t\t\t\t<div class=\"elementor-widget-container\">\n\t\t\t\t\t\t\t\t\t<p><em>Services:<\/em> 25-meter pool with 4 lanes; 3 saunas (Turkish, salt sauna, steam sauna); whirlpool; children&#8217;s pool; massage pool; river; relaxation area.<\/p><h5 class=\"wp-block-heading\"><strong>POOL AND SPA AREA<\/strong><\/h5><p>The swimming pool has four 25-meter lanes. Depth ranges from 1.28 m to 1.82 m.<br>The SPA area includes three saunas, a whirlpool, and a leisure pool with massage systems for babies, children, and adults.<br>Two saunas are steam-based, and one features a natural Himalayan salt wall.<br>The whirlpool can accommodate around 15 visitors.<br>Health sessions with an instructor are held twice a week, and individual swimming lessons are also available.  <\/p><h5 class=\"wp-block-heading\">SAUNAS<\/h5><p>Salt sauna \u2013 75\u201390\u2103, humidity 40\u201360%<br>Equipped with a Himalayan salt wall. Heated salt ions provide antibacterial effects, cleanse airways, improve endurance and coordination, reduce stress, boost mood and emotional balance.   <\/p><p>Turkish sauna \u2013 45\u201350\u2103, humidity 85\u201399%<br>Guests relax on heated benches. Temperature and humidity are maintained by sprinkling water on walls and benches. <\/p><p>Steam sauna \u2013 75\u201390\u2103, humidity 40\u201360%<br>Designed for stress relief, relaxation, skin cleansing, and immunity boosting.<\/p><h5 class=\"wp-block-heading\"><strong>FITNESS GYM<\/strong><\/h5><p>Opened in September, the 373 m\u00b2 gym features modern cardio machines (treadmills, bikes, ellipticals), free weight stations for all muscle groups, a free weights area, a functional training platform, and extra gear (balls, mats, jump boxes, resistance bands, etc.). <\/p><p>Functional group workouts take place twice a week. Personal training and custom workout plans are available on request. <\/p><p>Contact: <a href=\"tel:044151132\">+370 441 51 132<\/a>, <a href=\"m&#97;&#105;&#108;&#x74;&#x6f;&#x3a;si&#108;&#117;&#x74;&#x65;&#x73;&#x62;as&#101;&#105;&#x6e;&#x61;&#x73;&#x40;g&#109;&#97;&#105;&#x6c;&#x2e;&#x63;om\">&#x73;&#105;&#x6c;&#117;t&#x65;&#115;b&#x61;&#115;&#x65;&#x69;n&#x61;&#115;&#64;&#x67;&#109;&#x61;&#x69;l&#x2e;&#99;o&#x6d;<br><\/a>More info: https:\/\/www.silutessportomokykla.lt\/silutes-baseinas<\/p>\t\t\t\t\t\t\t\t<\/div>\n\t\t\t\t<\/div>\n\t\t\t\t\t<\/div>\n\t\t<\/div>\n\t\t\t\t\t<\/div>\n\t\t<\/section>\n\t\t\t\t<section class=\"wd-negative-gap elementor-section elementor-inner-section elementor-element elementor-element-2a3ee62 elementor-section-boxed elementor-section-height-default elementor-section-height-default\" data-id=\"2a3ee62\" data-element_type=\"section\" data-e-type=\"section\">\n\t\t\t\t\t\t<div class=\"elementor-container elementor-column-gap-default\">\n\t\t\t\t\t<div class=\"elementor-column elementor-col-100 elementor-inner-column elementor-element elementor-element-ad94078\" data-id=\"ad94078\" data-element_type=\"column\" data-e-type=\"column\">\n\t\t\t<div class=\"elementor-widget-wrap elementor-element-populated\">\n\t\t\t\t\t\t\t<\/div>\n\t\t<\/div>\n\t\t\t\t\t<\/div>\n\t\t<\/section>\n\t\t\t\t\t<\/div>\n\t\t<\/div>\n\t\t\t\t\t<\/div>\n\t\t<\/section>\n\t\t\t\t<\/div>\n\t\t","protected":false},"excerpt":{"rendered":"<p>Services: 25-meter pool with 4 lanes; 3 saunas (Turkish, salt sauna, steam sauna); whirlpool; children&#8217;s pool; massage pool; river; relaxation<\/p>\n","protected":false},"author":6,"featured_media":39195,"parent":22865,"menu_order":2,"comment_status":"closed","ping_status":"closed","template":"","meta":{"_acf_changed":false,"_monsterinsights_skip_tracking":false,"_monsterinsights_sitenote_active":false,"_monsterinsights_sitenote_note":"","_monsterinsights_sitenote_category":0,"footnotes":""},"class_list":["post-40429","page","type-page","status-publish","has-post-thumbnail","hentry"],"acf":[],"_links":{"self":[{"href":"https:\/\/siluteinfo.lt\/en\/wp-json\/wp\/v2\/pages\/40429","targetHints":{"allow":["GET"]}}],"collection":[{"href":"https:\/\/siluteinfo.lt\/en\/wp-json\/wp\/v2\/pages"}],"about":[{"href":"https:\/\/siluteinfo.lt\/en\/wp-json\/wp\/v2\/types\/page"}],"author":[{"embeddable":true,"href":"https:\/\/siluteinfo.lt\/en\/wp-json\/wp\/v2\/users\/6"}],"replies":[{"embeddable":true,"href":"https:\/\/siluteinfo.lt\/en\/wp-json\/wp\/v2\/comments?post=40429"}],"version-history":[{"count":0,"href":"https:\/\/siluteinfo.lt\/en\/wp-json\/wp\/v2\/pages\/40429\/revisions"}],"up":[{"embeddable":true,"href":"https:\/\/siluteinfo.lt\/en\/wp-json\/wp\/v2\/pages\/22865"}],"wp:featuredmedia":[{"embeddable":true,"href":"https:\/\/siluteinfo.lt\/en\/wp-json\/wp\/v2\/media\/39195"}],"wp:attachment":[{"href":"https:\/\/siluteinfo.lt\/en\/wp-json\/wp\/v2\/media?parent=40429"}],"curies":[{"name":"wp","href":"https:\/\/api.w.org\/{rel}","templated":true}]}}