{"id":40298,"date":"2022-05-24T12:20:25","date_gmt":"2022-05-24T10:20:25","guid":{"rendered":"https:\/\/siluteinfo.lt\/about-us\/services\/"},"modified":"2025-04-22T10:06:44","modified_gmt":"2025-04-22T08:06:44","slug":"services","status":"publish","type":"page","link":"https:\/\/siluteinfo.lt\/en\/about-us\/services\/","title":{"rendered":"Services"},"content":{"rendered":"\t\t<div data-elementor-type=\"wp-page\" data-elementor-id=\"40298\" class=\"elementor elementor-40298 elementor-10588\" data-elementor-post-type=\"page\">\n\t\t\t\t\t\t<section class=\"wd-negative-gap elementor-section elementor-top-section elementor-element elementor-element-3476b5b elementor-section-boxed elementor-section-height-default elementor-section-height-default\" data-id=\"3476b5b\" data-element_type=\"section\" data-e-type=\"section\">\n\t\t\t\t\t\t<div class=\"elementor-container elementor-column-gap-default\">\n\t\t\t\t\t<div class=\"elementor-column elementor-col-100 elementor-top-column elementor-element elementor-element-ade369b\" data-id=\"ade369b\" data-element_type=\"column\" data-e-type=\"column\">\n\t\t\t<div class=\"elementor-widget-wrap elementor-element-populated\">\n\t\t\t\t\t\t<section class=\"wd-negative-gap elementor-section elementor-inner-section elementor-element elementor-element-778d300 elementor-section-boxed elementor-section-height-default elementor-section-height-default\" data-id=\"778d300\" data-element_type=\"section\" data-e-type=\"section\">\n\t\t\t\t\t\t<div class=\"elementor-container elementor-column-gap-default\">\n\t\t\t\t\t<div class=\"elementor-column elementor-col-100 elementor-inner-column elementor-element elementor-element-f287237\" data-id=\"f287237\" data-element_type=\"column\" data-e-type=\"column\">\n\t\t\t<div class=\"elementor-widget-wrap elementor-element-populated\">\n\t\t\t\t\t\t<div class=\"elementor-element elementor-element-41ca658 elementor-list-item-link-inline elementor-align-start elementor-icon-list--layout-traditional elementor-widget elementor-widget-icon-list\" data-id=\"41ca658\" data-element_type=\"widget\" data-e-type=\"widget\" data-widget_type=\"icon-list.default\">\n\t\t\t\t<div class=\"elementor-widget-container\">\n\t\t\t\t\t\t\t<ul class=\"elementor-icon-list-items\">\n\t\t\t\t\t\t\t<li class=\"elementor-icon-list-item\">\n\t\t\t\t\t\t\t\t\t\t\t<a href=\"https:\/\/siluteinfo.lt\/wp-content\/uploads\/2023\/10\/silutes-tic-teikiamu-paslaugu-ir-gaminamu-gaminiu-kainos-2023-04-12.pdf\" target=\"_blank\">\n\n\t\t\t\t\t\t\t\t\t\t\t\t<span class=\"elementor-icon-list-icon\">\n\t\t\t\t\t\t\t<i aria-hidden=\"true\" class=\"far fa-file-pdf\"><\/i>\t\t\t\t\t\t<\/span>\n\t\t\t\t\t\t\t\t\t\t<span class=\"elementor-icon-list-text\">Prices for Services and Products Provided by \u0160ilut\u0117 Tourism Information Center<\/span>\n\t\t\t\t\t\t\t\t\t\t\t<\/a>\n\t\t\t\t\t\t\t\t\t<\/li>\n\t\t\t\t\t\t\t\t<li class=\"elementor-icon-list-item\">\n\t\t\t\t\t\t\t\t\t\t\t<a href=\"https:\/\/siluteinfo.lt\/wp-content\/uploads\/2024\/04\/t1-275-del-paslaugu-kainu-pakeitimo-2024-03-28.pdf\" target=\"_blank\">\n\n\t\t\t\t\t\t\t\t\t\t\t\t<span class=\"elementor-icon-list-icon\">\n\t\t\t\t\t\t\t<i aria-hidden=\"true\" class=\"far fa-file-pdf\"><\/i>\t\t\t\t\t\t<\/span>\n\t\t\t\t\t\t\t\t\t\t<span class=\"elementor-icon-list-text\">Amendment to the Decision No. T1-984 of the \u0160ilut\u0117 District Municipal Council of March 31, 2022 \u201cOn the Establishment of Prices for Services Provided by the \u0160ilut\u0117 Tourism Information Center\u201d   <\/span>\n\t\t\t\t\t\t\t\t\t\t\t<\/a>\n\t\t\t\t\t\t\t\t\t<\/li>\n\t\t\t\t\t\t<\/ul>\n\t\t\t\t\t\t<\/div>\n\t\t\t\t<\/div>\n\t\t\t\t\t<\/div>\n\t\t<\/div>\n\t\t\t\t\t<\/div>\n\t\t<\/section>\n\t\t\t\t\t<\/div>\n\t\t<\/div>\n\t\t\t\t\t<\/div>\n\t\t<\/section>\n\t\t\t\t<section class=\"wd-negative-gap elementor-section elementor-top-section elementor-element elementor-element-4c3d2d18 elementor-section-boxed elementor-section-height-default elementor-section-height-default\" data-id=\"4c3d2d18\" data-element_type=\"section\" data-e-type=\"section\">\n\t\t\t\t\t\t<div class=\"elementor-container elementor-column-gap-default\">\n\t\t\t\t\t<div class=\"elementor-column elementor-col-100 elementor-top-column elementor-element elementor-element-7e1773b5\" data-id=\"7e1773b5\" data-element_type=\"column\" data-e-type=\"column\">\n\t\t\t<div class=\"elementor-widget-wrap elementor-element-populated\">\n\t\t\t\t\t\t<div class=\"elementor-element elementor-element-72446616 color-scheme-inherit text-left elementor-widget elementor-widget-text-editor\" data-id=\"72446616\" data-element_type=\"widget\" data-e-type=\"widget\" data-widget_type=\"text-editor.default\">\n\t\t\t\t<div class=\"elementor-widget-container\">\n\t\t\t\t\t\t\t\t\t\n<p><strong>THE \u0160ILUT\u0116 TOURISM INFORMATION CENTER PROVIDES THE FOLLOWING SERVICES:<\/strong><\/p>\n\n<ol style=\"list-style-type: 1;\" start=\"1\">\n<li>Provides free information on tourism infrastructure, places of interest, museums, parks, events, and other leisure activities in the \u0160ilut\u0117 region.<\/li>\n\n<li>Provides free information on accommodation, dining establishments, and other supplementary tourism services.<\/li>\n\n<li>Provides free information on tourist routes, boat rentals, ferry schedules.<\/li>\n\n<li>Provides free information on additional services for tourists: bicycle, kayak, pedal boat, SUP board rentals, <a>etc<\/a>.<\/li>\n\n<li>Represents the \u0160ilut\u0117 District Municipality at international exhibitions, conferences, business missions, tourism fairs, and other events.<\/li>\n\n<li>Organizes excursions and group trips, and prepares tourism packages.<\/li>\n\n<li>Mediates in booking accommodation and catering services for tourist groups and individuals.<\/li>\n\n<li>Mediates in booking educational programs, boat tours, and other leisure activities.<\/li>\n\n<li>Prepares, publishes, and distributes informational and cartographic publications.<\/li>\n\n<li>Sells tourist brochures, books, maps, and souvenirs.<\/li>\n\n<li>Organizes tourism forums, guide seminars, etc.<\/li>\n\n<li>Manages, collects, and updates data on tourism resources and service providers in the \u0160ilut\u0117 District Municipality.<\/li>\n\n<li>Collects visitor statistics and conducts visitor surveys for more effective marketing.<\/li>\n\n<li>Provides professional guide services.<\/li>\n\n<li>Develops and implements projects.<\/li>\n<\/ol>\n\n<p> <\/p>\n\t\t\t\t\t\t\t\t<\/div>\n\t\t\t\t<\/div>\n\t\t\t\t\t<\/div>\n\t\t<\/div>\n\t\t\t\t\t<\/div>\n\t\t<\/section>\n\t\t\t\t<\/div>\n\t\t","protected":false},"excerpt":{"rendered":"<p>Prices for Services and Products Provided by \u0160ilut\u0117 Tourism Information Center Amendment to the Decision No. T1-984 of the \u0160ilut\u0117<\/p>\n","protected":false},"author":1,"featured_media":0,"parent":22841,"menu_order":4,"comment_status":"closed","ping_status":"closed","template":"","meta":{"_acf_changed":false,"_monsterinsights_skip_tracking":false,"_monsterinsights_sitenote_active":false,"_monsterinsights_sitenote_note":"","_monsterinsights_sitenote_category":0,"footnotes":""},"class_list":["post-40298","page","type-page","status-publish","hentry"],"acf":[],"_links":{"self":[{"href":"https:\/\/siluteinfo.lt\/en\/wp-json\/wp\/v2\/pages\/40298","targetHints":{"allow":["GET"]}}],"collection":[{"href":"https:\/\/siluteinfo.lt\/en\/wp-json\/wp\/v2\/pages"}],"about":[{"href":"https:\/\/siluteinfo.lt\/en\/wp-json\/wp\/v2\/types\/page"}],"author":[{"embeddable":true,"href":"https:\/\/siluteinfo.lt\/en\/wp-json\/wp\/v2\/users\/1"}],"replies":[{"embeddable":true,"href":"https:\/\/siluteinfo.lt\/en\/wp-json\/wp\/v2\/comments?post=40298"}],"version-history":[{"count":0,"href":"https:\/\/siluteinfo.lt\/en\/wp-json\/wp\/v2\/pages\/40298\/revisions"}],"up":[{"embeddable":true,"href":"https:\/\/siluteinfo.lt\/en\/wp-json\/wp\/v2\/pages\/22841"}],"wp:attachment":[{"href":"https:\/\/siluteinfo.lt\/en\/wp-json\/wp\/v2\/media?parent=40298"}],"curies":[{"name":"wp","href":"https:\/\/api.w.org\/{rel}","templated":true}]}}