{"id":38636,"date":"2022-05-25T16:25:34","date_gmt":"2022-05-25T14:25:34","guid":{"rendered":"https:\/\/siluteinfo.lt\/leisure\/places-to-visit\/hugo-scheu-manori-in-silute\/"},"modified":"2025-05-22T09:25:24","modified_gmt":"2025-05-22T07:25:24","slug":"hugo-scheu-manor-in-silute","status":"publish","type":"page","link":"https:\/\/siluteinfo.lt\/en\/leisure\/places-to-visit\/hugo-scheu-manor-in-silute\/","title":{"rendered":"Hugo Scheu Manor in \u0160ilut\u0117"},"content":{"rendered":"\t\t<div data-elementor-type=\"wp-page\" data-elementor-id=\"38636\" class=\"elementor elementor-38636 elementor-11249\" data-elementor-post-type=\"page\">\n\t\t\t\t<div class=\"wd-negative-gap elementor-element elementor-element-25262aa e-flex e-con-boxed e-con e-parent\" data-id=\"25262aa\" data-element_type=\"container\" data-e-type=\"container\">\n\t\t\t\t\t<div class=\"e-con-inner\">\n\t\t<div class=\"elementor-element elementor-element-740980e e-con-full e-flex e-con e-child\" data-id=\"740980e\" data-element_type=\"container\" data-e-type=\"container\">\n\t\t\t\t<div class=\"elementor-element elementor-element-2ac0f14 elementor-widget elementor-widget-theme-post-featured-image elementor-widget-image\" data-id=\"2ac0f14\" data-element_type=\"widget\" data-e-type=\"widget\" data-widget_type=\"theme-post-featured-image.default\">\n\t\t\t\t<div class=\"elementor-widget-container\">\n\t\t\t\t\t\t\t\t\t\t\t\t\t\t\t<img loading=\"lazy\" decoding=\"async\" width=\"1200\" height=\"800\" src=\"https:\/\/siluteinfo.lt\/wp-content\/themes\/woodmart\/images\/lazy.svg\" data-src=\"https:\/\/siluteinfo.lt\/wp-content\/uploads\/2024\/06\/lankomi-hugo-sojaus-dvaras.jpg\" class=\" wd-lazy-blur attachment-full size-full wp-image-36372\" alt=\"Hugo \u0160ojaus dvaras \u0160ilut\u0117je\" srcset=\"\" data-srcset=\"https:\/\/siluteinfo.lt\/wp-content\/uploads\/2024\/06\/lankomi-hugo-sojaus-dvaras.jpg 1200w, https:\/\/siluteinfo.lt\/wp-content\/uploads\/2024\/06\/lankomi-hugo-sojaus-dvaras-400x267.jpg 400w, https:\/\/siluteinfo.lt\/wp-content\/uploads\/2024\/06\/lankomi-hugo-sojaus-dvaras-768x512.jpg 768w\" sizes=\"auto, (max-width: 1200px) 100vw, 1200px\" \/>\t\t\t\t\t\t\t\t\t\t\t\t\t\t\t<\/div>\n\t\t\t\t<\/div>\n\t\t\t\t<\/div>\n\t\t<div class=\"elementor-element elementor-element-70f0d24 e-con-full e-flex e-con e-child\" data-id=\"70f0d24\" data-element_type=\"container\" data-e-type=\"container\">\n\t\t\t\t<div class=\"elementor-element elementor-element-f6dba40 color-scheme-inherit text-left elementor-widget elementor-widget-text-editor\" data-id=\"f6dba40\" data-element_type=\"widget\" data-e-type=\"widget\" data-widget_type=\"text-editor.default\">\n\t\t\t\t<div class=\"elementor-widget-container\">\n\t\t\t\t\t\t\t\t\t<p style=\"text-align: left;\">Established in 1721, the state-owned manor in \u0160ilut\u0117 is a refined example of late Classicist and Historicist architecture, adorned with the distinctive decorative elements characteristic of the Klaip\u0117da region.  <br>In 1819, the manor was acquired by Franz Wilhelm Radke, but its true renaissance and prosperity began in 1889 when it was purchased by Dr. Hugo Scheu. A visionary landowner, Scheu modernized the estate, leasing and even donating parts of its land to the town. Many key landmarks of \u0160ilut\u0117\u2014such as the district hospital, market square, high school, former primary school, post office, fire station, harbor, and Evangelical Lutheran Church\u2014were built on former manor grounds. His generous contributions earned Dr. Scheu the title of \u0160ilut\u0117\u2019s benefactor.<br>The manor also became home to the first museum in the Klaip\u0117da region, housing a unique collection of cultural and historical artifacts. Unfortunately, in October 1944, when the Red Army occupied the estate, a significant part of the museum\u2019s treasures was destroyed. During the Soviet era, the manor served various functions, including housing an agricultural school and a state-run farm.<br>Since 2015, the manor has been home to the Hugo Scheu Museum, offering visitors insights into the region\u2019s heritage. It also houses the \u0160ilut\u0117 Tourism Information Center, while some of the former estate buildings have been repurposed as restoration and educational centers. <\/p>\t\t\t\t\t\t\t\t<\/div>\n\t\t\t\t<\/div>\n\t\t\t\t<\/div>\n\t\t<div class=\"elementor-element elementor-element-0991361 e-con-full e-flex e-con e-child\" data-id=\"0991361\" data-element_type=\"container\" data-e-type=\"container\">\n\t\t\t\t<div class=\"elementor-element elementor-element-cc6bd06 elementor-widget elementor-widget-shortcode\" data-id=\"cc6bd06\" data-element_type=\"widget\" data-e-type=\"widget\" data-widget_type=\"shortcode.default\">\n\t\t\t\t<div class=\"elementor-widget-container\">\n\t\t\t\t\t\t\t<div class=\"elementor-shortcode\">\t\t<div id=\"maps-marker-pro-266090d6\" class=\"maps-marker-pro mmp-list-below\" style=\"width: 100%;\">\n\t\t\t<div id=\"mmp-map-wrap-266090d6\" class=\"mmp-map-wrap\">\n\t\t\t\t\t\t\t\t\t<div id=\"mmp-panel-266090d6\" class=\"mmp-panel\"><\/div>\n\t\t\t\t\t\t\t\t<div id=\"mmp-map-266090d6\" class=\"mmp-map\" style=\"height: 500px;\"><\/div>\n\t\t\t\t\t\t\t<\/div>\n\t\t\t\t\t\t\t<div id=\"mmp-list-266090d6\" class=\"mmp-list\" style=\"flex-basis: 400px;\"><\/div>\n\t\t\t\t\t<\/div>\n\t\t<\/div>\n\t\t\t\t\t\t<\/div>\n\t\t\t\t<\/div>\n\t\t\t\t<\/div>\n\t\t\t\t\t<\/div>\n\t\t\t\t<\/div>\n\t\t\t\t<\/div>\n\t\t","protected":false},"excerpt":{"rendered":"<p>Established in 1721, the state-owned manor in \u0160ilut\u0117 is a refined example of late Classicist and Historicist architecture, adorned with<\/p>\n","protected":false},"author":1,"featured_media":36372,"parent":22863,"menu_order":51,"comment_status":"closed","ping_status":"closed","template":"","meta":{"_acf_changed":false,"_monsterinsights_skip_tracking":false,"_monsterinsights_sitenote_active":false,"_monsterinsights_sitenote_note":"","_monsterinsights_sitenote_category":0,"footnotes":""},"class_list":["post-38636","page","type-page","status-publish","has-post-thumbnail","hentry"],"acf":[],"_links":{"self":[{"href":"https:\/\/siluteinfo.lt\/en\/wp-json\/wp\/v2\/pages\/38636","targetHints":{"allow":["GET"]}}],"collection":[{"href":"https:\/\/siluteinfo.lt\/en\/wp-json\/wp\/v2\/pages"}],"about":[{"href":"https:\/\/siluteinfo.lt\/en\/wp-json\/wp\/v2\/types\/page"}],"author":[{"embeddable":true,"href":"https:\/\/siluteinfo.lt\/en\/wp-json\/wp\/v2\/users\/1"}],"replies":[{"embeddable":true,"href":"https:\/\/siluteinfo.lt\/en\/wp-json\/wp\/v2\/comments?post=38636"}],"version-history":[{"count":0,"href":"https:\/\/siluteinfo.lt\/en\/wp-json\/wp\/v2\/pages\/38636\/revisions"}],"up":[{"embeddable":true,"href":"https:\/\/siluteinfo.lt\/en\/wp-json\/wp\/v2\/pages\/22863"}],"wp:featuredmedia":[{"embeddable":true,"href":"https:\/\/siluteinfo.lt\/en\/wp-json\/wp\/v2\/media\/36372"}],"wp:attachment":[{"href":"https:\/\/siluteinfo.lt\/en\/wp-json\/wp\/v2\/media?parent=38636"}],"curies":[{"name":"wp","href":"https:\/\/api.w.org\/{rel}","templated":true}]}}