{"id":26520,"date":"2022-06-11T07:23:41","date_gmt":"2022-06-11T05:23:41","guid":{"rendered":"https:\/\/siluteinfo.lt\/accommodation\/apartments\/apartment-rusnes-perlas\/"},"modified":"2023-10-31T21:40:25","modified_gmt":"2023-10-31T19:40:25","slug":"apartment-rusnes-perlas","status":"publish","type":"page","link":"https:\/\/siluteinfo.lt\/en\/accommodation\/apartments\/apartment-rusnes-perlas\/","title":{"rendered":"Apartment \u201eRusn\u0117s perlas\u201c"},"content":{"rendered":"\t\t<div data-elementor-type=\"wp-page\" data-elementor-id=\"26520\" class=\"elementor elementor-26520 elementor-12720\" data-elementor-post-type=\"page\">\n\t\t\t\t\t\t<section class=\"wd-negative-gap elementor-section elementor-top-section elementor-element elementor-element-6c531f1 elementor-section-boxed elementor-section-height-default elementor-section-height-default\" data-id=\"6c531f1\" data-element_type=\"section\" data-e-type=\"section\">\n\t\t\t\t\t\t<div class=\"elementor-container elementor-column-gap-default\">\n\t\t\t\t\t<div class=\"elementor-column elementor-col-100 elementor-top-column elementor-element elementor-element-0d21e4a\" data-id=\"0d21e4a\" data-element_type=\"column\" data-e-type=\"column\">\n\t\t\t<div class=\"elementor-widget-wrap elementor-element-populated\">\n\t\t\t\t\t\t<section class=\"wd-negative-gap elementor-section elementor-inner-section elementor-element elementor-element-cc3da55 elementor-section-boxed elementor-section-height-default elementor-section-height-default\" data-id=\"cc3da55\" data-element_type=\"section\" data-e-type=\"section\">\n\t\t\t\t\t\t<div class=\"elementor-container elementor-column-gap-default\">\n\t\t\t\t\t<div class=\"elementor-column elementor-col-50 elementor-inner-column elementor-element elementor-element-0b43c79\" data-id=\"0b43c79\" data-element_type=\"column\" data-e-type=\"column\">\n\t\t\t<div class=\"elementor-widget-wrap elementor-element-populated\">\n\t\t\t\t\t\t<div class=\"elementor-element elementor-element-397eedf elementor-widget elementor-widget-theme-post-featured-image elementor-widget-image\" data-id=\"397eedf\" data-element_type=\"widget\" data-e-type=\"widget\" data-widget_type=\"theme-post-featured-image.default\">\n\t\t\t\t<div class=\"elementor-widget-container\">\n\t\t\t\t\t\t\t\t\t\t\t\t\t\t\t<img loading=\"lazy\" decoding=\"async\" width=\"750\" height=\"322\" src=\"https:\/\/siluteinfo.lt\/wp-content\/themes\/woodmart\/images\/lazy.svg\" data-src=\"https:\/\/siluteinfo.lt\/wp-content\/uploads\/2022\/06\/11671207012353089734756808829452898341584548n-e1612265568896.jpg\" class=\" wd-lazy-blur attachment-large size-large wp-image-12722\" alt=\"\" srcset=\"\" data-srcset=\"https:\/\/siluteinfo.lt\/wp-content\/uploads\/2022\/06\/11671207012353089734756808829452898341584548n-e1612265568896.jpg 750w, https:\/\/siluteinfo.lt\/wp-content\/uploads\/2022\/06\/11671207012353089734756808829452898341584548n-e1612265568896-400x172.jpg 400w\" sizes=\"auto, (max-width: 750px) 100vw, 750px\" \/>\t\t\t\t\t\t\t\t\t\t\t\t\t\t\t<\/div>\n\t\t\t\t<\/div>\n\t\t\t\t\t<\/div>\n\t\t<\/div>\n\t\t\t\t<div class=\"elementor-column elementor-col-50 elementor-inner-column elementor-element elementor-element-71cd7a8\" data-id=\"71cd7a8\" data-element_type=\"column\" data-e-type=\"column\">\n\t\t\t<div class=\"elementor-widget-wrap elementor-element-populated\">\n\t\t\t\t\t\t<div class=\"elementor-element elementor-element-12052118 color-scheme-inherit text-left elementor-widget elementor-widget-text-editor\" data-id=\"12052118\" data-element_type=\"widget\" data-e-type=\"widget\" data-widget_type=\"text-editor.default\">\n\t\t\t\t<div class=\"elementor-widget-container\">\n\t\t\t\t\t\t\t\t\t<p>If you are tired of the noise and bustle of the city, we invite you to stay in the cosy &#8220;Rusn\u0117s perlas&#8221; apartments. We offer small cosy double, triple and quadruple apartments in the centre of Rusn\u0117, with wonderful views from the windows. A perfect rest for those who love nature, fishing and quiet. 120 m to the river Atmata, 250 m to the river Nemunas.<\/p>\n<p><strong>More information:<\/strong><br \/>Donelai\u010dio g. 1, Rusn\u0117, \u0160ilut\u0117s r. sav.  <br \/>Tel.: +370 601 05 865, +370 699 44 435<br \/>E-Mail <a href=\"&#x6d;a&#x69;&#108;t&#x6f;&#58;&#x72;&#117;s&#x6e;&#101;&#x73;&#46;p&#x65;&#114;&#x6c;&#x61;s&#x40;&#103;m&#x61;&#105;&#x6c;&#46;c&#x6f;&#109;\">&#x72;u&#x73;n&#x65;&#115;&#x2e;&#112;e&#x72;l&#x61;&#115;&#x40;&#103;&#x6d;&#97;i&#x6c;&#46;&#x63;&#111;&#x6d;<\/a> <br \/>GPS 55.296772, 21.375444<br \/>GPS 55\u00b017&#8217;48.4&#8243;N 21\u00b022&#8217;31.6&#8243;E<\/p>\n<p>Number of rooms \/ persons &#8211; 4 \/ 16<br \/>Price 70-90 Eur<br \/>Other services: apartment with terrace \/ balcony. Living room connected to the kitchen and a separate bedroom. All necessary household equipment. In the yard there is a parking place with camera surveillance.<\/p>\n\t\t\t\t\t\t\t\t<\/div>\n\t\t\t\t<\/div>\n\t\t\t\t\t<\/div>\n\t\t<\/div>\n\t\t\t\t\t<\/div>\n\t\t<\/section>\n\t\t\t\t<section class=\"wd-negative-gap elementor-section elementor-inner-section elementor-element elementor-element-0ead368 elementor-section-boxed elementor-section-height-default elementor-section-height-default\" data-id=\"0ead368\" data-element_type=\"section\" data-e-type=\"section\">\n\t\t\t\t\t\t<div class=\"elementor-container elementor-column-gap-default\">\n\t\t\t\t\t<div class=\"elementor-column elementor-col-100 elementor-inner-column elementor-element elementor-element-e492373\" data-id=\"e492373\" data-element_type=\"column\" data-e-type=\"column\">\n\t\t\t<div class=\"elementor-widget-wrap elementor-element-populated\">\n\t\t\t\t\t\t<div class=\"elementor-element elementor-element-e1e4141 elementor-widget elementor-widget-shortcode\" data-id=\"e1e4141\" data-element_type=\"widget\" data-e-type=\"widget\" data-widget_type=\"shortcode.default\">\n\t\t\t\t<div class=\"elementor-widget-container\">\n\t\t\t\t\t\t\t<div class=\"elementor-shortcode\">\r\n            \r\n            \r\n            \r\n            <a name='map46'><\/a>\r\n            \r\n            \r\n            \r\n            \r\n            <div class=\"wpgmza_map \"  id=\"wpgmza_map_46\" style=\"display:block; overflow:auto; width:100%; height:400px; float:left;\" data-settings='{\"id\":\"46\",\"map_title\":\"Apartamentai \\u201eRusn\\u0117s perlas\\u201c\",\"map_width\":\"100\",\"map_height\":\"400\",\"map_start_lat\":\"55.29679560000001\",\"map_start_lng\":\"21.375490883108384\",\"map_start_location\":\"\",\"map_start_zoom\":\"15\",\"default_marker\":\"\",\"type\":\"1\",\"alignment\":\"0\",\"directions_enabled\":\"0\",\"styling_enabled\":\"0\",\"styling_json\":\"\",\"active\":\"0\",\"kml\":\"\",\"bicycle\":\"0\",\"traffic\":\"0\",\"dbox\":\"1\",\"dbox_width\":\"100\",\"listmarkers\":\"0\",\"listmarkers_advanced\":\"0\",\"filterbycat\":\"0\",\"ugm_enabled\":\"0\",\"ugm_category_enabled\":\"0\",\"fusion\":\"\",\"map_width_type\":\"%\",\"map_height_type\":\"px\",\"mass_marker_support\":\"0\",\"ugm_access\":\"0\",\"order_markers_by\":\"1\",\"order_markers_choice\":\"1\",\"show_user_location\":\"1\",\"default_to\":\"\",\"other_settings\":{\"map_type\":1,\"sl_stroke_color\":\"#ff0000\",\"sl_fill_color\":\"#ff0000\",\"sl_stroke_opacity\":\"1\",\"sl_fill_opacity\":\"0.5\",\"transport_layer\":false,\"action\":\"wpgmza_save_map\",\"redirect_to\":\"\\\/wp-admin\\\/admin-post.php\",\"map_id\":\"46\",\"http_referer\":\"\\\/wp-admin\\\/admin.php?page=wp-google-maps-menu&amp;amp;action=edit&amp;amp;map_id=2\",\"wpgmza_id\":\"2\",\"wpgmza_start_location\":\"55.29679560000001,21.375490883108384\",\"wpgmza_start_zoom\":\"15\",\"wpgmza_dbox_width_type\":\"%\",\"default_from\":\"\",\"directions_behaviour\":\"default\",\"force_google_directions_app\":false,\"directions_route_origin_icon\":\"https:\\\/\\\/siluteinfo.lt\\\/wp-content\\\/plugins\\\/wp-google-maps\\\/images\\\/spotlight-poi2.png\",\"directions_origin_retina\":false,\"directions_route_destination_icon\":\"https:\\\/\\\/siluteinfo.lt\\\/wp-content\\\/plugins\\\/wp-google-maps\\\/images\\\/spotlight-poi2.png\",\"directions_destination_retina\":false,\"directions_route_stroke_color\":\"#4f8df5\",\"directions_route_stroke_weight\":\"4\",\"directions_route_stroke_opacity\":\"0.8\",\"directions_fit_bounds_to_route\":false,\"store_locator_enabled\":false,\"store_locator_search_area\":\"radial\",\"wpgmza_store_locator_radius_style\":\"legacy\",\"wpgmza_store_locator_default_radius\":\"10\",\"store_locator_auto_area_max_zoom\":\"\",\"wpgmza_store_locator_restrict\":\"\",\"store_locator_distance\":false,\"wpgmza_store_locator_position\":false,\"store_locator_show_distance\":false,\"store_locator_category\":false,\"wpgmza_store_locator_use_their_location\":false,\"wpgmza_store_locator_bounce\":false,\"upload_default_sl_marker\":\"\",\"upload_default_sl_marker_retina\":false,\"wpgmza_sl_animation\":\"0\",\"wpgmza_store_locator_hide_before_search\":false,\"store_locator_query_string\":\"\",\"store_locator_default_address\":\"\",\"store_locator_name_search\":false,\"store_locator_name_string\":\"\",\"store_locator_not_found_message\":\"\",\"retina\":false,\"wpgmza_map_align\":\"1\",\"upload_default_ul_marker\":\"\",\"upload_default_ul_marker_retina\":false,\"jump_to_nearest_marker_on_initialization\":false,\"automatically_pan_to_users_location\":false,\"override_users_location_zoom_level\":false,\"override_users_location_zoom_levels\":\"\",\"show_distance_from_location\":false,\"map_max_zoom\":\"21\",\"map_min_zoom\":\"0\",\"click_open_link\":false,\"fit_maps_bounds_to_markers\":false,\"fit_maps_bounds_to_markers_after_filtering\":false,\"hide_point_of_interest\":false,\"wpgmza_zoom_on_marker_click\":false,\"wpgmza_zoom_on_marker_click_slider\":\"\",\"close_infowindow_on_map_click\":false,\"disable_lightbox_images\":false,\"use_Raw_Jpeg_Coordinates\":false,\"disable_polygon_info_windows\":false,\"enable_advanced_custom_fields_integration\":false,\"enable_toolset_woocommerce_integration\":false,\"enable_woo_product_integration\":false,\"only_load_markers_within_viewport\":false,\"iw_primary_color\":\"#000000\",\"iw_accent_color\":\"#000000\",\"iw_text_color\":\"#000000\",\"wpgmza_listmarkers_by\":\"4\",\"wpgmza_marker_listing_position\":false,\"zoom_level_on_marker_listing_override\":false,\"zoom_level_on_marker_listing_click\":\"\",\"datatable_no_result_message\":\"\",\"remove_search_box_datables\":false,\"dataTable_pagination_style\":\"default\",\"datatable_search_string\":\"\",\"datatable_result_start\":\"\",\"datatable_result_of\":\"\",\"datatable_result_to\":\"\",\"datatable_result_total\":\"\",\"datatable_result_show\":\"\",\"datatable_result_entries\":\"\",\"wpgmza_savemap\":\"Save Map \\u00bb\",\"shortcodeAttributes\":{\"id\":\"46\"},\"wpgmza_theme_data\":\"\",\"store_locator_location_placeholder\":\"\",\"polygon_labels\":false,\"enable_advanced_custom_fields_integration_type\":\"\",\"wpgmza_push_in_map\":false,\"wpgmza_push_in_map_placement\":\"1\",\"wpgmza_push_in_map_width\":\"\",\"wpgmza_push_in_map_height\":\"\",\"marker_listing_disable_zoom\":false}}' data-map-id='46' data-shortcode-attributes='{\"id\":\"46\"}'> <\/div>\r\n            \r\n            <div data-wpgmza-table data-wpgmza-php-class=\"WPGMZA\\MarkerListing\\BasicList\" data-wpgmza-rest-api-route=\"\/marker-listing\/\" data-wpgmza-marker-listing=\"true\" class=\"wpgmza_marker_list_class\" style=\"width:100%;\" data-wpgmza-ajax-parameters='{\"map_id\":\"46\"}' id=\"wpgmza_marker_list_46\"><\/div>   \r\n        <\/div>\n\t\t\t\t\t\t<\/div>\n\t\t\t\t<\/div>\n\t\t\t\t\t<\/div>\n\t\t<\/div>\n\t\t\t\t\t<\/div>\n\t\t<\/section>\n\t\t\t\t\t<\/div>\n\t\t<\/div>\n\t\t\t\t\t<\/div>\n\t\t<\/section>\n\t\t\t\t<\/div>\n\t\t","protected":false},"excerpt":{"rendered":"<p>If you are tired of the noise and bustle of the city, we invite you to stay in the cosy<\/p>\n","protected":false},"author":1,"featured_media":12722,"parent":22921,"menu_order":3,"comment_status":"closed","ping_status":"closed","template":"","meta":{"_acf_changed":false,"_monsterinsights_skip_tracking":false,"_monsterinsights_sitenote_active":false,"_monsterinsights_sitenote_note":"","_monsterinsights_sitenote_category":0,"footnotes":""},"class_list":["post-26520","page","type-page","status-publish","has-post-thumbnail","hentry"],"acf":[],"_links":{"self":[{"href":"https:\/\/siluteinfo.lt\/en\/wp-json\/wp\/v2\/pages\/26520","targetHints":{"allow":["GET"]}}],"collection":[{"href":"https:\/\/siluteinfo.lt\/en\/wp-json\/wp\/v2\/pages"}],"about":[{"href":"https:\/\/siluteinfo.lt\/en\/wp-json\/wp\/v2\/types\/page"}],"author":[{"embeddable":true,"href":"https:\/\/siluteinfo.lt\/en\/wp-json\/wp\/v2\/users\/1"}],"replies":[{"embeddable":true,"href":"https:\/\/siluteinfo.lt\/en\/wp-json\/wp\/v2\/comments?post=26520"}],"version-history":[{"count":0,"href":"https:\/\/siluteinfo.lt\/en\/wp-json\/wp\/v2\/pages\/26520\/revisions"}],"up":[{"embeddable":true,"href":"https:\/\/siluteinfo.lt\/en\/wp-json\/wp\/v2\/pages\/22921"}],"wp:featuredmedia":[{"embeddable":true,"href":"https:\/\/siluteinfo.lt\/en\/wp-json\/wp\/v2\/media\/12722"}],"wp:attachment":[{"href":"https:\/\/siluteinfo.lt\/en\/wp-json\/wp\/v2\/media?parent=26520"}],"curies":[{"name":"wp","href":"https:\/\/api.w.org\/{rel}","templated":true}]}}