{"id":22938,"date":"2022-06-11T13:06:39","date_gmt":"2022-06-11T11:06:39","guid":{"rendered":"https:\/\/siluteinfo.lt\/traditional-craft-center\/about-us\/"},"modified":"2025-03-01T16:19:06","modified_gmt":"2025-03-01T14:19:06","slug":"about-us","status":"publish","type":"page","link":"https:\/\/siluteinfo.lt\/en\/traditional-crafts-center\/about-us\/","title":{"rendered":"About us"},"content":{"rendered":"\n<p>The \u0160v\u0117k\u0161na Traditional Crafts Center was established in 2014 as a branch of the \u0160ilut\u0117 Tourism Information Center under the project of the Lithuanian Rural Development Program 2007-2013 measure &#8220;Rural Renewal and Development&#8221; activity &#8220;Creation and Development of Traditional Crafts.&#8221;  <\/p>\n\n<p>The purpose of the activity is to foster intangible cultural heritage by developing the Traditional Crafts Center as a tourist attraction in Western Lithuania, to nurture and promote traditional craft technologies, and to create conditions for traditional craftspeople to present and sell national heritage products.<\/p>\n\n<p><strong>MAIN ACTIVITIES CARRIED OUT BY THE TRADITIONAL CRAFTS CENTER:<\/strong><\/p>\n\n<ol class=\"wp-block-list\">\n<li>Organizes and conducts one-time and outreach educational programs;<\/li>\n\n\n\n<li>Holds regular ceramics classes for children and adult groups;<\/li>\n\n\n\n<li>Conducts educational activities for students according to the cultural education system;<\/li>\n\n\n\n<li>Organizes workshops, educational programs, and other activities with invited professional and amateur craftspeople;<\/li>\n\n\n\n<li>Participates in and organizes exhibitions, fairs, craft festivals, creative competitions, and children&#8217;s camps;<\/li>\n\n\n\n<li>Produces ceramic items and other souvenirs based on individual orders;<\/li>\n\n\n\n<li>Sells various handmade products: ceramic items, handmade candles, soaps, weathervanes, straw gardens, and various other souvenirs with regional symbolism<\/li>\n\n\n\n<li>(Organizes and conducts experiential education \u201ePapr\u016bs\u0117s skoniai\u201c (&#8220;Tastes of Papr\u016bs\u0117&#8221;);<\/li>\n\n\n\n<li>Provides consultations on national heritage products and certification issues for traditional craftspeople;<\/li>\n\n\n\n<li>Provides tourism information about tourism resources and services in \u0160ilut\u0117 district municipality;<\/li>\n\n\n\n<li>Rents facilities for conferences, events, and other gatherings;<\/li>\n\n\n\n<li>Develops and implements projects.<\/li>\n<\/ol>\n\n<p><strong>EDUCATIONAL ACTIVITIES CONDUCTED ACCORDING TO THE CULTURAL EDUCATION SYSTEM:<\/strong><\/p>\n\n<ol class=\"wp-block-list\">\n<li>Ceramics Studio \u201eMolio paslaptys\u201c (&#8220;Secrets of Clay&#8221;),<\/li>\n\n\n\n<li>\u0160iaudinuk\u0173 v\u0117rimas (Stringing Straw Decorations),<\/li>\n\n\n\n<li>Popieriaus kelion\u0117 (Paper Journey),<\/li>\n\n\n\n<li>Ma\u017eosios mozaikos istorija (The Story of Small Mosaics),<\/li>\n\n\n\n<li>Nuo vilnos iki veltinio (From Wool to Felt),<\/li>\n\n\n\n<li>Candle Making Workshop &#8220;K\u0105 mena va\u0161kas&#8221; (&#8220;What Wax Remembers&#8221;),<\/li>\n\n\n\n<li>Kvapaus muiliuko gamyba (Fragrant Soap Making),<\/li>\n\n\n\n<li>Krai\u010dio skrynia (The Dowry Chest),<\/li>\n\n\n\n<li>Kuriu sau v\u0117trung\u0117s magnet\u0105 (Creating My Own Weathervane Magnet),<\/li>\n\n\n\n<li>Tradicini\u0173 \u017eaidim\u0173 skrynel\u0117 (Traditional Games Box).<\/li>\n<\/ol>\n\n<p><strong>EDUCATIONAL ACTIVITIES ABOUT CALENDAR HOLIDAYS:<\/strong><\/p>\n\n<ol class=\"wp-block-list\">\n<li>U\u017egav\u0117ni\u0173 kauki\u0173 gamyba (Making Shrovetide (Mardi Gras) masks),<\/li>\n\n\n\n<li>Tradicin\u0117 \u017eemaiti\u0161ka verba (Traditional Samogitian palm (Easter palm)),<\/li>\n\n\n\n<li>Kiau\u0161ini\u0173 marginimas (Easter egg decorating\/dyeing),<\/li>\n\n\n\n<li>Jonini\u0173 vainiko pynimas (Weaving Midsummer (St. John&#8217;s Day) wreaths),<\/li>\n\n\n\n<li>Advento vainiko pynimas (Making Advent wreaths),<\/li>\n\n\n\n<li>Tradicini\u0173 kal\u0117dini\u0173 \u017eaisliuk\u0173 gamyba (Creating traditional Christmas ornaments),<\/li>\n\n\n\n<li>Popieriaus karpiniai (Paper cutting art),<\/li>\n\n\n\n<li>\u0160iaudinio sodo v\u0117rimas (Stringing traditional straw garden decorations).<\/li>\n<\/ol>\n\n<p class=\"has-text-align-right\">\u00a0<\/p>\n","protected":false},"excerpt":{"rendered":"<p>The \u0160v\u0117k\u0161na Traditional Crafts Center was established in 2014 as a branch of the \u0160ilut\u0117 Tourism Information Center under the<\/p>\n","protected":false},"author":1,"featured_media":13391,"parent":22935,"menu_order":1,"comment_status":"closed","ping_status":"closed","template":"","meta":{"_acf_changed":false,"_monsterinsights_skip_tracking":false,"_monsterinsights_sitenote_active":false,"_monsterinsights_sitenote_note":"","_monsterinsights_sitenote_category":0,"footnotes":""},"class_list":["post-22938","page","type-page","status-publish","has-post-thumbnail","hentry"],"acf":[],"_links":{"self":[{"href":"https:\/\/siluteinfo.lt\/en\/wp-json\/wp\/v2\/pages\/22938","targetHints":{"allow":["GET"]}}],"collection":[{"href":"https:\/\/siluteinfo.lt\/en\/wp-json\/wp\/v2\/pages"}],"about":[{"href":"https:\/\/siluteinfo.lt\/en\/wp-json\/wp\/v2\/types\/page"}],"author":[{"embeddable":true,"href":"https:\/\/siluteinfo.lt\/en\/wp-json\/wp\/v2\/users\/1"}],"replies":[{"embeddable":true,"href":"https:\/\/siluteinfo.lt\/en\/wp-json\/wp\/v2\/comments?post=22938"}],"version-history":[{"count":0,"href":"https:\/\/siluteinfo.lt\/en\/wp-json\/wp\/v2\/pages\/22938\/revisions"}],"up":[{"embeddable":true,"href":"https:\/\/siluteinfo.lt\/en\/wp-json\/wp\/v2\/pages\/22935"}],"wp:featuredmedia":[{"embeddable":true,"href":"https:\/\/siluteinfo.lt\/en\/wp-json\/wp\/v2\/media\/13391"}],"wp:attachment":[{"href":"https:\/\/siluteinfo.lt\/en\/wp-json\/wp\/v2\/media?parent=22938"}],"curies":[{"name":"wp","href":"https:\/\/api.w.org\/{rel}","templated":true}]}}