{"id":22865,"date":"2022-06-11T11:18:26","date_gmt":"2022-06-11T09:18:26","guid":{"rendered":"https:\/\/siluteinfo.lt\/leisure\/active-entertainment\/"},"modified":"2025-05-20T07:24:06","modified_gmt":"2025-05-20T05:24:06","slug":"leisure-activities","status":"publish","type":"page","link":"https:\/\/siluteinfo.lt\/en\/leisure\/leisure-activities\/","title":{"rendered":"Leisure Activities"},"content":{"rendered":"\t\t<div data-elementor-type=\"wp-page\" data-elementor-id=\"22865\" class=\"elementor elementor-22865 elementor-13187\" data-elementor-post-type=\"page\">\n\t\t\t\t\t\t<section class=\"wd-negative-gap elementor-section elementor-top-section elementor-element elementor-element-4248140 elementor-section-boxed elementor-section-height-default elementor-section-height-default\" data-id=\"4248140\" data-element_type=\"section\" data-e-type=\"section\">\n\t\t\t\t\t\t<div class=\"elementor-container elementor-column-gap-default\">\n\t\t\t\t\t<div class=\"elementor-column elementor-col-100 elementor-top-column elementor-element elementor-element-a2b438f\" data-id=\"a2b438f\" data-element_type=\"column\" data-e-type=\"column\">\n\t\t\t<div class=\"elementor-widget-wrap elementor-element-populated\">\n\t\t\t\t\t\t<div class=\"elementor-element elementor-element-26dd3de elementor-grid-3 elementor-grid-tablet-2 elementor-grid-mobile-1 elementor-posts--thumbnail-top elementor-card-shadow-yes elementor-posts__hover-gradient elementor-widget elementor-widget-posts\" data-id=\"26dd3de\" data-element_type=\"widget\" data-e-type=\"widget\" data-settings=\"{&quot;cards_columns&quot;:&quot;3&quot;,&quot;cards_columns_tablet&quot;:&quot;2&quot;,&quot;cards_columns_mobile&quot;:&quot;1&quot;,&quot;cards_row_gap&quot;:{&quot;unit&quot;:&quot;px&quot;,&quot;size&quot;:35,&quot;sizes&quot;:[]},&quot;cards_row_gap_tablet&quot;:{&quot;unit&quot;:&quot;px&quot;,&quot;size&quot;:&quot;&quot;,&quot;sizes&quot;:[]},&quot;cards_row_gap_mobile&quot;:{&quot;unit&quot;:&quot;px&quot;,&quot;size&quot;:&quot;&quot;,&quot;sizes&quot;:[]}}\" data-widget_type=\"posts.cards\">\n\t\t\t\t<div class=\"elementor-widget-container\">\n\t\t\t\t\t\t\t<div class=\"elementor-posts-container elementor-posts elementor-posts--skin-cards elementor-grid\" role=\"list\">\n\t\t\t\t<article class=\"elementor-post elementor-grid-item post-41405 page type-page status-publish has-post-thumbnail hentry\" role=\"listitem\">\n\t\t\t<div class=\"elementor-post__card\">\n\t\t\t\t<a class=\"elementor-post__thumbnail__link\" href=\"https:\/\/siluteinfo.lt\/en\/leisure\/leisure-activities\/silute-disc-golf-park\/\" tabindex=\"-1\"><div class=\"elementor-post__thumbnail\"><img loading=\"lazy\" decoding=\"async\" width=\"400\" height=\"266\" src=\"https:\/\/siluteinfo.lt\/wp-content\/themes\/woodmart\/images\/lazy.svg\" data-src=\"https:\/\/siluteinfo.lt\/wp-content\/uploads\/2025\/05\/laisvalaikis-pramogos-diskgolfas-400x266.jpg\" class=\" wd-lazy-blur attachment-medium size-medium wp-image-41350\" alt=\"Vyras meta l\u0117k\u0161t\u0119 \u017eaisdamas diskgolf\u0105 parke\" srcset=\"\" data-srcset=\"https:\/\/siluteinfo.lt\/wp-content\/uploads\/2025\/05\/laisvalaikis-pramogos-diskgolfas-400x266.jpg 400w, https:\/\/siluteinfo.lt\/wp-content\/uploads\/2025\/05\/laisvalaikis-pramogos-diskgolfas-768x511.jpg 768w, https:\/\/siluteinfo.lt\/wp-content\/uploads\/2025\/05\/laisvalaikis-pramogos-diskgolfas.jpg 1200w\" sizes=\"auto, (max-width: 400px) 100vw, 400px\" \/><\/div><\/a>\n\t\t\t\t<div class=\"elementor-post__text\">\n\t\t\t\t<h2 class=\"elementor-post__title\">\n\t\t\t<a href=\"https:\/\/siluteinfo.lt\/en\/leisure\/leisure-activities\/silute-disc-golf-park\/\">\n\t\t\t\t\u0160ilut\u0117 Disc Golf Park\t\t\t<\/a>\n\t\t<\/h2>\n\t\t\t\t<div class=\"elementor-post__excerpt\">\n\t\t\t<p>Disc golf has finally arrived in \u0160ilut\u0117! Come, get to know it and give it a try! A great opportunity<\/p>\n\t\t<\/div>\n\t\t\t\t\t<div class=\"elementor-post__read-more-wrapper\">\n\t\t\n\t\t<a class=\"elementor-post__read-more\" href=\"https:\/\/siluteinfo.lt\/en\/leisure\/leisure-activities\/silute-disc-golf-park\/\" aria-label=\"Read more about \u0160ilut\u0117 Disc Golf Park\" tabindex=\"-1\">\n\t\t\tRead more \u00bb\t\t<\/a>\n\n\t\t\t\t\t<\/div>\n\t\t\t\t<\/div>\n\t\t\t\t\t<\/div>\n\t\t<\/article>\n\t\t\t\t<article class=\"elementor-post elementor-grid-item post-40429 page type-page status-publish has-post-thumbnail hentry\" role=\"listitem\">\n\t\t\t<div class=\"elementor-post__card\">\n\t\t\t\t<a class=\"elementor-post__thumbnail__link\" href=\"https:\/\/siluteinfo.lt\/en\/leisure\/leisure-activities\/silute-swimming-pool\/\" tabindex=\"-1\"><div class=\"elementor-post__thumbnail\"><img loading=\"lazy\" decoding=\"async\" width=\"400\" height=\"266\" src=\"https:\/\/siluteinfo.lt\/wp-content\/themes\/woodmart\/images\/lazy.svg\" data-src=\"https:\/\/siluteinfo.lt\/wp-content\/uploads\/2025\/03\/pramogos-silutes-baseinas-400x266.jpg\" class=\" wd-lazy-blur attachment-medium size-medium wp-image-39195\" alt=\"Laisvalaikio ir sporto nam\u0173 pastatas \u0160ilut\u0117je\" srcset=\"\" data-srcset=\"https:\/\/siluteinfo.lt\/wp-content\/uploads\/2025\/03\/pramogos-silutes-baseinas-400x266.jpg 400w, https:\/\/siluteinfo.lt\/wp-content\/uploads\/2025\/03\/pramogos-silutes-baseinas-768x511.jpg 768w, https:\/\/siluteinfo.lt\/wp-content\/uploads\/2025\/03\/pramogos-silutes-baseinas.jpg 1000w\" sizes=\"auto, (max-width: 400px) 100vw, 400px\" \/><\/div><\/a>\n\t\t\t\t<div class=\"elementor-post__text\">\n\t\t\t\t<h2 class=\"elementor-post__title\">\n\t\t\t<a href=\"https:\/\/siluteinfo.lt\/en\/leisure\/leisure-activities\/silute-swimming-pool\/\">\n\t\t\t\t\u0160ilut\u0117 Swimming Pool\t\t\t<\/a>\n\t\t<\/h2>\n\t\t\t\t<div class=\"elementor-post__excerpt\">\n\t\t\t<p>Services: 25-meter pool with 4 lanes; 3 saunas (Turkish, salt sauna, steam sauna); whirlpool; children&#8217;s pool; massage pool; river; relaxation<\/p>\n\t\t<\/div>\n\t\t\t\t\t<div class=\"elementor-post__read-more-wrapper\">\n\t\t\n\t\t<a class=\"elementor-post__read-more\" href=\"https:\/\/siluteinfo.lt\/en\/leisure\/leisure-activities\/silute-swimming-pool\/\" aria-label=\"Read more about \u0160ilut\u0117 Swimming Pool\" tabindex=\"-1\">\n\t\t\tRead more \u00bb\t\t<\/a>\n\n\t\t\t\t\t<\/div>\n\t\t\t\t<\/div>\n\t\t\t\t\t<\/div>\n\t\t<\/article>\n\t\t\t\t<article class=\"elementor-post elementor-grid-item post-41415 page type-page status-publish has-post-thumbnail hentry\" role=\"listitem\">\n\t\t\t<div class=\"elementor-post__card\">\n\t\t\t\t<a class=\"elementor-post__thumbnail__link\" href=\"https:\/\/siluteinfo.lt\/en\/leisure\/leisure-activities\/birdwatching-by-canoe-with-a-guide\/\" tabindex=\"-1\"><div class=\"elementor-post__thumbnail\"><img loading=\"lazy\" decoding=\"async\" width=\"400\" height=\"300\" src=\"https:\/\/siluteinfo.lt\/wp-content\/themes\/woodmart\/images\/lazy.svg\" data-src=\"https:\/\/siluteinfo.lt\/wp-content\/uploads\/2023\/11\/aktyvios-pramogos-pauksciu-stebejimas-kanojomis-su-gidu-400x300.jpg\" class=\" wd-lazy-blur attachment-medium size-medium wp-image-32240\" alt=\"\" srcset=\"\" data-srcset=\"https:\/\/siluteinfo.lt\/wp-content\/uploads\/2023\/11\/aktyvios-pramogos-pauksciu-stebejimas-kanojomis-su-gidu-400x300.jpg 400w, https:\/\/siluteinfo.lt\/wp-content\/uploads\/2023\/11\/aktyvios-pramogos-pauksciu-stebejimas-kanojomis-su-gidu-768x576.jpg 768w, https:\/\/siluteinfo.lt\/wp-content\/uploads\/2023\/11\/aktyvios-pramogos-pauksciu-stebejimas-kanojomis-su-gidu.jpg 1000w\" sizes=\"auto, (max-width: 400px) 100vw, 400px\" \/><\/div><\/a>\n\t\t\t\t<div class=\"elementor-post__text\">\n\t\t\t\t<h2 class=\"elementor-post__title\">\n\t\t\t<a href=\"https:\/\/siluteinfo.lt\/en\/leisure\/leisure-activities\/birdwatching-by-canoe-with-a-guide\/\">\n\t\t\t\tBirdwatching by Canoe with a Guide\t\t\t<\/a>\n\t\t<\/h2>\n\t\t\t\t<div class=\"elementor-post__excerpt\">\n\t\t\t<p>Have you ever wondered what a bird paradise looks like? This birdwatching route offers a true sense of freedom and<\/p>\n\t\t<\/div>\n\t\t\t\t\t<div class=\"elementor-post__read-more-wrapper\">\n\t\t\n\t\t<a class=\"elementor-post__read-more\" href=\"https:\/\/siluteinfo.lt\/en\/leisure\/leisure-activities\/birdwatching-by-canoe-with-a-guide\/\" aria-label=\"Read more about Birdwatching by Canoe with a Guide\" tabindex=\"-1\">\n\t\t\tRead more \u00bb\t\t<\/a>\n\n\t\t\t\t\t<\/div>\n\t\t\t\t<\/div>\n\t\t\t\t\t<\/div>\n\t\t<\/article>\n\t\t\t\t<article class=\"elementor-post elementor-grid-item post-41425 page type-page status-publish has-post-thumbnail hentry\" role=\"listitem\">\n\t\t\t<div class=\"elementor-post__card\">\n\t\t\t\t<a class=\"elementor-post__thumbnail__link\" href=\"https:\/\/siluteinfo.lt\/en\/leisure\/leisure-activities\/hot-air-balloon-flight-over-silute\/\" tabindex=\"-1\"><div class=\"elementor-post__thumbnail\"><img loading=\"lazy\" decoding=\"async\" width=\"400\" height=\"300\" src=\"https:\/\/siluteinfo.lt\/wp-content\/themes\/woodmart\/images\/lazy.svg\" data-src=\"https:\/\/siluteinfo.lt\/wp-content\/uploads\/2023\/11\/aktyvios-pramogos-skrydis_oro_balionu_siluteje-400x300.jpg\" class=\" wd-lazy-blur attachment-medium size-medium wp-image-32246\" alt=\"\" srcset=\"\" data-srcset=\"https:\/\/siluteinfo.lt\/wp-content\/uploads\/2023\/11\/aktyvios-pramogos-skrydis_oro_balionu_siluteje-400x300.jpg 400w, https:\/\/siluteinfo.lt\/wp-content\/uploads\/2023\/11\/aktyvios-pramogos-skrydis_oro_balionu_siluteje-768x576.jpg 768w, https:\/\/siluteinfo.lt\/wp-content\/uploads\/2023\/11\/aktyvios-pramogos-skrydis_oro_balionu_siluteje.jpg 1200w\" sizes=\"auto, (max-width: 400px) 100vw, 400px\" \/><\/div><\/a>\n\t\t\t\t<div class=\"elementor-post__text\">\n\t\t\t\t<h2 class=\"elementor-post__title\">\n\t\t\t<a href=\"https:\/\/siluteinfo.lt\/en\/leisure\/leisure-activities\/hot-air-balloon-flight-over-silute\/\">\n\t\t\t\tHot Air Balloon Flight over \u0160ilut\u0117\t\t\t<\/a>\n\t\t<\/h2>\n\t\t\t\t<div class=\"elementor-post__excerpt\">\n\t\t\t<p>We invite you to rise above the unique landscape of the Nemunas Delta region. You&#8217;ll see not only \u0160ilut\u0117 but<\/p>\n\t\t<\/div>\n\t\t\t\t\t<div class=\"elementor-post__read-more-wrapper\">\n\t\t\n\t\t<a class=\"elementor-post__read-more\" href=\"https:\/\/siluteinfo.lt\/en\/leisure\/leisure-activities\/hot-air-balloon-flight-over-silute\/\" aria-label=\"Read more about Hot Air Balloon Flight over \u0160ilut\u0117\" tabindex=\"-1\">\n\t\t\tRead more \u00bb\t\t<\/a>\n\n\t\t\t\t\t<\/div>\n\t\t\t\t<\/div>\n\t\t\t\t\t<\/div>\n\t\t<\/article>\n\t\t\t\t<article class=\"elementor-post elementor-grid-item post-41435 page type-page status-publish has-post-thumbnail hentry\" role=\"listitem\">\n\t\t\t<div class=\"elementor-post__card\">\n\t\t\t\t<a class=\"elementor-post__thumbnail__link\" href=\"https:\/\/siluteinfo.lt\/en\/leisure\/leisure-activities\/hot-air-balloon-flight\/\" tabindex=\"-1\"><div class=\"elementor-post__thumbnail\"><img loading=\"lazy\" decoding=\"async\" width=\"400\" height=\"300\" src=\"https:\/\/siluteinfo.lt\/wp-content\/themes\/woodmart\/images\/lazy.svg\" data-src=\"https:\/\/siluteinfo.lt\/wp-content\/uploads\/2023\/11\/aktyvios-pramogos-skrydis-oro-balionu-400x300.jpg\" class=\" wd-lazy-blur attachment-medium size-medium wp-image-32252\" alt=\"\" srcset=\"\" data-srcset=\"https:\/\/siluteinfo.lt\/wp-content\/uploads\/2023\/11\/aktyvios-pramogos-skrydis-oro-balionu-400x300.jpg 400w, https:\/\/siluteinfo.lt\/wp-content\/uploads\/2023\/11\/aktyvios-pramogos-skrydis-oro-balionu-768x576.jpg 768w, https:\/\/siluteinfo.lt\/wp-content\/uploads\/2023\/11\/aktyvios-pramogos-skrydis-oro-balionu.jpg 1200w\" sizes=\"auto, (max-width: 400px) 100vw, 400px\" \/><\/div><\/a>\n\t\t\t\t<div class=\"elementor-post__text\">\n\t\t\t\t<h2 class=\"elementor-post__title\">\n\t\t\t<a href=\"https:\/\/siluteinfo.lt\/en\/leisure\/leisure-activities\/hot-air-balloon-flight\/\">\n\t\t\t\tHot Air Balloon Flight\t\t\t<\/a>\n\t\t<\/h2>\n\t\t\t\t<div class=\"elementor-post__excerpt\">\n\t\t\t<p>Discover the unique beauty of the Nemunas Delta from above! The old town, surrounding canals, and bay panoramas will leave<\/p>\n\t\t<\/div>\n\t\t\t\t\t<div class=\"elementor-post__read-more-wrapper\">\n\t\t\n\t\t<a class=\"elementor-post__read-more\" href=\"https:\/\/siluteinfo.lt\/en\/leisure\/leisure-activities\/hot-air-balloon-flight\/\" aria-label=\"Read more about Hot Air Balloon Flight\" tabindex=\"-1\">\n\t\t\tRead more \u00bb\t\t<\/a>\n\n\t\t\t\t\t<\/div>\n\t\t\t\t<\/div>\n\t\t\t\t\t<\/div>\n\t\t<\/article>\n\t\t\t\t<article class=\"elementor-post elementor-grid-item post-41445 page type-page status-publish has-post-thumbnail hentry\" role=\"listitem\">\n\t\t\t<div class=\"elementor-post__card\">\n\t\t\t\t<a class=\"elementor-post__thumbnail__link\" href=\"https:\/\/siluteinfo.lt\/en\/leisure\/leisure-activities\/paintball\/\" tabindex=\"-1\"><div class=\"elementor-post__thumbnail\"><img loading=\"lazy\" decoding=\"async\" width=\"400\" height=\"300\" src=\"https:\/\/siluteinfo.lt\/wp-content\/themes\/woodmart\/images\/lazy.svg\" data-src=\"https:\/\/siluteinfo.lt\/wp-content\/uploads\/2023\/11\/aktyvios-pramogos-dazasvydis-400x300.jpg\" class=\" wd-lazy-blur attachment-medium size-medium wp-image-32264\" alt=\"\" srcset=\"\" data-srcset=\"https:\/\/siluteinfo.lt\/wp-content\/uploads\/2023\/11\/aktyvios-pramogos-dazasvydis-400x300.jpg 400w, https:\/\/siluteinfo.lt\/wp-content\/uploads\/2023\/11\/aktyvios-pramogos-dazasvydis-768x576.jpg 768w, https:\/\/siluteinfo.lt\/wp-content\/uploads\/2023\/11\/aktyvios-pramogos-dazasvydis.jpg 1200w\" sizes=\"auto, (max-width: 400px) 100vw, 400px\" \/><\/div><\/a>\n\t\t\t\t<div class=\"elementor-post__text\">\n\t\t\t\t<h2 class=\"elementor-post__title\">\n\t\t\t<a href=\"https:\/\/siluteinfo.lt\/en\/leisure\/leisure-activities\/paintball\/\">\n\t\t\t\tPaintball\t\t\t<\/a>\n\t\t<\/h2>\n\t\t\t\t<div class=\"elementor-post__excerpt\">\n\t\t\t<p>Paintball is a highly popular form of active recreation, enjoyed by both adults and children. It&#8217;s a thrilling game full<\/p>\n\t\t<\/div>\n\t\t\t\t\t<div class=\"elementor-post__read-more-wrapper\">\n\t\t\n\t\t<a class=\"elementor-post__read-more\" href=\"https:\/\/siluteinfo.lt\/en\/leisure\/leisure-activities\/paintball\/\" aria-label=\"Read more about Paintball\" tabindex=\"-1\">\n\t\t\tRead more \u00bb\t\t<\/a>\n\n\t\t\t\t\t<\/div>\n\t\t\t\t<\/div>\n\t\t\t\t\t<\/div>\n\t\t<\/article>\n\t\t\t\t<\/div>\n\t\t\n\t\t\t\t\t\t<\/div>\n\t\t\t\t<\/div>\n\t\t\t\t\t<\/div>\n\t\t<\/div>\n\t\t\t\t\t<\/div>\n\t\t<\/section>\n\t\t\t\t<\/div>\n\t\t","protected":false},"excerpt":{"rendered":"","protected":false},"author":1,"featured_media":0,"parent":22862,"menu_order":2,"comment_status":"closed","ping_status":"closed","template":"","meta":{"_acf_changed":false,"_monsterinsights_skip_tracking":false,"_monsterinsights_sitenote_active":false,"_monsterinsights_sitenote_note":"","_monsterinsights_sitenote_category":0,"footnotes":""},"class_list":["post-22865","page","type-page","status-publish","hentry"],"acf":[],"_links":{"self":[{"href":"https:\/\/siluteinfo.lt\/en\/wp-json\/wp\/v2\/pages\/22865","targetHints":{"allow":["GET"]}}],"collection":[{"href":"https:\/\/siluteinfo.lt\/en\/wp-json\/wp\/v2\/pages"}],"about":[{"href":"https:\/\/siluteinfo.lt\/en\/wp-json\/wp\/v2\/types\/page"}],"author":[{"embeddable":true,"href":"https:\/\/siluteinfo.lt\/en\/wp-json\/wp\/v2\/users\/1"}],"replies":[{"embeddable":true,"href":"https:\/\/siluteinfo.lt\/en\/wp-json\/wp\/v2\/comments?post=22865"}],"version-history":[{"count":0,"href":"https:\/\/siluteinfo.lt\/en\/wp-json\/wp\/v2\/pages\/22865\/revisions"}],"up":[{"embeddable":true,"href":"https:\/\/siluteinfo.lt\/en\/wp-json\/wp\/v2\/pages\/22862"}],"wp:attachment":[{"href":"https:\/\/siluteinfo.lt\/en\/wp-json\/wp\/v2\/media?parent=22865"}],"curies":[{"name":"wp","href":"https:\/\/api.w.org\/{rel}","templated":true}]}}