{"id":47158,"date":"2026-02-21T16:32:07","date_gmt":"2026-02-21T14:32:07","guid":{"rendered":"https:\/\/siluteinfo.lt\/unterkunfte\/hotels-und-pensionen\/hotel-ventaine\/"},"modified":"2026-04-09T08:43:34","modified_gmt":"2026-04-09T06:43:34","slug":"hotel-ventaine","status":"publish","type":"page","link":"https:\/\/siluteinfo.lt\/de\/unterkunfte\/hotels-und-pensionen\/hotel-ventaine\/","title":{"rendered":"Hotel \u201eVentain\u0117\u201c"},"content":{"rendered":"\t\t<div data-elementor-type=\"wp-page\" data-elementor-id=\"47158\" class=\"elementor elementor-47158 elementor-46694\" data-elementor-post-type=\"page\">\n\t\t\t\t<div class=\"wd-negative-gap elementor-element elementor-element-29ddb94 e-flex e-con-boxed e-con e-parent\" data-id=\"29ddb94\" data-element_type=\"container\" data-e-type=\"container\">\n\t\t\t\t\t<div class=\"e-con-inner\">\n\t\t<div class=\"elementor-element elementor-element-396c5ef e-con-full e-flex e-con e-child\" data-id=\"396c5ef\" data-element_type=\"container\" data-e-type=\"container\">\n\t\t\t\t<div class=\"elementor-element elementor-element-6593325 elementor-widget elementor-widget-theme-post-featured-image elementor-widget-image\" data-id=\"6593325\" data-element_type=\"widget\" data-e-type=\"widget\" data-widget_type=\"theme-post-featured-image.default\">\n\t\t\t\t<div class=\"elementor-widget-container\">\n\t\t\t\t\t\t\t\t\t\t\t\t\t\t\t<img loading=\"lazy\" decoding=\"async\" width=\"1200\" height=\"900\" src=\"https:\/\/siluteinfo.lt\/wp-content\/themes\/woodmart\/images\/lazy.svg\" data-src=\"https:\/\/siluteinfo.lt\/wp-content\/uploads\/2023\/10\/apgyvendinimas-ventaine.jpg\" class=\" wd-lazy-blur attachment-full size-full wp-image-31503\" alt=\"Geb\u00e4ude des Hotels \u201eVentain\u0117\u201c in Vent\u0117\" srcset=\"\" data-srcset=\"https:\/\/siluteinfo.lt\/wp-content\/uploads\/2023\/10\/apgyvendinimas-ventaine.jpg 1200w, https:\/\/siluteinfo.lt\/wp-content\/uploads\/2023\/10\/apgyvendinimas-ventaine-400x300.jpg 400w, https:\/\/siluteinfo.lt\/wp-content\/uploads\/2023\/10\/apgyvendinimas-ventaine-768x576.jpg 768w\" sizes=\"auto, (max-width: 1200px) 100vw, 1200px\" \/>\t\t\t\t\t\t\t\t\t\t\t\t\t\t\t<\/div>\n\t\t\t\t<\/div>\n\t\t\t\t<\/div>\n\t\t<div class=\"elementor-element elementor-element-7888cad e-con-full e-flex e-con e-child\" data-id=\"7888cad\" data-element_type=\"container\" data-e-type=\"container\">\n\t\t<div class=\"elementor-element elementor-element-f196f42 e-con-full e-flex e-con e-child\" data-id=\"f196f42\" data-element_type=\"container\" data-e-type=\"container\">\n\t\t\t\t<div class=\"elementor-element elementor-element-5fe07c3 color-scheme-inherit text-left elementor-widget elementor-widget-text-editor\" data-id=\"5fe07c3\" data-element_type=\"widget\" data-e-type=\"widget\" data-widget_type=\"text-editor.default\">\n\t\t\t\t<div class=\"elementor-widget-container\">\n\t\t\t\t\t\t\t\t\t<p style=\"text-align: left;\">Das Freizeit- und Erholungszentrum \u201eVentain\u0117\u201c befindet sich am Ufer des Kurischen Haffs auf der malerischen Halbinsel Vent\u0117s ragas in der Gemeinde \u0160ilut\u0117. Das ganze Jahr \u00fcber erwartet Sie ein 3-Sterne-Hotel mit gem\u00fctlich eingerichteten Zimmern. Das Landgut bietet 2 gem\u00fctliche Zimmer mit Kamin, 4 Doppelzimmer, 2 Dreibettzimmer f\u00fcr Familien, ein Ferienhaus f\u00fcr 4 Personen mit Panoramablick auf das Kurische Haff sowie eine Villa f\u00fcr 12 Personen.  <br>Im Sommer laden wir Sie ein, sich in Holzbungalows f\u00fcr zwei Personen oder auf einem 2-Sterne-Campingplatz nach europ\u00e4ischem Standard mit 30 Stellpl\u00e4tzen f\u00fcr Wohnmobile zu erholen. Auf dem weitl\u00e4ufigen und landschaftlich reizvollen Campinggel\u00e4nde k\u00f6nnen au\u00dferdem bis zu 100 Personen im Zeltcamp untergebracht werden.<br>F\u00fcr Seminare und andere Veranstaltungen steht ein Konferenzsaal zur Verf\u00fcgung, der im Theaterstil bis zu 80 und im Klassenstil bis zu 40 Personen fasst.<br>Im Restaurant, das im Sommer von Freitag bis Sonntag ge\u00f6ffnet ist, k\u00f6nnen Sie Gerichte der europ\u00e4ischen K\u00fcche genie\u00dfen.<br>Der Hafen von \u201eVentain\u0117\u201c ist f\u00fcr das kurz- und langfristige Anlegen kleiner Freizeitboote und Yachten (Tiefgang bis 1 m) geeignet. Es besteht die M\u00f6glichkeit, Boote \u00fcber eine Slipanlage oder einen Kran zu Wasser zu lassen oder herauszuholen.<\/p>\t\t\t\t\t\t\t\t<\/div>\n\t\t\t\t<\/div>\n\t\t\t\t<\/div>\n\t\t<div class=\"elementor-element elementor-element-aaed888 e-con-full e-flex e-con e-child\" data-id=\"aaed888\" data-element_type=\"container\" data-e-type=\"container\">\n\t\t\t\t<div class=\"elementor-element elementor-element-7093644 elementor-list-item-link-inline elementor-icon-list--layout-traditional elementor-widget elementor-widget-icon-list\" data-id=\"7093644\" data-element_type=\"widget\" data-e-type=\"widget\" data-widget_type=\"icon-list.default\">\n\t\t\t\t<div class=\"elementor-widget-container\">\n\t\t\t\t\t\t\t<ul class=\"elementor-icon-list-items\">\n\t\t\t\t\t\t\t<li class=\"elementor-icon-list-item\">\n\t\t\t\t\t\t\t\t\t\t\t<span class=\"elementor-icon-list-icon\">\n\t\t\t\t\t\t\t<i aria-hidden=\"true\" class=\"fas fa-map-marker\"><\/i>\t\t\t\t\t\t<\/span>\n\t\t\t\t\t\t\t\t\t\t<span class=\"elementor-icon-list-text\">Mari\u0173 g. 7, Vent\u0117, \u0160ilut\u0117s r. sav.  <\/span>\n\t\t\t\t\t\t\t\t\t<\/li>\n\t\t\t\t\t\t\t\t<li class=\"elementor-icon-list-item\">\n\t\t\t\t\t\t\t\t\t\t\t<a href=\"tel:+37068670490\">\n\n\t\t\t\t\t\t\t\t\t\t\t\t<span class=\"elementor-icon-list-icon\">\n\t\t\t\t\t\t\t<i aria-hidden=\"true\" class=\"fas fa-phone-alt\"><\/i>\t\t\t\t\t\t<\/span>\n\t\t\t\t\t\t\t\t\t\t<span class=\"elementor-icon-list-text\">+370 686 70 490<\/span>\n\t\t\t\t\t\t\t\t\t\t\t<\/a>\n\t\t\t\t\t\t\t\t\t<\/li>\n\t\t\t\t\t\t\t\t<li class=\"elementor-icon-list-item\">\n\t\t\t\t\t\t\t\t\t\t\t<a href=\"&#109;&#x61;&#x69;l&#116;&#x6f;&#x3a;i&#110;&#x66;o&#64;&#x76;&#x65;n&#116;&#x61;i&#110;&#x65;&#x2e;l&#116;\">\n\n\t\t\t\t\t\t\t\t\t\t\t\t<span class=\"elementor-icon-list-icon\">\n\t\t\t\t\t\t\t<i aria-hidden=\"true\" class=\"fas fa-envelope\"><\/i>\t\t\t\t\t\t<\/span>\n\t\t\t\t\t\t\t\t\t\t<span class=\"elementor-icon-list-text\">&#105;&#x6e;&#x66;&#111;&#x40;&#x76;e&#x6e;&#x74;a&#105;&#x6e;e&#46;&#x6c;t<\/span>\n\t\t\t\t\t\t\t\t\t\t\t<\/a>\n\t\t\t\t\t\t\t\t\t<\/li>\n\t\t\t\t\t\t\t\t<li class=\"elementor-icon-list-item\">\n\t\t\t\t\t\t\t\t\t\t\t<a href=\"https:\/\/ventaine.lt\/\" target=\"_blank\" rel=\"nofollow noopener\">\n\n\t\t\t\t\t\t\t\t\t\t\t\t<span class=\"elementor-icon-list-icon\">\n\t\t\t\t\t\t\t<i aria-hidden=\"true\" class=\"fas fa-globe\"><\/i>\t\t\t\t\t\t<\/span>\n\t\t\t\t\t\t\t\t\t\t<span class=\"elementor-icon-list-text\">www.ventaine.lt<\/span>\n\t\t\t\t\t\t\t\t\t\t\t<\/a>\n\t\t\t\t\t\t\t\t\t<\/li>\n\t\t\t\t\t\t\t\t<li class=\"elementor-icon-list-item\">\n\t\t\t\t\t\t\t\t\t\t\t<a href=\"https:\/\/www.facebook.com\/ventaine\" target=\"_blank\" rel=\"nofollow noopener\">\n\n\t\t\t\t\t\t\t\t\t\t\t\t<span class=\"elementor-icon-list-icon\">\n\t\t\t\t\t\t\t<i aria-hidden=\"true\" class=\"fab fa-facebook\"><\/i>\t\t\t\t\t\t<\/span>\n\t\t\t\t\t\t\t\t\t\t<span class=\"elementor-icon-list-text\">Facebook<\/span>\n\t\t\t\t\t\t\t\t\t\t\t<\/a>\n\t\t\t\t\t\t\t\t\t<\/li>\n\t\t\t\t\t\t\t\t<li class=\"elementor-icon-list-item\">\n\t\t\t\t\t\t\t\t\t\t\t<a href=\"https:\/\/www.booking.com\/hotel\/lt\/viesbutis-ventaine.html\" target=\"_blank\" rel=\"nofollow noopener\">\n\n\t\t\t\t\t\t\t\t\t\t\t\t<span class=\"elementor-icon-list-icon\">\n\t\t\t\t\t\t\t<i aria-hidden=\"true\" class=\"fas fa-hotel\"><\/i>\t\t\t\t\t\t<\/span>\n\t\t\t\t\t\t\t\t\t\t<span class=\"elementor-icon-list-text\">Booking.com<\/span>\n\t\t\t\t\t\t\t\t\t\t\t<\/a>\n\t\t\t\t\t\t\t\t\t<\/li>\n\t\t\t\t\t\t<\/ul>\n\t\t\t\t\t\t<\/div>\n\t\t\t\t<\/div>\n\t\t\t\t<\/div>\n\t\t<div class=\"elementor-element elementor-element-adf33ba e-con-full e-flex e-con e-child\" data-id=\"adf33ba\" data-element_type=\"container\" data-e-type=\"container\">\n\t\t\t\t<div class=\"elementor-element elementor-element-36d61fe color-scheme-inherit text-left elementor-widget elementor-widget-text-editor\" data-id=\"36d61fe\" data-element_type=\"widget\" data-e-type=\"widget\" data-widget_type=\"text-editor.default\">\n\t\t\t\t<div class=\"elementor-widget-container\">\n\t\t\t\t\t\t\t\t\t<p style=\"text-align: left;\">Anzahl der Zimmer \/ Betten: Hotel \u2013 12 \/ 32, Camping \u2013 8 \/ 30<br>Standard-Doppelzimmer \u2013 8, Apartments \u2013 2, Suiten \u2013 2<br>Preise: 22\u2013120 EUR<br>Bankett- \/ Konferenzr\u00e4ume \u2013 20 \/ 80 Pl\u00e4tze<br>Weitere Dienstleistungen: Kajaks, Stand-Up-Paddle-Boards, Schnellboot (7 Pl\u00e4tze), Schiff (50 Pl\u00e4tze), Yacht, Jetski, Volleyballpl\u00e4tze, Billard, Tischtennis, Airhockey. F\u00e4hre nach Nida von Juni bis September. F\u00fcr gr\u00f6\u00dfere Gruppen (ab 10 Personen) werden Ausflugsfahrten im Memel-Delta organisiert. Unter vorheriger Vereinbarung ist die Unterbringung mit Haustieren m\u00f6glich.<\/p>\t\t\t\t\t\t\t\t<\/div>\n\t\t\t\t<\/div>\n\t\t\t\t<\/div>\n\t\t<div class=\"elementor-element elementor-element-165de0f e-con-full e-flex e-con e-child\" data-id=\"165de0f\" data-element_type=\"container\" data-e-type=\"container\">\n\t\t\t\t<\/div>\n\t\t\t\t<\/div>\n\t\t<div class=\"elementor-element elementor-element-3780489 e-con-full e-flex e-con e-child\" data-id=\"3780489\" data-element_type=\"container\" data-e-type=\"container\">\n\t\t\t\t<div class=\"elementor-element elementor-element-0af677c elementor-widget elementor-widget-shortcode\" data-id=\"0af677c\" data-element_type=\"widget\" data-e-type=\"widget\" data-widget_type=\"shortcode.default\">\n\t\t\t\t<div class=\"elementor-widget-container\">\n\t\t\t\t\t\t\t<div class=\"elementor-shortcode\">\t\t<div id=\"maps-marker-pro-db54492e\" class=\"maps-marker-pro mmp-list-below\" style=\"width: 100%;\">\n\t\t\t<div id=\"mmp-map-wrap-db54492e\" class=\"mmp-map-wrap\">\n\t\t\t\t\t\t\t\t\t<div id=\"mmp-panel-db54492e\" class=\"mmp-panel\"><\/div>\n\t\t\t\t\t\t\t\t<div id=\"mmp-map-db54492e\" class=\"mmp-map\" style=\"height: 500px;\"><\/div>\n\t\t\t\t\t\t\t<\/div>\n\t\t\t\t\t\t\t<div id=\"mmp-list-db54492e\" class=\"mmp-list\" style=\"flex-basis: 400px;\"><\/div>\n\t\t\t\t\t<\/div>\n\t\t<\/div>\n\t\t\t\t\t\t<\/div>\n\t\t\t\t<\/div>\n\t\t\t\t<\/div>\n\t\t\t\t\t<\/div>\n\t\t\t\t<\/div>\n\t\t\t\t<\/div>\n\t\t","protected":false},"excerpt":{"rendered":"<p>Das Freizeit- und Erholungszentrum \u201eVentain\u0117\u201c befindet sich am Ufer des Kurischen Haffs auf der malerischen Halbinsel Vent\u0117s ragas in der<\/p>\n","protected":false},"author":2,"featured_media":31503,"parent":44640,"menu_order":5,"comment_status":"closed","ping_status":"closed","template":"","meta":{"_acf_changed":false,"_monsterinsights_skip_tracking":false,"_monsterinsights_sitenote_active":false,"_monsterinsights_sitenote_note":"","_monsterinsights_sitenote_category":0,"footnotes":""},"class_list":["post-47158","page","type-page","status-publish","has-post-thumbnail","hentry"],"acf":[],"_links":{"self":[{"href":"https:\/\/siluteinfo.lt\/de\/wp-json\/wp\/v2\/pages\/47158","targetHints":{"allow":["GET"]}}],"collection":[{"href":"https:\/\/siluteinfo.lt\/de\/wp-json\/wp\/v2\/pages"}],"about":[{"href":"https:\/\/siluteinfo.lt\/de\/wp-json\/wp\/v2\/types\/page"}],"author":[{"embeddable":true,"href":"https:\/\/siluteinfo.lt\/de\/wp-json\/wp\/v2\/users\/2"}],"replies":[{"embeddable":true,"href":"https:\/\/siluteinfo.lt\/de\/wp-json\/wp\/v2\/comments?post=47158"}],"version-history":[{"count":2,"href":"https:\/\/siluteinfo.lt\/de\/wp-json\/wp\/v2\/pages\/47158\/revisions"}],"predecessor-version":[{"id":47200,"href":"https:\/\/siluteinfo.lt\/de\/wp-json\/wp\/v2\/pages\/47158\/revisions\/47200"}],"up":[{"embeddable":true,"href":"https:\/\/siluteinfo.lt\/de\/wp-json\/wp\/v2\/pages\/44640"}],"wp:featuredmedia":[{"embeddable":true,"href":"https:\/\/siluteinfo.lt\/de\/wp-json\/wp\/v2\/media\/31503"}],"wp:attachment":[{"href":"https:\/\/siluteinfo.lt\/de\/wp-json\/wp\/v2\/media?parent=47158"}],"curies":[{"name":"wp","href":"https:\/\/api.w.org\/{rel}","templated":true}]}}