{"id":44300,"date":"2025-06-20T10:23:06","date_gmt":"2025-06-20T07:23:06","guid":{"rendered":"https:\/\/siluteinfo.lt\/region-silute\/regionalpark-memeldelta\/"},"modified":"2025-06-21T12:44:14","modified_gmt":"2025-06-21T09:44:14","slug":"regionalpark-memeldelta","status":"publish","type":"page","link":"https:\/\/siluteinfo.lt\/de\/region-silute\/regionalpark-memeldelta\/","title":{"rendered":"Regionalpark Memeldelta"},"content":{"rendered":"\t\t<div data-elementor-type=\"wp-page\" data-elementor-id=\"44300\" class=\"elementor elementor-44300 elementor-44058\" data-elementor-post-type=\"page\">\n\t\t\t\t<div class=\"wd-negative-gap elementor-element elementor-element-dac5a0b e-flex e-con-boxed e-con e-parent\" data-id=\"dac5a0b\" data-element_type=\"container\" data-e-type=\"container\">\n\t\t\t\t\t<div class=\"e-con-inner\">\n\t\t\t\t<div class=\"elementor-element elementor-element-703ed79 color-scheme-inherit text-left elementor-widget elementor-widget-text-editor\" data-id=\"703ed79\" data-element_type=\"widget\" data-e-type=\"widget\" data-widget_type=\"text-editor.default\">\n\t\t\t\t<div class=\"elementor-widget-container\">\n\t\t\t\t\t\t\t\t\t<p style=\"text-align: left;\">Um die Landschaft der Region des Memeldeltas, ihr nat\u00fcrliches \u00d6kosystem sowie die Werte des Kulturerbes zu bewahren, wurde 1992 der Regionalpark Memeldelta gegr\u00fcndet, dessen Landschaft besonders reich ist. Das Parkgebiet umfasst die seichten Buchten des Kurischen Haffs, das gesamte System der Fl\u00fcsse und B\u00e4che des Memeldeltas, Altwasserseen (\u201e\u017diogiai\u201c), den Krok\u0173 Lankos-See, die \u00dcberschwemmungswiesen des unteren Memel, das gr\u00f6\u00dfte Poldersystem der Region, das Hochmoor Auk\u0161tumala und andere Moore, die gr\u00f6\u00dfte Insel Litauens \u2013 Rusn\u0117 (Fl\u00e4che \u2013 46 km\u00b2) \u2013 sowie die Halbinsel von Vent\u0117.  <\/p><p style=\"text-align: left;\"><strong><span style=\"color: #000000;\">LANDSCHAFT<\/span><\/strong><\/p><p style=\"text-align: left;\">Das Memeldelta beginnt 48 km von der M\u00fcndung entfernt (unterhalb von Tilsit), wo sich die Memel in die Rusn\u0117- und Gilija-\u00c4ste aufteilt. Bei der Insel Rusn\u0117, 13 km von der M\u00fcndung entfernt, verzweigt sich die Rusn\u0117 in die Atmata und Skirvyt\u0117. Die Ebene des Memeldeltas wird weiterhin von den Armen der Memel sowie von den Deltas der an das Memeldelta angrenzenden Fl\u00fcsse Minija, \u0160y\u0161a, Tenenis, Leit\u0117 und anderen ver\u00e4ndert. Durch die st\u00e4ndige Ablagerung von Sedimenten an der M\u00fcndung der Memel w\u00e4chst das Memeldelta allm\u00e4hlich und verschiebt sich in Richtung Kurisches Haff.<br>Die Landschaft und die biologische Vielfalt der Fl\u00fcsse des Deltas (Minija, Atmata, Skirvyt\u0117, Rusn\u0117 usw.) kann man bei einer Bootsfahrt von \u0160ilut\u0117, Rusn\u0117, Minija oder Vent\u0117 aus kennenlernen.<br>An der Westk\u00fcste des Sees (an der Stra\u00dfe zum Dorf Minija (Ming\u0117)) wurde f\u00fcr Besucher ein Aussichtsturm errichtet, von dem aus man die einzigartige Landschaft dieses litauischen Sees und die besonders reiche Vogelwelt beobachten kann.<br>Das Memeldelta ist einer der wenigen Orte in Litauen und Europa, an denen man noch gro\u00dfe, st\u00e4ndig \u00fcberflutete Sumpf-Laubw\u00e4lder \u2013 Lebensr\u00e4ume von europ\u00e4ischer Bedeutung \u2013 sehen kann. In den W\u00e4ldern und Moor-Komplexen br\u00fcten viele seltene, in Litauen und der Europ\u00e4ischen Union gesch\u00fctzte Vogelarten (Schwarzstorch, Schreiadler, Kranich, Uhu usw.). In den Wiesen beim \u017dalgiriai-Wald wurde einer der wichtigsten Brutpl\u00e4tze des weltweit bedrohten Seggenrohrs\u00e4ngers in Litauen entdeckt.     <br>Das \u00dcberschwemmungsgebiet im Memeldelta umfasst eine Fl\u00e4che von etwa 400 km\u00b2. Die Pamarys-Region ist gepr\u00e4gt durch Fr\u00fchlings- sowie Herbst- und Winterhochwasser. Die st\u00e4rksten \u00dcberschwemmungen treten meist im Fr\u00fchling auf, wenn die Memel \u00fcber die Ufer tritt.<br>Die Fr\u00fchlingsfluten im unteren Memellauf beginnen Ende M\u00e4rz und erreichen ihren H\u00f6chststand 6\u20138 Tage nach dem Austritt des Flusses aus seinem Bett. Das ausufernde Wasser und das mitgef\u00fchrte Eis zerst\u00f6ren D\u00e4mme, \u00fcberfluten Siedlungen, besch\u00e4digen Stra\u00dfen, Uferbefestigungen und bedecken fruchtbare Ackerfl\u00e4chen mit Sedimentablagerungen.<br>Jedes Jahr verursachen die \u00dcberschwemmungen erhebliche Sch\u00e4den. W\u00e4hrend der schwersten Hochwasserereignisse sind mehr als 1.500 Menschen betroffen, und das Hochwasser r\u00fcckt bis an die Randgebiete der Stadt \u0160ilut\u0117 heran.      <\/p><p style=\"text-align: left;\"><strong>FLORA UND FAUNA<\/strong><\/p><p style=\"text-align: left;\">Das Memeldelta und seine umliegenden Gebiete zeichnen sich durch eine au\u00dfergew\u00f6hnlich hohe Vielfalt an Lebensr\u00e4umen, Flora und Fauna aus. Im Regionalpark Memeldelta wurden \u00fcber 600 Gef\u00e4\u00dfpflanzenarten registriert, darunter 25 seltene und bedrohte Arten, die in das Rote Buch Litauens aufgenommen wurden.<br>Im Memeldelta wurde die in Litauen \u00e4u\u00dferst seltene und vom Aussterben bedrohte Wasser-Knotenbinse (Schoenoplectus lacustris) entdeckt. Besonders wertvoll sind auch die Arten, die in den feuchten Wiesen und Sandrasen des Deltas wachsen und ausschlie\u00dflich in der Pamarys-Region vorkommen, wie z. B. Salz-Segge (Carex distans), Strand-Dreizack (Triglochin maritimum) und Strand-Beifu\u00df (Artemisia maritima).<br>Im Delta wurden mehr als 20 Lebensraumtypen von europ\u00e4ischer Bedeutung ausgewiesen, darunter Flussm\u00fcndungen, schlammige Flussufer, Lagunen, Sandrasen, periodisch \u00fcberflutete Wiesen und W\u00e4lder, sumpfige Laubw\u00e4lder, Hochmoore und Zwischenmoore.    <br>Unter den zahlreichen im Memeldelta lebenden wirbellosen Arten wurden mehrere seltene Mollusken- und Insektenarten entdeckt, die in das Rote Buch Litauens aufgenommen wurden. Dazu geh\u00f6ren die Ovale Teichmuschel, die Gro\u00dfe K\u00f6nigslibelle, die Gr\u00fcne Flussjungfer, die Gelbbeinige Azurjungfer, die Gepanzerte Gro\u00dflibelle, die Metallisch gl\u00e4nzende Prachtlibelle, die Moor-Smaragdlibelle, der Schwalbenschwanz, der Blutweiderich-Bl\u00e4uling, das Wiesenv\u00f6gelchen und weitere seltene Arten.<\/p><p style=\"text-align: left;\">Nemuno deltos vandenyse aptinkama apie 50 \u017euv\u0173 r\u016b\u0161i\u0173. Nemuno deltoje bei gretimoje Kur\u0161i\u0173 mari\u0173 dalyje gyvena kelios retos, \u012f Lietuvos raudon\u0105j\u0105 knyg\u0105 \u012fra\u0161ytos \u017euv\u0173 r\u016b\u0161ys: j\u016brin\u0117 n\u0117g\u0117, la\u0161i\u0161a ir vij\u016bnas. Nemuno deltos vandenyse aptinkamos ir kelios retos Europoje \u017euv\u0173 r\u016b\u0161ys: upin\u0117 n\u0117g\u0117 ir ma\u017eoji n\u0117g\u0117, salatis, o\u017eka, kartuol\u0117, perpel\u0117 ir \u0161amas. Pro Nemuno \u017eemup\u012f driekiasi svarbiausias Lietuvoje daugelio praeivi\u0173 \u017euv\u0173 r\u016b\u0161i\u0173 (n\u0117g\u0117s, la\u0161i\u0161os, \u0161lakio, \u017eiobrio, v\u0117g\u0117l\u0117s, stintos ir kt.) migracinis kelias. Deltoje ner\u0161ia stintel\u0117s, stintos, \u0161amai, perpel\u0117s. \u012e deltos senvages ir \u017eiogius, e\u017eerus su potvynio vandenimis \u012fplaukusios ner\u0161ia lydekos, starkiai, kar\u0161iai, kuojos. Nemuno delta nuo seno gars\u0117jo kaip \u017evej\u0173 kra\u0161tas. Es ist einer der fischreichsten Orte im Ostseeraum. Das Hobbyangeln im Regionalpark Nemunas-Delta ist gem\u00e4\u00df den Regeln f\u00fcr das Hobbyangeln erlaubt. W\u00e4hrend der Laichzeit d\u00fcrfen nur St\u00f6re gefangen werden, die vom Kurischen Haff in die Fl\u00fcsse abwandern. Das Eisangeln auf St\u00f6re im Kurischen Haff ist \u00e4u\u00dferst beliebt und zieht jedes Jahr Tausende von Hobbyanglern an.          <\/p><p style=\"text-align: left;\">In den Mooren und Gew\u00e4ssern des Memeldeltas leben verschiedene Arten von Amphibien und Reptilien, darunter auch seltene und gesch\u00fctzte Arten wie die Rotbauchunke und die Rohrkr\u00f6te, die in Litauen unter Schutz stehen. In vielen Bereichen des Deltas kann man die Ringelnatter beobachten, w\u00e4hrend in den Sumpfgebieten h\u00e4ufig Kreuzottern vorkommen, die im Volksmund oft als &#8222;Marmorviper&#8220; bezeichnet werden.<br>Im Regionalpark Memeldelta wurden 50 S\u00e4ugetierarten nachgewiesen, von denen 14 Arten in das Rote Buch Litauens aufgenommen wurden. In diesem Gebiet wurden mehrere in Europa seltene Fledermausarten entdeckt. In den W\u00e4ldern leben Birkenm\u00e4use und Hermeline, w\u00e4hrend in den B\u00e4chen und Seen Fischotter vorkommen. An vielen Stellen des Deltas sind die zahlreich vertretenen Biberh\u00fctten zu sehen. Die W\u00e4lder und Moore des Deltas sind zudem das wichtigste R\u00fcckzugsgebiet f\u00fcr Elche in der Pamarys-Region. Im gesamten Memeldelta, einschlie\u00dflich des zur Russischen F\u00f6deration geh\u00f6renden Teils, leben mehrere Wolfsrudel.<br>Doch am bekanntesten ist das Memeldelta als Reich der V\u00f6gel.     <\/p><p style=\"text-align: left;\">Mehr als 300 Vogelarten wurden im Nemunas-Delta gez\u00e4hlt. Etwa 180 Vogelarten br\u00fcten hier. Das Delta und die umliegenden \u00fcberschwemmten Wiesen, S\u00fcmpfe und Feuchtw\u00e4lder sind die wichtigsten Brutgebiete f\u00fcr viele seltene und gef\u00e4hrdete Vogelarten in Litauen. Die 58 Vogelarten, die im Regionalpark Nemunas-Delta br\u00fcten, sind im Roten Buch Litauens aufgef\u00fchrt, und 54 Arten stehen auf der Liste der am meisten gesch\u00fctzten V\u00f6gel in der Europ\u00e4ischen Union. Dieses einzigartige Naturgebiet beherbergt weltweit bedrohte Arten von Wasserv\u00f6geln und Feuchtgebietsv\u00f6geln, wie z. B. die Klappergrasm\u00fccke und die Sumpfrohrs\u00e4nger, und auch die Dorngrasm\u00fccke wurde beim Br\u00fcten beobachtet. Das Nemunas-Delta ist das wichtigste Brutgebiet f\u00fcr viele seltene Vogelarten in Litauen (Schwarzhalskrabbe, M\u00e4usebussard, Graugans, H\u00f6hlenente, L\u00f6ffelente, Seeadler, Fischadler, Zeisig, Flussseeschwalbe, Stelzenl\u00e4ufer, Zwergseeschwalbe, Trauerseeschwalbe, Fischadler, Gro\u00dfer Apuokas, Schnabelliest und andere).     <\/p><p style=\"text-align: left;\">Der Regionalpark Memeldelta ist eines der wichtigsten Gebiete Europas f\u00fcr ziehende Wasserv\u00f6gel.<br>Dieses einzigartige Gebiet ist ein international bedeutender Rast- und Nahrungsplatz f\u00fcr zahlreiche ziehende Wasserv\u00f6gel, darunter Ohrentaucher, Gro\u00dfe Silberreiher, Singschw\u00e4ne, Zwergschw\u00e4ne, Wei\u00dfwangeng\u00e4nse, Graug\u00e4nse, Saatg\u00e4nse und Bl\u00e4ssg\u00e4nse. Zudem rasten hier Spie\u00dfenten, Grauenten, Kn\u00e4kenten, L\u00f6ffelenten, Kolbenenten, Reiherenten, Bergenten, G\u00e4nses\u00e4ger, Mittels\u00e4ger, Schellenten, Kraniche, Lachm\u00f6wen, Trauerseeschwalben und viele weitere Wasservogelarten.<\/p><p style=\"text-align: left;\">Die \u00fcberfluteten Wiesen des Regionalparks sind eine der wichtigsten Rastpl\u00e4tze f\u00fcr Singschw\u00e4ne in Europa. Jedes Jahr versammeln sich dort im M\u00e4rz und April bis zu 4.000 Singschw\u00e4ne, die in den europ\u00e4ischen Tundren br\u00fcten, deren lautes \u201eTrompeten\u201c in vielen Teilen des Deltas zu h\u00f6ren ist. In den feuchten Wiesen rund um das Delta befinden sich einige der wichtigsten Rastpl\u00e4tze f\u00fcr Bl\u00e4ss- und Graug\u00e4nse in Europa. W\u00e4hrend gro\u00dfer Fr\u00fchjahrs\u00fcberschwemmungen kann man dort riesige Schw\u00e4rme von Bl\u00e4ssg\u00e4nsen beobachten, die auf dem Weg zu ihren Brutgebieten in der arktischen Tundra rasten \u2013 mit bis zu 100.000 gez\u00e4hlten V\u00f6geln. W\u00e4hrend des Fr\u00fchjahrszugs werden im Delta regelm\u00e4\u00dfig die gr\u00f6\u00dften Schw\u00e4rme von Reiherenten und Schnatterenten, Spie\u00dfenten, L\u00f6ffelenten und Graug\u00e4nsen sowie Kolbenenten in Litauen registriert.<br>In den Flachwasserbereichen, Sandinseln und umliegenden feuchten Wiesen des Deltas befinden sich einige der wichtigsten Rastpl\u00e4tze f\u00fcr ziehende Watv\u00f6gel im Ostseeraum. In den letzten Jahren wurden dort sehr gro\u00dfe Schw\u00e4rme von Kiebitzen (bis zu 11.000 V\u00f6gel), Kampfl\u00e4ufern (bis zu 8.000), Uferschnepfen (bis zu 500) und anderen Watv\u00f6geln beobachtet.<br>Ende des Sommers (im Juli und August) kann man im Delta Schw\u00e4rme von Trauerseeschwalben beobachten. Dies ist der einzige Ort in Litauen, an dem sich jedes Jahr bis zu 15.000 dieser in Europa seltenen V\u00f6gel versammeln.      <\/p><p style=\"text-align: left;\">Das Memeldelta ist eines der wichtigsten Rastgebiete Europas f\u00fcr ziehende Tafelenten und Reiherenten. In den letzten Jahren wurden w\u00e4hrend des Herbstzugs dort etwa 40.000 Tafelenten und bis zu 50.000 Reiherenten gez\u00e4hlt.<br>Im Jahr 1993 wurde der Regionalpark Memeldelta gem\u00e4\u00df den Kriterien der Ramsar-Konvention als international bedeutendes Gebiet f\u00fcr Zugv\u00f6gel anerkannt. 2004 wurde der Park in das Schutzgebietsnetz &#8222;Natura 2000&#8220; der Europ\u00e4ischen Union aufgenommen, das bedeutende Naturgebiete innerhalb der EU umfasst.   <\/p><p style=\"text-align: left;\">Im Regionalpark Memeldelta wird das gr\u00f6\u00dfte Schutzprogramm f\u00fcr Wasserv\u00f6gel und deren wichtigste Lebensr\u00e4ume, \u201eWings over Wetlands\u201c, durchgef\u00fchrt, das von dem Umweltprogramm der Vereinten Nationen und anderen internationalen Umweltorganisationen initiiert wurde. Ziel des Programms ist es, die wichtigsten \u00dcberwinterungs- und Rastpl\u00e4tze wandernder Wasserv\u00f6gel entlang der gesamten Zugroute in der westlichen Pal\u00e4arktis (einschlie\u00dflich des Memeldeltas) zu erhalten.<br>Im Fr\u00fchling ziehen riesige Schw\u00e4rme wandernder Wasserv\u00f6gel zahlreiche Beobachter an. Die gr\u00f6\u00dften Schw\u00e4rme ziehender Schw\u00e4ne, G\u00e4nse und Enten im Memeldelta kann man im M\u00e4rz und April auf den von \u00dcberschwemmungen bedeckten Wiesen der ornithologischen Reservate von Rupkalviai und \u017dalgiriai (an der Stra\u00dfe \u0160ilut\u0117\u2013Rusn\u0117), im ornithologischen Reservat von Sausgalviai (bei dem Dorf Sausgalviai), im s\u00fcdlichen Teil der Insel Rusn\u0117, im botanisch-zoologischen Reservat des Minija-Altwassers und in anderen Gebieten des Deltas beobachten.<br>Von August bis Oktober k\u00f6nnen gro\u00dfe Schw\u00e4rme wandernder Wasserv\u00f6gel in den Fischteichen von Kintai, von den Beobachtungsplattformen und Aussichtst\u00fcrmen f\u00fcr Vogelbeobachter am Krok\u0173 Lankos-See, am Kap Vent\u0117 und auf der Insel Rusn\u0117 sowie auf den Naturlehrpfaden von Auk\u0161tumala und Pakaln\u0117 beobachtet werden. Die gr\u00f6\u00dfte Vielfalt an Vogelarten kann man jedoch bei einer Bootsfahrt in der Kniaupas-Bucht und auf dem Krok\u0173 Lankos-See sowie auf den an der M\u00fcndung des Atmata-Flusses entstandenen Sandinseln erleben.<br>Im Oktober werden Vogelbeobachter zu den j\u00e4hrlich im Memelland stattfindenden Abschiedsveranstaltungen f\u00fcr abziehende V\u00f6gel sowie zum traditionellen \u201eVogel-Rallye\u201c (ein Vogelbeobachtungswettbewerb f\u00fcr Amateure und Profis) eingeladen.   <\/p><p style=\"text-align: left;\">Mit der Vogelmigration k\u00f6nnen sich Besucher in der ornithologischen Station am Kap Vent\u0117 des Tadas-Ivanauskas-Zoologiemuseums vertraut machen. In der ornithologischen Station wurde ein kleines Museum eingerichtet, in dem man sich mit der Geschichte des Vogelberingens, den Forschungen zur Vogelwanderung und der einzigartigen Vogelwelt des Memeldeltas vertraut machen kann. Das Kap Vent\u0117 ist ein \u00e4u\u00dferst wichtiger Ort f\u00fcr ziehende V\u00f6gel. Manchmal ziehen an einem Tag bis zu 300.000 V\u00f6gel \u00fcber das Kap Vent\u0117 hinweg. Im Jahr 1929 gr\u00fcndete Prof. T. Ivanauskas die Vogelberingungsstation am Kap Vent\u0117. Diese Station ist eine der \u00e4ltesten der Welt. In den letzten Jahrzehnten wurden in der ornithologischen Station die gr\u00f6\u00dften Vogelfallen der Welt (60 m breit, 25 m hoch) sowie moderne \u201eZickzack\u201c-Fallen installiert. Der Autor dieser Fallen ist der langj\u00e4hrige Direktor der ornithologischen Station, Leonas Jezerskas. Seit ihrer Gr\u00fcndung wurden in der ornithologischen Station am Kap Vent\u0117 etwa 2 Millionen V\u00f6gel von 226 Arten beringt. Mehr als 95 % aller beringten V\u00f6gel waren kleine Singv\u00f6gel (Stare, Kohlmeisen, Rauchschwalben usw.). In den letzten Jahren werden j\u00e4hrlich etwa 300\u2013400 R\u00fcckmeldungen \u00fcber in der ornithologischen Station beringte V\u00f6gel aus verschiedenen L\u00e4ndern Europas, Asiens und Afrikas erhalten.           <\/p><p style=\"text-align: left;\">Informationen \u00fcber den Regionalpark Memeldelta<br>Mehr Informationen: https:\/\/saugoma.lt\/lt\/teritorijos\/nemuno-deltos-regioninis-parkas<\/p>\t\t\t\t\t\t\t\t<\/div>\n\t\t\t\t<\/div>\n\t\t\t\t\t<\/div>\n\t\t\t\t<\/div>\n\t\t\t\t<\/div>\n\t\t","protected":false},"excerpt":{"rendered":"<p>Um die Landschaft der Region des Memeldeltas, ihr nat\u00fcrliches \u00d6kosystem sowie die Werte des Kulturerbes zu bewahren, wurde 1992 der<\/p>\n","protected":false},"author":2,"featured_media":30787,"parent":44108,"menu_order":2,"comment_status":"closed","ping_status":"closed","template":"","meta":{"_acf_changed":false,"_monsterinsights_skip_tracking":false,"_monsterinsights_sitenote_active":false,"_monsterinsights_sitenote_note":"","_monsterinsights_sitenote_category":0,"footnotes":""},"class_list":["post-44300","page","type-page","status-publish","has-post-thumbnail","hentry"],"acf":[],"_links":{"self":[{"href":"https:\/\/siluteinfo.lt\/de\/wp-json\/wp\/v2\/pages\/44300","targetHints":{"allow":["GET"]}}],"collection":[{"href":"https:\/\/siluteinfo.lt\/de\/wp-json\/wp\/v2\/pages"}],"about":[{"href":"https:\/\/siluteinfo.lt\/de\/wp-json\/wp\/v2\/types\/page"}],"author":[{"embeddable":true,"href":"https:\/\/siluteinfo.lt\/de\/wp-json\/wp\/v2\/users\/2"}],"replies":[{"embeddable":true,"href":"https:\/\/siluteinfo.lt\/de\/wp-json\/wp\/v2\/comments?post=44300"}],"version-history":[{"count":0,"href":"https:\/\/siluteinfo.lt\/de\/wp-json\/wp\/v2\/pages\/44300\/revisions"}],"up":[{"embeddable":true,"href":"https:\/\/siluteinfo.lt\/de\/wp-json\/wp\/v2\/pages\/44108"}],"wp:featuredmedia":[{"embeddable":true,"href":"https:\/\/siluteinfo.lt\/de\/wp-json\/wp\/v2\/media\/30787"}],"wp:attachment":[{"href":"https:\/\/siluteinfo.lt\/de\/wp-json\/wp\/v2\/media?parent=44300"}],"curies":[{"name":"wp","href":"https:\/\/api.w.org\/{rel}","templated":true}]}}