{"id":44274,"date":"2025-06-20T10:49:05","date_gmt":"2025-06-20T07:49:05","guid":{"rendered":"https:\/\/siluteinfo.lt\/region-silute\/stadte-der-region-silute\/usenai\/"},"modified":"2025-06-20T22:21:39","modified_gmt":"2025-06-20T19:21:39","slug":"usenai","status":"publish","type":"page","link":"https:\/\/siluteinfo.lt\/de\/region-silute\/stadte-der-region-silute\/usenai\/","title":{"rendered":"Us\u0117nai"},"content":{"rendered":"\t\t<div data-elementor-type=\"wp-page\" data-elementor-id=\"44274\" class=\"elementor elementor-44274 elementor-44096\" data-elementor-post-type=\"page\">\n\t\t\t\t<div class=\"wd-negative-gap elementor-element elementor-element-fce95f9 e-flex e-con-boxed e-con e-parent\" data-id=\"fce95f9\" data-element_type=\"container\" data-e-type=\"container\">\n\t\t\t\t\t<div class=\"e-con-inner\">\n\t\t<div class=\"elementor-element elementor-element-ddfdbf3 e-con-full e-flex e-con e-child\" data-id=\"ddfdbf3\" data-element_type=\"container\" data-e-type=\"container\">\n\t\t\t\t<div class=\"elementor-element elementor-element-8265b14 elementor-widget elementor-widget-theme-post-featured-image elementor-widget-image\" data-id=\"8265b14\" data-element_type=\"widget\" data-e-type=\"widget\" data-widget_type=\"theme-post-featured-image.default\">\n\t\t\t\t<div class=\"elementor-widget-container\">\n\t\t\t\t\t\t\t\t\t\t\t\t\t\t\t<img loading=\"lazy\" decoding=\"async\" width=\"1200\" height=\"900\" src=\"https:\/\/siluteinfo.lt\/wp-content\/themes\/woodmart\/images\/lazy.svg\" data-src=\"https:\/\/siluteinfo.lt\/wp-content\/uploads\/2023\/10\/miesteliai-usenai.jpg\" class=\" wd-lazy-blur attachment-full size-full wp-image-30733\" alt=\"\" srcset=\"\" data-srcset=\"https:\/\/siluteinfo.lt\/wp-content\/uploads\/2023\/10\/miesteliai-usenai.jpg 1200w, https:\/\/siluteinfo.lt\/wp-content\/uploads\/2023\/10\/miesteliai-usenai-400x300.jpg 400w, https:\/\/siluteinfo.lt\/wp-content\/uploads\/2023\/10\/miesteliai-usenai-768x576.jpg 768w\" sizes=\"auto, (max-width: 1200px) 100vw, 1200px\" \/>\t\t\t\t\t\t\t\t\t\t\t\t\t\t\t<\/div>\n\t\t\t\t<\/div>\n\t\t\t\t<\/div>\n\t\t<div class=\"elementor-element elementor-element-f5f4e35 e-con-full e-flex e-con e-child\" data-id=\"f5f4e35\" data-element_type=\"container\" data-e-type=\"container\">\n\t\t\t\t<div class=\"elementor-element elementor-element-8355cfe color-scheme-inherit text-left elementor-widget elementor-widget-text-editor\" data-id=\"8355cfe\" data-element_type=\"widget\" data-e-type=\"widget\" data-widget_type=\"text-editor.default\">\n\t\t\t\t<div class=\"elementor-widget-container\">\n\t\t\t\t\t\t\t\t\t<p>Us\u0117nai wurde erstmals 1722 in schriftlichen Quellen erw\u00e4hnt. Us\u0117nai liegt s\u00fcd\u00f6stlich von \u0160ilut\u0117, in der N\u00e4he der Eisenbahnlinie Klaip\u0117da-Pag\u0117giai. Der Vei\u017eas, der rechte Nebenfluss des Memelflusses, flie\u00dft durch das Dorf. Im Jahr 1874 wurde die Eisenbahnlinie Pag\u0117giai-\u0160ilut\u0117 durch Us\u0117nai gebaut und ein Bahnhof errichtet. Im Jahr 1905 hatte das Dorf 71 Einwohner: 65 Deutsche und 6 Litauer. Us\u0117nai wurde M\u00e4dewald genannt. Nach der Wiederherstellung Litauens im Jahr 1918 befanden sich in Us\u0117nai die Molkerei Pienocentras, mehrere Gesch\u00e4fte und eine Reparaturwerkstatt f\u00fcr Landmaschinen.          <br>Ein Gedenkstein wurde in Us\u0117nai zur Erinnerung an die im Zeitraum 1941\u20131945 gefallenen Soldaten errichtet. 1976 entstand ein Ensemble aus Volkskunstskulpturen, das von Volksk\u00fcnstlern der \u017demaitija-Region w\u00e4hrend eines kreativen Seminars geschaffen wurde. Das Ensemble besteht aus 12 Eichenholzskulpturen, die von den traditionellen h\u00f6lzernen Grabmalen \u2013 krik\u0161tai \u2013 und Spinnrockenmotiven aus der Region Pamarys inspiriert sind.<br>Im Jahr 2005 wurde ein Stogastulpis (h\u00f6lzerner Gedenkpfahl) errichtet, um das 220-j\u00e4hrige Bestehen der Siedlung Us\u0117nai zu feiern.    <\/p><p style=\"text-align: left;\"> <\/p>\t\t\t\t\t\t\t\t<\/div>\n\t\t\t\t<\/div>\n\t\t\t\t<\/div>\n\t\t\t\t\t<\/div>\n\t\t\t\t<\/div>\n\t\t\t\t<\/div>\n\t\t","protected":false},"excerpt":{"rendered":"<p>Us\u0117nai wurde erstmals 1722 in schriftlichen Quellen erw\u00e4hnt. Us\u0117nai liegt s\u00fcd\u00f6stlich von \u0160ilut\u0117, in der N\u00e4he der Eisenbahnlinie Klaip\u0117da-Pag\u0117giai. Der<\/p>\n","protected":false},"author":2,"featured_media":30733,"parent":44115,"menu_order":10,"comment_status":"closed","ping_status":"closed","template":"","meta":{"_acf_changed":false,"_monsterinsights_skip_tracking":false,"_monsterinsights_sitenote_active":false,"_monsterinsights_sitenote_note":"","_monsterinsights_sitenote_category":0,"footnotes":""},"class_list":["post-44274","page","type-page","status-publish","has-post-thumbnail","hentry"],"acf":[],"_links":{"self":[{"href":"https:\/\/siluteinfo.lt\/de\/wp-json\/wp\/v2\/pages\/44274","targetHints":{"allow":["GET"]}}],"collection":[{"href":"https:\/\/siluteinfo.lt\/de\/wp-json\/wp\/v2\/pages"}],"about":[{"href":"https:\/\/siluteinfo.lt\/de\/wp-json\/wp\/v2\/types\/page"}],"author":[{"embeddable":true,"href":"https:\/\/siluteinfo.lt\/de\/wp-json\/wp\/v2\/users\/2"}],"replies":[{"embeddable":true,"href":"https:\/\/siluteinfo.lt\/de\/wp-json\/wp\/v2\/comments?post=44274"}],"version-history":[{"count":0,"href":"https:\/\/siluteinfo.lt\/de\/wp-json\/wp\/v2\/pages\/44274\/revisions"}],"up":[{"embeddable":true,"href":"https:\/\/siluteinfo.lt\/de\/wp-json\/wp\/v2\/pages\/44115"}],"wp:featuredmedia":[{"embeddable":true,"href":"https:\/\/siluteinfo.lt\/de\/wp-json\/wp\/v2\/media\/30733"}],"wp:attachment":[{"href":"https:\/\/siluteinfo.lt\/de\/wp-json\/wp\/v2\/media?parent=44274"}],"curies":[{"name":"wp","href":"https:\/\/api.w.org\/{rel}","templated":true}]}}