{"id":44262,"date":"2025-06-20T10:48:09","date_gmt":"2025-06-20T07:48:09","guid":{"rendered":"https:\/\/siluteinfo.lt\/region-silute\/stadte-der-region-silute\/juknaiciai\/"},"modified":"2025-06-20T22:17:57","modified_gmt":"2025-06-20T19:17:57","slug":"juknaiciai","status":"publish","type":"page","link":"https:\/\/siluteinfo.lt\/de\/region-silute\/stadte-der-region-silute\/juknaiciai\/","title":{"rendered":"Juknai\u010diai"},"content":{"rendered":"\t\t<div data-elementor-type=\"wp-page\" data-elementor-id=\"44262\" class=\"elementor elementor-44262 elementor-44094\" data-elementor-post-type=\"page\">\n\t\t\t\t<div class=\"wd-negative-gap elementor-element elementor-element-2b4b3ea e-flex e-con-boxed e-con e-parent\" data-id=\"2b4b3ea\" data-element_type=\"container\" data-e-type=\"container\">\n\t\t\t\t\t<div class=\"e-con-inner\">\n\t\t<div class=\"elementor-element elementor-element-1d6c603 e-con-full e-flex e-con e-child\" data-id=\"1d6c603\" data-element_type=\"container\" data-e-type=\"container\">\n\t\t\t\t<div class=\"elementor-element elementor-element-8176af6 elementor-widget elementor-widget-theme-post-featured-image elementor-widget-image\" data-id=\"8176af6\" data-element_type=\"widget\" data-e-type=\"widget\" data-widget_type=\"theme-post-featured-image.default\">\n\t\t\t\t<div class=\"elementor-widget-container\">\n\t\t\t\t\t\t\t\t\t\t\t\t\t\t\t<img loading=\"lazy\" decoding=\"async\" width=\"1200\" height=\"800\" src=\"https:\/\/siluteinfo.lt\/wp-content\/themes\/woodmart\/images\/lazy.svg\" data-src=\"https:\/\/siluteinfo.lt\/wp-content\/uploads\/2025\/05\/miesteliai-juknaiciai.jpg\" class=\" wd-lazy-blur attachment-full size-full wp-image-42628\" alt=\"Juknai\u010di\u0173 panorama\" srcset=\"\" data-srcset=\"https:\/\/siluteinfo.lt\/wp-content\/uploads\/2025\/05\/miesteliai-juknaiciai.jpg 1200w, https:\/\/siluteinfo.lt\/wp-content\/uploads\/2025\/05\/miesteliai-juknaiciai-400x267.jpg 400w, https:\/\/siluteinfo.lt\/wp-content\/uploads\/2025\/05\/miesteliai-juknaiciai-768x512.jpg 768w\" sizes=\"auto, (max-width: 1200px) 100vw, 1200px\" \/>\t\t\t\t\t\t\t\t\t\t\t\t\t\t\t<\/div>\n\t\t\t\t<\/div>\n\t\t\t\t<\/div>\n\t\t<div class=\"elementor-element elementor-element-24a16f7 e-con-full e-flex e-con e-child\" data-id=\"24a16f7\" data-element_type=\"container\" data-e-type=\"container\">\n\t\t\t\t<div class=\"elementor-element elementor-element-f93a84b color-scheme-inherit text-left elementor-widget elementor-widget-text-editor\" data-id=\"f93a84b\" data-element_type=\"widget\" data-e-type=\"widget\" data-widget_type=\"text-editor.default\">\n\t\t\t\t<div class=\"elementor-widget-container\">\n\t\t\t\t\t\t\t\t\t<p style=\"text-align: left;\">Juknai\u010diai ist ein Beispiel moderner Dorfarchitektur. Der Name des Dorfes wurde erstmals im Jahr 1540 erw\u00e4hnt. Zu Beginn des 20. Jahrhunderts bestand Juknai\u010diai aus einem Dutzend Geh\u00f6ften in der N\u00e4he der Eisenbahn sowie vielen kleinen Einzelh\u00f6fen in der Umgebung. Die gr\u00f6\u00dferen Geh\u00f6fte in der N\u00e4he der Stra\u00dfe \u0160ilut\u0117\u2013Pag\u0117giai geh\u00f6rten zum Dorf Blauzd\u017eiai. Juknai\u010diai \u2013 eine kleine, heute etwas in Vergessenheit geratene Siedlung im Westen Litauens \u2013 war einst ein beinahe ideales Modell eines Ortes. Ab 1964 wurde unter geschickter Leitung des Kolchos die Siedlung in wenigen Jahrzehnten \u2013 gemessen an den damaligen Ma\u00dfst\u00e4ben \u2013 bemerkenswert gut organisiert. Man erkennt sogar Elemente der Gartenstadtidee: die besonders reich gestaltete Landschaft wurde von den Architekten R\u016bta und Alfonsas Ki\u0161kis entworfen. Schon Anfang der 1960er Jahre \u00fcbertraf die Infrastruktur in Juknai\u010diai selbst die Erwartungen st\u00e4dtischer Bewohner. In l\u00e4ndlichen Gegenden wenig beliebt, erhielten hier die Mehrfamilienh\u00e4user einen spielerischen regionalen Charakter. Die Siedlung wurde mit Baumgruppen, Zierstr\u00e4uchern, Blumenbeeten und Rasenfl\u00e4chen bepflanzt und mit dekorativen Skulpturen geschm\u00fcckt. Im Park wurde ein \u201eHain der Hoffnungen\u201c angelegt, in dem Eltern von Neugeborenen Eichen und Linden pflanzten. 1996 erhielt Juknai\u010diai von der Gemeinde \u0160ilut\u0117 den Status eines Parkdorfes, und die Landschaft wurde unter Schutz gestellt.<br>Juknai\u010diai ist reich an k\u00fcnstlerischen Akzenten. Das Symbol der Siedlung wurde eine Holzskulptur des K\u00fcnstlers S. Kuzma \u2013 ein Falke, der auf der M\u00e4hne eines Pferdes sitzt. Das Pferd symbolisierte die landwirtschaftliche Arbeit, der Falke den geistigen Aufschwung und k\u00fcnstlerische Ideen. Weitere Skulpturen von Kuzma sind Egl\u0117 und \u017dilvinas, Flamme der Freundschaft und Mutterschaft.                  <br>In der N\u00e4he von Juknai\u010diai, im Dorf Vy\u017eiai, befindet sich eine sch\u00f6ne evangelisch-lutherische Kirche, die 1865 erbaut wurde. Die Kirche ist rechteckig, im gotisch-romanischen Stil, einschiffig mit einem f\u00fcnfeckigen Chorraum. Sie verf\u00fcgt \u00fcber eine Orgel mit 16 Registern und hellem Klang. Der massive 36 Meter hohe Turm beherbergte einst zwei Kupferglocken. W\u00e4hrend des Krieges wurde die Kirche besch\u00e4digt und sp\u00e4ter als Getreidelager genutzt. 1993 wurde sie der lutherischen Gemeinde zur\u00fcckgegeben, restauriert und wiederer\u00f6ffnet.       <br>Am Rande des Dorfes erhebt sich der Alka-H\u00fcgel von Juknai\u010diai. Im Jahr 2012 wurde in Juknai\u010diai ein Amphitheater errichtet, das zur Versch\u00f6nerung der Siedlung beitr\u00e4gt. <\/p><p style=\"text-align: left;\"> <\/p>\t\t\t\t\t\t\t\t<\/div>\n\t\t\t\t<\/div>\n\t\t\t\t<\/div>\n\t\t\t\t\t<\/div>\n\t\t\t\t<\/div>\n\t\t\t\t<\/div>\n\t\t","protected":false},"excerpt":{"rendered":"<p>Juknai\u010diai ist ein Beispiel moderner Dorfarchitektur. Der Name des Dorfes wurde erstmals im Jahr 1540 erw\u00e4hnt. Zu Beginn des 20.<\/p>\n","protected":false},"author":2,"featured_media":42628,"parent":44115,"menu_order":9,"comment_status":"closed","ping_status":"closed","template":"","meta":{"_acf_changed":false,"_monsterinsights_skip_tracking":false,"_monsterinsights_sitenote_active":false,"_monsterinsights_sitenote_note":"","_monsterinsights_sitenote_category":0,"footnotes":""},"class_list":["post-44262","page","type-page","status-publish","has-post-thumbnail","hentry"],"acf":[],"_links":{"self":[{"href":"https:\/\/siluteinfo.lt\/de\/wp-json\/wp\/v2\/pages\/44262","targetHints":{"allow":["GET"]}}],"collection":[{"href":"https:\/\/siluteinfo.lt\/de\/wp-json\/wp\/v2\/pages"}],"about":[{"href":"https:\/\/siluteinfo.lt\/de\/wp-json\/wp\/v2\/types\/page"}],"author":[{"embeddable":true,"href":"https:\/\/siluteinfo.lt\/de\/wp-json\/wp\/v2\/users\/2"}],"replies":[{"embeddable":true,"href":"https:\/\/siluteinfo.lt\/de\/wp-json\/wp\/v2\/comments?post=44262"}],"version-history":[{"count":0,"href":"https:\/\/siluteinfo.lt\/de\/wp-json\/wp\/v2\/pages\/44262\/revisions"}],"up":[{"embeddable":true,"href":"https:\/\/siluteinfo.lt\/de\/wp-json\/wp\/v2\/pages\/44115"}],"wp:featuredmedia":[{"embeddable":true,"href":"https:\/\/siluteinfo.lt\/de\/wp-json\/wp\/v2\/media\/42628"}],"wp:attachment":[{"href":"https:\/\/siluteinfo.lt\/de\/wp-json\/wp\/v2\/media?parent=44262"}],"curies":[{"name":"wp","href":"https:\/\/api.w.org\/{rel}","templated":true}]}}