{"id":44254,"date":"2025-06-20T10:47:09","date_gmt":"2025-06-20T07:47:09","guid":{"rendered":"https:\/\/siluteinfo.lt\/region-silute\/stadte-der-region-silute\/vainutas\/"},"modified":"2025-06-20T22:14:39","modified_gmt":"2025-06-20T19:14:39","slug":"vainutas","status":"publish","type":"page","link":"https:\/\/siluteinfo.lt\/de\/region-silute\/stadte-der-region-silute\/vainutas\/","title":{"rendered":"Vainutas"},"content":{"rendered":"\t\t<div data-elementor-type=\"wp-page\" data-elementor-id=\"44254\" class=\"elementor elementor-44254 elementor-44092\" data-elementor-post-type=\"page\">\n\t\t\t\t<div class=\"wd-negative-gap elementor-element elementor-element-8614430 e-flex e-con-boxed e-con e-parent\" data-id=\"8614430\" data-element_type=\"container\" data-e-type=\"container\">\n\t\t\t\t\t<div class=\"e-con-inner\">\n\t\t<div class=\"elementor-element elementor-element-75dc93e e-con-full e-flex e-con e-child\" data-id=\"75dc93e\" data-element_type=\"container\" data-e-type=\"container\">\n\t\t\t\t<div class=\"elementor-element elementor-element-db13ee5 elementor-widget elementor-widget-theme-post-featured-image elementor-widget-image\" data-id=\"db13ee5\" data-element_type=\"widget\" data-e-type=\"widget\" data-widget_type=\"theme-post-featured-image.default\">\n\t\t\t\t<div class=\"elementor-widget-container\">\n\t\t\t\t\t\t\t\t\t\t\t\t\t\t\t<img loading=\"lazy\" decoding=\"async\" width=\"1200\" height=\"900\" src=\"https:\/\/siluteinfo.lt\/wp-content\/themes\/woodmart\/images\/lazy.svg\" data-src=\"https:\/\/siluteinfo.lt\/wp-content\/uploads\/2023\/10\/miesteliai-vainutas.jpg\" class=\" wd-lazy-blur attachment-full size-full wp-image-30739\" alt=\"\" srcset=\"\" data-srcset=\"https:\/\/siluteinfo.lt\/wp-content\/uploads\/2023\/10\/miesteliai-vainutas.jpg 1200w, https:\/\/siluteinfo.lt\/wp-content\/uploads\/2023\/10\/miesteliai-vainutas-400x300.jpg 400w, https:\/\/siluteinfo.lt\/wp-content\/uploads\/2023\/10\/miesteliai-vainutas-768x576.jpg 768w\" sizes=\"auto, (max-width: 1200px) 100vw, 1200px\" \/>\t\t\t\t\t\t\t\t\t\t\t\t\t\t\t<\/div>\n\t\t\t\t<\/div>\n\t\t\t\t<\/div>\n\t\t<div class=\"elementor-element elementor-element-4936e7c e-con-full e-flex e-con e-child\" data-id=\"4936e7c\" data-element_type=\"container\" data-e-type=\"container\">\n\t\t\t\t<div class=\"elementor-element elementor-element-4469f1a color-scheme-inherit text-left elementor-widget elementor-widget-text-editor\" data-id=\"4469f1a\" data-element_type=\"widget\" data-e-type=\"widget\" data-widget_type=\"text-editor.default\">\n\t\t\t\t<div class=\"elementor-widget-container\">\n\t\t\t\t\t\t\t\t\t<p style=\"text-align: left;\">Vainutas ist eine samogitische Grenzstadt, die in einem sch\u00f6nen Tal liegt, in dem der Fluss \u0160y\u0161a seinen Lauf nimmt. Vainutas wurde erstmals 1506 in schriftlichen Quellen erw\u00e4hnt. Im Jahr 1640 lebten 29 Familien in Vainutas. Zu Beginn des 18. Jahrhunderts (w\u00e4hrend des Nordischen Krieges) brannte die Stadt nieder und es gab keine Einwohner mehr in Vainutas. Allm\u00e4hlich baute sich das Leben in Vainutas auf, eine Kirche und eine Schule wurden gebaut, aber 1853 wurde die Stadt wieder aufgebaut. Die Stadt brannte erneut nieder. Doch nach jeder Katastrophe erholte sich die Stadt schnell wieder. Ab 1853 arbeitete der Dichter und Klassiker der litauischen Literatur Antanas Baranauskas zwei Jahre lang als Schreibergehilfe in Vainutas. Sein ber\u00fchmtestes Werk ist das Gedicht &#8222;Anyk\u0161\u010di\u0173 \u0161ilelis&#8220;. Der Dichter beschrieb auch den Brand von Vainutas in Versen. 1856 wurde eine kleine Kirche errichtet und 1869 auf Initiative von Bischof Motiejus Valan\u010dius wieder aufgebaut. Sie ist bis heute erhalten geblieben. Sie besteht aus Steinmauerwerk, hat einen rechteckigen Grundriss, eine zweiseitige Apsis und drei Alt\u00e4re im Inneren. Der Kirchhof ist von einer Mauer aus Naturstein umgeben.<br>Das St\u00e4dtchen ist geschm\u00fcckt mit verschiedenen religi\u00f6sen und symbolischen Holzskulpturen: einem Bildstock f\u00fcr den Priester und Dichter Antanas Baranauskas, einem Dachkreuz f\u00fcr Johannes den T\u00e4ufer, einer Skulptur eines Hirtenjungen sowie einem Gedenkstein und einem Eichenhain zur Wiederherstellung der litauischen Unabh\u00e4ngigkeit. Am Ortseingang steht auf einem Sockel aus Stein das Symbol von Vainutas \u2013 eine Eichenholzkanone.<br>Wer heute nach Vainutas kommt, findet ein kleines St\u00e4dtchen, in dem die Zeit langsam vergeht \u2013 wie das Wasser des Flusses \u0160y\u0161a, das in der N\u00e4he entspringt. Eine Schule, eine Kirche, ein Gesch\u00e4ft, ein Friedhof &#8211; alles ist ganz in der N\u00e4he und leicht zu erreichen. Wenn die Natur wieder zum Leben erwacht, gr\u00fc\u00dft Sie der Name der Stadt, Vainutas, in bl\u00fchenden Wildblumen geschrieben, am Hang, der sich in seiner ganzen Sch\u00f6nheit jedem \u00f6ffnet, der aus Richtung \u017demai\u010di\u0173 Naumiestis kommt.                   <\/p><p style=\"text-align: left;\"> <\/p>\t\t\t\t\t\t\t\t<\/div>\n\t\t\t\t<\/div>\n\t\t\t\t<\/div>\n\t\t\t\t\t<\/div>\n\t\t\t\t<\/div>\n\t\t\t\t<\/div>\n\t\t","protected":false},"excerpt":{"rendered":"<p>Vainutas ist eine samogitische Grenzstadt, die in einem sch\u00f6nen Tal liegt, in dem der Fluss \u0160y\u0161a seinen Lauf nimmt. Vainutas<\/p>\n","protected":false},"author":2,"featured_media":30739,"parent":44115,"menu_order":8,"comment_status":"closed","ping_status":"closed","template":"","meta":{"_acf_changed":false,"_monsterinsights_skip_tracking":false,"_monsterinsights_sitenote_active":false,"_monsterinsights_sitenote_note":"","_monsterinsights_sitenote_category":0,"footnotes":""},"class_list":["post-44254","page","type-page","status-publish","has-post-thumbnail","hentry"],"acf":[],"_links":{"self":[{"href":"https:\/\/siluteinfo.lt\/de\/wp-json\/wp\/v2\/pages\/44254","targetHints":{"allow":["GET"]}}],"collection":[{"href":"https:\/\/siluteinfo.lt\/de\/wp-json\/wp\/v2\/pages"}],"about":[{"href":"https:\/\/siluteinfo.lt\/de\/wp-json\/wp\/v2\/types\/page"}],"author":[{"embeddable":true,"href":"https:\/\/siluteinfo.lt\/de\/wp-json\/wp\/v2\/users\/2"}],"replies":[{"embeddable":true,"href":"https:\/\/siluteinfo.lt\/de\/wp-json\/wp\/v2\/comments?post=44254"}],"version-history":[{"count":0,"href":"https:\/\/siluteinfo.lt\/de\/wp-json\/wp\/v2\/pages\/44254\/revisions"}],"up":[{"embeddable":true,"href":"https:\/\/siluteinfo.lt\/de\/wp-json\/wp\/v2\/pages\/44115"}],"wp:featuredmedia":[{"embeddable":true,"href":"https:\/\/siluteinfo.lt\/de\/wp-json\/wp\/v2\/media\/30739"}],"wp:attachment":[{"href":"https:\/\/siluteinfo.lt\/de\/wp-json\/wp\/v2\/media?parent=44254"}],"curies":[{"name":"wp","href":"https:\/\/api.w.org\/{rel}","templated":true}]}}