{"id":44238,"date":"2025-06-20T10:46:22","date_gmt":"2025-06-20T07:46:22","guid":{"rendered":"https:\/\/siluteinfo.lt\/region-silute\/stadte-der-region-silute\/saugos\/"},"modified":"2025-06-20T22:11:34","modified_gmt":"2025-06-20T19:11:34","slug":"saugos","status":"publish","type":"page","link":"https:\/\/siluteinfo.lt\/de\/region-silute\/stadte-der-region-silute\/saugos\/","title":{"rendered":"Saugos"},"content":{"rendered":"\t\t<div data-elementor-type=\"wp-page\" data-elementor-id=\"44238\" class=\"elementor elementor-44238 elementor-44089\" data-elementor-post-type=\"page\">\n\t\t\t\t<div class=\"wd-negative-gap elementor-element elementor-element-653ff12 e-flex e-con-boxed e-con e-parent\" data-id=\"653ff12\" data-element_type=\"container\" data-e-type=\"container\">\n\t\t\t\t\t<div class=\"e-con-inner\">\n\t\t<div class=\"elementor-element elementor-element-fe3be5d e-con-full e-flex e-con e-child\" data-id=\"fe3be5d\" data-element_type=\"container\" data-e-type=\"container\">\n\t\t\t\t<div class=\"elementor-element elementor-element-97cee61 elementor-widget elementor-widget-theme-post-featured-image elementor-widget-image\" data-id=\"97cee61\" data-element_type=\"widget\" data-e-type=\"widget\" data-widget_type=\"theme-post-featured-image.default\">\n\t\t\t\t<div class=\"elementor-widget-container\">\n\t\t\t\t\t\t\t\t\t\t\t\t\t\t\t<img loading=\"lazy\" decoding=\"async\" width=\"1200\" height=\"900\" src=\"https:\/\/siluteinfo.lt\/wp-content\/themes\/woodmart\/images\/lazy.svg\" data-src=\"https:\/\/siluteinfo.lt\/wp-content\/uploads\/2023\/10\/miesteliai-saugos.jpg\" class=\" wd-lazy-blur attachment-full size-full wp-image-30721\" alt=\"\" srcset=\"\" data-srcset=\"https:\/\/siluteinfo.lt\/wp-content\/uploads\/2023\/10\/miesteliai-saugos.jpg 1200w, https:\/\/siluteinfo.lt\/wp-content\/uploads\/2023\/10\/miesteliai-saugos-400x300.jpg 400w, https:\/\/siluteinfo.lt\/wp-content\/uploads\/2023\/10\/miesteliai-saugos-768x576.jpg 768w\" sizes=\"auto, (max-width: 1200px) 100vw, 1200px\" \/>\t\t\t\t\t\t\t\t\t\t\t\t\t\t\t<\/div>\n\t\t\t\t<\/div>\n\t\t\t\t<\/div>\n\t\t<div class=\"elementor-element elementor-element-5225327 e-con-full e-flex e-con e-child\" data-id=\"5225327\" data-element_type=\"container\" data-e-type=\"container\">\n\t\t\t\t<div class=\"elementor-element elementor-element-553f492 color-scheme-inherit text-left elementor-widget elementor-widget-text-editor\" data-id=\"553f492\" data-element_type=\"widget\" data-e-type=\"widget\" data-widget_type=\"text-editor.default\">\n\t\t\t\t<div class=\"elementor-widget-container\">\n\t\t\t\t\t\t\t\t\t<p style=\"text-align: left;\">Saugos ist eine alte Siedlung der Pru\u00dfen und Kuren, deren Wurzeln \u00fcber 600 Jahre zur\u00fcckreichen. Aufgrund des Namens k\u00f6nnte es sich um ein Grenzdorf der alten Lamaten oder Kuren gehandelt haben, das zum Schutz des Landes vor feindlichen Angriffen diente. So k\u00f6nnte auch der heutige Name des Ortes entstanden sein. Der Ortsname Saugen wurde erstmals 1540 erw\u00e4hnt. Nach dem Zweiten Weltkrieg wurde der Ort auf Litauisch in Saugos umbenannt.<br>Im 19. Jahrhundert fanden bedeutende Ver\u00e4nderungen statt. Eine Backstein-Evangelisch-Lutherische Kirche wurde errichtet, und eine Polizeibezirksverwaltung wurde eingerichtet. Zudem wurde eine Stra\u00dfe und eine Eisenbahnlinie zwischen Klaip\u0117da und Tilsit gebaut, die der Region wirtschaftliche Vorteile brachte und das Wachstum der Siedlung f\u00f6rderte.       <br>Der Bau des Saugos-Gotteshauses begann 1845. Die rechteckige Kirche aus roten Ziegeln mit einem kleinen Turm war hoch und massiv. Die einschiffige Kirche mit Apsis wurde von einem K\u00fcnstler dekoriert und verf\u00fcgte \u00fcber einen kombinierten Altar-Kanzel, ger\u00e4umige Chorst\u00fchle, eine Orgel mit 14 Registern und eine einzelne Glocke.  <br>W\u00e4hrend des Krieges wurde das Kirchengeb\u00e4ude leicht besch\u00e4digt, aber die Bev\u00f6lkerung baute es problemlos wieder auf. Derzeit finden hier evangelisch-lutherische Gottesdienste statt.<br>Die M\u00fchle von Saugai (als Hilfsm\u00fchle f\u00fcr die M\u00fchle in Vilky\u010diai gebaut) wurde im Jahr 1908 errichtet. In Vilky\u010diai, so k\u00f6nnte man sagen, gab es nicht einmal eine M\u00fchle, sondern eine ganze Station, die Memel &#8211; damals Klaip\u0117da &#8211; mit Mehl versorgte. Als die Kapazit\u00e4t der M\u00fchle in Vilky\u010diai allm\u00e4hlich ersch\u00f6pft war, wurde beschlossen, eine weitere M\u00fchle in Saugos zu bauen. Die f\u00fcr den Bau des Werks in Saugos ben\u00f6tigten Maschinen wurden mit dem Zug aus Deutschland gebracht. Zun\u00e4chst wurden die M\u00fchle und das darunter liegende S\u00e4gewerk von einer Dampfmaschine angetrieben, doch um 1936 wurde ein Diesel-Einzylinder-Motor eingebaut. Wenn sie angeworfen wurde, konnte man aus der Ferne alle 30 Sekunden eine Rauchwolke aus dem Schornstein aufsteigen sehen. Dies zeigte den Menschen, dass sich die M\u00fchle drehte und das Getreide gemahlen wurde. Mit dem Aufkommen der Elektrizit\u00e4t wurde 1953 ein Elektromotor eingebaut.<br>Die M\u00fchle von Saugai wurde aus in \u0160ilut\u0117 hergestellten Ziegeln gemauert. Bis heute ist in ihnen kein einziger Riss zu sehen.<br>Die M\u00fchle ist schon lange kein untrennbares Symbol des menschlichen Lebens und \u00dcberlebens mehr \u2013 ihre M\u00fchlsteine mahlen kein Getreide mehr. Dank der Bewahrung des regionalen Erbes ist sie jedoch f\u00fcr die Region und vielleicht f\u00fcr die Geschichte der M\u00fchlen in Litauen insgesamt von Bedeutung, da sie die authentische technische Ausr\u00fcstung der M\u00fchle sowie die authentischen schwedischen und deutschen Gatter und Wagen bis heute bewahrt hat. Nicht nur die M\u00fchle, sondern auch das S\u00e4gewerk (das bis heute erhalten geblieben ist).             <\/p><p style=\"text-align: left;\"> <\/p>\t\t\t\t\t\t\t\t<\/div>\n\t\t\t\t<\/div>\n\t\t\t\t<\/div>\n\t\t\t\t\t<\/div>\n\t\t\t\t<\/div>\n\t\t\t\t<\/div>\n\t\t","protected":false},"excerpt":{"rendered":"<p>Saugos ist eine alte Siedlung der Pru\u00dfen und Kuren, deren Wurzeln \u00fcber 600 Jahre zur\u00fcckreichen. Aufgrund des Namens k\u00f6nnte es<\/p>\n","protected":false},"author":2,"featured_media":30721,"parent":44115,"menu_order":7,"comment_status":"closed","ping_status":"closed","template":"","meta":{"_acf_changed":false,"_monsterinsights_skip_tracking":false,"_monsterinsights_sitenote_active":false,"_monsterinsights_sitenote_note":"","_monsterinsights_sitenote_category":0,"footnotes":""},"class_list":["post-44238","page","type-page","status-publish","has-post-thumbnail","hentry"],"acf":[],"_links":{"self":[{"href":"https:\/\/siluteinfo.lt\/de\/wp-json\/wp\/v2\/pages\/44238","targetHints":{"allow":["GET"]}}],"collection":[{"href":"https:\/\/siluteinfo.lt\/de\/wp-json\/wp\/v2\/pages"}],"about":[{"href":"https:\/\/siluteinfo.lt\/de\/wp-json\/wp\/v2\/types\/page"}],"author":[{"embeddable":true,"href":"https:\/\/siluteinfo.lt\/de\/wp-json\/wp\/v2\/users\/2"}],"replies":[{"embeddable":true,"href":"https:\/\/siluteinfo.lt\/de\/wp-json\/wp\/v2\/comments?post=44238"}],"version-history":[{"count":0,"href":"https:\/\/siluteinfo.lt\/de\/wp-json\/wp\/v2\/pages\/44238\/revisions"}],"up":[{"embeddable":true,"href":"https:\/\/siluteinfo.lt\/de\/wp-json\/wp\/v2\/pages\/44115"}],"wp:featuredmedia":[{"embeddable":true,"href":"https:\/\/siluteinfo.lt\/de\/wp-json\/wp\/v2\/media\/30721"}],"wp:attachment":[{"href":"https:\/\/siluteinfo.lt\/de\/wp-json\/wp\/v2\/media?parent=44238"}],"curies":[{"name":"wp","href":"https:\/\/api.w.org\/{rel}","templated":true}]}}