{"id":44228,"date":"2025-06-20T10:45:32","date_gmt":"2025-06-20T07:45:32","guid":{"rendered":"https:\/\/siluteinfo.lt\/region-silute\/stadte-der-region-silute\/gardamas\/"},"modified":"2025-06-20T22:08:18","modified_gmt":"2025-06-20T19:08:18","slug":"gardamas","status":"publish","type":"page","link":"https:\/\/siluteinfo.lt\/de\/region-silute\/stadte-der-region-silute\/gardamas\/","title":{"rendered":"Gardamas"},"content":{"rendered":"\t\t<div data-elementor-type=\"wp-page\" data-elementor-id=\"44228\" class=\"elementor elementor-44228 elementor-44088\" data-elementor-post-type=\"page\">\n\t\t\t\t<div class=\"wd-negative-gap elementor-element elementor-element-befbef2 e-flex e-con-boxed e-con e-parent\" data-id=\"befbef2\" data-element_type=\"container\" data-e-type=\"container\">\n\t\t\t\t\t<div class=\"e-con-inner\">\n\t\t<div class=\"elementor-element elementor-element-ecfc2e6 e-con-full e-flex e-con e-child\" data-id=\"ecfc2e6\" data-element_type=\"container\" data-e-type=\"container\">\n\t\t\t\t<div class=\"elementor-element elementor-element-846743a elementor-widget elementor-widget-theme-post-featured-image elementor-widget-image\" data-id=\"846743a\" data-element_type=\"widget\" data-e-type=\"widget\" data-widget_type=\"theme-post-featured-image.default\">\n\t\t\t\t<div class=\"elementor-widget-container\">\n\t\t\t\t\t\t\t\t\t\t\t\t\t\t\t<img loading=\"lazy\" decoding=\"async\" width=\"1200\" height=\"900\" src=\"https:\/\/siluteinfo.lt\/wp-content\/themes\/woodmart\/images\/lazy.svg\" data-src=\"https:\/\/siluteinfo.lt\/wp-content\/uploads\/2023\/10\/miesteliai-gardamas.jpg\" class=\" wd-lazy-blur attachment-full size-full wp-image-30691\" alt=\"\" srcset=\"\" data-srcset=\"https:\/\/siluteinfo.lt\/wp-content\/uploads\/2023\/10\/miesteliai-gardamas.jpg 1200w, https:\/\/siluteinfo.lt\/wp-content\/uploads\/2023\/10\/miesteliai-gardamas-400x300.jpg 400w, https:\/\/siluteinfo.lt\/wp-content\/uploads\/2023\/10\/miesteliai-gardamas-768x576.jpg 768w\" sizes=\"auto, (max-width: 1200px) 100vw, 1200px\" \/>\t\t\t\t\t\t\t\t\t\t\t\t\t\t\t<\/div>\n\t\t\t\t<\/div>\n\t\t\t\t<\/div>\n\t\t<div class=\"elementor-element elementor-element-37d87eb e-con-full e-flex e-con e-child\" data-id=\"37d87eb\" data-element_type=\"container\" data-e-type=\"container\">\n\t\t\t\t<div class=\"elementor-element elementor-element-da556ff color-scheme-inherit text-left elementor-widget elementor-widget-text-editor\" data-id=\"da556ff\" data-element_type=\"widget\" data-e-type=\"widget\" data-widget_type=\"text-editor.default\">\n\t\t\t\t<div class=\"elementor-widget-container\">\n\t\t\t\t\t\t\t\t\t<p style=\"text-align: left;\">Das St\u00e4dtchen Gardamas liegt an der Stra\u00dfe \u0160v\u0117k\u0161na\u2013\u017demaitischen Naumiestis. Es ist eine alte Siedlung, deren Name vom Wort \u201cgardas\u201d stammt, was ein umz\u00e4untes Gebiet oder sogar eine Burg oder Festung bedeutet. In historischen Quellen wird Gardamas erstmals 1561 erw\u00e4hnt, als sein Land nach dem Valakas-System vermessen wurde. 1562 wurde es als Zentrum einer Verwaltungseinheit (Vaityst\u0117) genannt, von der aus das K\u00f6nigsgut verwaltet wurde\u2014von den D\u00f6rfern Laukst\u0117nai bis Juod\u017eiai und Vanagai. Seit dem 18. Jahrhundert wird Gardamas als St\u00e4dtchen bezeichnet. Es ist bekannt f\u00fcr seine sch\u00f6ne Umgebung, die malerischen H\u00e4nge des Tenensis-Bachs sowie f\u00fcr den \u201cMa\u017evydas-Weg\u201d und die Lourdes-Grotte.<br>Die erste Kirche in Gardamas soll im 17. Jahrhundert erbaut worden sein, wurde jedoch durch ein Feuer zerst\u00f6rt. An gleicher Stelle wurde 1706 eine neue Holzkirche errichtet. Nach den Kriegen mit den Deutschen wuchs Gardamas langsam, als sich Handelswege durch das Samogitische Land \u00f6ffneten. Mit dem Aufstieg von \u017demaitischen Naumiestis verlor Gardamas jedoch an Bedeutung. Nach der Besetzung Litauens durch das zaristische Russland im Jahr 1795 verschlechterte sich die Lage der Bewohner von Gardamas, die als Staatsbauern galten: sie mussten Rekrutendienste leisten und h\u00f6here Steuern zahlen. W\u00e4hrend der Zarenzeit wurde Gardamas zur Grenzregion des Russischen Reiches. In der Zeit des Presseverbots wurde die Grenze streng bewacht; entlang der Stra\u00dfe Naumiestis\u2013Gardamas\u2013\u0160v\u0117k\u0161na gab es Grenzw\u00e4chter-Kasernen, und die Stra\u00dfe galt als zweite Grenzlinie. Ende des 19. Jahrhunderts wurde Gardamas zu einem der Zentren der Buchschmuggelbewegung, in dem verbotene litauische Literatur verbreitet wurde.<br>Die heutige St.-Rochus-Kirche wurde 1932 erbaut. An ihrer Seite wurde zu Beginn des 20. Jahrhunderts eine wundert\u00e4tige Lourdes-Grotte am Hang errichtet. Die Nische besteht aus Feldsteinen und ist etwa 1,8 Meter hoch. Die Geschichte der Lourdes erz\u00e4hlen die Menschen unterschiedlich. Einige sagen, die Jungfrau Maria sei dort erschienen, andere berichten, dass das Kind eines Mannes geheilt wurde, obwohl dieser nicht an Gott glaubte. Aus Dankbarkeit errichtete er die Lourdes. Vor der Grotte befindet sich ein Brunnen, der niemals gefriert oder austrocknet. Rechts von der Lourdes f\u00fchrt eine Steintreppe zur Kirche hinauf. Es sind 14 Stufen\u2014genauso viele wie die Stationen des Kreuzwegs. Alte Menschen sagen, wer diese Stufen hinaufsteigt, begeht den Kreuzweg.<br>Die Lourdes ist ein Ort, an dem Blumen stets bl\u00fchen und Kerzen brennen. Ein Ort, an dem Menschen still ihren Schmerz und ihre Freude ausdr\u00fccken, ein Ort, dessen Wasser Hoffnung und Erneuerung spendet.            <\/p><p style=\"text-align: left;\"> <\/p>\t\t\t\t\t\t\t\t<\/div>\n\t\t\t\t<\/div>\n\t\t\t\t<\/div>\n\t\t\t\t\t<\/div>\n\t\t\t\t<\/div>\n\t\t\t\t<\/div>\n\t\t","protected":false},"excerpt":{"rendered":"<p>Das St\u00e4dtchen Gardamas liegt an der Stra\u00dfe \u0160v\u0117k\u0161na\u2013\u017demaitischen Naumiestis. Es ist eine alte Siedlung, deren Name vom Wort \u201cgardas\u201d stammt,<\/p>\n","protected":false},"author":2,"featured_media":30691,"parent":44115,"menu_order":6,"comment_status":"closed","ping_status":"closed","template":"","meta":{"_acf_changed":false,"_monsterinsights_skip_tracking":false,"_monsterinsights_sitenote_active":false,"_monsterinsights_sitenote_note":"","_monsterinsights_sitenote_category":0,"footnotes":""},"class_list":["post-44228","page","type-page","status-publish","has-post-thumbnail","hentry"],"acf":[],"_links":{"self":[{"href":"https:\/\/siluteinfo.lt\/de\/wp-json\/wp\/v2\/pages\/44228","targetHints":{"allow":["GET"]}}],"collection":[{"href":"https:\/\/siluteinfo.lt\/de\/wp-json\/wp\/v2\/pages"}],"about":[{"href":"https:\/\/siluteinfo.lt\/de\/wp-json\/wp\/v2\/types\/page"}],"author":[{"embeddable":true,"href":"https:\/\/siluteinfo.lt\/de\/wp-json\/wp\/v2\/users\/2"}],"replies":[{"embeddable":true,"href":"https:\/\/siluteinfo.lt\/de\/wp-json\/wp\/v2\/comments?post=44228"}],"version-history":[{"count":0,"href":"https:\/\/siluteinfo.lt\/de\/wp-json\/wp\/v2\/pages\/44228\/revisions"}],"up":[{"embeddable":true,"href":"https:\/\/siluteinfo.lt\/de\/wp-json\/wp\/v2\/pages\/44115"}],"wp:featuredmedia":[{"embeddable":true,"href":"https:\/\/siluteinfo.lt\/de\/wp-json\/wp\/v2\/media\/30691"}],"wp:attachment":[{"href":"https:\/\/siluteinfo.lt\/de\/wp-json\/wp\/v2\/media?parent=44228"}],"curies":[{"name":"wp","href":"https:\/\/api.w.org\/{rel}","templated":true}]}}