{"id":44218,"date":"2025-06-20T10:44:34","date_gmt":"2025-06-20T07:44:34","guid":{"rendered":"https:\/\/siluteinfo.lt\/region-silute\/stadte-der-region-silute\/katyciai\/"},"modified":"2025-06-20T22:02:41","modified_gmt":"2025-06-20T19:02:41","slug":"katyciai","status":"publish","type":"page","link":"https:\/\/siluteinfo.lt\/de\/region-silute\/stadte-der-region-silute\/katyciai\/","title":{"rendered":"Katy\u010diai"},"content":{"rendered":"\t\t<div data-elementor-type=\"wp-page\" data-elementor-id=\"44218\" class=\"elementor elementor-44218 elementor-44086\" data-elementor-post-type=\"page\">\n\t\t\t\t<div class=\"wd-negative-gap elementor-element elementor-element-962097b e-flex e-con-boxed e-con e-parent\" data-id=\"962097b\" data-element_type=\"container\" data-e-type=\"container\">\n\t\t\t\t\t<div class=\"e-con-inner\">\n\t\t<div class=\"elementor-element elementor-element-57ca80a e-con-full e-flex e-con e-child\" data-id=\"57ca80a\" data-element_type=\"container\" data-e-type=\"container\">\n\t\t\t\t<div class=\"elementor-element elementor-element-76b8976 elementor-widget elementor-widget-theme-post-featured-image elementor-widget-image\" data-id=\"76b8976\" data-element_type=\"widget\" data-e-type=\"widget\" data-widget_type=\"theme-post-featured-image.default\">\n\t\t\t\t<div class=\"elementor-widget-container\">\n\t\t\t\t\t\t\t\t\t\t\t\t\t\t\t<img loading=\"lazy\" decoding=\"async\" width=\"1200\" height=\"900\" src=\"https:\/\/siluteinfo.lt\/wp-content\/themes\/woodmart\/images\/lazy.svg\" data-src=\"https:\/\/siluteinfo.lt\/wp-content\/uploads\/2023\/10\/miesteliai-katyciai.jpg\" class=\" wd-lazy-blur attachment-full size-full wp-image-30703\" alt=\"\" srcset=\"\" data-srcset=\"https:\/\/siluteinfo.lt\/wp-content\/uploads\/2023\/10\/miesteliai-katyciai.jpg 1200w, https:\/\/siluteinfo.lt\/wp-content\/uploads\/2023\/10\/miesteliai-katyciai-400x300.jpg 400w, https:\/\/siluteinfo.lt\/wp-content\/uploads\/2023\/10\/miesteliai-katyciai-768x576.jpg 768w\" sizes=\"auto, (max-width: 1200px) 100vw, 1200px\" \/>\t\t\t\t\t\t\t\t\t\t\t\t\t\t\t<\/div>\n\t\t\t\t<\/div>\n\t\t\t\t<\/div>\n\t\t<div class=\"elementor-element elementor-element-d6fb01e e-con-full e-flex e-con e-child\" data-id=\"d6fb01e\" data-element_type=\"container\" data-e-type=\"container\">\n\t\t\t\t<div class=\"elementor-element elementor-element-4655a5c color-scheme-inherit text-left elementor-widget elementor-widget-text-editor\" data-id=\"4655a5c\" data-element_type=\"widget\" data-e-type=\"widget\" data-widget_type=\"text-editor.default\">\n\t\t\t\t<div class=\"elementor-widget-container\">\n\t\t\t\t\t\t\t\t\t<p style=\"text-align: left;\">Katy\u010diai ist ein St\u00e4dtchen am Ufer des Flusses \u0160y\u0161a und geh\u00f6rt zu den \u00e4ltesten Orten im Bezirk \u0160ilut\u0117. Es ist bekannt f\u00fcr seine gut erhaltene Architektur. Laut dem Frieden von Melno aus dem Jahr 1442 geh\u00f6rte Katy\u010diai zum Gro\u00dff\u00fcrstentum Litauen. Seit 1555 war es Teil Preu\u00dfens. Im 18. Jahrhundert fanden hier gro\u00dfe M\u00e4rkte statt. Im 18. Jahrhundert und in der ersten H\u00e4lfte des 19. Jahrhunderts starben viele Einheimische an Pest- und Choleraepidemien. Deutsche Kolonisten wurden an ihre Stelle gebracht. 1861 machten die Deutschen 80 % der Bev\u00f6lkerung aus. Im Jahr 1905 betrug der Anteil der Litauer 30 %. Nach dem Klaip\u0117da-Aufstand wurde Katy\u010diai wieder Teil Litauens. Gegen Ende des Zweiten Weltkriegs flohen viele in Katy\u010diai lebende Deutsche nach Westen. Ihre Pl\u00e4tze wurden von Zugezogenen aus verschiedenen Teilen Litauens eingenommen.                 <br>Katy\u010diai wird von einer alten evangelisch-lutherischen Kirche geschm\u00fcckt. Sie wurde 1734 aus Feldsteinen und Ziegeln mit einem Holzturm erbaut und steht neben dem alten Friedhof. Im Jahr 1801 wurde der Turm bei einem starken Sturm zerst\u00f6rt. 1894 wurde die Kirche umfassend renoviert und erhielt eine rechteckige Form mit einem verst\u00e4rkten Holzturm und einem Zeltdach. Im h\u00f6lzernen Turm hingen drei Glocken, eine davon war ein Geschenk der preu\u00dfischen K\u00f6nigin Luise. Die Glocken l\u00e4uteten bis 1955.<br>Im Jahr 1926 wurde in Katy\u010diai eine Wasserm\u00fchle gebaut, die nach dem Krieg zeitweise Strom f\u00fcr den Ort lieferte. Heute befindet sich das Geb\u00e4ude in einem bauf\u00e4lligen Zustand und m\u00fcsste renoviert werden. <br>Neben der Kirche, an der Kreuzung der Stra\u00dfen nach Degu\u010diai, Stubriai und Medi\u0161k\u0117miai, entstand ein Marktplatz mit Verkaufsst\u00e4nden. Im Jahr 1906 begann man, ihn mit Steinen zu pflastern. Dieser eigenartige Marktplatz war von prunkvollen Backsteingeb\u00e4uden mit 1 bis 3 Etagen umgeben. In den Nachkriegsjahren wurden viele Einzelgeh\u00f6fte zerst\u00f6rt, und die alten Geb\u00e4ude verfielen.<br>Nach 1990 setzte der Verfall in Katy\u010diai fort. In den Jahren der Unabh\u00e4ngigkeit wurden mehrst\u00f6ckige Geb\u00e4ude am Marktplatz aufgegeben und sp\u00e4ter abgerissen. Erst 2005 wurde der historische Teil des Ortes in das litauische Kulturerbeverzeichnis aufgenommen \u2013 ohne Angabe seines Wertes. Auch nach vielen Jahren hat der Ort zahlreiche deutsche Merkmale bewahrt. Es ist ein besonderer und interessanter Ort, in dem man etwas Einzigartiges entdecken kann. Im Laufe der Geschichte wurde Katy\u010diai unter verschiedenen Namen erw\u00e4hnt: Kotyca, Koadjuthen, Koadjuten, Coadjuthen, Katytiai, Kottiten.         <\/p><p style=\"text-align: left;\"> <\/p>\t\t\t\t\t\t\t\t<\/div>\n\t\t\t\t<\/div>\n\t\t\t\t<\/div>\n\t\t\t\t\t<\/div>\n\t\t\t\t<\/div>\n\t\t\t\t<\/div>\n\t\t","protected":false},"excerpt":{"rendered":"<p>Katy\u010diai ist ein St\u00e4dtchen am Ufer des Flusses \u0160y\u0161a und geh\u00f6rt zu den \u00e4ltesten Orten im Bezirk \u0160ilut\u0117. Es ist<\/p>\n","protected":false},"author":2,"featured_media":30703,"parent":44115,"menu_order":5,"comment_status":"closed","ping_status":"closed","template":"","meta":{"_acf_changed":false,"_monsterinsights_skip_tracking":false,"_monsterinsights_sitenote_active":false,"_monsterinsights_sitenote_note":"","_monsterinsights_sitenote_category":0,"footnotes":""},"class_list":["post-44218","page","type-page","status-publish","has-post-thumbnail","hentry"],"acf":[],"_links":{"self":[{"href":"https:\/\/siluteinfo.lt\/de\/wp-json\/wp\/v2\/pages\/44218","targetHints":{"allow":["GET"]}}],"collection":[{"href":"https:\/\/siluteinfo.lt\/de\/wp-json\/wp\/v2\/pages"}],"about":[{"href":"https:\/\/siluteinfo.lt\/de\/wp-json\/wp\/v2\/types\/page"}],"author":[{"embeddable":true,"href":"https:\/\/siluteinfo.lt\/de\/wp-json\/wp\/v2\/users\/2"}],"replies":[{"embeddable":true,"href":"https:\/\/siluteinfo.lt\/de\/wp-json\/wp\/v2\/comments?post=44218"}],"version-history":[{"count":0,"href":"https:\/\/siluteinfo.lt\/de\/wp-json\/wp\/v2\/pages\/44218\/revisions"}],"up":[{"embeddable":true,"href":"https:\/\/siluteinfo.lt\/de\/wp-json\/wp\/v2\/pages\/44115"}],"wp:featuredmedia":[{"embeddable":true,"href":"https:\/\/siluteinfo.lt\/de\/wp-json\/wp\/v2\/media\/30703"}],"wp:attachment":[{"href":"https:\/\/siluteinfo.lt\/de\/wp-json\/wp\/v2\/media?parent=44218"}],"curies":[{"name":"wp","href":"https:\/\/api.w.org\/{rel}","templated":true}]}}