{"id":44208,"date":"2025-06-20T10:43:31","date_gmt":"2025-06-20T07:43:31","guid":{"rendered":"https:\/\/siluteinfo.lt\/region-silute\/stadte-der-region-silute\/zemaiciu-naumiestis\/"},"modified":"2025-06-20T21:49:31","modified_gmt":"2025-06-20T18:49:31","slug":"zemaiciu-naumiestis","status":"publish","type":"page","link":"https:\/\/siluteinfo.lt\/de\/region-silute\/stadte-der-region-silute\/zemaiciu-naumiestis\/","title":{"rendered":"\u017demai\u010di\u0173 Naumiestis"},"content":{"rendered":"\t\t<div data-elementor-type=\"wp-page\" data-elementor-id=\"44208\" class=\"elementor elementor-44208 elementor-44084\" data-elementor-post-type=\"page\">\n\t\t\t\t<div class=\"wd-negative-gap elementor-element elementor-element-82a669c e-flex e-con-boxed e-con e-parent\" data-id=\"82a669c\" data-element_type=\"container\" data-e-type=\"container\">\n\t\t\t\t\t<div class=\"e-con-inner\">\n\t\t<div class=\"elementor-element elementor-element-68d8ef9 e-con-full e-flex e-con e-child\" data-id=\"68d8ef9\" data-element_type=\"container\" data-e-type=\"container\">\n\t\t\t\t<div class=\"elementor-element elementor-element-f5a6b03 elementor-widget elementor-widget-theme-post-featured-image elementor-widget-image\" data-id=\"f5a6b03\" data-element_type=\"widget\" data-e-type=\"widget\" data-widget_type=\"theme-post-featured-image.default\">\n\t\t\t\t<div class=\"elementor-widget-container\">\n\t\t\t\t\t\t\t\t\t\t\t\t\t\t\t<img loading=\"lazy\" decoding=\"async\" width=\"1200\" height=\"900\" src=\"https:\/\/siluteinfo.lt\/wp-content\/themes\/woodmart\/images\/lazy.svg\" data-src=\"https:\/\/siluteinfo.lt\/wp-content\/uploads\/2023\/10\/miesteliai-zemaiciu-naumiestis.jpg\" class=\" wd-lazy-blur attachment-full size-full wp-image-30745\" alt=\"\" srcset=\"\" data-srcset=\"https:\/\/siluteinfo.lt\/wp-content\/uploads\/2023\/10\/miesteliai-zemaiciu-naumiestis.jpg 1200w, https:\/\/siluteinfo.lt\/wp-content\/uploads\/2023\/10\/miesteliai-zemaiciu-naumiestis-400x300.jpg 400w, https:\/\/siluteinfo.lt\/wp-content\/uploads\/2023\/10\/miesteliai-zemaiciu-naumiestis-768x576.jpg 768w\" sizes=\"auto, (max-width: 1200px) 100vw, 1200px\" \/>\t\t\t\t\t\t\t\t\t\t\t\t\t\t\t<\/div>\n\t\t\t\t<\/div>\n\t\t\t\t<\/div>\n\t\t<div class=\"elementor-element elementor-element-ba9d204 e-con-full e-flex e-con e-child\" data-id=\"ba9d204\" data-element_type=\"container\" data-e-type=\"container\">\n\t\t\t\t<div class=\"elementor-element elementor-element-dc01d12 color-scheme-inherit text-left elementor-widget elementor-widget-text-editor\" data-id=\"dc01d12\" data-element_type=\"widget\" data-e-type=\"widget\" data-widget_type=\"text-editor.default\">\n\t\t\t\t<div class=\"elementor-widget-container\">\n\t\t\t\t\t\t\t\t\t<p>\u017demai\u010di\u0173 Naumiestis ist ein altes Grenzst\u00e4dtchen in Samogitien, dessen Umgebung seit dem 14. Jahrhundert besiedelt ist. Besondere Bedeutung erlangte der Ort nach dem Aufstand von 1863\u20131864, als litauische Publikationen verboten wurden \u2013 Naumiestis wurde zu einem wichtigen Zentrum f\u00fcr die Verbreitung verbotener Literatur. Einer der bedeutendsten Schmuggelwege f\u00fcr B\u00fccher f\u00fchrte durch den Ort. Von 1910 bis 1914 ver\u00f6ffentlichte der evangelisch-lutherische Pfarrer Friedrich Megnius in Naumiestis die litauischsprachige Zeitung Sve\u010dias, die einzige Zeitung, die damals in Samogitien erschien. \u00dcber hundert Jahre sp\u00e4ter wurden einige Exemplare dieser Zeitung bei der Renovierung des lutherischen Pfarrhauses gefunden.      <br>Der alte Marktplatz von \u017demai\u010di\u0173 Naumiestis, der seit Anfang des 19. Jahrhunderts mit Kopfsteinpflaster versehen und kaum ver\u00e4ndert ist, zeugt vom multikulturellen Leben dieses Grenzst\u00e4dtchens. Die umliegenden H\u00e4user wirken wie lebendige Ausstellungsst\u00fccke und erinnern an j\u00fcdische, litauische und \u201eLietuvininkai\u201c-Gesch\u00e4fte, Kneipen und Werkst\u00e4tten. In Naumiestis fanden zwei Wochenm\u00e4rkte, mehrere Jahrm\u00e4rkte statt, es gab ein Zollamt (an der Grenze zwischen Russland und Deutschland), rund drei\u00dfig Gesch\u00e4fte und Gastst\u00e4tten, ein Elektrizit\u00e4tswerk, ein Dampfs\u00e4gewerk, eine Wasserm\u00fchle, eine Strickerei, eine B\u00e4ckerei, eine Volksschule, eine Progymasium, eine Bibliothek und vieles mehr. Die Stadt wurde sch\u00f6n wiederaufgebaut, besser geplant, B\u00fcrgersteige angelegt, das Zentrum und die Hauptstra\u00dfen gepflastert.<br>Die Bewohner von Naumiestis beteiligten sich aktiv am Aufbau des unabh\u00e4ngigen Litauens. Nach der Wiederherstellung der litauischen Staatlichkeit im Jahr 1918 wurde Naumiestis zum Zentrum eines Amtsbezirks und als Taurag\u0117s Naumiestis bezeichnet. In den 1930er Jahren setzte sich der Name \u017demai\u010di\u0173 Naumiestis durch.<br>Auf dem Vanagi\u0173-H\u00fcgel, auch Gr\u00fcner H\u00fcgel genannt, steht stolz die r\u00f6misch-katholische Kirche des Heiligen Erzengels Michael, die 1782 erbaut wurde. Diese Holzkirche im Volksbaustil weist neogotische Elemente auf. Sie beherbergt religi\u00f6se Gem\u00e4lde und Skulpturen von k\u00fcnstlerischem Wert. Das Geb\u00e4ude hat einen kreuzf\u00f6rmigen Grundriss mit einem kleinen T\u00fcrmchen im Dachkreuz. 1842 wurde eine Kirche f\u00fcr die evangelischen Lutheraner errichtet. In \u017demai\u010di\u0173 Naumiestis lebte eine gro\u00dfe j\u00fcdische Gemeinde, woran auch die 1816 erbaute massive Ziegelstein-Synagoge erinnert. W\u00e4hrend der Sowjetzeit wurde sie als Kulturhaus genutzt. Heute ist das Geb\u00e4ude verfallen und ungenutzt. In \u017demai\u010di\u0173 Naumiestis hatte jede Glaubensgemeinschaft ihr eigenes Gotteshaus.<br>Die Architektur des St\u00e4dtchens hat sich \u00fcber viele Jahre kaum ver\u00e4ndert und zieht deshalb gerne litauische Filmteams an. Jeden Herbst findet auf dem wundersch\u00f6nen Gr\u00fcnen H\u00fcgel das Erntedankfest Dagotuv\u0117s statt.                     <\/p><p style=\"text-align: left;\"> <\/p>\t\t\t\t\t\t\t\t<\/div>\n\t\t\t\t<\/div>\n\t\t\t\t<\/div>\n\t\t\t\t\t<\/div>\n\t\t\t\t<\/div>\n\t\t\t\t<\/div>\n\t\t","protected":false},"excerpt":{"rendered":"<p>\u017demai\u010di\u0173 Naumiestis ist ein altes Grenzst\u00e4dtchen in Samogitien, dessen Umgebung seit dem 14. Jahrhundert besiedelt ist. Besondere Bedeutung erlangte der<\/p>\n","protected":false},"author":2,"featured_media":30745,"parent":44115,"menu_order":4,"comment_status":"closed","ping_status":"closed","template":"","meta":{"_acf_changed":false,"_monsterinsights_skip_tracking":false,"_monsterinsights_sitenote_active":false,"_monsterinsights_sitenote_note":"","_monsterinsights_sitenote_category":0,"footnotes":""},"class_list":["post-44208","page","type-page","status-publish","has-post-thumbnail","hentry"],"acf":[],"_links":{"self":[{"href":"https:\/\/siluteinfo.lt\/de\/wp-json\/wp\/v2\/pages\/44208","targetHints":{"allow":["GET"]}}],"collection":[{"href":"https:\/\/siluteinfo.lt\/de\/wp-json\/wp\/v2\/pages"}],"about":[{"href":"https:\/\/siluteinfo.lt\/de\/wp-json\/wp\/v2\/types\/page"}],"author":[{"embeddable":true,"href":"https:\/\/siluteinfo.lt\/de\/wp-json\/wp\/v2\/users\/2"}],"replies":[{"embeddable":true,"href":"https:\/\/siluteinfo.lt\/de\/wp-json\/wp\/v2\/comments?post=44208"}],"version-history":[{"count":0,"href":"https:\/\/siluteinfo.lt\/de\/wp-json\/wp\/v2\/pages\/44208\/revisions"}],"up":[{"embeddable":true,"href":"https:\/\/siluteinfo.lt\/de\/wp-json\/wp\/v2\/pages\/44115"}],"wp:featuredmedia":[{"embeddable":true,"href":"https:\/\/siluteinfo.lt\/de\/wp-json\/wp\/v2\/media\/30745"}],"wp:attachment":[{"href":"https:\/\/siluteinfo.lt\/de\/wp-json\/wp\/v2\/media?parent=44208"}],"curies":[{"name":"wp","href":"https:\/\/api.w.org\/{rel}","templated":true}]}}