{"id":44198,"date":"2025-06-20T10:41:36","date_gmt":"2025-06-20T07:41:36","guid":{"rendered":"https:\/\/siluteinfo.lt\/region-silute\/stadte-der-region-silute\/sveksna\/"},"modified":"2025-06-20T21:39:32","modified_gmt":"2025-06-20T18:39:32","slug":"sveksna","status":"publish","type":"page","link":"https:\/\/siluteinfo.lt\/de\/region-silute\/stadte-der-region-silute\/sveksna\/","title":{"rendered":"\u0160v\u0117k\u0161na"},"content":{"rendered":"\t\t<div data-elementor-type=\"wp-page\" data-elementor-id=\"44198\" class=\"elementor elementor-44198 elementor-44082\" data-elementor-post-type=\"page\">\n\t\t\t\t<div class=\"wd-negative-gap elementor-element elementor-element-fab703e e-flex e-con-boxed e-con e-parent\" data-id=\"fab703e\" data-element_type=\"container\" data-e-type=\"container\">\n\t\t\t\t\t<div class=\"e-con-inner\">\n\t\t<div class=\"elementor-element elementor-element-35caf43 e-con-full e-flex e-con e-child\" data-id=\"35caf43\" data-element_type=\"container\" data-e-type=\"container\">\n\t\t\t\t<div class=\"elementor-element elementor-element-7c35cb6 elementor-widget elementor-widget-theme-post-featured-image elementor-widget-image\" data-id=\"7c35cb6\" data-element_type=\"widget\" data-e-type=\"widget\" data-widget_type=\"theme-post-featured-image.default\">\n\t\t\t\t<div class=\"elementor-widget-container\">\n\t\t\t\t\t\t\t\t\t\t\t\t\t\t\t<img loading=\"lazy\" decoding=\"async\" width=\"1200\" height=\"900\" src=\"https:\/\/siluteinfo.lt\/wp-content\/themes\/woodmart\/images\/lazy.svg\" data-src=\"https:\/\/siluteinfo.lt\/wp-content\/uploads\/2023\/10\/miesteliai-sveksna.jpg\" class=\" wd-lazy-blur attachment-full size-full wp-image-30727\" alt=\"\" srcset=\"\" data-srcset=\"https:\/\/siluteinfo.lt\/wp-content\/uploads\/2023\/10\/miesteliai-sveksna.jpg 1200w, https:\/\/siluteinfo.lt\/wp-content\/uploads\/2023\/10\/miesteliai-sveksna-400x300.jpg 400w, https:\/\/siluteinfo.lt\/wp-content\/uploads\/2023\/10\/miesteliai-sveksna-768x576.jpg 768w\" sizes=\"auto, (max-width: 1200px) 100vw, 1200px\" \/>\t\t\t\t\t\t\t\t\t\t\t\t\t\t\t<\/div>\n\t\t\t\t<\/div>\n\t\t\t\t<\/div>\n\t\t<div class=\"elementor-element elementor-element-183328a e-con-full e-flex e-con e-child\" data-id=\"183328a\" data-element_type=\"container\" data-e-type=\"container\">\n\t\t\t\t<div class=\"elementor-element elementor-element-0d266cd color-scheme-inherit text-left elementor-widget elementor-widget-text-editor\" data-id=\"0d266cd\" data-element_type=\"widget\" data-e-type=\"widget\" data-widget_type=\"text-editor.default\">\n\t\t\t\t<div class=\"elementor-widget-container\">\n\t\t\t\t\t\t\t\t\t<p style=\"text-align: left;\">\u0160v\u0117k\u0161na ist eine Stadt, die f\u00fcr den h\u00f6chsten Berg (65 m) der Gemeinde \u0160ilut\u0117, eine zweist\u00f6ckige Kirche aus rotem Backstein und den von den Grafen Pliateris im 19. Jahrhundert angelegten Park mit einer beeindruckenden Lindenallee, der Villa Genovait\u0117, Teichen und Skulpturen bekannt ist. \u0160v\u0117k\u0161na geh\u00f6rte zu Samogitia und unterscheidet sich daher in seiner Stadtstruktur von den St\u00e4dten in Kleinlitauen, einer ehemaligen Grenzstadt zwischen Ostpreu\u00dfen und Gro\u00dflitauen. Die Stadt wurde erstmals 1503 in schriftlichen Quellen erw\u00e4hnt. Das Gut \u0160v\u0117k\u0161na wurde in der zweiten H\u00e4lfte des 15. Jahrhunderts von den samogitischen Adligen K\u0119sgailos gegr\u00fcndet. Die erste Kirche wurde im Jahr 1509 gebaut. In den Jahren 1624-1644, als \u0160v\u0117k\u0161na von Jeronimas Kri\u0161pinas Kir\u0161en\u0161teinas regiert wurde, waren auf dem Gut Papier-, Glas- und Schie\u00dfpulverwerkst\u00e4tten &#8211; eine der ersten Leibeigenenmanufakturen in Samogitien &#8211; in Betrieb. Die letzten Besitzer von \u0160v\u0117k\u0161na, die Pliateris, besa\u00dfen etwa 33.000 Hektar Land (einschlie\u00dflich des Gutshofs Paj\u016brio) und hatten mehr als 5.000 Leibeigene. Im Jahr 1820 wurden die L\u00e4ndereien des Grafen unter seinen vier S\u00f6hnen aufgeteilt, wodurch vier Gutsh\u00f6fe entstanden: \u0160v\u0117k\u0161na, Vilk\u0117nas, Gedminai\u010diai und Stempliai. Simonas Stanevi\u010dius, ein ber\u00fchmter litauischer Dichter und Historiker des 19. Jahrhunderts, ist auf dem Friedhof von \u0160v\u0117k\u0161na begraben. Arch\u00e4ologen haben auf einem Friedhof in der N\u00e4he von \u0160v\u0117k\u0161na sieben antike Kultstatuen aus dem alten \u00c4gypten gefunden, die \u00e4gyptische G\u00f6tter und Priester darstellen.               <br>Heute ist \u0160v\u0117k\u0161na ein au\u00dfergew\u00f6hnlicher Ort, nicht nur weil er von einer reichen und interessanten Vergangenheit umgeben ist. Er fasziniert uns mit seiner sch\u00f6nen Natur, seinen Baudenkm\u00e4lern und den ber\u00fchmten Pers\u00f6nlichkeiten, die von hier stammen. Im Zentrum der Stadt befindet sich ein gepflasterter Marktplatz, auf dem jeden Donnerstag ein lebhafter Markt stattfindet. Die Kirche und die Architektur der Stadt ziehen Jungverm\u00e4hlte und litauische Filmemacher an. Die neugotische Kirche, die 1905 nach einem Entwurf des schwedischen Architekten Karl Eduard Strandman erbaut wurde, ist eines der wichtigsten architektonischen Wahrzeichen der Stadt. Der Bau der Kirche wurde von den Grafen von \u0160v\u0117k\u0161na und Vilk\u0117nas Pliateriai finanziert, und die Einwohner von \u0160v\u0117k\u0161na und der Nachbargemeinden spendeten gro\u00dfz\u00fcgig f\u00fcr den Bau. Ein Teil der Mittel wurde von in den USA lebenden litauischen Auswanderern gesammelt. Der Kirchhof der Kirche ist durch eine bogenf\u00f6rmige Fu\u00dfg\u00e4ngerbr\u00fccke mit dem Park verbunden &#8211; ein Viadukt, das um 1885 gebaut wurde. Es ist ein einzigartiges und seltenes Bauwerk in Litauen.         <br>\u0160v\u0117k\u0161na ist stolz auf ihre aktive Gemeinschaft, die die Stadt schm\u00fcckt und den Namen \u0160v\u0117k\u0161na in ganz Litauen bekannt macht.<\/p><p style=\"text-align: left;\"> <\/p>\t\t\t\t\t\t\t\t<\/div>\n\t\t\t\t<\/div>\n\t\t\t\t<\/div>\n\t\t\t\t\t<\/div>\n\t\t\t\t<\/div>\n\t\t\t\t<\/div>\n\t\t","protected":false},"excerpt":{"rendered":"<p>\u0160v\u0117k\u0161na ist eine Stadt, die f\u00fcr den h\u00f6chsten Berg (65 m) der Gemeinde \u0160ilut\u0117, eine zweist\u00f6ckige Kirche aus rotem Backstein<\/p>\n","protected":false},"author":2,"featured_media":30727,"parent":44115,"menu_order":3,"comment_status":"closed","ping_status":"closed","template":"","meta":{"_acf_changed":false,"_monsterinsights_skip_tracking":false,"_monsterinsights_sitenote_active":false,"_monsterinsights_sitenote_note":"","_monsterinsights_sitenote_category":0,"footnotes":""},"class_list":["post-44198","page","type-page","status-publish","has-post-thumbnail","hentry"],"acf":[],"_links":{"self":[{"href":"https:\/\/siluteinfo.lt\/de\/wp-json\/wp\/v2\/pages\/44198","targetHints":{"allow":["GET"]}}],"collection":[{"href":"https:\/\/siluteinfo.lt\/de\/wp-json\/wp\/v2\/pages"}],"about":[{"href":"https:\/\/siluteinfo.lt\/de\/wp-json\/wp\/v2\/types\/page"}],"author":[{"embeddable":true,"href":"https:\/\/siluteinfo.lt\/de\/wp-json\/wp\/v2\/users\/2"}],"replies":[{"embeddable":true,"href":"https:\/\/siluteinfo.lt\/de\/wp-json\/wp\/v2\/comments?post=44198"}],"version-history":[{"count":0,"href":"https:\/\/siluteinfo.lt\/de\/wp-json\/wp\/v2\/pages\/44198\/revisions"}],"up":[{"embeddable":true,"href":"https:\/\/siluteinfo.lt\/de\/wp-json\/wp\/v2\/pages\/44115"}],"wp:featuredmedia":[{"embeddable":true,"href":"https:\/\/siluteinfo.lt\/de\/wp-json\/wp\/v2\/media\/30727"}],"wp:attachment":[{"href":"https:\/\/siluteinfo.lt\/de\/wp-json\/wp\/v2\/media?parent=44198"}],"curies":[{"name":"wp","href":"https:\/\/api.w.org\/{rel}","templated":true}]}}