{"id":44191,"date":"2025-06-20T10:39:56","date_gmt":"2025-06-20T07:39:56","guid":{"rendered":"https:\/\/siluteinfo.lt\/region-silute\/stadte-der-region-silute\/rusne\/"},"modified":"2025-06-20T21:36:14","modified_gmt":"2025-06-20T18:36:14","slug":"rusne","status":"publish","type":"page","link":"https:\/\/siluteinfo.lt\/de\/region-silute\/stadte-der-region-silute\/rusne\/","title":{"rendered":"Rusn\u0117"},"content":{"rendered":"\t\t<div data-elementor-type=\"wp-page\" data-elementor-id=\"44191\" class=\"elementor elementor-44191 elementor-44078\" data-elementor-post-type=\"page\">\n\t\t\t\t<div class=\"wd-negative-gap elementor-element elementor-element-ab16e31 e-flex e-con-boxed e-con e-parent\" data-id=\"ab16e31\" data-element_type=\"container\" data-e-type=\"container\">\n\t\t\t\t\t<div class=\"e-con-inner\">\n\t\t<div class=\"elementor-element elementor-element-f986a69 e-con-full e-flex e-con e-child\" data-id=\"f986a69\" data-element_type=\"container\" data-e-type=\"container\">\n\t\t\t\t<div class=\"elementor-element elementor-element-88aba7b elementor-widget elementor-widget-theme-post-featured-image elementor-widget-image\" data-id=\"88aba7b\" data-element_type=\"widget\" data-e-type=\"widget\" data-widget_type=\"theme-post-featured-image.default\">\n\t\t\t\t<div class=\"elementor-widget-container\">\n\t\t\t\t\t\t\t\t\t\t\t\t\t\t\t<img loading=\"lazy\" decoding=\"async\" width=\"1200\" height=\"800\" src=\"https:\/\/siluteinfo.lt\/wp-content\/themes\/woodmart\/images\/lazy.svg\" data-src=\"https:\/\/siluteinfo.lt\/wp-content\/uploads\/2025\/05\/miesteliai-rusne.jpg\" class=\" wd-lazy-blur attachment-full size-full wp-image-42605\" alt=\"Rusn\u0117s panorama\" srcset=\"\" data-srcset=\"https:\/\/siluteinfo.lt\/wp-content\/uploads\/2025\/05\/miesteliai-rusne.jpg 1200w, https:\/\/siluteinfo.lt\/wp-content\/uploads\/2025\/05\/miesteliai-rusne-400x267.jpg 400w, https:\/\/siluteinfo.lt\/wp-content\/uploads\/2025\/05\/miesteliai-rusne-768x512.jpg 768w\" sizes=\"auto, (max-width: 1200px) 100vw, 1200px\" \/>\t\t\t\t\t\t\t\t\t\t\t\t\t\t\t<\/div>\n\t\t\t\t<\/div>\n\t\t\t\t<\/div>\n\t\t<div class=\"elementor-element elementor-element-6b94c63 e-con-full e-flex e-con e-child\" data-id=\"6b94c63\" data-element_type=\"container\" data-e-type=\"container\">\n\t\t\t\t<div class=\"elementor-element elementor-element-7bdd7d3 color-scheme-inherit text-left elementor-widget elementor-widget-text-editor\" data-id=\"7bdd7d3\" data-element_type=\"widget\" data-e-type=\"widget\" data-widget_type=\"text-editor.default\">\n\t\t\t\t<div class=\"elementor-widget-container\">\n\t\t\t\t\t\t\t\t\t<p style=\"text-align: left;\">Rusn\u0117 ist eine der \u00e4ltesten, einzigartigsten und faszinierendsten Siedlungen in Kleinlitauen, gelegen im Memeldelta. Der Name der gr\u00f6\u00dften Insel Litauens wurde erstmals im Jahr 1366 in schriftlichen Quellen erw\u00e4hnt, als der Deutsche Orden begann, sich an der K\u00fcste und in der Region des Kurischen Haffs zu etablieren.<br>Rusn\u0117 ist eine Grenzstadt, die auf einer Insel im Memeldelta zwischen den Fl\u00fcssen Atmata und Skirvyt\u0117 liegt, w\u00e4hrend die Pakaln\u0117 durch die Mitte flie\u00dft. Auf der anderen Seite des Flusses beginnt das Kaliningrader Gebiet der Russischen F\u00f6deration. Der einzige Zugang zur Insel Rusn\u0117 f\u00fchrt \u00fcber eine Br\u00fccke \u00fcber die Atmata. Die erste Br\u00fccke zur Insel wurde 1914 erbaut \u2013 die Peters-Br\u00fccke mit zwei B\u00f6gen, von der noch heute \u00dcberreste zu sehen sind. Sechzig Jahre sp\u00e4ter, 1974, wurde neben der alten eine neue Br\u00fccke errichtet.<br>Rusn\u0117 ist die gr\u00f6\u00dfte Stadt Litauens, die sich auf einer Insel befindet, und ist bekannt f\u00fcr ihre beeindruckende Natursch\u00f6nheit, die Vielfalt an Vogelarten und die j\u00e4hrlichen Fr\u00fchlings\u00fcberschwemmungen. Die Insel hat eine Fl\u00e4che von 47 km\u00b2 und umfasst neben der Stadt Rusn\u0117 auch mehrere kleinere D\u00f6rfer: Vorusn\u0117, \u0160y\u0161krant\u0117, Pakaln\u0117, Uostadvaris und Skirvyt\u0117l\u0117. Rusn\u0117 ist nicht die einzige Insel im Memeldelta \u2013 sie wird von mehreren kleineren Inseln umgeben.<br>Besucher von Rusn\u0117 sind von den atemberaubenden maritimen Landschaften fasziniert. Das Zusammenspiel von frischem K\u00fcstenwind, sanften Wellen und rauschenden Kiefernw\u00e4ldern erschafft ein eindrucksvolles Naturpanorama.             <br>Rusn\u0117 ist nicht nur f\u00fcr ihre malerische Landschaft und gut erhaltene historische Holzarchitektur ber\u00fchmt, sondern wird auch zu Recht als Hauptstadt des besten ger\u00e4ucherten Fisches bezeichnet. Jedes Jahr str\u00f6men unz\u00e4hlige Besucher hierher, um authentische, lokal hergestellte Fischspezialit\u00e4ten zu kosten und den verf\u00fchrerischen Duft von frisch ger\u00e4uchertem Fisch zu genie\u00dfen. Viele G\u00e4ste, die Rusn\u0117 zum ersten Mal besuchen, kommen zur\u00fcck, da sie wissen, dass sie hier immer willkommen sind.<br>Die gr\u00f6\u00dfte Insel Litauens bietet eine perfekte Kombination aus Wasser- und Landaktivit\u00e4ten, die Besucher mit unterschiedlichsten Interessen anzieht \u2013 von professionellen und Hobby-Fischern \u00fcber Ornithologen, Natur- und Kulturerforscher bis hin zu Erholungssuchenden und Wasserliebhabern.<br>Rusn\u0117 bietet zahlreiche Wassersportm\u00f6glichkeiten, darunter Angeln, Bootsfahrten, Kanufahren und Kajakfahren. Zudem ist die Insel das wichtigste Zentrum f\u00fcr das Eisfischen auf dem Kurischen Haff, was sie zu einem attraktiven Ziel f\u00fcr Winterangler macht.<br>Rusn\u0117 ist ein einzigartiger Naturort, umgeben von Wasser auf allen Seiten, ein wahrer Geheimtipp f\u00fcr Naturliebhaber \u2013 ein Ort, an den man immer wieder gerne zur\u00fcckkehrt.      <\/p>\n<p style=\"text-align: left;\"><\/p>\n<p style=\"text-align: left;\"><\/p>\t\t\t\t\t\t\t\t<\/div>\n\t\t\t\t<\/div>\n\t\t\t\t<\/div>\n\t\t\t\t\t<\/div>\n\t\t\t\t<\/div>\n\t\t\t\t<\/div>\n\t\t","protected":false},"excerpt":{"rendered":"<p>Rusn\u0117 ist eine der \u00e4ltesten, einzigartigsten und faszinierendsten Siedlungen in Kleinlitauen, gelegen im Memeldelta. Der Name der gr\u00f6\u00dften Insel Litauens<\/p>\n","protected":false},"author":2,"featured_media":42605,"parent":44115,"menu_order":2,"comment_status":"closed","ping_status":"closed","template":"","meta":{"_acf_changed":false,"_monsterinsights_skip_tracking":false,"_monsterinsights_sitenote_active":false,"_monsterinsights_sitenote_note":"","_monsterinsights_sitenote_category":0,"footnotes":""},"class_list":["post-44191","page","type-page","status-publish","has-post-thumbnail","hentry"],"acf":[],"_links":{"self":[{"href":"https:\/\/siluteinfo.lt\/de\/wp-json\/wp\/v2\/pages\/44191","targetHints":{"allow":["GET"]}}],"collection":[{"href":"https:\/\/siluteinfo.lt\/de\/wp-json\/wp\/v2\/pages"}],"about":[{"href":"https:\/\/siluteinfo.lt\/de\/wp-json\/wp\/v2\/types\/page"}],"author":[{"embeddable":true,"href":"https:\/\/siluteinfo.lt\/de\/wp-json\/wp\/v2\/users\/2"}],"replies":[{"embeddable":true,"href":"https:\/\/siluteinfo.lt\/de\/wp-json\/wp\/v2\/comments?post=44191"}],"version-history":[{"count":0,"href":"https:\/\/siluteinfo.lt\/de\/wp-json\/wp\/v2\/pages\/44191\/revisions"}],"up":[{"embeddable":true,"href":"https:\/\/siluteinfo.lt\/de\/wp-json\/wp\/v2\/pages\/44115"}],"wp:featuredmedia":[{"embeddable":true,"href":"https:\/\/siluteinfo.lt\/de\/wp-json\/wp\/v2\/media\/42605"}],"wp:attachment":[{"href":"https:\/\/siluteinfo.lt\/de\/wp-json\/wp\/v2\/media?parent=44191"}],"curies":[{"name":"wp","href":"https:\/\/api.w.org\/{rel}","templated":true}]}}