{"id":44176,"date":"2025-06-20T10:39:09","date_gmt":"2025-06-20T07:39:09","guid":{"rendered":"https:\/\/siluteinfo.lt\/region-silute\/stadte-der-region-silute\/kintai\/"},"modified":"2025-06-20T21:31:25","modified_gmt":"2025-06-20T18:31:25","slug":"kintai","status":"publish","type":"page","link":"https:\/\/siluteinfo.lt\/de\/region-silute\/stadte-der-region-silute\/kintai\/","title":{"rendered":"Kintai"},"content":{"rendered":"\t\t<div data-elementor-type=\"wp-page\" data-elementor-id=\"44176\" class=\"elementor elementor-44176 elementor-44076\" data-elementor-post-type=\"page\">\n\t\t\t\t<div class=\"wd-negative-gap elementor-element elementor-element-6050041 e-flex e-con-boxed e-con e-parent\" data-id=\"6050041\" data-element_type=\"container\" data-e-type=\"container\">\n\t\t\t\t\t<div class=\"e-con-inner\">\n\t\t<div class=\"elementor-element elementor-element-cd0dcc7 e-con-full e-flex e-con e-child\" data-id=\"cd0dcc7\" data-element_type=\"container\" data-e-type=\"container\">\n\t\t\t\t<div class=\"elementor-element elementor-element-3ddee92 elementor-widget elementor-widget-theme-post-featured-image elementor-widget-image\" data-id=\"3ddee92\" data-element_type=\"widget\" data-e-type=\"widget\" data-widget_type=\"theme-post-featured-image.default\">\n\t\t\t\t<div class=\"elementor-widget-container\">\n\t\t\t\t\t\t\t\t\t\t\t\t\t\t\t<img loading=\"lazy\" decoding=\"async\" width=\"1200\" height=\"800\" src=\"https:\/\/siluteinfo.lt\/wp-content\/themes\/woodmart\/images\/lazy.svg\" data-src=\"https:\/\/siluteinfo.lt\/wp-content\/uploads\/2025\/05\/miesteliai-kintai.jpg\" class=\" wd-lazy-blur attachment-full size-full wp-image-42615\" alt=\"Kint\u0173 panorama\" srcset=\"\" data-srcset=\"https:\/\/siluteinfo.lt\/wp-content\/uploads\/2025\/05\/miesteliai-kintai.jpg 1200w, https:\/\/siluteinfo.lt\/wp-content\/uploads\/2025\/05\/miesteliai-kintai-400x267.jpg 400w, https:\/\/siluteinfo.lt\/wp-content\/uploads\/2025\/05\/miesteliai-kintai-768x512.jpg 768w\" sizes=\"auto, (max-width: 1200px) 100vw, 1200px\" \/>\t\t\t\t\t\t\t\t\t\t\t\t\t\t\t<\/div>\n\t\t\t\t<\/div>\n\t\t\t\t<\/div>\n\t\t<div class=\"elementor-element elementor-element-0fb2f5f e-con-full e-flex e-con e-child\" data-id=\"0fb2f5f\" data-element_type=\"container\" data-e-type=\"container\">\n\t\t\t\t<div class=\"elementor-element elementor-element-54b13ec color-scheme-inherit text-left elementor-widget elementor-widget-text-editor\" data-id=\"54b13ec\" data-element_type=\"widget\" data-e-type=\"widget\" data-widget_type=\"text-editor.default\">\n\t\t\t\t<div class=\"elementor-widget-container\">\n\t\t\t\t\t\t\t\t\t<p style=\"text-align: left;\">Kintai ist eine Siedlung am Kurischen Haff. Kintai ist von einem wundersch\u00f6nen Kiefernwald (600 Hektar) umgeben \u2013 dem Kintai-Wald. Im Zentrum der Stadt befindet sich eine evangelisch-lutherische Kirche aus dem 18. In j\u00fcngster Zeit hat sich die gro\u00dfe Kirche von Kintai allm\u00e4hlich zu einem Kulturzentrum entwickelt, in dem die Konzerte des Kintai-Sommerfestivals stattfinden. Das Kintai-Festival hat sich zu einem anerkannten kulturellen Ph\u00e4nomen auf europ\u00e4ischer Ebene entwickelt. Ber\u00fchmt ist Kintai auch durch den Fischereiinspektor Vilhelmas Berbomas, einen englischen Kaufmann, der hier lebte und 1844 die Kennzeichnung der Fischerboote des Kurischen Haffs mit Wetterfahnen einf\u00fchrte. Nirgendwo sonst in Europa gab es derartig verzierte und markante Wetterfahnen. In den Jahren 1888-1892 lebte und arbeitete der ber\u00fchmte litauische Schriftsteller und Philosoph Vyd\u016bnas in Kintai. Hier befindet sich das Vyd\u016bnas-Gedenkmuseum, in dem Sie Ihr Wissen \u00fcber die Vergangenheit Kleinlitauens vertiefen und ein einzigartiges Exponat sehen k\u00f6nnen \u2013 die Harfe von Vyd\u016bnas. Kintai ist auch f\u00fcr den gr\u00f6\u00dften Tuja-Baum Litauens bekannt, der etwa 18 Meter hoch ist und eine Kronenbreite von etwa 12 Metern hat. In Europa ist eine gr\u00f6\u00dfere nur in der Schweiz bekannt.<br>Kintai ist auch f\u00fcr seine Fischereitraditionen ber\u00fchmt. Damals war der Fischfang das Haupterwerb, und das ist bis heute so geblieben. Seit der Antike wetteifern die Kintis mit den Fischern aus Rusn\u0117 um ihre speziellen Rezepte f\u00fcr ger\u00e4ucherten Fisch. Die K\u00fcste von Kintai\u2013Vent\u0117 ist zu einem beliebten Ort f\u00fcr Sommer-Pleinairs von K\u00fcnstlern geworden.<br>Unweit von Kintai, im Unterlauf des Flusses Minija, liegt das Dorf Minija \u2013 besser bekannt unter dem Namen Ming\u0117 \u2013, das erstmals im Jahr 1540 in schriftlichen Quellen erw\u00e4hnt wurde. Das im malerischen Regionalpark Memeldelta gelegene Dorf ist auch deshalb einzigartig, weil der Fluss, der die Fischer anlockt, eine Stra\u00dfe bildet, die man aber nicht so einfach \u00fcberqueren kann \u2013 es gibt keine Br\u00fccke. Die Einheimischen \u00fcberqueren den Fluss mit dem Boot oder mit dem Tretboot. Aus diesem Grund und wegen der sch\u00f6nen Landschaft nennen die Einheimischen Ming\u0117 das kleine Venedig Litauens. Das Dorf verf\u00fcgt \u00fcber einen ausgezeichneten Jachthafen mit einer kompletten Infrastruktur. Er ist einer der meistbesuchten Orte in der Region.                    <br>Wer auch nur einmal in Pamarys gewesen ist, wei\u00df um die magische Sch\u00f6nheit dieser Natur: Atemberaubende Landschaften, Vogelkolonien, W\u00e4lder, Fl\u00fcsse und traumhafte Sonnenaufg\u00e4nge \u2013 all das bietet eine perfekte Erholung vom L\u00e4rm und Trubel der Stadt. <\/p><p style=\"text-align: left;\"> <\/p>\t\t\t\t\t\t\t\t<\/div>\n\t\t\t\t<\/div>\n\t\t\t\t<\/div>\n\t\t\t\t\t<\/div>\n\t\t\t\t<\/div>\n\t\t\t\t<\/div>\n\t\t","protected":false},"excerpt":{"rendered":"<p>Kintai ist eine Siedlung am Kurischen Haff. Kintai ist von einem wundersch\u00f6nen Kiefernwald (600 Hektar) umgeben \u2013 dem Kintai-Wald. Im<\/p>\n","protected":false},"author":2,"featured_media":42615,"parent":44115,"menu_order":1,"comment_status":"closed","ping_status":"closed","template":"","meta":{"_acf_changed":false,"_monsterinsights_skip_tracking":false,"_monsterinsights_sitenote_active":false,"_monsterinsights_sitenote_note":"","_monsterinsights_sitenote_category":0,"footnotes":""},"class_list":["post-44176","page","type-page","status-publish","has-post-thumbnail","hentry"],"acf":[],"_links":{"self":[{"href":"https:\/\/siluteinfo.lt\/de\/wp-json\/wp\/v2\/pages\/44176","targetHints":{"allow":["GET"]}}],"collection":[{"href":"https:\/\/siluteinfo.lt\/de\/wp-json\/wp\/v2\/pages"}],"about":[{"href":"https:\/\/siluteinfo.lt\/de\/wp-json\/wp\/v2\/types\/page"}],"author":[{"embeddable":true,"href":"https:\/\/siluteinfo.lt\/de\/wp-json\/wp\/v2\/users\/2"}],"replies":[{"embeddable":true,"href":"https:\/\/siluteinfo.lt\/de\/wp-json\/wp\/v2\/comments?post=44176"}],"version-history":[{"count":0,"href":"https:\/\/siluteinfo.lt\/de\/wp-json\/wp\/v2\/pages\/44176\/revisions"}],"up":[{"embeddable":true,"href":"https:\/\/siluteinfo.lt\/de\/wp-json\/wp\/v2\/pages\/44115"}],"wp:featuredmedia":[{"embeddable":true,"href":"https:\/\/siluteinfo.lt\/de\/wp-json\/wp\/v2\/media\/42615"}],"wp:attachment":[{"href":"https:\/\/siluteinfo.lt\/de\/wp-json\/wp\/v2\/media?parent=44176"}],"curies":[{"name":"wp","href":"https:\/\/api.w.org\/{rel}","templated":true}]}}