{"id":43930,"date":"2022-05-26T06:19:00","date_gmt":"2022-05-26T04:19:00","guid":{"rendered":"https:\/\/siluteinfo.lt\/freizeit\/zu-besuchende-orte\/muhle-und-sagewerk-von-saugos\/"},"modified":"2025-06-19T08:42:01","modified_gmt":"2025-06-19T06:42:01","slug":"muhle-und-sagewerk-von-saugos","status":"publish","type":"page","link":"https:\/\/siluteinfo.lt\/de\/freizeit\/zu-besuchende-orte\/muhle-und-sagewerk-von-saugos\/","title":{"rendered":"M\u00fchle und S\u00e4gewerk von Saugos"},"content":{"rendered":"\t\t<div data-elementor-type=\"wp-page\" data-elementor-id=\"43930\" class=\"elementor elementor-43930 elementor-11363\" data-elementor-post-type=\"page\">\n\t\t\t\t<div class=\"wd-negative-gap elementor-element elementor-element-2000cde e-flex e-con-boxed e-con e-parent\" data-id=\"2000cde\" data-element_type=\"container\" data-e-type=\"container\">\n\t\t\t\t\t<div class=\"e-con-inner\">\n\t\t<div class=\"elementor-element elementor-element-58d07ba e-con-full e-flex e-con e-child\" data-id=\"58d07ba\" data-element_type=\"container\" data-e-type=\"container\">\n\t\t\t\t<div class=\"elementor-element elementor-element-7bb0280 elementor-widget elementor-widget-theme-post-featured-image elementor-widget-image\" data-id=\"7bb0280\" data-element_type=\"widget\" data-e-type=\"widget\" data-widget_type=\"theme-post-featured-image.default\">\n\t\t\t\t<div class=\"elementor-widget-container\">\n\t\t\t\t\t\t\t\t\t\t\t\t\t\t\t<img loading=\"lazy\" decoding=\"async\" width=\"1200\" height=\"800\" src=\"https:\/\/siluteinfo.lt\/wp-content\/themes\/woodmart\/images\/lazy.svg\" data-src=\"https:\/\/siluteinfo.lt\/wp-content\/uploads\/2025\/06\/lankomi-saugu-malunas-lentpjuve.jpg\" class=\" wd-lazy-blur attachment-full size-full wp-image-43605\" alt=\"Mal\u016bnas-lentpj\u016bv\u0117 Saugose.\" srcset=\"\" data-srcset=\"https:\/\/siluteinfo.lt\/wp-content\/uploads\/2025\/06\/lankomi-saugu-malunas-lentpjuve.jpg 1200w, https:\/\/siluteinfo.lt\/wp-content\/uploads\/2025\/06\/lankomi-saugu-malunas-lentpjuve-800x533.jpg 800w, https:\/\/siluteinfo.lt\/wp-content\/uploads\/2025\/06\/lankomi-saugu-malunas-lentpjuve-768x512.jpg 768w\" sizes=\"auto, (max-width: 1200px) 100vw, 1200px\" \/>\t\t\t\t\t\t\t\t\t\t\t\t\t\t\t<\/div>\n\t\t\t\t<\/div>\n\t\t\t\t<\/div>\n\t\t<div class=\"elementor-element elementor-element-e6ac998 e-con-full e-flex e-con e-child\" data-id=\"e6ac998\" data-element_type=\"container\" data-e-type=\"container\">\n\t\t\t\t<div class=\"elementor-element elementor-element-13111b1 color-scheme-inherit text-left elementor-widget elementor-widget-text-editor\" data-id=\"13111b1\" data-element_type=\"widget\" data-e-type=\"widget\" data-widget_type=\"text-editor.default\">\n\t\t\t\t<div class=\"elementor-widget-container\">\n\t\t\t\t\t\t\t\t\t<div dir=\"auto\" style=\"font-style: normal; font-variant-ligatures: normal; font-variant-caps: normal; font-weight: 400; font-family: Jost, Arial, Helvetica, sans-serif; font-size: 16px; white-space: normal; text-align: justify;\"><div dir=\"auto\" style=\"font-style: normal; font-variant-ligatures: normal; font-variant-caps: normal; font-weight: 400; font-family: Jost, Arial, Helvetica, sans-serif; font-size: 16px; white-space: normal; text-align: justify;\"><div dir=\"auto\" style=\"font-style: normal; font-variant-ligatures: normal; font-variant-caps: normal; font-weight: 400; font-family: Jost, Arial, Helvetica, sans-serif; font-size: 16px; white-space: normal; text-align: justify;\"><div dir=\"auto\" style=\"font-style: normal; font-variant-ligatures: normal; font-variant-caps: normal; font-weight: 400; font-family: Jost, Arial, Helvetica, sans-serif; font-size: 16px; white-space: normal; text-align: justify;\"><div dir=\"auto\" style=\"font-style: normal; font-variant-ligatures: normal; font-variant-caps: normal; font-weight: 400; font-family: Jost, Arial, Helvetica, sans-serif; font-size: 16px; white-space: normal; text-align: justify;\"><div dir=\"auto\" style=\"font-style: normal; font-variant-ligatures: normal; font-variant-caps: normal; font-weight: 400; font-family: Jost, Arial, Helvetica, sans-serif; font-size: 16px; white-space: normal; text-align: justify;\"><div dir=\"auto\" style=\"font-style: normal; font-variant-ligatures: normal; font-variant-caps: normal; font-weight: 400; font-family: Jost, Arial, Helvetica, sans-serif; font-size: 16px; white-space: normal; text-align: justify;\"><div dir=\"auto\" style=\"font-style: normal; font-variant-ligatures: normal; font-variant-caps: normal; font-weight: 400; font-family: Jost, Arial, Helvetica, sans-serif; font-size: 16px; white-space: normal; text-align: justify;\"><p style=\"text-align: left;\">Die M\u00fchle in Saugos wurde 1908 als Nebeneinrichtung zur M\u00fchle in Vilky\u010diai erbaut. In Vilky\u010diai stand praktisch keine einzelne M\u00fchle, sondern eine gesamte Station, die Memel \u2013 das heutige Klaip\u0117da \u2013 mit Mehl versorgte. Als die Kapazit\u00e4t der M\u00fchle in Vilky\u010diai nicht mehr ausreichte, entschied man sich, eine neue M\u00fchle in Saugos zu bauen. Die daf\u00fcr ben\u00f6tigte Ausr\u00fcstung wurde per Zug aus Deutschland gebracht. Zun\u00e4chst wurden die Mechanismen der M\u00fchle und des darunter liegenden S\u00e4gewerks mit einer Dampfmaschine betrieben. Um 1936 wurde ein Einzylinder-Dieselmotor eingebaut. Sobald er gestartet wurde, sah man alle 30 Sekunden eine Rauchwolke \u2013 ein Zeichen, dass die M\u00fchlsteine liefen und Getreide gemahlen wurde. Mit dem Aufkommen von Elektrizit\u00e4t wurde 1953 ein Elektromotor installiert.<br>Die M\u00fchle wurde aus Ziegeln gebaut, die in \u0160ilut\u0117 hergestellt wurden \u2013 bis heute zeigen sie keine Risse. Die M\u00fchle ist l\u00e4ngst kein integraler Bestandteil des Alltags mehr, ihre Steine mahlen kein Korn mehr. Doch dank des Einsatzes lokaler Kulturerbepflege hat sie gro\u00dfe Bedeutung f\u00fcr die Geschichte der Region und der M\u00fchlen in Litauen: Sie bewahrt bis heute originale technische Ausstattung und authentische schwedische sowie deutsche Gatter und Loren. In diesem Geb\u00e4ude befand sich nicht nur eine M\u00fchle, sondern auch ein S\u00e4gewerk, das bis heute erhalten ist.            <\/p><\/div><\/div><\/div><\/div><\/div><\/div><\/div><\/div>\t\t\t\t\t\t\t\t<\/div>\n\t\t\t\t<\/div>\n\t\t\t\t<\/div>\n\t\t<div class=\"elementor-element elementor-element-03ccf7e e-con-full e-flex e-con e-child\" data-id=\"03ccf7e\" data-element_type=\"container\" data-e-type=\"container\">\n\t\t\t\t<div class=\"elementor-element elementor-element-3d9cf65 elementor-widget elementor-widget-shortcode\" data-id=\"3d9cf65\" data-element_type=\"widget\" data-e-type=\"widget\" data-widget_type=\"shortcode.default\">\n\t\t\t\t<div class=\"elementor-widget-container\">\n\t\t\t\t\t\t\t<div class=\"elementor-shortcode\">\t\t<div id=\"maps-marker-pro-51b60fce\" class=\"maps-marker-pro mmp-list-below\" style=\"width: 100%;\">\n\t\t\t<div id=\"mmp-map-wrap-51b60fce\" class=\"mmp-map-wrap\">\n\t\t\t\t\t\t\t\t\t<div id=\"mmp-panel-51b60fce\" class=\"mmp-panel\"><\/div>\n\t\t\t\t\t\t\t\t<div id=\"mmp-map-51b60fce\" class=\"mmp-map\" style=\"height: 500px;\"><\/div>\n\t\t\t\t\t\t\t<\/div>\n\t\t\t\t\t\t\t<div id=\"mmp-list-51b60fce\" class=\"mmp-list\" style=\"flex-basis: 400px;\"><\/div>\n\t\t\t\t\t<\/div>\n\t\t<\/div>\n\t\t\t\t\t\t<\/div>\n\t\t\t\t<\/div>\n\t\t\t\t<\/div>\n\t\t\t\t\t<\/div>\n\t\t\t\t<\/div>\n\t\t\t\t<\/div>\n\t\t","protected":false},"excerpt":{"rendered":"<p>Die M\u00fchle in Saugos wurde 1908 als Nebeneinrichtung zur M\u00fchle in Vilky\u010diai erbaut. In Vilky\u010diai stand praktisch keine einzelne M\u00fchle,<\/p>\n","protected":false},"author":1,"featured_media":43605,"parent":22976,"menu_order":109,"comment_status":"closed","ping_status":"closed","template":"","meta":{"_acf_changed":false,"_monsterinsights_skip_tracking":false,"_monsterinsights_sitenote_active":false,"_monsterinsights_sitenote_note":"","_monsterinsights_sitenote_category":0,"footnotes":""},"class_list":["post-43930","page","type-page","status-publish","has-post-thumbnail","hentry"],"acf":[],"_links":{"self":[{"href":"https:\/\/siluteinfo.lt\/de\/wp-json\/wp\/v2\/pages\/43930","targetHints":{"allow":["GET"]}}],"collection":[{"href":"https:\/\/siluteinfo.lt\/de\/wp-json\/wp\/v2\/pages"}],"about":[{"href":"https:\/\/siluteinfo.lt\/de\/wp-json\/wp\/v2\/types\/page"}],"author":[{"embeddable":true,"href":"https:\/\/siluteinfo.lt\/de\/wp-json\/wp\/v2\/users\/1"}],"replies":[{"embeddable":true,"href":"https:\/\/siluteinfo.lt\/de\/wp-json\/wp\/v2\/comments?post=43930"}],"version-history":[{"count":0,"href":"https:\/\/siluteinfo.lt\/de\/wp-json\/wp\/v2\/pages\/43930\/revisions"}],"up":[{"embeddable":true,"href":"https:\/\/siluteinfo.lt\/de\/wp-json\/wp\/v2\/pages\/22976"}],"wp:featuredmedia":[{"embeddable":true,"href":"https:\/\/siluteinfo.lt\/de\/wp-json\/wp\/v2\/media\/43605"}],"wp:attachment":[{"href":"https:\/\/siluteinfo.lt\/de\/wp-json\/wp\/v2\/media?parent=43930"}],"curies":[{"name":"wp","href":"https:\/\/api.w.org\/{rel}","templated":true}]}}