{"id":43900,"date":"2022-05-26T06:15:27","date_gmt":"2022-05-26T04:15:27","guid":{"rendered":"https:\/\/siluteinfo.lt\/freizeit\/zu-besuchende-orte\/evangelisch-lutherische-kirche-von-katyciai\/"},"modified":"2025-06-19T08:23:16","modified_gmt":"2025-06-19T06:23:16","slug":"evangelisch-lutherische-kirche-von-katyciai","status":"publish","type":"page","link":"https:\/\/siluteinfo.lt\/de\/freizeit\/zu-besuchende-orte\/evangelisch-lutherische-kirche-von-katyciai\/","title":{"rendered":"Evangelisch-Lutherische Kirche von Katy\u010diai"},"content":{"rendered":"\t\t<div data-elementor-type=\"wp-page\" data-elementor-id=\"43900\" class=\"elementor elementor-43900 elementor-11347\" data-elementor-post-type=\"page\">\n\t\t\t\t<div class=\"wd-negative-gap elementor-element elementor-element-8310776 e-flex e-con-boxed e-con e-parent\" data-id=\"8310776\" data-element_type=\"container\" data-e-type=\"container\">\n\t\t\t\t\t<div class=\"e-con-inner\">\n\t\t<div class=\"elementor-element elementor-element-33a8851 e-con-full e-flex e-con e-child\" data-id=\"33a8851\" data-element_type=\"container\" data-e-type=\"container\">\n\t\t\t\t<div class=\"elementor-element elementor-element-c97200f elementor-widget elementor-widget-theme-post-featured-image elementor-widget-image\" data-id=\"c97200f\" data-element_type=\"widget\" data-e-type=\"widget\" data-widget_type=\"theme-post-featured-image.default\">\n\t\t\t\t<div class=\"elementor-widget-container\">\n\t\t\t\t\t\t\t\t\t\t\t\t\t\t\t<img loading=\"lazy\" decoding=\"async\" width=\"1200\" height=\"800\" src=\"https:\/\/siluteinfo.lt\/wp-content\/themes\/woodmart\/images\/lazy.svg\" data-src=\"https:\/\/siluteinfo.lt\/wp-content\/uploads\/2025\/06\/lankomi-katyciu-evangeliku-liuteronu-baznycia.jpg\" class=\" wd-lazy-blur attachment-full size-full wp-image-43582\" alt=\"Evangelik\u0173 liuteron\u0173 ba\u017eny\u010dia Katy\u010diuose\" srcset=\"\" data-srcset=\"https:\/\/siluteinfo.lt\/wp-content\/uploads\/2025\/06\/lankomi-katyciu-evangeliku-liuteronu-baznycia.jpg 1200w, https:\/\/siluteinfo.lt\/wp-content\/uploads\/2025\/06\/lankomi-katyciu-evangeliku-liuteronu-baznycia-800x533.jpg 800w, https:\/\/siluteinfo.lt\/wp-content\/uploads\/2025\/06\/lankomi-katyciu-evangeliku-liuteronu-baznycia-768x512.jpg 768w\" sizes=\"auto, (max-width: 1200px) 100vw, 1200px\" \/>\t\t\t\t\t\t\t\t\t\t\t\t\t\t\t<\/div>\n\t\t\t\t<\/div>\n\t\t\t\t<\/div>\n\t\t<div class=\"elementor-element elementor-element-65569b3 e-con-full e-flex e-con e-child\" data-id=\"65569b3\" data-element_type=\"container\" data-e-type=\"container\">\n\t\t\t\t<div class=\"elementor-element elementor-element-a366e61 color-scheme-inherit text-left elementor-widget elementor-widget-text-editor\" data-id=\"a366e61\" data-element_type=\"widget\" data-e-type=\"widget\" data-widget_type=\"text-editor.default\">\n\t\t\t\t<div class=\"elementor-widget-container\">\n\t\t\t\t\t\t\t\t\t<div dir=\"auto\" style=\"font-style: normal; font-variant-ligatures: normal; font-variant-caps: normal; font-weight: 400; font-family: Jost, Arial, Helvetica, sans-serif; font-size: 16px; white-space: normal; text-align: justify;\"><div dir=\"auto\" style=\"font-style: normal; font-variant-ligatures: normal; font-variant-caps: normal; font-weight: 400; font-family: Jost, Arial, Helvetica, sans-serif; font-size: 16px; white-space: normal; text-align: justify;\"><div dir=\"auto\" style=\"font-style: normal; font-variant-ligatures: normal; font-variant-caps: normal; font-weight: 400; font-family: Jost, Arial, Helvetica, sans-serif; font-size: 16px; white-space: normal; text-align: justify;\"><div dir=\"auto\" style=\"font-style: normal; font-variant-ligatures: normal; font-variant-caps: normal; font-weight: 400; font-family: Jost, Arial, Helvetica, sans-serif; font-size: 16px; white-space: normal; text-align: justify;\"><div dir=\"auto\" style=\"font-style: normal; font-variant-ligatures: normal; font-variant-caps: normal; font-weight: 400; font-family: Jost, Arial, Helvetica, sans-serif; font-size: 16px; white-space: normal; text-align: justify;\"><div dir=\"auto\" style=\"font-style: normal; font-variant-ligatures: normal; font-variant-caps: normal; font-weight: 400; font-family: Jost, Arial, Helvetica, sans-serif; font-size: 16px; white-space: normal; text-align: justify;\"><div dir=\"auto\" style=\"font-style: normal; font-variant-ligatures: normal; font-variant-caps: normal; font-weight: 400; font-family: Jost, Arial, Helvetica, sans-serif; font-size: 16px; white-space: normal; text-align: justify;\"><p style=\"text-align: left;\">Die Kirche von Katy\u010diai, aus Feldsteinen und Ziegeln mit einem Holzturm errichtet, wurde 1734 neben dem alten Friedhof gebaut. Im Jahr 1801 wurde der Kirchturm durch einen starken Sturm zerst\u00f6rt. 1894 wurde die Kirche vollst\u00e4ndig umgebaut und renoviert. Damals erhielt sie eine strenge rechteckige Form \u2013 25 Meter lang und 12 Meter breit \u2013 sowie einen verst\u00e4rkten Holzturm mit einem Zeltdach. Im Holzturm hingen drei Glocken, von denen eine von K\u00f6nigin Luise von Preu\u00dfen gestiftet wurde. Die Glocken l\u00e4uteten bis 1955.<br>Ein tragisches Kapitel der Geschichte dieser Kirche begann 1955, als die Sowjetmacht das Geb\u00e4ude verstaatlichte und beschloss, dort ein Kino einzurichten. Der Innenraum wurde umgebaut: Altar, Kanzel und religi\u00f6se Symbole wurden entfernt. Der Glockenturm wurde abgerissen, die Glocken entfernt \u2013 die von K\u00f6nigin Luise gestiftete Glocke wurde zerschlagen. Niemand wei\u00df, wohin sie gebracht wurde. Der Altar wurde zugemauert, Krypten unter dem Boden zerst\u00f6rt, die Orgel vernichtet. Die Bewohner von Katy\u010diai weigerten sich, das neue \u201eKulturzentrum\u201c zu besuchen. 1958 wurde die Kirche dem Evangelisch-Lutherischen Gemeindeverband zur\u00fcckgegeben. Schritt f\u00fcr Schritt wurde sie restauriert. Nach der Restaurierung 1994 wurde der Glockenturm wieder aufgebaut, eine Glocke eingesetzt, und es finden wieder Gottesdienste statt.                  <\/p><\/div><\/div><\/div><\/div><\/div><\/div><\/div>\t\t\t\t\t\t\t\t<\/div>\n\t\t\t\t<\/div>\n\t\t\t\t<\/div>\n\t\t<div class=\"elementor-element elementor-element-af918ed e-con-full e-flex e-con e-child\" data-id=\"af918ed\" data-element_type=\"container\" data-e-type=\"container\">\n\t\t\t\t<div class=\"elementor-element elementor-element-901bc33 elementor-widget elementor-widget-shortcode\" data-id=\"901bc33\" data-element_type=\"widget\" data-e-type=\"widget\" data-widget_type=\"shortcode.default\">\n\t\t\t\t<div class=\"elementor-widget-container\">\n\t\t\t\t\t\t\t<div class=\"elementor-shortcode\">\t\t<div id=\"maps-marker-pro-f3cb7d2d\" class=\"maps-marker-pro mmp-list-below\" style=\"width: 100%;\">\n\t\t\t<div id=\"mmp-map-wrap-f3cb7d2d\" class=\"mmp-map-wrap\">\n\t\t\t\t\t\t\t\t\t<div id=\"mmp-panel-f3cb7d2d\" class=\"mmp-panel\"><\/div>\n\t\t\t\t\t\t\t\t<div id=\"mmp-map-f3cb7d2d\" class=\"mmp-map\" style=\"height: 500px;\"><\/div>\n\t\t\t\t\t\t\t<\/div>\n\t\t\t\t\t\t\t<div id=\"mmp-list-f3cb7d2d\" class=\"mmp-list\" style=\"flex-basis: 400px;\"><\/div>\n\t\t\t\t\t<\/div>\n\t\t<\/div>\n\t\t\t\t\t\t<\/div>\n\t\t\t\t<\/div>\n\t\t\t\t<\/div>\n\t\t\t\t\t<\/div>\n\t\t\t\t<\/div>\n\t\t\t\t<\/div>\n\t\t","protected":false},"excerpt":{"rendered":"<p>Die Kirche von Katy\u010diai, aus Feldsteinen und Ziegeln mit einem Holzturm errichtet, wurde 1734 neben dem alten Friedhof gebaut. Im<\/p>\n","protected":false},"author":1,"featured_media":43582,"parent":22976,"menu_order":106,"comment_status":"closed","ping_status":"closed","template":"","meta":{"_acf_changed":false,"_monsterinsights_skip_tracking":false,"_monsterinsights_sitenote_active":false,"_monsterinsights_sitenote_note":"","_monsterinsights_sitenote_category":0,"footnotes":""},"class_list":["post-43900","page","type-page","status-publish","has-post-thumbnail","hentry"],"acf":[],"_links":{"self":[{"href":"https:\/\/siluteinfo.lt\/de\/wp-json\/wp\/v2\/pages\/43900","targetHints":{"allow":["GET"]}}],"collection":[{"href":"https:\/\/siluteinfo.lt\/de\/wp-json\/wp\/v2\/pages"}],"about":[{"href":"https:\/\/siluteinfo.lt\/de\/wp-json\/wp\/v2\/types\/page"}],"author":[{"embeddable":true,"href":"https:\/\/siluteinfo.lt\/de\/wp-json\/wp\/v2\/users\/1"}],"replies":[{"embeddable":true,"href":"https:\/\/siluteinfo.lt\/de\/wp-json\/wp\/v2\/comments?post=43900"}],"version-history":[{"count":0,"href":"https:\/\/siluteinfo.lt\/de\/wp-json\/wp\/v2\/pages\/43900\/revisions"}],"up":[{"embeddable":true,"href":"https:\/\/siluteinfo.lt\/de\/wp-json\/wp\/v2\/pages\/22976"}],"wp:featuredmedia":[{"embeddable":true,"href":"https:\/\/siluteinfo.lt\/de\/wp-json\/wp\/v2\/media\/43582"}],"wp:attachment":[{"href":"https:\/\/siluteinfo.lt\/de\/wp-json\/wp\/v2\/media?parent=43900"}],"curies":[{"name":"wp","href":"https:\/\/api.w.org\/{rel}","templated":true}]}}