{"id":43850,"date":"2022-05-26T06:05:23","date_gmt":"2022-05-26T04:05:23","guid":{"rendered":"https:\/\/siluteinfo.lt\/freizeit\/zu-besuchende-orte\/kirche-vinzenz-ferrer-deguciai\/"},"modified":"2025-06-18T21:02:50","modified_gmt":"2025-06-18T19:02:50","slug":"kirche-vinzenz-ferrer-deguciai","status":"publish","type":"page","link":"https:\/\/siluteinfo.lt\/de\/freizeit\/zu-besuchende-orte\/kirche-vinzenz-ferrer-deguciai\/","title":{"rendered":"Kirche des Hl. Vinzenz Ferrer in Degu\u010diai"},"content":{"rendered":"\t\t<div data-elementor-type=\"wp-page\" data-elementor-id=\"43850\" class=\"elementor elementor-43850 elementor-11309\" data-elementor-post-type=\"page\">\n\t\t\t\t<div class=\"wd-negative-gap elementor-element elementor-element-ddd4294 e-flex e-con-boxed e-con e-parent\" data-id=\"ddd4294\" data-element_type=\"container\" data-e-type=\"container\">\n\t\t\t\t\t<div class=\"e-con-inner\">\n\t\t<div class=\"elementor-element elementor-element-4022b8b e-con-full e-flex e-con e-child\" data-id=\"4022b8b\" data-element_type=\"container\" data-e-type=\"container\">\n\t\t\t\t<div class=\"elementor-element elementor-element-b8b9f44 elementor-widget elementor-widget-theme-post-featured-image elementor-widget-image\" data-id=\"b8b9f44\" data-element_type=\"widget\" data-e-type=\"widget\" data-widget_type=\"theme-post-featured-image.default\">\n\t\t\t\t<div class=\"elementor-widget-container\">\n\t\t\t\t\t\t\t\t\t\t\t\t\t\t\t<img loading=\"lazy\" decoding=\"async\" width=\"1200\" height=\"800\" src=\"https:\/\/siluteinfo.lt\/wp-content\/themes\/woodmart\/images\/lazy.svg\" data-src=\"https:\/\/siluteinfo.lt\/wp-content\/uploads\/2025\/06\/lankomi-deguciu-sv-vincento-ferero-baznycia.jpg\" class=\" wd-lazy-blur attachment-full size-full wp-image-43575\" alt=\"\u0160v. Vincento Ferero ba\u017eny\u010dia Degu\u010diuose\" srcset=\"\" data-srcset=\"https:\/\/siluteinfo.lt\/wp-content\/uploads\/2025\/06\/lankomi-deguciu-sv-vincento-ferero-baznycia.jpg 1200w, https:\/\/siluteinfo.lt\/wp-content\/uploads\/2025\/06\/lankomi-deguciu-sv-vincento-ferero-baznycia-800x533.jpg 800w, https:\/\/siluteinfo.lt\/wp-content\/uploads\/2025\/06\/lankomi-deguciu-sv-vincento-ferero-baznycia-768x512.jpg 768w\" sizes=\"auto, (max-width: 1200px) 100vw, 1200px\" \/>\t\t\t\t\t\t\t\t\t\t\t\t\t\t\t<\/div>\n\t\t\t\t<\/div>\n\t\t\t\t<\/div>\n\t\t<div class=\"elementor-element elementor-element-a12530b e-con-full e-flex e-con e-child\" data-id=\"a12530b\" data-element_type=\"container\" data-e-type=\"container\">\n\t\t\t\t<div class=\"elementor-element elementor-element-5e4e028 color-scheme-inherit text-left elementor-widget elementor-widget-text-editor\" data-id=\"5e4e028\" data-element_type=\"widget\" data-e-type=\"widget\" data-widget_type=\"text-editor.default\">\n\t\t\t\t<div class=\"elementor-widget-container\">\n\t\t\t\t\t\t\t\t\t<div dir=\"auto\" style=\"font-style: normal; font-variant-ligatures: normal; font-variant-caps: normal; font-weight: 400; font-family: Jost, Arial, Helvetica, sans-serif; font-size: 16px; white-space: normal; text-align: justify;\"><div dir=\"auto\" style=\"font-style: normal; font-variant-ligatures: normal; font-variant-caps: normal; font-weight: 400; font-family: Jost, Arial, Helvetica, sans-serif; font-size: 16px; white-space: normal; text-align: justify;\"><div dir=\"auto\" style=\"font-style: normal; font-variant-ligatures: normal; font-variant-caps: normal; font-weight: 400; font-family: Jost, Arial, Helvetica, sans-serif; font-size: 16px; white-space: normal; text-align: justify;\"><div dir=\"auto\" style=\"font-style: normal; font-variant-ligatures: normal; font-variant-caps: normal; font-weight: 400; font-family: Jost, Arial, Helvetica, sans-serif; font-size: 16px; white-space: normal; text-align: justify;\"><div dir=\"auto\" style=\"font-style: normal; font-variant-ligatures: normal; font-variant-caps: normal; font-weight: 400; font-family: Jost, Arial, Helvetica, sans-serif; font-size: 16px; white-space: normal; text-align: justify;\"><div dir=\"auto\" style=\"font-style: normal; font-variant-ligatures: normal; font-variant-caps: normal; font-weight: 400; font-family: Jost, Arial, Helvetica, sans-serif; font-size: 16px; white-space: normal; text-align: justify;\"><div dir=\"auto\" style=\"font-style: normal; font-variant-ligatures: normal; font-variant-caps: normal; font-weight: 400; font-family: Jost, Arial, Helvetica, sans-serif; font-size: 16px; white-space: normal; text-align: justify;\"><div dir=\"auto\" style=\"font-style: normal; font-variant-ligatures: normal; font-variant-caps: normal; font-weight: 400; font-family: Jost, Arial, Helvetica, sans-serif; font-size: 16px; white-space: normal; text-align: justify;\"><p style=\"text-align: left;\">Die Kirche des Hl. Vinzenz Ferrer in Degu\u010diai ist wohl die einzige erhaltene dreieckige Holzkirche Europas. Der ungew\u00f6hnliche Grundriss symbolisiert die Heilige Dreifaltigkeit.<br>Die barocke Kirche wurde 1760 von Tadas Bilevi\u010dius, dem \u00c4ltesten von Vainutas, erbaut, finanziert von Adomas Bilevi\u010dius und seiner Frau Bogumila Budrikait\u0117.<br>Hintergrund war m\u00f6glicherweise eine Familientrag\u00f6die: Aleksandras Bilevi\u010dius \u00fcberfiel das Anwesen seines Bruders Jonas \u2013 dabei starb dessen Tochter Joana. Aleksandras begann, sein Sohn Tadas vollendete den Bau.      <br>Trotz bescheidener Mittel wurde die kleine Pfarrei gut gepflegt. Renovierungen erfolgten 1840, Ende des 19. Jh. und 1923\u20131938. 2011 wurde eine Inschrift von 1984 entdeckt und erhalten.<br>Die Kirche hat flache Decken, getragen von Holzs\u00e4ulen. Der Altarraum mit drei barocken Alt\u00e4ren bildet ein kunstvolles Ensemble. Der Hauptaltar mit reichem Schnitzwerk zeigt u.\u202fa. St. Barbara und St. Helena.<br>Erhalten sind Bilder von St. Antonius von Padua, St. Judas Thadd\u00e4us und St. Josef (~1760\u20131763) sowie das wundert\u00e4tige Bildnis des Hl. Vinzenz.<br>Selten ist die Kombination von Kanzel und Beichtstuhl \u2013 eine platzsparende L\u00f6sung.         <br>Der ummauerte Friedhof enth\u00e4lt eine Kapelle, ein Holzkreuz mit Volksfiguren und einen h\u00f6lzernen vierseitigen Glockenturm.  <\/p><\/div><\/div><\/div><\/div><\/div><\/div><\/div><\/div>\t\t\t\t\t\t\t\t<\/div>\n\t\t\t\t<\/div>\n\t\t\t\t<\/div>\n\t\t<div class=\"elementor-element elementor-element-99ffa0c e-con-full e-flex e-con e-child\" data-id=\"99ffa0c\" data-element_type=\"container\" data-e-type=\"container\">\n\t\t\t\t<div class=\"elementor-element elementor-element-76d23d6 elementor-widget elementor-widget-shortcode\" data-id=\"76d23d6\" data-element_type=\"widget\" data-e-type=\"widget\" data-widget_type=\"shortcode.default\">\n\t\t\t\t<div class=\"elementor-widget-container\">\n\t\t\t\t\t\t\t<div class=\"elementor-shortcode\">\t\t<div id=\"maps-marker-pro-01eaefb1\" class=\"maps-marker-pro mmp-list-below\" style=\"width: 100%;\">\n\t\t\t<div id=\"mmp-map-wrap-01eaefb1\" class=\"mmp-map-wrap\">\n\t\t\t\t\t\t\t\t\t<div id=\"mmp-panel-01eaefb1\" class=\"mmp-panel\"><\/div>\n\t\t\t\t\t\t\t\t<div id=\"mmp-map-01eaefb1\" class=\"mmp-map\" style=\"height: 500px;\"><\/div>\n\t\t\t\t\t\t\t<\/div>\n\t\t\t\t\t\t\t<div id=\"mmp-list-01eaefb1\" class=\"mmp-list\" style=\"flex-basis: 400px;\"><\/div>\n\t\t\t\t\t<\/div>\n\t\t<\/div>\n\t\t\t\t\t\t<\/div>\n\t\t\t\t<\/div>\n\t\t\t\t<\/div>\n\t\t\t\t\t<\/div>\n\t\t\t\t<\/div>\n\t\t\t\t<\/div>\n\t\t","protected":false},"excerpt":{"rendered":"<p>Die Kirche des Hl. Vinzenz Ferrer in Degu\u010diai ist wohl die einzige erhaltene dreieckige Holzkirche Europas. Der ungew\u00f6hnliche Grundriss symbolisiert<\/p>\n","protected":false},"author":1,"featured_media":43575,"parent":22976,"menu_order":101,"comment_status":"closed","ping_status":"closed","template":"","meta":{"_acf_changed":false,"_monsterinsights_skip_tracking":false,"_monsterinsights_sitenote_active":false,"_monsterinsights_sitenote_note":"","_monsterinsights_sitenote_category":0,"footnotes":""},"class_list":["post-43850","page","type-page","status-publish","has-post-thumbnail","hentry"],"acf":[],"_links":{"self":[{"href":"https:\/\/siluteinfo.lt\/de\/wp-json\/wp\/v2\/pages\/43850","targetHints":{"allow":["GET"]}}],"collection":[{"href":"https:\/\/siluteinfo.lt\/de\/wp-json\/wp\/v2\/pages"}],"about":[{"href":"https:\/\/siluteinfo.lt\/de\/wp-json\/wp\/v2\/types\/page"}],"author":[{"embeddable":true,"href":"https:\/\/siluteinfo.lt\/de\/wp-json\/wp\/v2\/users\/1"}],"replies":[{"embeddable":true,"href":"https:\/\/siluteinfo.lt\/de\/wp-json\/wp\/v2\/comments?post=43850"}],"version-history":[{"count":0,"href":"https:\/\/siluteinfo.lt\/de\/wp-json\/wp\/v2\/pages\/43850\/revisions"}],"up":[{"embeddable":true,"href":"https:\/\/siluteinfo.lt\/de\/wp-json\/wp\/v2\/pages\/22976"}],"wp:featuredmedia":[{"embeddable":true,"href":"https:\/\/siluteinfo.lt\/de\/wp-json\/wp\/v2\/media\/43575"}],"wp:attachment":[{"href":"https:\/\/siluteinfo.lt\/de\/wp-json\/wp\/v2\/media?parent=43850"}],"curies":[{"name":"wp","href":"https:\/\/api.w.org\/{rel}","templated":true}]}}