{"id":43748,"date":"2022-05-26T05:43:33","date_gmt":"2022-05-26T03:43:33","guid":{"rendered":"https:\/\/siluteinfo.lt\/freizeit\/zu-besuchende-orte\/denkmal-kranich\/"},"modified":"2025-06-18T19:45:53","modified_gmt":"2025-06-18T17:45:53","slug":"denkmal-kranich","status":"publish","type":"page","link":"https:\/\/siluteinfo.lt\/de\/freizeit\/zu-besuchende-orte\/denkmal-kranich\/","title":{"rendered":"Denkmal \u201eKranich\u201c"},"content":{"rendered":"\t\t<div data-elementor-type=\"wp-page\" data-elementor-id=\"43748\" class=\"elementor elementor-43748 elementor-11301\" data-elementor-post-type=\"page\">\n\t\t\t\t<div class=\"wd-negative-gap elementor-element elementor-element-d10ec55 e-flex e-con-boxed e-con e-parent\" data-id=\"d10ec55\" data-element_type=\"container\" data-e-type=\"container\">\n\t\t\t\t\t<div class=\"e-con-inner\">\n\t\t<div class=\"elementor-element elementor-element-0d93d2f e-con-full e-flex e-con e-child\" data-id=\"0d93d2f\" data-element_type=\"container\" data-e-type=\"container\">\n\t\t\t\t<div class=\"elementor-element elementor-element-2fa329e elementor-widget elementor-widget-theme-post-featured-image elementor-widget-image\" data-id=\"2fa329e\" data-element_type=\"widget\" data-e-type=\"widget\" data-widget_type=\"theme-post-featured-image.default\">\n\t\t\t\t<div class=\"elementor-widget-container\">\n\t\t\t\t\t\t\t\t\t\t\t\t\t\t\t<img loading=\"lazy\" decoding=\"async\" width=\"1200\" height=\"800\" src=\"https:\/\/siluteinfo.lt\/wp-content\/themes\/woodmart\/images\/lazy.svg\" data-src=\"https:\/\/siluteinfo.lt\/wp-content\/uploads\/2025\/06\/lankomi-paminklas-gerve.jpg\" class=\" wd-lazy-blur attachment-full size-full wp-image-43524\" alt=\"Paminklas gerv\u0117 \u0161alia \u0160v\u0117k\u0161nos\" srcset=\"\" data-srcset=\"https:\/\/siluteinfo.lt\/wp-content\/uploads\/2025\/06\/lankomi-paminklas-gerve.jpg 1200w, https:\/\/siluteinfo.lt\/wp-content\/uploads\/2025\/06\/lankomi-paminklas-gerve-800x533.jpg 800w, https:\/\/siluteinfo.lt\/wp-content\/uploads\/2025\/06\/lankomi-paminklas-gerve-768x512.jpg 768w\" sizes=\"auto, (max-width: 1200px) 100vw, 1200px\" \/>\t\t\t\t\t\t\t\t\t\t\t\t\t\t\t<\/div>\n\t\t\t\t<\/div>\n\t\t\t\t<\/div>\n\t\t<div class=\"elementor-element elementor-element-ccf13dd e-con-full e-flex e-con e-child\" data-id=\"ccf13dd\" data-element_type=\"container\" data-e-type=\"container\">\n\t\t\t\t<div class=\"elementor-element elementor-element-39c12db color-scheme-inherit text-left elementor-widget elementor-widget-text-editor\" data-id=\"39c12db\" data-element_type=\"widget\" data-e-type=\"widget\" data-widget_type=\"text-editor.default\">\n\t\t\t\t<div class=\"elementor-widget-container\">\n\t\t\t\t\t\t\t\t\t<div dir=\"auto\" style=\"font-style: normal; font-variant-ligatures: normal; font-variant-caps: normal; font-weight: 400; font-family: Jost, Arial, Helvetica, sans-serif; font-size: 16px; white-space: normal; text-align: justify;\"><div dir=\"auto\" style=\"font-style: normal; font-variant-ligatures: normal; font-variant-caps: normal; font-weight: 400; font-family: Jost, Arial, Helvetica, sans-serif; font-size: 16px; white-space: normal; text-align: justify;\"><div dir=\"auto\" style=\"font-style: normal; font-variant-ligatures: normal; font-variant-caps: normal; font-weight: 400; font-family: Jost, Arial, Helvetica, sans-serif; font-size: 16px; white-space: normal; text-align: justify;\"><div dir=\"auto\" style=\"font-style: normal; font-variant-ligatures: normal; font-variant-caps: normal; font-weight: 400; font-family: Jost, Arial, Helvetica, sans-serif; font-size: 16px; white-space: normal; text-align: justify;\"><div dir=\"auto\" style=\"font-style: normal; font-variant-ligatures: normal; font-variant-caps: normal; font-weight: 400; font-family: Jost, Arial, Helvetica, sans-serif; font-size: 16px; white-space: normal; text-align: justify;\"><div dir=\"auto\" style=\"font-style: normal; font-variant-ligatures: normal; font-variant-caps: normal; font-weight: 400; font-family: Jost, Arial, Helvetica, sans-serif; font-size: 16px; white-space: normal; text-align: justify;\"><div dir=\"auto\" style=\"font-style: normal; font-variant-ligatures: normal; font-variant-caps: normal; font-weight: 400; font-family: Jost, Arial, Helvetica, sans-serif; font-size: 16px; white-space: normal; text-align: justify;\"><p style=\"text-align: left;\">Das Denkmal \u201eKranich\u201c wurde an einem besonders sch\u00f6nen Ort errichtet \u2013 auf dem sogenannten Parakauny\u010dia-H\u00fcgel, von dem sich ein malerischer Blick auf die Stadt \u0160v\u0117k\u0161na er\u00f6ffnet.<br>Der Standort hat historische Bedeutung: Im Juli 1831 lagerte hier das Aufstandsheer von General F. Roland, und 1948 wurden in einer Scheune auf diesem H\u00fcgel Menschen, die nach Sibirien deportiert werden sollten, vor\u00fcbergehend festgehalten. Diese beiden Daten sind in Steinplatten an den Seiten des Denkmals eingraviert.   <br>Das Denkmal besteht aus einem riesigen Steinblock von 34 Tonnen. Zwei H\u00e4nde strecken sich dem in Freiheit fliegenden Kranich entgegen, der jeden Fr\u00fchling in sein Nest zur\u00fcckkehrt \u2013 ein Symbol des ewigen Freiheitsverlangens.<br>Es wurde anl\u00e4sslich des 1000-j\u00e4hrigen Jubil\u00e4ums der ersten Nennung des Namens Litauen errichtet und ehrt die Opfer der Nation.<br>Die Kranichskulptur wurde von dem Schmiedepaar Darius und Aida Viliai aus Vilky\u010diai aus Metall geschmiedet und auf dem Stein befestigt. Die Idee stammt von Petras Stanislovas.   <\/p><\/div><\/div><\/div><\/div><\/div><\/div><\/div>\t\t\t\t\t\t\t\t<\/div>\n\t\t\t\t<\/div>\n\t\t\t\t<\/div>\n\t\t<div class=\"elementor-element elementor-element-68dd2f3 e-con-full e-flex e-con e-child\" data-id=\"68dd2f3\" data-element_type=\"container\" data-e-type=\"container\">\n\t\t\t\t<div class=\"elementor-element elementor-element-1cf3c49 elementor-widget elementor-widget-shortcode\" data-id=\"1cf3c49\" data-element_type=\"widget\" data-e-type=\"widget\" data-widget_type=\"shortcode.default\">\n\t\t\t\t<div class=\"elementor-widget-container\">\n\t\t\t\t\t\t\t<div class=\"elementor-shortcode\">\t\t<div id=\"maps-marker-pro-40684a4c\" class=\"maps-marker-pro mmp-list-below\" style=\"width: 100%;\">\n\t\t\t<div id=\"mmp-map-wrap-40684a4c\" class=\"mmp-map-wrap\">\n\t\t\t\t\t\t\t\t\t<div id=\"mmp-panel-40684a4c\" class=\"mmp-panel\"><\/div>\n\t\t\t\t\t\t\t\t<div id=\"mmp-map-40684a4c\" class=\"mmp-map\" style=\"height: 500px;\"><\/div>\n\t\t\t\t\t\t\t<\/div>\n\t\t\t\t\t\t\t<div id=\"mmp-list-40684a4c\" class=\"mmp-list\" style=\"flex-basis: 400px;\"><\/div>\n\t\t\t\t\t<\/div>\n\t\t<\/div>\n\t\t\t\t\t\t<\/div>\n\t\t\t\t<\/div>\n\t\t\t\t<\/div>\n\t\t\t\t\t<\/div>\n\t\t\t\t<\/div>\n\t\t\t\t<\/div>\n\t\t","protected":false},"excerpt":{"rendered":"<p>Das Denkmal \u201eKranich\u201c wurde an einem besonders sch\u00f6nen Ort errichtet \u2013 auf dem sogenannten Parakauny\u010dia-H\u00fcgel, von dem sich ein malerischer<\/p>\n","protected":false},"author":1,"featured_media":43524,"parent":22976,"menu_order":91,"comment_status":"closed","ping_status":"closed","template":"","meta":{"_acf_changed":false,"_monsterinsights_skip_tracking":false,"_monsterinsights_sitenote_active":false,"_monsterinsights_sitenote_note":"","_monsterinsights_sitenote_category":0,"footnotes":""},"class_list":["post-43748","page","type-page","status-publish","has-post-thumbnail","hentry"],"acf":[],"_links":{"self":[{"href":"https:\/\/siluteinfo.lt\/de\/wp-json\/wp\/v2\/pages\/43748","targetHints":{"allow":["GET"]}}],"collection":[{"href":"https:\/\/siluteinfo.lt\/de\/wp-json\/wp\/v2\/pages"}],"about":[{"href":"https:\/\/siluteinfo.lt\/de\/wp-json\/wp\/v2\/types\/page"}],"author":[{"embeddable":true,"href":"https:\/\/siluteinfo.lt\/de\/wp-json\/wp\/v2\/users\/1"}],"replies":[{"embeddable":true,"href":"https:\/\/siluteinfo.lt\/de\/wp-json\/wp\/v2\/comments?post=43748"}],"version-history":[{"count":0,"href":"https:\/\/siluteinfo.lt\/de\/wp-json\/wp\/v2\/pages\/43748\/revisions"}],"up":[{"embeddable":true,"href":"https:\/\/siluteinfo.lt\/de\/wp-json\/wp\/v2\/pages\/22976"}],"wp:featuredmedia":[{"embeddable":true,"href":"https:\/\/siluteinfo.lt\/de\/wp-json\/wp\/v2\/media\/43524"}],"wp:attachment":[{"href":"https:\/\/siluteinfo.lt\/de\/wp-json\/wp\/v2\/media?parent=43748"}],"curies":[{"name":"wp","href":"https:\/\/api.w.org\/{rel}","templated":true}]}}