{"id":43698,"date":"2022-05-26T05:40:15","date_gmt":"2022-05-26T03:40:15","guid":{"rendered":"https:\/\/siluteinfo.lt\/freizeit\/zu-besuchende-orte\/villa-genovefa\/"},"modified":"2025-06-18T19:26:13","modified_gmt":"2025-06-18T17:26:13","slug":"villa-genovefa","status":"publish","type":"page","link":"https:\/\/siluteinfo.lt\/de\/freizeit\/zu-besuchende-orte\/villa-genovefa\/","title":{"rendered":"Villa \u201eGenovefa\u201c"},"content":{"rendered":"\t\t<div data-elementor-type=\"wp-page\" data-elementor-id=\"43698\" class=\"elementor elementor-43698 elementor-11285\" data-elementor-post-type=\"page\">\n\t\t\t\t<div class=\"wd-negative-gap elementor-element elementor-element-2f71844 e-flex e-con-boxed e-con e-parent\" data-id=\"2f71844\" data-element_type=\"container\" data-e-type=\"container\">\n\t\t\t\t\t<div class=\"e-con-inner\">\n\t\t<div class=\"elementor-element elementor-element-0adbf5b e-con-full e-flex e-con e-child\" data-id=\"0adbf5b\" data-element_type=\"container\" data-e-type=\"container\">\n\t\t\t\t<div class=\"elementor-element elementor-element-845fdb4 elementor-widget elementor-widget-theme-post-featured-image elementor-widget-image\" data-id=\"845fdb4\" data-element_type=\"widget\" data-e-type=\"widget\" data-widget_type=\"theme-post-featured-image.default\">\n\t\t\t\t<div class=\"elementor-widget-container\">\n\t\t\t\t\t\t\t\t\t\t\t\t\t\t\t<img loading=\"lazy\" decoding=\"async\" width=\"1200\" height=\"800\" src=\"https:\/\/siluteinfo.lt\/wp-content\/themes\/woodmart\/images\/lazy.svg\" data-src=\"https:\/\/siluteinfo.lt\/wp-content\/uploads\/2023\/11\/lankomi-vila-genovefa.jpg\" class=\" wd-lazy-blur attachment-full size-full wp-image-32038\" alt=\"Vilos \u201eGenovefos\u201c pastatas \u0160v\u0117k\u0161noje\" srcset=\"\" data-srcset=\"https:\/\/siluteinfo.lt\/wp-content\/uploads\/2023\/11\/lankomi-vila-genovefa.jpg 1200w, https:\/\/siluteinfo.lt\/wp-content\/uploads\/2023\/11\/lankomi-vila-genovefa-400x267.jpg 400w, https:\/\/siluteinfo.lt\/wp-content\/uploads\/2023\/11\/lankomi-vila-genovefa-768x512.jpg 768w\" sizes=\"auto, (max-width: 1200px) 100vw, 1200px\" \/>\t\t\t\t\t\t\t\t\t\t\t\t\t\t\t<\/div>\n\t\t\t\t<\/div>\n\t\t\t\t<\/div>\n\t\t<div class=\"elementor-element elementor-element-7e03d5e e-con-full e-flex e-con e-child\" data-id=\"7e03d5e\" data-element_type=\"container\" data-e-type=\"container\">\n\t\t\t\t<div class=\"elementor-element elementor-element-0ced29e color-scheme-inherit text-left elementor-widget elementor-widget-text-editor\" data-id=\"0ced29e\" data-element_type=\"widget\" data-e-type=\"widget\" data-widget_type=\"text-editor.default\">\n\t\t\t\t<div class=\"elementor-widget-container\">\n\t\t\t\t\t\t\t\t\t<div dir=\"auto\" style=\"font-style: normal; font-variant-ligatures: normal; font-variant-caps: normal; font-weight: 400; font-family: Jost, Arial, Helvetica, sans-serif; font-size: 16px; white-space: normal; text-align: justify;\"><div dir=\"auto\" style=\"font-style: normal; font-variant-ligatures: normal; font-variant-caps: normal; font-weight: 400; font-family: Jost, Arial, Helvetica, sans-serif; font-size: 16px; white-space: normal; text-align: justify;\"><div dir=\"auto\" style=\"font-style: normal; font-variant-ligatures: normal; font-variant-caps: normal; font-weight: 400; font-family: Jost, Arial, Helvetica, sans-serif; font-size: 16px; white-space: normal; text-align: justify;\"><div dir=\"auto\" style=\"font-style: normal; font-variant-ligatures: normal; font-variant-caps: normal; font-weight: 400; font-family: Jost, Arial, Helvetica, sans-serif; font-size: 16px; white-space: normal; text-align: justify;\"><div dir=\"auto\" style=\"font-style: normal; font-variant-ligatures: normal; font-variant-caps: normal; font-weight: 400; font-family: Jost, Arial, Helvetica, sans-serif; font-size: 16px; white-space: normal; text-align: justify;\"><div dir=\"auto\" style=\"font-style: normal; font-variant-ligatures: normal; font-variant-caps: normal; font-weight: 400; font-family: Jost, Arial, Helvetica, sans-serif; font-size: 16px; white-space: normal; text-align: justify;\"><p style=\"text-align: left;\">Die au\u00dfergew\u00f6hnlich sch\u00f6ne Villa im Empire-Stil wurde im Jahr 1880 erbaut und ist bis heute erhalten geblieben. Die Villa des Herrenhauses \u0160v\u0117k\u0161na wurde von Adomas Plater errichtet und zu Ehren seiner Frau \u201eGenovefa\u201c genannt. <br>Die Grafen lebten in einem gro\u00dfen Holzhaus neben der Villa, das um 1952 abgerissen wurde. Die Villa \u201eGenovefa\u201c diente als Sommerresidenz f\u00fcr G\u00e4ste und festliche Anl\u00e4sse.<br>1918 kehrte Jurgis Plater aus Russland zur\u00fcck und lebte hier bis zur Sowjetisierung. Sein Schicksal war tragisch \u2013 er wurde deportiert. Auch das Herrenhaus wurde 1940 schwer besch\u00e4digt.<br>Im Jahr 2001 wurden die Geb\u00e4ude und der Park des Herrenhauses durch die Initiative einer Erbin restauriert: das Schloss wurde renoviert und ein Museum eingerichtet. Der Park des Herrenhauses \u0160v\u0117k\u0161na mit einer Fl\u00e4che von 9,5 Hektar geh\u00f6rt heute zu den sch\u00f6nsten in Litauen.<br>Erhalten geblieben sind Elemente der kleinen Parkarchitektur: das Haupttor mit Zaunsegmenten, ein Gartentor mit \u00dcberresten einer Steinmauer, die Statue der r\u00f6mischen Jagdg\u00f6ttin Diana auf der Insel im Teich. Neu rekonstruiert wurden: eine Sonnenuhr, eine Vase auf einem Sockel, eine runde Aussichtsplattform mit Balustrade, Treppen mit Vasen, eine Marienstatue, der \u201eFreiheitsengel\u201c und Stege.           <br>Heute werden angeboten: Kutschfahrten, Fotoshootings und Trauungszeremonien.<\/p><\/div><\/div><\/div><\/div><\/div><\/div>\t\t\t\t\t\t\t\t<\/div>\n\t\t\t\t<\/div>\n\t\t\t\t<\/div>\n\t\t<div class=\"elementor-element elementor-element-5648584 e-con-full e-flex e-con e-child\" data-id=\"5648584\" data-element_type=\"container\" data-e-type=\"container\">\n\t\t\t\t<div class=\"elementor-element elementor-element-6a66286 elementor-widget elementor-widget-shortcode\" data-id=\"6a66286\" data-element_type=\"widget\" data-e-type=\"widget\" data-widget_type=\"shortcode.default\">\n\t\t\t\t<div class=\"elementor-widget-container\">\n\t\t\t\t\t\t\t<div class=\"elementor-shortcode\">\t\t<div id=\"maps-marker-pro-4738dc8f\" class=\"maps-marker-pro mmp-list-below\" style=\"width: 100%;\">\n\t\t\t<div id=\"mmp-map-wrap-4738dc8f\" class=\"mmp-map-wrap\">\n\t\t\t\t\t\t\t\t\t<div id=\"mmp-panel-4738dc8f\" class=\"mmp-panel\"><\/div>\n\t\t\t\t\t\t\t\t<div id=\"mmp-map-4738dc8f\" class=\"mmp-map\" style=\"height: 500px;\"><\/div>\n\t\t\t\t\t\t\t<\/div>\n\t\t\t\t\t\t\t<div id=\"mmp-list-4738dc8f\" class=\"mmp-list\" style=\"flex-basis: 400px;\"><\/div>\n\t\t\t\t\t<\/div>\n\t\t<\/div>\n\t\t\t\t\t\t<\/div>\n\t\t\t\t<\/div>\n\t\t\t\t<\/div>\n\t\t\t\t\t<\/div>\n\t\t\t\t<\/div>\n\t\t\t\t<\/div>\n\t\t","protected":false},"excerpt":{"rendered":"<p>Die au\u00dfergew\u00f6hnlich sch\u00f6ne Villa im Empire-Stil wurde im Jahr 1880 erbaut und ist bis heute erhalten geblieben. Die Villa des<\/p>\n","protected":false},"author":1,"featured_media":32038,"parent":22976,"menu_order":86,"comment_status":"closed","ping_status":"closed","template":"","meta":{"_acf_changed":false,"_monsterinsights_skip_tracking":false,"_monsterinsights_sitenote_active":false,"_monsterinsights_sitenote_note":"","_monsterinsights_sitenote_category":0,"footnotes":""},"class_list":["post-43698","page","type-page","status-publish","has-post-thumbnail","hentry"],"acf":[],"_links":{"self":[{"href":"https:\/\/siluteinfo.lt\/de\/wp-json\/wp\/v2\/pages\/43698","targetHints":{"allow":["GET"]}}],"collection":[{"href":"https:\/\/siluteinfo.lt\/de\/wp-json\/wp\/v2\/pages"}],"about":[{"href":"https:\/\/siluteinfo.lt\/de\/wp-json\/wp\/v2\/types\/page"}],"author":[{"embeddable":true,"href":"https:\/\/siluteinfo.lt\/de\/wp-json\/wp\/v2\/users\/1"}],"replies":[{"embeddable":true,"href":"https:\/\/siluteinfo.lt\/de\/wp-json\/wp\/v2\/comments?post=43698"}],"version-history":[{"count":0,"href":"https:\/\/siluteinfo.lt\/de\/wp-json\/wp\/v2\/pages\/43698\/revisions"}],"up":[{"embeddable":true,"href":"https:\/\/siluteinfo.lt\/de\/wp-json\/wp\/v2\/pages\/22976"}],"wp:featuredmedia":[{"embeddable":true,"href":"https:\/\/siluteinfo.lt\/de\/wp-json\/wp\/v2\/media\/32038"}],"wp:attachment":[{"href":"https:\/\/siluteinfo.lt\/de\/wp-json\/wp\/v2\/media?parent=43698"}],"curies":[{"name":"wp","href":"https:\/\/api.w.org\/{rel}","templated":true}]}}