{"id":43686,"date":"2022-05-26T06:11:51","date_gmt":"2022-05-26T04:11:51","guid":{"rendered":"https:\/\/siluteinfo.lt\/freizeit\/zu-besuchende-orte\/leuchtturm-von-uostadvaris\/"},"modified":"2025-06-18T19:21:57","modified_gmt":"2025-06-18T17:21:57","slug":"leuchtturm-von-uostadvaris","status":"publish","type":"page","link":"https:\/\/siluteinfo.lt\/de\/freizeit\/zu-besuchende-orte\/leuchtturm-von-uostadvaris\/","title":{"rendered":"Leuchtturm von Uostadvaris"},"content":{"rendered":"\t\t<div data-elementor-type=\"wp-page\" data-elementor-id=\"43686\" class=\"elementor elementor-43686 elementor-11331\" data-elementor-post-type=\"page\">\n\t\t\t\t<div class=\"wd-negative-gap elementor-element elementor-element-4104cea e-flex e-con-boxed e-con e-parent\" data-id=\"4104cea\" data-element_type=\"container\" data-e-type=\"container\">\n\t\t\t\t\t<div class=\"e-con-inner\">\n\t\t<div class=\"elementor-element elementor-element-e92be2d e-con-full e-flex e-con e-child\" data-id=\"e92be2d\" data-element_type=\"container\" data-e-type=\"container\">\n\t\t\t\t<div class=\"elementor-element elementor-element-b4a4da3 elementor-widget elementor-widget-theme-post-featured-image elementor-widget-image\" data-id=\"b4a4da3\" data-element_type=\"widget\" data-e-type=\"widget\" data-widget_type=\"theme-post-featured-image.default\">\n\t\t\t\t<div class=\"elementor-widget-container\">\n\t\t\t\t\t\t\t\t\t\t\t\t\t\t\t<img loading=\"lazy\" decoding=\"async\" width=\"1200\" height=\"900\" src=\"https:\/\/siluteinfo.lt\/wp-content\/themes\/woodmart\/images\/lazy.svg\" data-src=\"https:\/\/siluteinfo.lt\/wp-content\/uploads\/2023\/11\/lankomi-uostadvario-svyturys.jpg\" class=\" wd-lazy-blur attachment-full size-full wp-image-32031\" alt=\"\u0160vyturys Uostadvaryje\" srcset=\"\" data-srcset=\"https:\/\/siluteinfo.lt\/wp-content\/uploads\/2023\/11\/lankomi-uostadvario-svyturys.jpg 1200w, https:\/\/siluteinfo.lt\/wp-content\/uploads\/2023\/11\/lankomi-uostadvario-svyturys-400x300.jpg 400w, https:\/\/siluteinfo.lt\/wp-content\/uploads\/2023\/11\/lankomi-uostadvario-svyturys-768x576.jpg 768w\" sizes=\"auto, (max-width: 1200px) 100vw, 1200px\" \/>\t\t\t\t\t\t\t\t\t\t\t\t\t\t\t<\/div>\n\t\t\t\t<\/div>\n\t\t\t\t<\/div>\n\t\t<div class=\"elementor-element elementor-element-ebeb9d6 e-con-full e-flex e-con e-child\" data-id=\"ebeb9d6\" data-element_type=\"container\" data-e-type=\"container\">\n\t\t\t\t<div class=\"elementor-element elementor-element-7941404 color-scheme-inherit text-left elementor-widget elementor-widget-text-editor\" data-id=\"7941404\" data-element_type=\"widget\" data-e-type=\"widget\" data-widget_type=\"text-editor.default\">\n\t\t\t\t<div class=\"elementor-widget-container\">\n\t\t\t\t\t\t\t\t\t<div dir=\"auto\" style=\"font-style: normal; font-variant-ligatures: normal; font-variant-caps: normal; font-weight: 400; font-family: Jost, Arial, Helvetica, sans-serif; font-size: 16px; white-space: normal; text-align: justify;\"><div dir=\"auto\" style=\"font-style: normal; font-variant-ligatures: normal; font-variant-caps: normal; font-weight: 400; font-family: Jost, Arial, Helvetica, sans-serif; font-size: 16px; white-space: normal; text-align: justify;\"><div dir=\"auto\" style=\"font-style: normal; font-variant-ligatures: normal; font-variant-caps: normal; font-weight: 400; font-family: Jost, Arial, Helvetica, sans-serif; font-size: 16px; white-space: normal; text-align: justify;\"><div dir=\"auto\" style=\"font-style: normal; font-variant-ligatures: normal; font-variant-caps: normal; font-weight: 400; font-family: Jost, Arial, Helvetica, sans-serif; font-size: 16px; white-space: normal; text-align: justify;\"><div dir=\"auto\" style=\"font-style: normal; font-variant-ligatures: normal; font-variant-caps: normal; font-weight: 400; font-family: Jost, Arial, Helvetica, sans-serif; font-size: 16px; white-space: normal; text-align: justify;\"><p style=\"text-align: left;\">Der Leuchtturm von Uostadvaris hat eine regelm\u00e4\u00dfige achteckige Form. Die Kanten sind mit glasierten gr\u00fcnen Ziegeln verziert, die W\u00e4nde bestehen aus rotem Ziegelmauerwerk. Im Inneren f\u00fchren gewundene Betontreppen zum Lampenraum, von dem aus man auf die Aussichtsplattform gelangt. Der Leuchtturm ist 18 Meter hoch.<br>Er wurde zwischen 1873 und 1876 gegen\u00fcber der M\u00fcndung der Minija errichtet und ist mit dem Wohnhaus des Leuchtturmw\u00e4rters verbunden. Heute ist er ein technisches Kulturdenkmal und wird nicht mehr zur Navigation verwendet, dient aber als hervorragender Aussichtsturm f\u00fcr die Umgebung von Rusn\u0117 und Minija.<br>Gleich neben dem Leuchtturm befindet sich eine 1907 erbaute Wasserhebestation mit Dampfturbine, die \u00fcbersch\u00fcssiges Wasser von den Wiesen in die Atmata ableitet. Sie war das erste Bauwerk dieser Art auf dem Gebiet Litauens. Die Station ist nicht nur ein Denkmal der Technikgeschichte, sondern auch architektonisch wertvoll. Sie wurde restauriert und beherbergt heute das \u0160ilut\u0117-Poldermuseum.       <\/p><p style=\"text-align: left;\">Hinweis: Die Wasserhebestation befindet sich in Privatbesitz und ist nur eingeschr\u00e4nkt zug\u00e4nglich.<\/p><\/div><\/div><\/div><\/div><\/div>\t\t\t\t\t\t\t\t<\/div>\n\t\t\t\t<\/div>\n\t\t\t\t<\/div>\n\t\t<div class=\"elementor-element elementor-element-2ad3c57 e-con-full e-flex e-con e-child\" data-id=\"2ad3c57\" data-element_type=\"container\" data-e-type=\"container\">\n\t\t\t\t<div class=\"elementor-element elementor-element-554c920 elementor-widget elementor-widget-shortcode\" data-id=\"554c920\" data-element_type=\"widget\" data-e-type=\"widget\" data-widget_type=\"shortcode.default\">\n\t\t\t\t<div class=\"elementor-widget-container\">\n\t\t\t\t\t\t\t<div class=\"elementor-shortcode\">\t\t<div id=\"maps-marker-pro-afdc5e90\" class=\"maps-marker-pro mmp-list-below\" style=\"width: 100%;\">\n\t\t\t<div id=\"mmp-map-wrap-afdc5e90\" class=\"mmp-map-wrap\">\n\t\t\t\t\t\t\t\t\t<div id=\"mmp-panel-afdc5e90\" class=\"mmp-panel\"><\/div>\n\t\t\t\t\t\t\t\t<div id=\"mmp-map-afdc5e90\" class=\"mmp-map\" style=\"height: 500px;\"><\/div>\n\t\t\t\t\t\t\t<\/div>\n\t\t\t\t\t\t\t<div id=\"mmp-list-afdc5e90\" class=\"mmp-list\" style=\"flex-basis: 400px;\"><\/div>\n\t\t\t\t\t<\/div>\n\t\t<\/div>\n\t\t\t\t\t\t<\/div>\n\t\t\t\t<\/div>\n\t\t\t\t<\/div>\n\t\t\t\t\t<\/div>\n\t\t\t\t<\/div>\n\t\t\t\t<\/div>\n\t\t","protected":false},"excerpt":{"rendered":"<p>Der Leuchtturm von Uostadvaris hat eine regelm\u00e4\u00dfige achteckige Form. Die Kanten sind mit glasierten gr\u00fcnen Ziegeln verziert, die W\u00e4nde bestehen<\/p>\n","protected":false},"author":1,"featured_media":32031,"parent":22976,"menu_order":85,"comment_status":"closed","ping_status":"closed","template":"","meta":{"_acf_changed":false,"_monsterinsights_skip_tracking":false,"_monsterinsights_sitenote_active":false,"_monsterinsights_sitenote_note":"","_monsterinsights_sitenote_category":0,"footnotes":""},"class_list":["post-43686","page","type-page","status-publish","has-post-thumbnail","hentry"],"acf":[],"_links":{"self":[{"href":"https:\/\/siluteinfo.lt\/de\/wp-json\/wp\/v2\/pages\/43686","targetHints":{"allow":["GET"]}}],"collection":[{"href":"https:\/\/siluteinfo.lt\/de\/wp-json\/wp\/v2\/pages"}],"about":[{"href":"https:\/\/siluteinfo.lt\/de\/wp-json\/wp\/v2\/types\/page"}],"author":[{"embeddable":true,"href":"https:\/\/siluteinfo.lt\/de\/wp-json\/wp\/v2\/users\/1"}],"replies":[{"embeddable":true,"href":"https:\/\/siluteinfo.lt\/de\/wp-json\/wp\/v2\/comments?post=43686"}],"version-history":[{"count":0,"href":"https:\/\/siluteinfo.lt\/de\/wp-json\/wp\/v2\/pages\/43686\/revisions"}],"up":[{"embeddable":true,"href":"https:\/\/siluteinfo.lt\/de\/wp-json\/wp\/v2\/pages\/22976"}],"wp:featuredmedia":[{"embeddable":true,"href":"https:\/\/siluteinfo.lt\/de\/wp-json\/wp\/v2\/media\/32031"}],"wp:attachment":[{"href":"https:\/\/siluteinfo.lt\/de\/wp-json\/wp\/v2\/media?parent=43686"}],"curies":[{"name":"wp","href":"https:\/\/api.w.org\/{rel}","templated":true}]}}