{"id":43628,"date":"2022-05-26T06:10:12","date_gmt":"2022-05-26T04:10:12","guid":{"rendered":"https:\/\/siluteinfo.lt\/freizeit\/zu-besuchende-orte\/postgebaude-von-rusne-und-uberreste-der-alten-petersbrucke\/"},"modified":"2025-06-18T18:57:13","modified_gmt":"2025-06-18T16:57:13","slug":"postgebaude-von-rusne-und-uberreste-der-alten-petersbrucke","status":"publish","type":"page","link":"https:\/\/siluteinfo.lt\/de\/freizeit\/zu-besuchende-orte\/postgebaude-von-rusne-und-uberreste-der-alten-petersbrucke\/","title":{"rendered":"Postgeb\u00e4ude von Rusn\u0117 und \u00dcberreste der alten Petersbr\u00fccke"},"content":{"rendered":"\t\t<div data-elementor-type=\"wp-page\" data-elementor-id=\"43628\" class=\"elementor elementor-43628 elementor-11323\" data-elementor-post-type=\"page\">\n\t\t\t\t<div class=\"wd-negative-gap elementor-element elementor-element-d4506f1 e-flex e-con-boxed e-con e-parent\" data-id=\"d4506f1\" data-element_type=\"container\" data-e-type=\"container\">\n\t\t\t\t\t<div class=\"e-con-inner\">\n\t\t<div class=\"elementor-element elementor-element-89830a9 e-con-full e-flex e-con e-child\" data-id=\"89830a9\" data-element_type=\"container\" data-e-type=\"container\">\n\t\t\t\t<div class=\"elementor-element elementor-element-1a75ae8 elementor-widget elementor-widget-theme-post-featured-image elementor-widget-image\" data-id=\"1a75ae8\" data-element_type=\"widget\" data-e-type=\"widget\" data-widget_type=\"theme-post-featured-image.default\">\n\t\t\t\t<div class=\"elementor-widget-container\">\n\t\t\t\t\t\t\t\t\t\t\t\t\t\t\t<img loading=\"lazy\" decoding=\"async\" width=\"1200\" height=\"900\" src=\"https:\/\/siluteinfo.lt\/wp-content\/themes\/woodmart\/images\/lazy.svg\" data-src=\"https:\/\/siluteinfo.lt\/wp-content\/uploads\/2023\/11\/lankomi-rusnes-pasto-pastatas.jpg\" class=\" wd-lazy-blur attachment-full size-full wp-image-31989\" alt=\"Pa\u0161to pastatas ir Senojo Peterso tilto liekanos Rusn\u0117je\" srcset=\"\" data-srcset=\"https:\/\/siluteinfo.lt\/wp-content\/uploads\/2023\/11\/lankomi-rusnes-pasto-pastatas.jpg 1200w, https:\/\/siluteinfo.lt\/wp-content\/uploads\/2023\/11\/lankomi-rusnes-pasto-pastatas-400x300.jpg 400w, https:\/\/siluteinfo.lt\/wp-content\/uploads\/2023\/11\/lankomi-rusnes-pasto-pastatas-768x576.jpg 768w\" sizes=\"auto, (max-width: 1200px) 100vw, 1200px\" \/>\t\t\t\t\t\t\t\t\t\t\t\t\t\t\t<\/div>\n\t\t\t\t<\/div>\n\t\t\t\t<\/div>\n\t\t<div class=\"elementor-element elementor-element-d9ea469 e-con-full e-flex e-con e-child\" data-id=\"d9ea469\" data-element_type=\"container\" data-e-type=\"container\">\n\t\t\t\t<div class=\"elementor-element elementor-element-5c91773 color-scheme-inherit text-left elementor-widget elementor-widget-text-editor\" data-id=\"5c91773\" data-element_type=\"widget\" data-e-type=\"widget\" data-widget_type=\"text-editor.default\">\n\t\t\t\t<div class=\"elementor-widget-container\">\n\t\t\t\t\t\t\t\t\t<div dir=\"auto\" style=\"font-style: normal; font-variant-ligatures: normal; font-variant-caps: normal; font-weight: 400; font-family: Jost, Arial, Helvetica, sans-serif; font-size: 16px; white-space: normal; text-align: justify;\"><div dir=\"auto\" style=\"font-style: normal; font-variant-ligatures: normal; font-variant-caps: normal; font-weight: 400; font-family: Jost, Arial, Helvetica, sans-serif; font-size: 16px; white-space: normal; text-align: justify;\"><div dir=\"auto\" style=\"font-style: normal; font-variant-ligatures: normal; font-variant-caps: normal; font-weight: 400; font-family: Jost, Arial, Helvetica, sans-serif; font-size: 16px; white-space: normal; text-align: justify;\"><div dir=\"auto\" style=\"font-style: normal; font-variant-ligatures: normal; font-variant-caps: normal; font-weight: 400; font-family: Jost, Arial, Helvetica, sans-serif; font-size: 16px; white-space: normal; text-align: justify;\"><div dir=\"auto\" style=\"font-style: normal; font-variant-ligatures: normal; font-variant-caps: normal; font-weight: 400; font-family: Jost, Arial, Helvetica, sans-serif; font-size: 16px; white-space: normal; text-align: justify;\"><div dir=\"auto\" style=\"font-style: normal; font-variant-ligatures: normal; font-variant-caps: normal; font-weight: 400; font-family: Jost, Arial, Helvetica, sans-serif; font-size: 16px; white-space: normal; text-align: justify;\"><p style=\"text-align: left;\">Der Bau der Br\u00fccke begann im Jahr 1912. Gleichzeitig wurde ein Elektrizit\u00e4tswerk errichtet und der Ort Rusn\u0117 elektrifiziert. Die feierliche Er\u00f6ffnung der Petersbr\u00fccke war f\u00fcr den 1. September 1914 geplant. Leider verhinderte der am 1. August ausgebrochene Erste Weltkrieg die Fertigstellung. Dennoch wurde der Br\u00fcckenbau am 10. Oktober 1914 abgeschlossen. Die Br\u00fccke blieb sowohl im Ersten als auch im Zweiten Weltkrieg unbesch\u00e4digt und wurde von den Bewohnern \u00fcber 30 Jahre lang genutzt. Eine Br\u00fcckenmaut wurde erhoben.<br>Im Oktober 1944, gegen Ende des Zweiten Weltkriegs, sprengten sich zur\u00fcckziehende deutsche Truppen einen Teil der Br\u00fccke.<br>Neben der Petersbr\u00fccke wurde das alte Postamt von Rusn\u0117 errichtet. Heute sieht man durch die Fenster des ehemaligen Postamts den Fluss Atmata, die \u00dcberreste der ber\u00fchmten Petersbr\u00fccke und ihre Laterne sowie eine Aussichtsplattform. Das Postgeb\u00e4ude \u2013 ein sch\u00f6nes Beispiel deutscher Nationalarchitektur \u2013 stand direkt vor der Br\u00fcckeneinfahrt.<br>Heute befindet sich hier das Hotel-Restaurant \u201ePrie Peterso tilto\u201c (\u201eAn der Petersbr\u00fccke\u201c).  <\/p><\/div><\/div><\/div><\/div><\/div><\/div>\t\t\t\t\t\t\t\t<\/div>\n\t\t\t\t<\/div>\n\t\t\t\t<\/div>\n\t\t<div class=\"elementor-element elementor-element-b536886 e-con-full e-flex e-con e-child\" data-id=\"b536886\" data-element_type=\"container\" data-e-type=\"container\">\n\t\t\t\t<div class=\"elementor-element elementor-element-601cf71 elementor-widget elementor-widget-shortcode\" data-id=\"601cf71\" data-element_type=\"widget\" data-e-type=\"widget\" data-widget_type=\"shortcode.default\">\n\t\t\t\t<div class=\"elementor-widget-container\">\n\t\t\t\t\t\t\t<div class=\"elementor-shortcode\">\t\t<div id=\"maps-marker-pro-9a130103\" class=\"maps-marker-pro mmp-list-below\" style=\"width: 100%;\">\n\t\t\t<div id=\"mmp-map-wrap-9a130103\" class=\"mmp-map-wrap\">\n\t\t\t\t\t\t\t\t\t<div id=\"mmp-panel-9a130103\" class=\"mmp-panel\"><\/div>\n\t\t\t\t\t\t\t\t<div id=\"mmp-map-9a130103\" class=\"mmp-map\" style=\"height: 500px;\"><\/div>\n\t\t\t\t\t\t\t<\/div>\n\t\t\t\t\t\t\t<div id=\"mmp-list-9a130103\" class=\"mmp-list\" style=\"flex-basis: 400px;\"><\/div>\n\t\t\t\t\t<\/div>\n\t\t<\/div>\n\t\t\t\t\t\t<\/div>\n\t\t\t\t<\/div>\n\t\t\t\t<\/div>\n\t\t\t\t\t<\/div>\n\t\t\t\t<\/div>\n\t\t\t\t<\/div>\n\t\t","protected":false},"excerpt":{"rendered":"<p>Der Bau der Br\u00fccke begann im Jahr 1912. Gleichzeitig wurde ein Elektrizit\u00e4tswerk errichtet und der Ort Rusn\u0117 elektrifiziert. Die feierliche<\/p>\n","protected":false},"author":1,"featured_media":31989,"parent":22976,"menu_order":79,"comment_status":"closed","ping_status":"closed","template":"","meta":{"_acf_changed":false,"_monsterinsights_skip_tracking":false,"_monsterinsights_sitenote_active":false,"_monsterinsights_sitenote_note":"","_monsterinsights_sitenote_category":0,"footnotes":""},"class_list":["post-43628","page","type-page","status-publish","has-post-thumbnail","hentry"],"acf":[],"_links":{"self":[{"href":"https:\/\/siluteinfo.lt\/de\/wp-json\/wp\/v2\/pages\/43628","targetHints":{"allow":["GET"]}}],"collection":[{"href":"https:\/\/siluteinfo.lt\/de\/wp-json\/wp\/v2\/pages"}],"about":[{"href":"https:\/\/siluteinfo.lt\/de\/wp-json\/wp\/v2\/types\/page"}],"author":[{"embeddable":true,"href":"https:\/\/siluteinfo.lt\/de\/wp-json\/wp\/v2\/users\/1"}],"replies":[{"embeddable":true,"href":"https:\/\/siluteinfo.lt\/de\/wp-json\/wp\/v2\/comments?post=43628"}],"version-history":[{"count":0,"href":"https:\/\/siluteinfo.lt\/de\/wp-json\/wp\/v2\/pages\/43628\/revisions"}],"up":[{"embeddable":true,"href":"https:\/\/siluteinfo.lt\/de\/wp-json\/wp\/v2\/pages\/22976"}],"wp:featuredmedia":[{"embeddable":true,"href":"https:\/\/siluteinfo.lt\/de\/wp-json\/wp\/v2\/media\/31989"}],"wp:attachment":[{"href":"https:\/\/siluteinfo.lt\/de\/wp-json\/wp\/v2\/media?parent=43628"}],"curies":[{"name":"wp","href":"https:\/\/api.w.org\/{rel}","templated":true}]}}