{"id":43497,"date":"2022-05-26T06:13:15","date_gmt":"2022-05-26T04:13:15","guid":{"rendered":"https:\/\/siluteinfo.lt\/freizeit\/zu-besuchende-orte\/die-grosse-kirche-von-kintai\/"},"modified":"2025-06-12T16:03:18","modified_gmt":"2025-06-12T14:03:18","slug":"die-grosse-kirche-von-kintai","status":"publish","type":"page","link":"https:\/\/siluteinfo.lt\/de\/freizeit\/zu-besuchende-orte\/die-grosse-kirche-von-kintai\/","title":{"rendered":"Die Gro\u00dfe Kirche von Kintai"},"content":{"rendered":"\t\t<div data-elementor-type=\"wp-page\" data-elementor-id=\"43497\" class=\"elementor elementor-43497 elementor-11337\" data-elementor-post-type=\"page\">\n\t\t\t\t<div class=\"wd-negative-gap elementor-element elementor-element-07f0697 e-flex e-con-boxed e-con e-parent\" data-id=\"07f0697\" data-element_type=\"container\" data-e-type=\"container\">\n\t\t\t\t\t<div class=\"e-con-inner\">\n\t\t<div class=\"elementor-element elementor-element-3f0b7b1 e-con-full e-flex e-con e-child\" data-id=\"3f0b7b1\" data-element_type=\"container\" data-e-type=\"container\">\n\t\t\t\t<div class=\"elementor-element elementor-element-8a45ef6 elementor-widget elementor-widget-theme-post-featured-image elementor-widget-image\" data-id=\"8a45ef6\" data-element_type=\"widget\" data-e-type=\"widget\" data-widget_type=\"theme-post-featured-image.default\">\n\t\t\t\t<div class=\"elementor-widget-container\">\n\t\t\t\t\t\t\t\t\t\t\t\t\t\t\t<img loading=\"lazy\" decoding=\"async\" width=\"1200\" height=\"900\" src=\"https:\/\/siluteinfo.lt\/wp-content\/themes\/woodmart\/images\/lazy.svg\" data-src=\"https:\/\/siluteinfo.lt\/wp-content\/uploads\/2023\/11\/lankomi-didzioji-kintu-baznycia.jpg\" class=\" wd-lazy-blur attachment-full size-full wp-image-31974\" alt=\"Did\u017eioji Kint\u0173 ba\u017eny\u010dia Kintuose\" srcset=\"\" data-srcset=\"https:\/\/siluteinfo.lt\/wp-content\/uploads\/2023\/11\/lankomi-didzioji-kintu-baznycia.jpg 1200w, https:\/\/siluteinfo.lt\/wp-content\/uploads\/2023\/11\/lankomi-didzioji-kintu-baznycia-400x300.jpg 400w, https:\/\/siluteinfo.lt\/wp-content\/uploads\/2023\/11\/lankomi-didzioji-kintu-baznycia-768x576.jpg 768w\" sizes=\"auto, (max-width: 1200px) 100vw, 1200px\" \/>\t\t\t\t\t\t\t\t\t\t\t\t\t\t\t<\/div>\n\t\t\t\t<\/div>\n\t\t\t\t<\/div>\n\t\t<div class=\"elementor-element elementor-element-823d046 e-con-full e-flex e-con e-child\" data-id=\"823d046\" data-element_type=\"container\" data-e-type=\"container\">\n\t\t\t\t<div class=\"elementor-element elementor-element-dc9c61a color-scheme-inherit text-left elementor-widget elementor-widget-text-editor\" data-id=\"dc9c61a\" data-element_type=\"widget\" data-e-type=\"widget\" data-widget_type=\"text-editor.default\">\n\t\t\t\t<div class=\"elementor-widget-container\">\n\t\t\t\t\t\t\t\t\t<div dir=\"auto\" style=\"font-style: normal; font-variant-ligatures: normal; font-variant-caps: normal; font-weight: 400; font-family: Jost, Arial, Helvetica, sans-serif; font-size: 16px; white-space: normal; text-align: justify;\"><div dir=\"auto\" style=\"font-style: normal; font-variant-ligatures: normal; font-variant-caps: normal; font-weight: 400; font-family: Jost, Arial, Helvetica, sans-serif; font-size: 16px; white-space: normal; text-align: justify;\"><div dir=\"auto\" style=\"font-style: normal; font-variant-ligatures: normal; font-variant-caps: normal; font-weight: 400; font-family: Jost, Arial, Helvetica, sans-serif; font-size: 16px; white-space: normal; text-align: justify;\"><div dir=\"auto\" style=\"font-style: normal; font-variant-ligatures: normal; font-variant-caps: normal; font-weight: 400; font-family: Jost, Arial, Helvetica, sans-serif; font-size: 16px; white-space: normal; text-align: justify;\"><p style=\"text-align: left;\">Die Kirche in Kintai wurde 1705 erbaut oder, wie man vor Ort sagt, versetzt, nachdem in Vent\u0117 eine mittelalterliche Kirche aus der Zeit des Deutschen Ordens eingest\u00fcrzt war. Sie ist ein typisches Bauwerk der fr\u00fchen 18. Jahrhunderts in Ostpreu\u00dfen, im Grundriss angelehnt an die gotischen Kirchen des Deutschen Ordens mit historischem Kirchturm. Kintai wurde so zum Pfarrzentrum, obwohl es kirchliche Andachtsst\u00e4tten hier bereits seit 1550 als Filiale von Priekul\u0117 gab.<br>Das Schicksal dieses Gotteshauses war nicht gn\u00e4dig: w\u00e4hrend der Sowjetzeit diente es als Lager f\u00fcr landwirtschaftliche Ger\u00e4te, D\u00fcngemittel und Getreide. 1987 wurde es restauriert und in eine Ausstellungs- und Konzerthalle umgewandelt. Seitdem finden dort Konzerte, Ausstellungen und Feierlichkeiten, etwa zum 120. Geburtstag Vyd\u016bnas\u2019, statt.<br>Obwohl es sich um eine evangelisch-lutherische Kirche handelt, wurde sie nach der Unabh\u00e4ngigkeit auch von Katholiken genutzt. Die kleine evangelisch-lutherische Gemeinde nutzt jetzt die benachbarten Pfarrh\u00e4user, die nach dem Krieg zu Andachtsr\u00e4umen umgebaut wurden.<br>In j\u00fcngster Zeit wird die \u201egro\u00dfe Kirche\u201c von Kintai zunehmend zum kulturellen Zentrum: hier finden Konzerte des Kintai Sommerfestivals statt, die nicht nur von Einheimischen, sondern auch G\u00e4sten aus \u0160ilut\u0117, Klaip\u0117da und Umgebung gesch\u00e4tzt werden. Das Festival hat sich zu einem kulturellen Ereignis europ\u00e4ischen Rangs entwickelt.          <\/p><\/div><\/div><\/div><\/div>\t\t\t\t\t\t\t\t<\/div>\n\t\t\t\t<\/div>\n\t\t\t\t<\/div>\n\t\t<div class=\"elementor-element elementor-element-1732ea9 e-con-full e-flex e-con e-child\" data-id=\"1732ea9\" data-element_type=\"container\" data-e-type=\"container\">\n\t\t\t\t<div class=\"elementor-element elementor-element-5a94272 elementor-widget elementor-widget-shortcode\" data-id=\"5a94272\" data-element_type=\"widget\" data-e-type=\"widget\" data-widget_type=\"shortcode.default\">\n\t\t\t\t<div class=\"elementor-widget-container\">\n\t\t\t\t\t\t\t<div class=\"elementor-shortcode\">\t\t<div id=\"maps-marker-pro-9e505341\" class=\"maps-marker-pro mmp-list-below\" style=\"width: 100%;\">\n\t\t\t<div id=\"mmp-map-wrap-9e505341\" class=\"mmp-map-wrap\">\n\t\t\t\t\t\t\t\t\t<div id=\"mmp-panel-9e505341\" class=\"mmp-panel\"><\/div>\n\t\t\t\t\t\t\t\t<div id=\"mmp-map-9e505341\" class=\"mmp-map\" style=\"height: 500px;\"><\/div>\n\t\t\t\t\t\t\t<\/div>\n\t\t\t\t\t\t\t<div id=\"mmp-list-9e505341\" class=\"mmp-list\" style=\"flex-basis: 400px;\"><\/div>\n\t\t\t\t\t<\/div>\n\t\t<\/div>\n\t\t\t\t\t\t<\/div>\n\t\t\t\t<\/div>\n\t\t\t\t<\/div>\n\t\t\t\t\t<\/div>\n\t\t\t\t<\/div>\n\t\t\t\t<\/div>\n\t\t","protected":false},"excerpt":{"rendered":"<p>Die Kirche in Kintai wurde 1705 erbaut oder, wie man vor Ort sagt, versetzt, nachdem in Vent\u0117 eine mittelalterliche Kirche<\/p>\n","protected":false},"author":1,"featured_media":31974,"parent":22976,"menu_order":77,"comment_status":"closed","ping_status":"closed","template":"","meta":{"_acf_changed":false,"_monsterinsights_skip_tracking":false,"_monsterinsights_sitenote_active":false,"_monsterinsights_sitenote_note":"","_monsterinsights_sitenote_category":0,"footnotes":""},"class_list":["post-43497","page","type-page","status-publish","has-post-thumbnail","hentry"],"acf":[],"_links":{"self":[{"href":"https:\/\/siluteinfo.lt\/de\/wp-json\/wp\/v2\/pages\/43497","targetHints":{"allow":["GET"]}}],"collection":[{"href":"https:\/\/siluteinfo.lt\/de\/wp-json\/wp\/v2\/pages"}],"about":[{"href":"https:\/\/siluteinfo.lt\/de\/wp-json\/wp\/v2\/types\/page"}],"author":[{"embeddable":true,"href":"https:\/\/siluteinfo.lt\/de\/wp-json\/wp\/v2\/users\/1"}],"replies":[{"embeddable":true,"href":"https:\/\/siluteinfo.lt\/de\/wp-json\/wp\/v2\/comments?post=43497"}],"version-history":[{"count":0,"href":"https:\/\/siluteinfo.lt\/de\/wp-json\/wp\/v2\/pages\/43497\/revisions"}],"up":[{"embeddable":true,"href":"https:\/\/siluteinfo.lt\/de\/wp-json\/wp\/v2\/pages\/22976"}],"wp:featuredmedia":[{"embeddable":true,"href":"https:\/\/siluteinfo.lt\/de\/wp-json\/wp\/v2\/media\/31974"}],"wp:attachment":[{"href":"https:\/\/siluteinfo.lt\/de\/wp-json\/wp\/v2\/media?parent=43497"}],"curies":[{"name":"wp","href":"https:\/\/api.w.org\/{rel}","templated":true}]}}