{"id":43487,"date":"2022-05-26T06:13:47","date_gmt":"2022-05-26T04:13:47","guid":{"rendered":"https:\/\/siluteinfo.lt\/freizeit\/zu-besuchende-orte\/vydunas-kulturzentrum-in-kintai\/"},"modified":"2025-06-12T15:57:16","modified_gmt":"2025-06-12T13:57:16","slug":"vydunas-kulturzentrum-in-kintai","status":"publish","type":"page","link":"https:\/\/siluteinfo.lt\/de\/freizeit\/zu-besuchende-orte\/vydunas-kulturzentrum-in-kintai\/","title":{"rendered":"Vyd\u016bnas-Kulturzentrum in Kintai"},"content":{"rendered":"\t\t<div data-elementor-type=\"wp-page\" data-elementor-id=\"43487\" class=\"elementor elementor-43487 elementor-11339\" data-elementor-post-type=\"page\">\n\t\t\t\t<div class=\"wd-negative-gap elementor-element elementor-element-416aead e-flex e-con-boxed e-con e-parent\" data-id=\"416aead\" data-element_type=\"container\" data-e-type=\"container\">\n\t\t\t\t\t<div class=\"e-con-inner\">\n\t\t<div class=\"elementor-element elementor-element-097cc32 e-con-full e-flex e-con e-child\" data-id=\"097cc32\" data-element_type=\"container\" data-e-type=\"container\">\n\t\t\t\t<div class=\"elementor-element elementor-element-204372d elementor-widget elementor-widget-theme-post-featured-image elementor-widget-image\" data-id=\"204372d\" data-element_type=\"widget\" data-e-type=\"widget\" data-widget_type=\"theme-post-featured-image.default\">\n\t\t\t\t<div class=\"elementor-widget-container\">\n\t\t\t\t\t\t\t\t\t\t\t\t\t\t\t<img loading=\"lazy\" decoding=\"async\" width=\"1200\" height=\"900\" src=\"https:\/\/siluteinfo.lt\/wp-content\/themes\/woodmart\/images\/lazy.svg\" data-src=\"https:\/\/siluteinfo.lt\/wp-content\/uploads\/2023\/11\/lankomi-kintu-vyduno-kulturos-centras.jpg\" class=\" wd-lazy-blur attachment-full size-full wp-image-31967\" alt=\"Vyd\u016bno kult\u016bros centro pastatas Kintuose\" srcset=\"\" data-srcset=\"https:\/\/siluteinfo.lt\/wp-content\/uploads\/2023\/11\/lankomi-kintu-vyduno-kulturos-centras.jpg 1200w, https:\/\/siluteinfo.lt\/wp-content\/uploads\/2023\/11\/lankomi-kintu-vyduno-kulturos-centras-400x300.jpg 400w, https:\/\/siluteinfo.lt\/wp-content\/uploads\/2023\/11\/lankomi-kintu-vyduno-kulturos-centras-768x576.jpg 768w\" sizes=\"auto, (max-width: 1200px) 100vw, 1200px\" \/>\t\t\t\t\t\t\t\t\t\t\t\t\t\t\t<\/div>\n\t\t\t\t<\/div>\n\t\t\t\t<\/div>\n\t\t<div class=\"elementor-element elementor-element-984f1f6 e-con-full e-flex e-con e-child\" data-id=\"984f1f6\" data-element_type=\"container\" data-e-type=\"container\">\n\t\t\t\t<div class=\"elementor-element elementor-element-5ba0b3c color-scheme-inherit text-left elementor-widget elementor-widget-text-editor\" data-id=\"5ba0b3c\" data-element_type=\"widget\" data-e-type=\"widget\" data-widget_type=\"text-editor.default\">\n\t\t\t\t<div class=\"elementor-widget-container\">\n\t\t\t\t\t\t\t\t\t<div dir=\"auto\" style=\"font-style: normal; font-variant-ligatures: normal; font-variant-caps: normal; font-weight: 400; font-family: Jost, Arial, Helvetica, sans-serif; font-size: 16px; white-space: normal; text-align: justify;\"><div dir=\"auto\" style=\"font-style: normal; font-variant-ligatures: normal; font-variant-caps: normal; font-weight: 400; font-family: Jost, Arial, Helvetica, sans-serif; font-size: 16px; white-space: normal; text-align: justify;\"><div dir=\"auto\" style=\"font-style: normal; font-variant-ligatures: normal; font-variant-caps: normal; font-weight: 400; font-family: Jost, Arial, Helvetica, sans-serif; font-size: 16px; white-space: normal; text-align: justify;\"><div dir=\"auto\" style=\"font-style: normal; font-variant-ligatures: normal; font-variant-caps: normal; font-weight: 400; font-family: Jost, Arial, Helvetica, sans-serif; font-size: 16px; white-space: normal; text-align: justify;\"><p style=\"text-align: left;\">Das Vyd\u016bnas-Kulturzentrum und Gedenkmuseum befindet sich im ehemaligen Schulgeb\u00e4ude von Kintai. Die Schule wurde 1705 erbaut und 1994 umfassend restauriert. In den Jahren 1888\u20131892 arbeitete hier der bekannte litauische Philosoph und Schriftsteller Vilhelmas Storosta-Vyd\u016bnas. Das Kulturzentrum wurde 1998 gegr\u00fcndet.      <br>Ein architektonisch einzigartiges Nebengeb\u00e4ude wurde zu einer K\u00fcnstlerresidenz mit Metallkunstwerkst\u00e4tten sowie R\u00e4umen f\u00fcr kreative Arbeit und Erholung umgestaltet.<br>Das Zentrum organisiert touristische Routen in der Umgebung von Kintai, bietet den Besuch des Vyd\u016bnas-Museums an und betreibt eine Email-Galerie mit Bildungsprogrammen f\u00fcr Einzelpersonen und Gruppen.<br>Praktische ethnokulturelle Aktivit\u00e4ten werden gef\u00f6rdert: Expeditionen, Bildungsprojekte, Vorf\u00fchrungen traditioneller Handwerkskunst sowie Amateurkunstprogramme f\u00fcr Jugendliche und Erwachsene.<br>Kinder- und Jugendkunst wird durch Kunst- und Musikschulen sowie Freizeitprojekte unterst\u00fctzt.<br>Das Zentrum verbreitet professionelle Kunst durch Bildungsprogramme, regionale und internationale Symposien und Pleinairs.<br>Wanderausstellungen, traditionelle Feste und Veranstaltungen werden regelm\u00e4\u00dfig organisiert.<\/p><\/div><\/div><\/div><\/div>\t\t\t\t\t\t\t\t<\/div>\n\t\t\t\t<\/div>\n\t\t\t\t<\/div>\n\t\t<div class=\"elementor-element elementor-element-e261b24 e-con-full e-flex e-con e-child\" data-id=\"e261b24\" data-element_type=\"container\" data-e-type=\"container\">\n\t\t\t\t<div class=\"elementor-element elementor-element-14f7c15 elementor-widget elementor-widget-shortcode\" data-id=\"14f7c15\" data-element_type=\"widget\" data-e-type=\"widget\" data-widget_type=\"shortcode.default\">\n\t\t\t\t<div class=\"elementor-widget-container\">\n\t\t\t\t\t\t\t<div class=\"elementor-shortcode\">\t\t<div id=\"maps-marker-pro-4e84f630\" class=\"maps-marker-pro mmp-list-below\" style=\"width: 100%;\">\n\t\t\t<div id=\"mmp-map-wrap-4e84f630\" class=\"mmp-map-wrap\">\n\t\t\t\t\t\t\t\t\t<div id=\"mmp-panel-4e84f630\" class=\"mmp-panel\"><\/div>\n\t\t\t\t\t\t\t\t<div id=\"mmp-map-4e84f630\" class=\"mmp-map\" style=\"height: 500px;\"><\/div>\n\t\t\t\t\t\t\t<\/div>\n\t\t\t\t\t\t\t<div id=\"mmp-list-4e84f630\" class=\"mmp-list\" style=\"flex-basis: 400px;\"><\/div>\n\t\t\t\t\t<\/div>\n\t\t<\/div>\n\t\t\t\t\t\t<\/div>\n\t\t\t\t<\/div>\n\t\t\t\t<\/div>\n\t\t\t\t\t<\/div>\n\t\t\t\t<\/div>\n\t\t\t\t<\/div>\n\t\t","protected":false},"excerpt":{"rendered":"<p>Das Vyd\u016bnas-Kulturzentrum und Gedenkmuseum befindet sich im ehemaligen Schulgeb\u00e4ude von Kintai. Die Schule wurde 1705 erbaut und 1994 umfassend restauriert.<\/p>\n","protected":false},"author":1,"featured_media":31967,"parent":22976,"menu_order":76,"comment_status":"closed","ping_status":"closed","template":"","meta":{"_acf_changed":false,"_monsterinsights_skip_tracking":false,"_monsterinsights_sitenote_active":false,"_monsterinsights_sitenote_note":"","_monsterinsights_sitenote_category":0,"footnotes":""},"class_list":["post-43487","page","type-page","status-publish","has-post-thumbnail","hentry"],"acf":[],"_links":{"self":[{"href":"https:\/\/siluteinfo.lt\/de\/wp-json\/wp\/v2\/pages\/43487","targetHints":{"allow":["GET"]}}],"collection":[{"href":"https:\/\/siluteinfo.lt\/de\/wp-json\/wp\/v2\/pages"}],"about":[{"href":"https:\/\/siluteinfo.lt\/de\/wp-json\/wp\/v2\/types\/page"}],"author":[{"embeddable":true,"href":"https:\/\/siluteinfo.lt\/de\/wp-json\/wp\/v2\/users\/1"}],"replies":[{"embeddable":true,"href":"https:\/\/siluteinfo.lt\/de\/wp-json\/wp\/v2\/comments?post=43487"}],"version-history":[{"count":0,"href":"https:\/\/siluteinfo.lt\/de\/wp-json\/wp\/v2\/pages\/43487\/revisions"}],"up":[{"embeddable":true,"href":"https:\/\/siluteinfo.lt\/de\/wp-json\/wp\/v2\/pages\/22976"}],"wp:featuredmedia":[{"embeddable":true,"href":"https:\/\/siluteinfo.lt\/de\/wp-json\/wp\/v2\/media\/31967"}],"wp:attachment":[{"href":"https:\/\/siluteinfo.lt\/de\/wp-json\/wp\/v2\/media?parent=43487"}],"curies":[{"name":"wp","href":"https:\/\/api.w.org\/{rel}","templated":true}]}}