{"id":43467,"date":"2022-05-26T06:14:12","date_gmt":"2022-05-26T04:14:12","guid":{"rendered":"https:\/\/siluteinfo.lt\/freizeit\/zu-besuchende-orte\/windenburger-eck\/"},"modified":"2025-06-12T15:41:58","modified_gmt":"2025-06-12T13:41:58","slug":"windenburger-eck","status":"publish","type":"page","link":"https:\/\/siluteinfo.lt\/de\/freizeit\/zu-besuchende-orte\/windenburger-eck\/","title":{"rendered":"Windenburger Eck (Vent\u0117s Ragas)"},"content":{"rendered":"\t\t<div data-elementor-type=\"wp-page\" data-elementor-id=\"43467\" class=\"elementor elementor-43467 elementor-11341\" data-elementor-post-type=\"page\">\n\t\t\t\t<div class=\"wd-negative-gap elementor-element elementor-element-ce81060 e-flex e-con-boxed e-con e-parent\" data-id=\"ce81060\" data-element_type=\"container\" data-e-type=\"container\">\n\t\t\t\t\t<div class=\"e-con-inner\">\n\t\t<div class=\"elementor-element elementor-element-cf94564 e-con-full e-flex e-con e-child\" data-id=\"cf94564\" data-element_type=\"container\" data-e-type=\"container\">\n\t\t\t\t<div class=\"elementor-element elementor-element-4da4cc9 elementor-widget elementor-widget-theme-post-featured-image elementor-widget-image\" data-id=\"4da4cc9\" data-element_type=\"widget\" data-e-type=\"widget\" data-widget_type=\"theme-post-featured-image.default\">\n\t\t\t\t<div class=\"elementor-widget-container\">\n\t\t\t\t\t\t\t\t\t\t\t\t\t\t\t<img loading=\"lazy\" decoding=\"async\" width=\"1200\" height=\"900\" src=\"https:\/\/siluteinfo.lt\/wp-content\/themes\/woodmart\/images\/lazy.svg\" data-src=\"https:\/\/siluteinfo.lt\/wp-content\/uploads\/2023\/11\/lankomi-ventes-ragas.jpg\" class=\" wd-lazy-blur attachment-full size-full wp-image-31953\" alt=\"Vent\u0117s rago molas\" srcset=\"\" data-srcset=\"https:\/\/siluteinfo.lt\/wp-content\/uploads\/2023\/11\/lankomi-ventes-ragas.jpg 1200w, https:\/\/siluteinfo.lt\/wp-content\/uploads\/2023\/11\/lankomi-ventes-ragas-400x300.jpg 400w, https:\/\/siluteinfo.lt\/wp-content\/uploads\/2023\/11\/lankomi-ventes-ragas-768x576.jpg 768w\" sizes=\"auto, (max-width: 1200px) 100vw, 1200px\" \/>\t\t\t\t\t\t\t\t\t\t\t\t\t\t\t<\/div>\n\t\t\t\t<\/div>\n\t\t\t\t<\/div>\n\t\t<div class=\"elementor-element elementor-element-60bc55c e-con-full e-flex e-con e-child\" data-id=\"60bc55c\" data-element_type=\"container\" data-e-type=\"container\">\n\t\t\t\t<div class=\"elementor-element elementor-element-a98d650 color-scheme-inherit text-left elementor-widget elementor-widget-text-editor\" data-id=\"a98d650\" data-element_type=\"widget\" data-e-type=\"widget\" data-widget_type=\"text-editor.default\">\n\t\t\t\t<div class=\"elementor-widget-container\">\n\t\t\t\t\t\t\t\t\t<div dir=\"auto\" style=\"font-style: normal; font-variant-ligatures: normal; font-variant-caps: normal; font-weight: 400; font-family: Jost, Arial, Helvetica, sans-serif; font-size: 16px; white-space: normal; text-align: justify;\"><div dir=\"auto\" style=\"font-style: normal; font-variant-ligatures: normal; font-variant-caps: normal; font-weight: 400; font-family: Jost, Arial, Helvetica, sans-serif; font-size: 16px; white-space: normal; text-align: justify;\"><div dir=\"auto\" style=\"font-style: normal; font-variant-ligatures: normal; font-variant-caps: normal; font-weight: 400; font-family: Jost, Arial, Helvetica, sans-serif; font-size: 16px; white-space: normal; text-align: justify;\"><div dir=\"auto\" style=\"font-style: normal; font-variant-ligatures: normal; font-variant-caps: normal; font-weight: 400; font-family: Jost, Arial, Helvetica, sans-serif; font-size: 16px; white-space: normal; text-align: justify;\"><div dir=\"auto\" style=\"font-style: normal; font-variant-ligatures: normal; font-variant-caps: normal; font-weight: 400; font-family: Jost, Arial, Helvetica, sans-serif; font-size: 16px; white-space: normal; text-align: justify;\"><p style=\"text-align: left;\">Das Windenburger Eck ist der westlichste Punkt des Bezirks \u0160ilut\u0117 \u2013 eine Halbinsel am Ostufer des Kurischen Haffs. Sie ist 5,5 km lang und bis zu 2,2 km breit. Die Lagune und Nehrung entstanden w\u00e4hrend der Litorina-Meer-Zeit vor etwa 4.500\u20135.000 Jahren. Zwischen 1975 und 1986 wurde die Landzunge befestigt und erh\u00f6ht; ein 250 m langer Wellenbrecher wurde gebaut, der im Winter auch als Eisbrecher dient.<br>Seit 1863 steht an der Spitze ein Leuchtturm. Der heutige Ziegelstein-Leuchtturm wurde 1852 erbaut, ist 11 Meter hoch und einer der wenigen in Litauen, den man besteigen darf. Von der Aussichtsplattform hat man einen herrlichen Blick auf das Haff, die Kurische Nehrung und die Insel Rusn\u0117. Der Leuchtturm ist ein gesch\u00fctztes technisches Denkmal.<br>Vent\u0117s Ragas ist ein idealer Ort zur Vogelbeobachtung und Beringung. Hier verl\u00e4uft eine der wichtigsten Vogelzugrouten Europas. 1929 wurde eine ornithologische Station gegr\u00fcndet, initiiert von Mikas Posingis. Das Museum und Besucherzentrum zeigen die Geschichte des Vogelzugs und der Beringung. J\u00e4hrlich werden ca. 100.000 V\u00f6gel beringt, insgesamt fast 4 Millionen. Die Station besitzt die gr\u00f6\u00dften Vogelnetze Europas, darunter einzigartige Zickzack-Fallen.                     <br>Heute ist Vent\u0117s Ragas das beliebteste Touristenziel im Memelland und eine Oase der Ruhe am Wasser.<\/p><\/div><\/div><\/div><\/div><\/div>\t\t\t\t\t\t\t\t<\/div>\n\t\t\t\t<\/div>\n\t\t\t\t<\/div>\n\t\t<div class=\"elementor-element elementor-element-162643b e-con-full e-flex e-con e-child\" data-id=\"162643b\" data-element_type=\"container\" data-e-type=\"container\">\n\t\t\t\t<div class=\"elementor-element elementor-element-513c95d elementor-widget elementor-widget-shortcode\" data-id=\"513c95d\" data-element_type=\"widget\" data-e-type=\"widget\" data-widget_type=\"shortcode.default\">\n\t\t\t\t<div class=\"elementor-widget-container\">\n\t\t\t\t\t\t\t<div class=\"elementor-shortcode\">\t\t<div id=\"maps-marker-pro-50a813d8\" class=\"maps-marker-pro mmp-list-below\" style=\"width: 100%;\">\n\t\t\t<div id=\"mmp-map-wrap-50a813d8\" class=\"mmp-map-wrap\">\n\t\t\t\t\t\t\t\t\t<div id=\"mmp-panel-50a813d8\" class=\"mmp-panel\"><\/div>\n\t\t\t\t\t\t\t\t<div id=\"mmp-map-50a813d8\" class=\"mmp-map\" style=\"height: 500px;\"><\/div>\n\t\t\t\t\t\t\t<\/div>\n\t\t\t\t\t\t\t<div id=\"mmp-list-50a813d8\" class=\"mmp-list\" style=\"flex-basis: 400px;\"><\/div>\n\t\t\t\t\t<\/div>\n\t\t<\/div>\n\t\t\t\t\t\t<\/div>\n\t\t\t\t<\/div>\n\t\t\t\t<\/div>\n\t\t\t\t\t<\/div>\n\t\t\t\t<\/div>\n\t\t\t\t<\/div>\n\t\t","protected":false},"excerpt":{"rendered":"<p>Das Windenburger Eck ist der westlichste Punkt des Bezirks \u0160ilut\u0117 \u2013 eine Halbinsel am Ostufer des Kurischen Haffs. Sie ist<\/p>\n","protected":false},"author":1,"featured_media":31953,"parent":22976,"menu_order":74,"comment_status":"closed","ping_status":"closed","template":"","meta":{"_acf_changed":false,"_monsterinsights_skip_tracking":false,"_monsterinsights_sitenote_active":false,"_monsterinsights_sitenote_note":"","_monsterinsights_sitenote_category":0,"footnotes":""},"class_list":["post-43467","page","type-page","status-publish","has-post-thumbnail","hentry"],"acf":[],"_links":{"self":[{"href":"https:\/\/siluteinfo.lt\/de\/wp-json\/wp\/v2\/pages\/43467","targetHints":{"allow":["GET"]}}],"collection":[{"href":"https:\/\/siluteinfo.lt\/de\/wp-json\/wp\/v2\/pages"}],"about":[{"href":"https:\/\/siluteinfo.lt\/de\/wp-json\/wp\/v2\/types\/page"}],"author":[{"embeddable":true,"href":"https:\/\/siluteinfo.lt\/de\/wp-json\/wp\/v2\/users\/1"}],"replies":[{"embeddable":true,"href":"https:\/\/siluteinfo.lt\/de\/wp-json\/wp\/v2\/comments?post=43467"}],"version-history":[{"count":0,"href":"https:\/\/siluteinfo.lt\/de\/wp-json\/wp\/v2\/pages\/43467\/revisions"}],"up":[{"embeddable":true,"href":"https:\/\/siluteinfo.lt\/de\/wp-json\/wp\/v2\/pages\/22976"}],"wp:featuredmedia":[{"embeddable":true,"href":"https:\/\/siluteinfo.lt\/de\/wp-json\/wp\/v2\/media\/31953"}],"wp:attachment":[{"href":"https:\/\/siluteinfo.lt\/de\/wp-json\/wp\/v2\/media?parent=43467"}],"curies":[{"name":"wp","href":"https:\/\/api.w.org\/{rel}","templated":true}]}}