{"id":43457,"date":"2022-05-26T05:39:31","date_gmt":"2022-05-26T03:39:31","guid":{"rendered":"https:\/\/siluteinfo.lt\/freizeit\/zu-besuchende-orte\/karzer-museum-lager-macikai\/"},"modified":"2025-06-12T15:37:29","modified_gmt":"2025-06-12T13:37:29","slug":"karzer-museum-lager-macikai","status":"publish","type":"page","link":"https:\/\/siluteinfo.lt\/de\/freizeit\/zu-besuchende-orte\/karzer-museum-lager-macikai\/","title":{"rendered":"Karzer-Museum im Lager Macikai"},"content":{"rendered":"\t\t<div data-elementor-type=\"wp-page\" data-elementor-id=\"43457\" class=\"elementor elementor-43457 elementor-11283\" data-elementor-post-type=\"page\">\n\t\t\t\t<div class=\"wd-negative-gap elementor-element elementor-element-040257f e-flex e-con-boxed e-con e-parent\" data-id=\"040257f\" data-element_type=\"container\" data-e-type=\"container\">\n\t\t\t\t\t<div class=\"e-con-inner\">\n\t\t<div class=\"elementor-element elementor-element-fe0b19d e-con-full e-flex e-con e-child\" data-id=\"fe0b19d\" data-element_type=\"container\" data-e-type=\"container\">\n\t\t\t\t<div class=\"elementor-element elementor-element-c1bb347 elementor-widget elementor-widget-theme-post-featured-image elementor-widget-image\" data-id=\"c1bb347\" data-element_type=\"widget\" data-e-type=\"widget\" data-widget_type=\"theme-post-featured-image.default\">\n\t\t\t\t<div class=\"elementor-widget-container\">\n\t\t\t\t\t\t\t\t\t\t\t\t\t\t\t<img loading=\"lazy\" decoding=\"async\" width=\"1200\" height=\"900\" src=\"https:\/\/siluteinfo.lt\/wp-content\/themes\/woodmart\/images\/lazy.svg\" data-src=\"https:\/\/siluteinfo.lt\/wp-content\/uploads\/2023\/11\/lankomi-maciku-lagerio-karceris-muziejus.jpg\" class=\" wd-lazy-blur attachment-full size-full wp-image-31947\" alt=\"Lagerio karcerio-muziejaus pastatas Macikuose\" srcset=\"\" data-srcset=\"https:\/\/siluteinfo.lt\/wp-content\/uploads\/2023\/11\/lankomi-maciku-lagerio-karceris-muziejus.jpg 1200w, https:\/\/siluteinfo.lt\/wp-content\/uploads\/2023\/11\/lankomi-maciku-lagerio-karceris-muziejus-400x300.jpg 400w, https:\/\/siluteinfo.lt\/wp-content\/uploads\/2023\/11\/lankomi-maciku-lagerio-karceris-muziejus-768x576.jpg 768w\" sizes=\"auto, (max-width: 1200px) 100vw, 1200px\" \/>\t\t\t\t\t\t\t\t\t\t\t\t\t\t\t<\/div>\n\t\t\t\t<\/div>\n\t\t\t\t<\/div>\n\t\t<div class=\"elementor-element elementor-element-4ba68ae e-con-full e-flex e-con e-child\" data-id=\"4ba68ae\" data-element_type=\"container\" data-e-type=\"container\">\n\t\t\t\t<div class=\"elementor-element elementor-element-6fc9b5c color-scheme-inherit text-left elementor-widget elementor-widget-text-editor\" data-id=\"6fc9b5c\" data-element_type=\"widget\" data-e-type=\"widget\" data-widget_type=\"text-editor.default\">\n\t\t\t\t<div class=\"elementor-widget-container\">\n\t\t\t\t\t\t\t\t\t<div dir=\"auto\" style=\"font-style: normal; font-variant-ligatures: normal; font-variant-caps: normal; font-weight: 400; font-family: Jost, Arial, Helvetica, sans-serif; font-size: 16px; white-space: normal; text-align: justify;\"><div dir=\"auto\" style=\"font-style: normal; font-variant-ligatures: normal; font-variant-caps: normal; font-weight: 400; font-family: Jost, Arial, Helvetica, sans-serif; font-size: 16px; white-space: normal; text-align: justify;\"><div dir=\"auto\" style=\"font-style: normal; font-variant-ligatures: normal; font-variant-caps: normal; font-weight: 400; font-family: Jost, Arial, Helvetica, sans-serif; font-size: 16px; white-space: normal; text-align: justify;\"><div dir=\"auto\" style=\"font-style: normal; font-variant-ligatures: normal; font-variant-caps: normal; font-weight: 400; font-family: Jost, Arial, Helvetica, sans-serif; font-size: 16px; white-space: normal; text-align: justify;\"><div dir=\"auto\" style=\"font-style: normal; font-variant-ligatures: normal; font-variant-caps: normal; font-weight: 400; font-family: Jost, Arial, Helvetica, sans-serif; font-size: 16px; white-space: normal; text-align: justify;\"><p style=\"text-align: left;\">Die Lager von Macikai sind ein einzigartiger Ort von historischer und kultureller Bedeutung \u2013 sowohl national als auch international. Es ist der einzige Ort in Litauen und einer der wenigen in Mittel- und Osteuropa, an dem sich die Haftstrukturen zweier totalit\u00e4rer Regime \u2013 des nationalsozialistischen und des sowjetischen \u2013 \u00fcberlappten. Tausende Menschen wurden hier unter grausamen Bedingungen gefangen gehalten, viele starben qualvoll.  <br>Heute umfasst der Lagerkomplex: das Lagergel\u00e4nde, den Karzer, die Gr\u00e4ber der Gefangenen, das Badehaus und m\u00f6glicherweise ein ehemaliges Kasernengeb\u00e4ude. 1995 wurde auf Initiative des Verbands der Deportierten und Politischen Gefangenen von \u0160ilut\u0117 ein Karzer-Museum eingerichtet. Die Ausstellung des \u0160ilut\u0117-Museums zeigt verschiedene Perioden der Lagergeschichte. Der Komplex befindet sich im Dorf Macikai, 2 km von \u0160ilut\u0117 entfernt, am linken Ufer des Flusses \u0160y\u0161a, auf dem Gel\u00e4nde eines ehemaligen Guts.   <\/p><\/div><\/div><\/div><\/div><\/div>\t\t\t\t\t\t\t\t<\/div>\n\t\t\t\t<\/div>\n\t\t\t\t<\/div>\n\t\t<div class=\"elementor-element elementor-element-76d5aea e-con-full e-flex e-con e-child\" data-id=\"76d5aea\" data-element_type=\"container\" data-e-type=\"container\">\n\t\t\t\t<div class=\"elementor-element elementor-element-50abd09 elementor-widget elementor-widget-shortcode\" data-id=\"50abd09\" data-element_type=\"widget\" data-e-type=\"widget\" data-widget_type=\"shortcode.default\">\n\t\t\t\t<div class=\"elementor-widget-container\">\n\t\t\t\t\t\t\t<div class=\"elementor-shortcode\">\t\t<div id=\"maps-marker-pro-666ffea2\" class=\"maps-marker-pro mmp-list-below\" style=\"width: 100%;\">\n\t\t\t<div id=\"mmp-map-wrap-666ffea2\" class=\"mmp-map-wrap\">\n\t\t\t\t\t\t\t\t\t<div id=\"mmp-panel-666ffea2\" class=\"mmp-panel\"><\/div>\n\t\t\t\t\t\t\t\t<div id=\"mmp-map-666ffea2\" class=\"mmp-map\" style=\"height: 500px;\"><\/div>\n\t\t\t\t\t\t\t<\/div>\n\t\t\t\t\t\t\t<div id=\"mmp-list-666ffea2\" class=\"mmp-list\" style=\"flex-basis: 400px;\"><\/div>\n\t\t\t\t\t<\/div>\n\t\t<\/div>\n\t\t\t\t\t\t<\/div>\n\t\t\t\t<\/div>\n\t\t\t\t<\/div>\n\t\t\t\t\t<\/div>\n\t\t\t\t<\/div>\n\t\t\t\t<\/div>\n\t\t","protected":false},"excerpt":{"rendered":"<p>Die Lager von Macikai sind ein einzigartiger Ort von historischer und kultureller Bedeutung \u2013 sowohl national als auch international. Es<\/p>\n","protected":false},"author":1,"featured_media":31947,"parent":22976,"menu_order":73,"comment_status":"closed","ping_status":"closed","template":"","meta":{"_acf_changed":false,"_monsterinsights_skip_tracking":false,"_monsterinsights_sitenote_active":false,"_monsterinsights_sitenote_note":"","_monsterinsights_sitenote_category":0,"footnotes":""},"class_list":["post-43457","page","type-page","status-publish","has-post-thumbnail","hentry"],"acf":[],"_links":{"self":[{"href":"https:\/\/siluteinfo.lt\/de\/wp-json\/wp\/v2\/pages\/43457","targetHints":{"allow":["GET"]}}],"collection":[{"href":"https:\/\/siluteinfo.lt\/de\/wp-json\/wp\/v2\/pages"}],"about":[{"href":"https:\/\/siluteinfo.lt\/de\/wp-json\/wp\/v2\/types\/page"}],"author":[{"embeddable":true,"href":"https:\/\/siluteinfo.lt\/de\/wp-json\/wp\/v2\/users\/1"}],"replies":[{"embeddable":true,"href":"https:\/\/siluteinfo.lt\/de\/wp-json\/wp\/v2\/comments?post=43457"}],"version-history":[{"count":0,"href":"https:\/\/siluteinfo.lt\/de\/wp-json\/wp\/v2\/pages\/43457\/revisions"}],"up":[{"embeddable":true,"href":"https:\/\/siluteinfo.lt\/de\/wp-json\/wp\/v2\/pages\/22976"}],"wp:featuredmedia":[{"embeddable":true,"href":"https:\/\/siluteinfo.lt\/de\/wp-json\/wp\/v2\/media\/31947"}],"wp:attachment":[{"href":"https:\/\/siluteinfo.lt\/de\/wp-json\/wp\/v2\/media?parent=43457"}],"curies":[{"name":"wp","href":"https:\/\/api.w.org\/{rel}","templated":true}]}}