{"id":43427,"date":"2023-06-01T16:48:00","date_gmt":"2023-06-01T14:48:00","guid":{"rendered":"https:\/\/siluteinfo.lt\/freizeit\/zu-besuchende-orte\/ehemaliges-gebaeude-villa-verdaine\/"},"modified":"2025-06-12T15:26:22","modified_gmt":"2025-06-12T13:26:22","slug":"ehemaliges-gebaeude-villa-verdaine","status":"publish","type":"page","link":"https:\/\/siluteinfo.lt\/de\/freizeit\/zu-besuchende-orte\/ehemaliges-gebaeude-villa-verdaine\/","title":{"rendered":"Ehemaliges Geb\u00e4ude der \u201eVilla Verdain\u0117\u201c"},"content":{"rendered":"\t\t<div data-elementor-type=\"wp-page\" data-elementor-id=\"43427\" class=\"elementor elementor-43427 elementor-24689\" data-elementor-post-type=\"page\">\n\t\t\t\t<div class=\"wd-negative-gap elementor-element elementor-element-a63ebc0 e-flex e-con-boxed e-con e-parent\" data-id=\"a63ebc0\" data-element_type=\"container\" data-e-type=\"container\">\n\t\t\t\t\t<div class=\"e-con-inner\">\n\t\t<div class=\"elementor-element elementor-element-642aa79 e-con-full e-flex e-con e-child\" data-id=\"642aa79\" data-element_type=\"container\" data-e-type=\"container\">\n\t\t\t\t<div class=\"elementor-element elementor-element-b2d5cae elementor-widget elementor-widget-theme-post-featured-image elementor-widget-image\" data-id=\"b2d5cae\" data-element_type=\"widget\" data-e-type=\"widget\" data-widget_type=\"theme-post-featured-image.default\">\n\t\t\t\t<div class=\"elementor-widget-container\">\n\t\t\t\t\t\t\t\t\t\t\t\t\t\t\t<img loading=\"lazy\" decoding=\"async\" width=\"1200\" height=\"900\" src=\"https:\/\/siluteinfo.lt\/wp-content\/themes\/woodmart\/images\/lazy.svg\" data-src=\"https:\/\/siluteinfo.lt\/wp-content\/uploads\/2023\/11\/lankomi-buvusios-verdaines-vilos-pastatas.jpg\" class=\" wd-lazy-blur attachment-full size-full wp-image-31928\" alt=\"Buvusios \u201eVerdain\u0117s vilos\u201c pastatas Verdain\u0117s kaime\" srcset=\"\" data-srcset=\"https:\/\/siluteinfo.lt\/wp-content\/uploads\/2023\/11\/lankomi-buvusios-verdaines-vilos-pastatas.jpg 1200w, https:\/\/siluteinfo.lt\/wp-content\/uploads\/2023\/11\/lankomi-buvusios-verdaines-vilos-pastatas-400x300.jpg 400w, https:\/\/siluteinfo.lt\/wp-content\/uploads\/2023\/11\/lankomi-buvusios-verdaines-vilos-pastatas-768x576.jpg 768w\" sizes=\"auto, (max-width: 1200px) 100vw, 1200px\" \/>\t\t\t\t\t\t\t\t\t\t\t\t\t\t\t<\/div>\n\t\t\t\t<\/div>\n\t\t\t\t<\/div>\n\t\t<div class=\"elementor-element elementor-element-19213d9 e-con-full e-flex e-con e-child\" data-id=\"19213d9\" data-element_type=\"container\" data-e-type=\"container\">\n\t\t\t\t<div class=\"elementor-element elementor-element-9a93ae6 color-scheme-inherit text-left elementor-widget elementor-widget-text-editor\" data-id=\"9a93ae6\" data-element_type=\"widget\" data-e-type=\"widget\" data-widget_type=\"text-editor.default\">\n\t\t\t\t<div class=\"elementor-widget-container\">\n\t\t\t\t\t\t\t\t\t<div dir=\"auto\" style=\"font-style: normal; font-variant-ligatures: normal; font-variant-caps: normal; font-weight: 400; font-family: Jost, Arial, Helvetica, sans-serif; font-size: 16px; white-space: normal; text-align: justify;\"><div dir=\"auto\" style=\"font-style: normal; font-variant-ligatures: normal; font-variant-caps: normal; font-weight: 400; font-family: Jost, Arial, Helvetica, sans-serif; font-size: 16px; white-space: normal; text-align: justify;\"><div dir=\"auto\" style=\"font-style: normal; font-variant-ligatures: normal; font-variant-caps: normal; font-weight: 400; font-family: Jost, Arial, Helvetica, sans-serif; font-size: 16px; white-space: normal; text-align: justify;\"><div dir=\"auto\" style=\"font-style: normal; font-variant-ligatures: normal; font-variant-caps: normal; font-weight: 400; font-family: Jost, Arial, Helvetica, sans-serif; font-size: 16px; white-space: normal; text-align: justify;\"><p style=\"text-align: left;\">Vor dem Ersten Weltkrieg wurde an der Stelle eines ehemaligen h\u00f6lzernen Gasthauses (genannt \u201eObere Schenke\u201c) ein sch\u00f6nes Backsteingeb\u00e4ude errichtet \u2013 das Restaurant \u201eVilla Werden\u201c (Villa Verdain\u0117). Im Hof wurden B\u00e4ume und Str\u00e4ucher gepflanzt, im Sommer standen Tische und St\u00fchle im Freien. Die Bewohner von \u0160ilokar\u010dema kamen hierher, um Kaffee oder edle Getr\u00e4nke zu genie\u00dfen.<br>Im Hof entstand ein ger\u00e4umiger Saal mit B\u00fchne, in dem ganzj\u00e4hrig Laientheater, Konzerte, Tanzabende, Versammlungen und Feste stattfanden. Das Restaurant besa\u00df eines der ersten Radios im Memelland. Schon ab 1924 h\u00f6rte man hier Musik und Nachrichten aus K\u00f6nigsberg, Berlin, London und anderen St\u00e4dten.<br>Am 19. Januar 1923 versammelte sich hier der \u0160ilut\u0117-Seimas. \u00dcber 120 Vertreter des Obersten Komitees zur Rettung Kleinlitauens sowie kultureller und wirtschaftlicher Organisationen unterzeichneten die Erkl\u00e4rung zum Anschluss des Memellandes an den wiederhergestellten litauischen Staat mit Autonomierechten.    <\/p><p style=\"text-align: left;\">Nach dem Krieg (1946) zog hier die Stra\u00dfenverwaltung Pag\u0117giai-\u0160ilut\u0117 ein, die sp\u00e4ter zur \u0160ilut\u0117-Stra\u00dfenwartungsgesellschaft wurde. Heute befindet sich hier das Unternehmen \u201e\u0160ilut\u0117s automobili\u0173 keliai\u201c.<br>Ein Gedenkschild erinnert an die Unterzeichnung dieser historischen Erkl\u00e4rung. Besonders hervorgehoben wird der Anschluss des Memellandes durch eine leuchtende Kunstinstallation namens \u201eDie Delegierten\u201c, mit Figuren von Vilius \u0160aulinskis, Martynas Jankus, Jonas Vanagaitis, Jurgis L\u0117bartas und Jurgis Br\u016bvelaitis. <\/p><\/div><\/div><\/div><\/div>\t\t\t\t\t\t\t\t<\/div>\n\t\t\t\t<\/div>\n\t\t\t\t<\/div>\n\t\t<div class=\"elementor-element elementor-element-9ace103 e-con-full e-flex e-con e-child\" data-id=\"9ace103\" data-element_type=\"container\" data-e-type=\"container\">\n\t\t\t\t<div class=\"elementor-element elementor-element-4c6e249 elementor-widget elementor-widget-shortcode\" data-id=\"4c6e249\" data-element_type=\"widget\" data-e-type=\"widget\" data-widget_type=\"shortcode.default\">\n\t\t\t\t<div class=\"elementor-widget-container\">\n\t\t\t\t\t\t\t<div class=\"elementor-shortcode\">\t\t<div id=\"maps-marker-pro-f20628c2\" class=\"maps-marker-pro mmp-list-below\" style=\"width: 100%;\">\n\t\t\t<div id=\"mmp-map-wrap-f20628c2\" class=\"mmp-map-wrap\">\n\t\t\t\t\t\t\t\t\t<div id=\"mmp-panel-f20628c2\" class=\"mmp-panel\"><\/div>\n\t\t\t\t\t\t\t\t<div id=\"mmp-map-f20628c2\" class=\"mmp-map\" style=\"height: 500px;\"><\/div>\n\t\t\t\t\t\t\t<\/div>\n\t\t\t\t\t\t\t<div id=\"mmp-list-f20628c2\" class=\"mmp-list\" style=\"flex-basis: 400px;\"><\/div>\n\t\t\t\t\t<\/div>\n\t\t<\/div>\n\t\t\t\t\t\t<\/div>\n\t\t\t\t<\/div>\n\t\t\t\t<\/div>\n\t\t\t\t\t<\/div>\n\t\t\t\t<\/div>\n\t\t\t\t<\/div>\n\t\t","protected":false},"excerpt":{"rendered":"<p>Vor dem Ersten Weltkrieg wurde an der Stelle eines ehemaligen h\u00f6lzernen Gasthauses (genannt \u201eObere Schenke\u201c) ein sch\u00f6nes Backsteingeb\u00e4ude errichtet \u2013<\/p>\n","protected":false},"author":2,"featured_media":31928,"parent":22976,"menu_order":70,"comment_status":"closed","ping_status":"closed","template":"","meta":{"_acf_changed":false,"_monsterinsights_skip_tracking":false,"_monsterinsights_sitenote_active":false,"_monsterinsights_sitenote_note":"","_monsterinsights_sitenote_category":0,"footnotes":""},"class_list":["post-43427","page","type-page","status-publish","has-post-thumbnail","hentry"],"acf":[],"_links":{"self":[{"href":"https:\/\/siluteinfo.lt\/de\/wp-json\/wp\/v2\/pages\/43427","targetHints":{"allow":["GET"]}}],"collection":[{"href":"https:\/\/siluteinfo.lt\/de\/wp-json\/wp\/v2\/pages"}],"about":[{"href":"https:\/\/siluteinfo.lt\/de\/wp-json\/wp\/v2\/types\/page"}],"author":[{"embeddable":true,"href":"https:\/\/siluteinfo.lt\/de\/wp-json\/wp\/v2\/users\/2"}],"replies":[{"embeddable":true,"href":"https:\/\/siluteinfo.lt\/de\/wp-json\/wp\/v2\/comments?post=43427"}],"version-history":[{"count":0,"href":"https:\/\/siluteinfo.lt\/de\/wp-json\/wp\/v2\/pages\/43427\/revisions"}],"up":[{"embeddable":true,"href":"https:\/\/siluteinfo.lt\/de\/wp-json\/wp\/v2\/pages\/22976"}],"wp:featuredmedia":[{"embeddable":true,"href":"https:\/\/siluteinfo.lt\/de\/wp-json\/wp\/v2\/media\/31928"}],"wp:attachment":[{"href":"https:\/\/siluteinfo.lt\/de\/wp-json\/wp\/v2\/media?parent=43427"}],"curies":[{"name":"wp","href":"https:\/\/api.w.org\/{rel}","templated":true}]}}