{"id":43413,"date":"2022-05-26T05:34:45","date_gmt":"2022-05-26T03:34:45","guid":{"rendered":"https:\/\/siluteinfo.lt\/freizeit\/zu-besuchende-orte\/bahnhof-silute\/"},"modified":"2025-06-12T15:22:39","modified_gmt":"2025-06-12T13:22:39","slug":"bahnhof-silute","status":"publish","type":"page","link":"https:\/\/siluteinfo.lt\/de\/freizeit\/zu-besuchende-orte\/bahnhof-silute\/","title":{"rendered":"Bahnhof \u0160ilut\u0117"},"content":{"rendered":"\t\t<div data-elementor-type=\"wp-page\" data-elementor-id=\"43413\" class=\"elementor elementor-43413 elementor-11265\" data-elementor-post-type=\"page\">\n\t\t\t\t<div class=\"wd-negative-gap elementor-element elementor-element-da344e7 e-flex e-con-boxed e-con e-parent\" data-id=\"da344e7\" data-element_type=\"container\" data-e-type=\"container\">\n\t\t\t\t\t<div class=\"e-con-inner\">\n\t\t<div class=\"elementor-element elementor-element-2a42953 e-con-full e-flex e-con e-child\" data-id=\"2a42953\" data-element_type=\"container\" data-e-type=\"container\">\n\t\t\t\t<div class=\"elementor-element elementor-element-4742016 elementor-widget elementor-widget-theme-post-featured-image elementor-widget-image\" data-id=\"4742016\" data-element_type=\"widget\" data-e-type=\"widget\" data-widget_type=\"theme-post-featured-image.default\">\n\t\t\t\t<div class=\"elementor-widget-container\">\n\t\t\t\t\t\t\t\t\t\t\t\t\t\t\t<img loading=\"lazy\" decoding=\"async\" width=\"1200\" height=\"900\" src=\"https:\/\/siluteinfo.lt\/wp-content\/themes\/woodmart\/images\/lazy.svg\" data-src=\"https:\/\/siluteinfo.lt\/wp-content\/uploads\/2023\/11\/lankomi-gelezinkelio-stoties-pastatas.jpg\" class=\" wd-lazy-blur attachment-full size-full wp-image-31922\" alt=\"Gele\u017einkelio stoties pastatas \u0160ilut\u0117je\" srcset=\"\" data-srcset=\"https:\/\/siluteinfo.lt\/wp-content\/uploads\/2023\/11\/lankomi-gelezinkelio-stoties-pastatas.jpg 1200w, https:\/\/siluteinfo.lt\/wp-content\/uploads\/2023\/11\/lankomi-gelezinkelio-stoties-pastatas-400x300.jpg 400w, https:\/\/siluteinfo.lt\/wp-content\/uploads\/2023\/11\/lankomi-gelezinkelio-stoties-pastatas-768x576.jpg 768w\" sizes=\"auto, (max-width: 1200px) 100vw, 1200px\" \/>\t\t\t\t\t\t\t\t\t\t\t\t\t\t\t<\/div>\n\t\t\t\t<\/div>\n\t\t\t\t<\/div>\n\t\t<div class=\"elementor-element elementor-element-5c61d66 e-con-full e-flex e-con e-child\" data-id=\"5c61d66\" data-element_type=\"container\" data-e-type=\"container\">\n\t\t\t\t<div class=\"elementor-element elementor-element-2d80946 color-scheme-inherit text-left elementor-widget elementor-widget-text-editor\" data-id=\"2d80946\" data-element_type=\"widget\" data-e-type=\"widget\" data-widget_type=\"text-editor.default\">\n\t\t\t\t<div class=\"elementor-widget-container\">\n\t\t\t\t\t\t\t\t\t<div dir=\"auto\" style=\"font-style: normal; font-variant-ligatures: normal; font-variant-caps: normal; font-weight: 400; font-family: Jost, Arial, Helvetica, sans-serif; font-size: 16px; white-space: normal; text-align: justify;\"><div dir=\"auto\" style=\"font-style: normal; font-variant-ligatures: normal; font-variant-caps: normal; font-weight: 400; font-family: Jost, Arial, Helvetica, sans-serif; font-size: 16px; white-space: normal; text-align: justify;\"><div dir=\"auto\" style=\"font-style: normal; font-variant-ligatures: normal; font-variant-caps: normal; font-weight: 400; font-family: Jost, Arial, Helvetica, sans-serif; font-size: 16px; white-space: normal; text-align: justify;\"><div dir=\"auto\" style=\"font-style: normal; font-variant-ligatures: normal; font-variant-caps: normal; font-weight: 400; font-family: Jost, Arial, Helvetica, sans-serif; font-size: 16px; white-space: normal; text-align: justify;\"><div dir=\"auto\" style=\"font-style: normal; font-variant-ligatures: normal; font-variant-caps: normal; font-weight: 400; font-family: Jost, Arial, Helvetica, sans-serif; font-size: 16px; white-space: normal; text-align: justify;\"><p style=\"text-align: left;\">Die Eisenbahnlinie Klaip\u0117da\u2013Tilsit wurde im Fr\u00fchjahr 1872 begonnen und am 1. Juli 1875 fertiggestellt. Der Bahnhof wurde im Dorf \u017dibai errichtet und wurde daher als Bahnhof \u017dibai-\u0160ilokar\u010dema bezeichnet. Die Station verf\u00fcgte \u00fcber alle notwendigen Einrichtungen: Geb\u00e4ude, Wasserversorgung, Wohnh\u00e4user f\u00fcr Eisenbahner und ein kleines Depot zur Wartung von Lokomotiven.<br>Der im Stil des Jugendstils errichtete Geb\u00e4udekomplex stammt aus dem sp\u00e4ten 19. und fr\u00fchen 20. Jahrhundert und ist ein staatlich gesch\u00fctztes Kulturdenkmal. Es handelt sich um gemauerte, ein- bis zweigeschossige Geb\u00e4ude mit gestufter Struktur. Der zentrale Teil ist zweigeschossig, der s\u00fcdliche Fl\u00fcgel eingeschossig, der n\u00f6rdliche Fl\u00fcgel zweigeschossig. Auf der Ostseite befindet sich der Bahnsteig. Die Eing\u00e4nge liegen im Osten und Westen. Im zweiten Stock gibt es f\u00fcnf Wohnungen. Das tragende Mauerwerk ist erhalten, die Nutzung der R\u00e4ume hat sich jedoch ver\u00e4ndert. Es wird vermutet, dass sich im s\u00fcdlichen Fl\u00fcgel urspr\u00fcnglich ein Restaurant befand, sp\u00e4ter ein Warteraum.        <\/p><\/div><\/div><\/div><\/div><\/div>\t\t\t\t\t\t\t\t<\/div>\n\t\t\t\t<\/div>\n\t\t\t\t<\/div>\n\t\t<div class=\"elementor-element elementor-element-e2676f2 e-con-full e-flex e-con e-child\" data-id=\"e2676f2\" data-element_type=\"container\" data-e-type=\"container\">\n\t\t\t\t<div class=\"elementor-element elementor-element-c49aca1 elementor-widget elementor-widget-shortcode\" data-id=\"c49aca1\" data-element_type=\"widget\" data-e-type=\"widget\" data-widget_type=\"shortcode.default\">\n\t\t\t\t<div class=\"elementor-widget-container\">\n\t\t\t\t\t\t\t<div class=\"elementor-shortcode\">\t\t<div id=\"maps-marker-pro-5d32af68\" class=\"maps-marker-pro mmp-list-below\" style=\"width: 100%;\">\n\t\t\t<div id=\"mmp-map-wrap-5d32af68\" class=\"mmp-map-wrap\">\n\t\t\t\t\t\t\t\t\t<div id=\"mmp-panel-5d32af68\" class=\"mmp-panel\"><\/div>\n\t\t\t\t\t\t\t\t<div id=\"mmp-map-5d32af68\" class=\"mmp-map\" style=\"height: 500px;\"><\/div>\n\t\t\t\t\t\t\t<\/div>\n\t\t\t\t\t\t\t<div id=\"mmp-list-5d32af68\" class=\"mmp-list\" style=\"flex-basis: 400px;\"><\/div>\n\t\t\t\t\t<\/div>\n\t\t<\/div>\n\t\t\t\t\t\t<\/div>\n\t\t\t\t<\/div>\n\t\t\t\t<\/div>\n\t\t\t\t\t<\/div>\n\t\t\t\t<\/div>\n\t\t\t\t<\/div>\n\t\t","protected":false},"excerpt":{"rendered":"<p>Die Eisenbahnlinie Klaip\u0117da\u2013Tilsit wurde im Fr\u00fchjahr 1872 begonnen und am 1. Juli 1875 fertiggestellt. Der Bahnhof wurde im Dorf \u017dibai<\/p>\n","protected":false},"author":1,"featured_media":31922,"parent":22976,"menu_order":69,"comment_status":"closed","ping_status":"closed","template":"","meta":{"_acf_changed":false,"_monsterinsights_skip_tracking":false,"_monsterinsights_sitenote_active":false,"_monsterinsights_sitenote_note":"","_monsterinsights_sitenote_category":0,"footnotes":""},"class_list":["post-43413","page","type-page","status-publish","has-post-thumbnail","hentry"],"acf":[],"_links":{"self":[{"href":"https:\/\/siluteinfo.lt\/de\/wp-json\/wp\/v2\/pages\/43413","targetHints":{"allow":["GET"]}}],"collection":[{"href":"https:\/\/siluteinfo.lt\/de\/wp-json\/wp\/v2\/pages"}],"about":[{"href":"https:\/\/siluteinfo.lt\/de\/wp-json\/wp\/v2\/types\/page"}],"author":[{"embeddable":true,"href":"https:\/\/siluteinfo.lt\/de\/wp-json\/wp\/v2\/users\/1"}],"replies":[{"embeddable":true,"href":"https:\/\/siluteinfo.lt\/de\/wp-json\/wp\/v2\/comments?post=43413"}],"version-history":[{"count":0,"href":"https:\/\/siluteinfo.lt\/de\/wp-json\/wp\/v2\/pages\/43413\/revisions"}],"up":[{"embeddable":true,"href":"https:\/\/siluteinfo.lt\/de\/wp-json\/wp\/v2\/pages\/22976"}],"wp:featuredmedia":[{"embeddable":true,"href":"https:\/\/siluteinfo.lt\/de\/wp-json\/wp\/v2\/media\/31922"}],"wp:attachment":[{"href":"https:\/\/siluteinfo.lt\/de\/wp-json\/wp\/v2\/media?parent=43413"}],"curies":[{"name":"wp","href":"https:\/\/api.w.org\/{rel}","templated":true}]}}