{"id":43405,"date":"2022-05-26T05:37:44","date_gmt":"2022-05-26T03:37:44","guid":{"rendered":"https:\/\/siluteinfo.lt\/freizeit\/zu-besuchende-orte\/alter-evangelisch-lutherischer-friedhof-silute\/"},"modified":"2025-06-12T15:18:38","modified_gmt":"2025-06-12T13:18:38","slug":"alter-evangelisch-lutherischer-friedhof-silute","status":"publish","type":"page","link":"https:\/\/siluteinfo.lt\/de\/freizeit\/zu-besuchende-orte\/alter-evangelisch-lutherischer-friedhof-silute\/","title":{"rendered":"Alter evangelisch-lutherischer Friedhof \u0160ilut\u0117"},"content":{"rendered":"\t\t<div data-elementor-type=\"wp-page\" data-elementor-id=\"43405\" class=\"elementor elementor-43405 elementor-11275\" data-elementor-post-type=\"page\">\n\t\t\t\t<div class=\"wd-negative-gap elementor-element elementor-element-771f87b e-flex e-con-boxed e-con e-parent\" data-id=\"771f87b\" data-element_type=\"container\" data-e-type=\"container\">\n\t\t\t\t\t<div class=\"e-con-inner\">\n\t\t<div class=\"elementor-element elementor-element-523675e e-con-full e-flex e-con e-child\" data-id=\"523675e\" data-element_type=\"container\" data-e-type=\"container\">\n\t\t\t\t<div class=\"elementor-element elementor-element-6d01169 elementor-widget elementor-widget-theme-post-featured-image elementor-widget-image\" data-id=\"6d01169\" data-element_type=\"widget\" data-e-type=\"widget\" data-widget_type=\"theme-post-featured-image.default\">\n\t\t\t\t<div class=\"elementor-widget-container\">\n\t\t\t\t\t\t\t\t\t\t\t\t\t\t\t<img loading=\"lazy\" decoding=\"async\" width=\"1200\" height=\"900\" src=\"https:\/\/siluteinfo.lt\/wp-content\/themes\/woodmart\/images\/lazy.svg\" data-src=\"https:\/\/siluteinfo.lt\/wp-content\/uploads\/2023\/11\/lankomi-silutes-senosios-evangeliku-liuteronu-kapines.jpg\" class=\" wd-lazy-blur attachment-full size-full wp-image-31916\" alt=\"\u0160ilut\u0117s senosios evangelik\u0173 liuteron\u0173 kapin\u0117s\" srcset=\"\" data-srcset=\"https:\/\/siluteinfo.lt\/wp-content\/uploads\/2023\/11\/lankomi-silutes-senosios-evangeliku-liuteronu-kapines.jpg 1200w, https:\/\/siluteinfo.lt\/wp-content\/uploads\/2023\/11\/lankomi-silutes-senosios-evangeliku-liuteronu-kapines-400x300.jpg 400w, https:\/\/siluteinfo.lt\/wp-content\/uploads\/2023\/11\/lankomi-silutes-senosios-evangeliku-liuteronu-kapines-768x576.jpg 768w\" sizes=\"auto, (max-width: 1200px) 100vw, 1200px\" \/>\t\t\t\t\t\t\t\t\t\t\t\t\t\t\t<\/div>\n\t\t\t\t<\/div>\n\t\t\t\t<\/div>\n\t\t<div class=\"elementor-element elementor-element-86dec57 e-con-full e-flex e-con e-child\" data-id=\"86dec57\" data-element_type=\"container\" data-e-type=\"container\">\n\t\t\t\t<div class=\"elementor-element elementor-element-f437ba3 color-scheme-inherit text-left elementor-widget elementor-widget-text-editor\" data-id=\"f437ba3\" data-element_type=\"widget\" data-e-type=\"widget\" data-widget_type=\"text-editor.default\">\n\t\t\t\t<div class=\"elementor-widget-container\">\n\t\t\t\t\t\t\t\t\t<div dir=\"auto\" style=\"font-style: normal; font-variant-ligatures: normal; font-variant-caps: normal; font-weight: 400; font-family: Jost, Arial, Helvetica, sans-serif; font-size: 16px; white-space: normal; text-align: justify;\"><div dir=\"auto\" style=\"font-style: normal; font-variant-ligatures: normal; font-variant-caps: normal; font-weight: 400; font-family: Jost, Arial, Helvetica, sans-serif; font-size: 16px; white-space: normal; text-align: justify;\"><div dir=\"auto\" style=\"font-style: normal; font-variant-ligatures: normal; font-variant-caps: normal; font-weight: 400; font-family: Jost, Arial, Helvetica, sans-serif; font-size: 16px; white-space: normal; text-align: justify;\"><div dir=\"auto\" style=\"font-style: normal; font-variant-ligatures: normal; font-variant-caps: normal; font-weight: 400; font-family: Jost, Arial, Helvetica, sans-serif; font-size: 16px; white-space: normal; text-align: justify;\"><div dir=\"auto\" style=\"font-style: normal; font-variant-ligatures: normal; font-variant-caps: normal; font-weight: 400; font-family: Jost, Arial, Helvetica, sans-serif; font-size: 16px; white-space: normal; text-align: justify;\"><p style=\"text-align: left;\">Von der Mitte des 16. Jahrhunderts bis in die 1830er Jahre wurden die Bewohner der D\u00f6rfer \u0160ilokar\u010dema, \u017dibai und Verdain\u0117 auf dem Kirchhof der Verdain\u0117-Kirche beigesetzt. Mit dem Wachstum der Siedlungen wurde der Platz zu knapp. 1832 wurde ein neuer evangelischer Friedhof an der Kreuzung der heutigen Gele\u017einkelio- und Til\u017e\u0117s-Stra\u00dfe er\u00f6ffnet.<br>Wohlhabende B\u00fcrger legten Familiengr\u00e4ber mit Begr\u00e4bnisgew\u00f6lben an, oft eingefasst mit schmiedeeisernen Z\u00e4unen. Die Grabst\u00e4tten wurden meist durch geschmiedete oder gegossene Kreuze gekennzeichnet. Sp\u00e4ter wurde der Friedhof mit einem Metallzaun umgeben, und um 1907 wurde eine gemauerte Kapelle gebaut.<br>Nach 1945 wurde der Friedhof systematisch zerst\u00f6rt und 1962 offiziell geschlossen. Die Gr\u00e4ber verfielen, die Kapelle blieb ohne Fenster.<br>2009 begann die Restaurierung der Kapelle, die am 25. Mai 2013 geweiht und wiederer\u00f6ffnet wurde.                <br>Hier ruhen die Eltern des Schriftstellers Hermann Sudermann sowie die Familiengr\u00e4ber der Buchh\u00e4ndler Sekunos und \u0160taliai.<\/p><\/div><\/div><\/div><\/div><\/div>\t\t\t\t\t\t\t\t<\/div>\n\t\t\t\t<\/div>\n\t\t\t\t<\/div>\n\t\t<div class=\"elementor-element elementor-element-a81e15b e-con-full e-flex e-con e-child\" data-id=\"a81e15b\" data-element_type=\"container\" data-e-type=\"container\">\n\t\t\t\t<div class=\"elementor-element elementor-element-9309219 elementor-widget elementor-widget-shortcode\" data-id=\"9309219\" data-element_type=\"widget\" data-e-type=\"widget\" data-widget_type=\"shortcode.default\">\n\t\t\t\t<div class=\"elementor-widget-container\">\n\t\t\t\t\t\t\t<div class=\"elementor-shortcode\">\t\t<div id=\"maps-marker-pro-8649d33e\" class=\"maps-marker-pro mmp-list-below\" style=\"width: 100%;\">\n\t\t\t<div id=\"mmp-map-wrap-8649d33e\" class=\"mmp-map-wrap\">\n\t\t\t\t\t\t\t\t\t<div id=\"mmp-panel-8649d33e\" class=\"mmp-panel\"><\/div>\n\t\t\t\t\t\t\t\t<div id=\"mmp-map-8649d33e\" class=\"mmp-map\" style=\"height: 500px;\"><\/div>\n\t\t\t\t\t\t\t<\/div>\n\t\t\t\t\t\t\t<div id=\"mmp-list-8649d33e\" class=\"mmp-list\" style=\"flex-basis: 400px;\"><\/div>\n\t\t\t\t\t<\/div>\n\t\t<\/div>\n\t\t\t\t\t\t<\/div>\n\t\t\t\t<\/div>\n\t\t\t\t<\/div>\n\t\t\t\t\t<\/div>\n\t\t\t\t<\/div>\n\t\t\t\t<\/div>\n\t\t","protected":false},"excerpt":{"rendered":"<p>Von der Mitte des 16. Jahrhunderts bis in die 1830er Jahre wurden die Bewohner der D\u00f6rfer \u0160ilokar\u010dema, \u017dibai und Verdain\u0117<\/p>\n","protected":false},"author":1,"featured_media":31916,"parent":22976,"menu_order":68,"comment_status":"closed","ping_status":"closed","template":"","meta":{"_acf_changed":false,"_monsterinsights_skip_tracking":false,"_monsterinsights_sitenote_active":false,"_monsterinsights_sitenote_note":"","_monsterinsights_sitenote_category":0,"footnotes":""},"class_list":["post-43405","page","type-page","status-publish","has-post-thumbnail","hentry"],"acf":[],"_links":{"self":[{"href":"https:\/\/siluteinfo.lt\/de\/wp-json\/wp\/v2\/pages\/43405","targetHints":{"allow":["GET"]}}],"collection":[{"href":"https:\/\/siluteinfo.lt\/de\/wp-json\/wp\/v2\/pages"}],"about":[{"href":"https:\/\/siluteinfo.lt\/de\/wp-json\/wp\/v2\/types\/page"}],"author":[{"embeddable":true,"href":"https:\/\/siluteinfo.lt\/de\/wp-json\/wp\/v2\/users\/1"}],"replies":[{"embeddable":true,"href":"https:\/\/siluteinfo.lt\/de\/wp-json\/wp\/v2\/comments?post=43405"}],"version-history":[{"count":0,"href":"https:\/\/siluteinfo.lt\/de\/wp-json\/wp\/v2\/pages\/43405\/revisions"}],"up":[{"embeddable":true,"href":"https:\/\/siluteinfo.lt\/de\/wp-json\/wp\/v2\/pages\/22976"}],"wp:featuredmedia":[{"embeddable":true,"href":"https:\/\/siluteinfo.lt\/de\/wp-json\/wp\/v2\/media\/31916"}],"wp:attachment":[{"href":"https:\/\/siluteinfo.lt\/de\/wp-json\/wp\/v2\/media?parent=43405"}],"curies":[{"name":"wp","href":"https:\/\/api.w.org\/{rel}","templated":true}]}}