{"id":43399,"date":"2022-05-26T05:38:17","date_gmt":"2022-05-26T03:38:17","guid":{"rendered":"https:\/\/siluteinfo.lt\/freizeit\/zu-besuchende-orte\/komplex-ehemalige-gasfabrik\/"},"modified":"2025-06-12T15:14:20","modified_gmt":"2025-06-12T13:14:20","slug":"komplex-ehemalige-gasfabrik","status":"publish","type":"page","link":"https:\/\/siluteinfo.lt\/de\/freizeit\/zu-besuchende-orte\/komplex-ehemalige-gasfabrik\/","title":{"rendered":"Komplex der ehemaligen Gasfabrik"},"content":{"rendered":"\t\t<div data-elementor-type=\"wp-page\" data-elementor-id=\"43399\" class=\"elementor elementor-43399 elementor-11277\" data-elementor-post-type=\"page\">\n\t\t\t\t<div class=\"wd-negative-gap elementor-element elementor-element-1ba6379 e-flex e-con-boxed e-con e-parent\" data-id=\"1ba6379\" data-element_type=\"container\" data-e-type=\"container\">\n\t\t\t\t\t<div class=\"e-con-inner\">\n\t\t<div class=\"elementor-element elementor-element-56e5be1 e-con-full e-flex e-con e-child\" data-id=\"56e5be1\" data-element_type=\"container\" data-e-type=\"container\">\n\t\t\t\t<div class=\"elementor-element elementor-element-110e6eb elementor-widget elementor-widget-theme-post-featured-image elementor-widget-image\" data-id=\"110e6eb\" data-element_type=\"widget\" data-e-type=\"widget\" data-widget_type=\"theme-post-featured-image.default\">\n\t\t\t\t<div class=\"elementor-widget-container\">\n\t\t\t\t\t\t\t\t\t\t\t\t\t\t\t<img loading=\"lazy\" decoding=\"async\" width=\"1200\" height=\"800\" src=\"https:\/\/siluteinfo.lt\/wp-content\/themes\/woodmart\/images\/lazy.svg\" data-src=\"https:\/\/siluteinfo.lt\/wp-content\/uploads\/2023\/11\/lankomi-buvusio-duju-fabriko-pastatu-kompleksas.jpg\" class=\" wd-lazy-blur attachment-full size-full wp-image-31909\" alt=\"Buvusio duj\u0173 fabriko pastat\u0173 kompleksas \u0160ilut\u0117je\" srcset=\"\" data-srcset=\"https:\/\/siluteinfo.lt\/wp-content\/uploads\/2023\/11\/lankomi-buvusio-duju-fabriko-pastatu-kompleksas.jpg 1200w, https:\/\/siluteinfo.lt\/wp-content\/uploads\/2023\/11\/lankomi-buvusio-duju-fabriko-pastatu-kompleksas-400x267.jpg 400w, https:\/\/siluteinfo.lt\/wp-content\/uploads\/2023\/11\/lankomi-buvusio-duju-fabriko-pastatu-kompleksas-768x512.jpg 768w\" sizes=\"auto, (max-width: 1200px) 100vw, 1200px\" \/>\t\t\t\t\t\t\t\t\t\t\t\t\t\t\t<\/div>\n\t\t\t\t<\/div>\n\t\t\t\t<\/div>\n\t\t<div class=\"elementor-element elementor-element-88c5a39 e-con-full e-flex e-con e-child\" data-id=\"88c5a39\" data-element_type=\"container\" data-e-type=\"container\">\n\t\t\t\t<div class=\"elementor-element elementor-element-d2a95c9 color-scheme-inherit text-left elementor-widget elementor-widget-text-editor\" data-id=\"d2a95c9\" data-element_type=\"widget\" data-e-type=\"widget\" data-widget_type=\"text-editor.default\">\n\t\t\t\t<div class=\"elementor-widget-container\">\n\t\t\t\t\t\t\t\t\t<div dir=\"auto\" style=\"font-style: normal; font-variant-ligatures: normal; font-variant-caps: normal; font-weight: 400; font-family: Jost, Arial, Helvetica, sans-serif; font-size: 16px; white-space: normal; text-align: justify;\"><div dir=\"auto\" style=\"font-style: normal; font-variant-ligatures: normal; font-variant-caps: normal; font-weight: 400; font-family: Jost, Arial, Helvetica, sans-serif; font-size: 16px; white-space: normal; text-align: justify;\"><div dir=\"auto\" style=\"font-style: normal; font-variant-ligatures: normal; font-variant-caps: normal; font-weight: 400; font-family: Jost, Arial, Helvetica, sans-serif; font-size: 16px; white-space: normal; text-align: justify;\"><div dir=\"auto\" style=\"font-style: normal; font-variant-ligatures: normal; font-variant-caps: normal; font-weight: 400; font-family: Jost, Arial, Helvetica, sans-serif; font-size: 16px; white-space: normal; text-align: justify;\"><p style=\"text-align: left;\">Im Jahr 1907 wurde am Stadtrand von \u0160ilut\u0117 im Stadtteil Verdain\u0117 eine Gasfabrik fertiggestellt und in Betrieb genommen. Die Fabrik verf\u00fcgte \u00fcber zwei \u00d6fen mit je einem Retortenofen. Auf dem Gel\u00e4nde befand sich ein oberirdischer Tank mit einem Fassungsverm\u00f6gen von 800\u20131000 m\u00b3. Die Gasproduktion erfolgte aus Steinkohle, die per Eisenbahn nach \u0160ilut\u0117 gebracht und anschlie\u00dfend mit Pferdewagen zur Fabrik transportiert wurde. Das produzierte Gas wurde \u00fcber Leitungen an Einrichtungen, Unternehmen und Wohnh\u00e4user in \u0160ilokar\u010dema, \u017dibai und Verdain\u0117 verteilt und diente auch zur Stra\u00dfenbeleuchtung.<br>1945 versuchte die sowjetische Armee, die Gasfabrik wieder in Betrieb zu nehmen, doch die Anlagen waren veraltet und abgenutzt. Der Gasbetrieb wurde nicht wieder aufgenommen. 1950 wurden die Geb\u00e4ude und das Gel\u00e4nde der entstehenden Maschinen- und Meliorationsstation von \u0160ilut\u0117 \u00fcbergeben. Die Geb\u00e4ude wurden sp\u00e4ter umgebaut, die Ausr\u00fcstung entfernt und in Werkst\u00e4tten und Lagerhallen umgewandelt.            <br>Heute befindet sich im Geb\u00e4ude der ehemaligen Fabrik das G\u00e4stehaus Villa Verdain\u0117.<\/p><\/div><\/div><\/div><\/div>\t\t\t\t\t\t\t\t<\/div>\n\t\t\t\t<\/div>\n\t\t\t\t<\/div>\n\t\t<div class=\"elementor-element elementor-element-0644f6b e-con-full e-flex e-con e-child\" data-id=\"0644f6b\" data-element_type=\"container\" data-e-type=\"container\">\n\t\t\t\t<div class=\"elementor-element elementor-element-4dfa713 elementor-widget elementor-widget-shortcode\" data-id=\"4dfa713\" data-element_type=\"widget\" data-e-type=\"widget\" data-widget_type=\"shortcode.default\">\n\t\t\t\t<div class=\"elementor-widget-container\">\n\t\t\t\t\t\t\t<div class=\"elementor-shortcode\">\t\t<div id=\"maps-marker-pro-3f2a76e2\" class=\"maps-marker-pro mmp-list-below\" style=\"width: 100%;\">\n\t\t\t<div id=\"mmp-map-wrap-3f2a76e2\" class=\"mmp-map-wrap\">\n\t\t\t\t\t\t\t\t\t<div id=\"mmp-panel-3f2a76e2\" class=\"mmp-panel\"><\/div>\n\t\t\t\t\t\t\t\t<div id=\"mmp-map-3f2a76e2\" class=\"mmp-map\" style=\"height: 500px;\"><\/div>\n\t\t\t\t\t\t\t<\/div>\n\t\t\t\t\t\t\t<div id=\"mmp-list-3f2a76e2\" class=\"mmp-list\" style=\"flex-basis: 400px;\"><\/div>\n\t\t\t\t\t<\/div>\n\t\t<\/div>\n\t\t\t\t\t\t<\/div>\n\t\t\t\t<\/div>\n\t\t\t\t<\/div>\n\t\t\t\t\t<\/div>\n\t\t\t\t<\/div>\n\t\t\t\t<\/div>\n\t\t","protected":false},"excerpt":{"rendered":"<p>Im Jahr 1907 wurde am Stadtrand von \u0160ilut\u0117 im Stadtteil Verdain\u0117 eine Gasfabrik fertiggestellt und in Betrieb genommen. Die Fabrik<\/p>\n","protected":false},"author":1,"featured_media":31909,"parent":22976,"menu_order":67,"comment_status":"closed","ping_status":"closed","template":"","meta":{"_acf_changed":false,"_monsterinsights_skip_tracking":false,"_monsterinsights_sitenote_active":false,"_monsterinsights_sitenote_note":"","_monsterinsights_sitenote_category":0,"footnotes":""},"class_list":["post-43399","page","type-page","status-publish","has-post-thumbnail","hentry"],"acf":[],"_links":{"self":[{"href":"https:\/\/siluteinfo.lt\/de\/wp-json\/wp\/v2\/pages\/43399","targetHints":{"allow":["GET"]}}],"collection":[{"href":"https:\/\/siluteinfo.lt\/de\/wp-json\/wp\/v2\/pages"}],"about":[{"href":"https:\/\/siluteinfo.lt\/de\/wp-json\/wp\/v2\/types\/page"}],"author":[{"embeddable":true,"href":"https:\/\/siluteinfo.lt\/de\/wp-json\/wp\/v2\/users\/1"}],"replies":[{"embeddable":true,"href":"https:\/\/siluteinfo.lt\/de\/wp-json\/wp\/v2\/comments?post=43399"}],"version-history":[{"count":0,"href":"https:\/\/siluteinfo.lt\/de\/wp-json\/wp\/v2\/pages\/43399\/revisions"}],"up":[{"embeddable":true,"href":"https:\/\/siluteinfo.lt\/de\/wp-json\/wp\/v2\/pages\/22976"}],"wp:featuredmedia":[{"embeddable":true,"href":"https:\/\/siluteinfo.lt\/de\/wp-json\/wp\/v2\/media\/31909"}],"wp:attachment":[{"href":"https:\/\/siluteinfo.lt\/de\/wp-json\/wp\/v2\/media?parent=43399"}],"curies":[{"name":"wp","href":"https:\/\/api.w.org\/{rel}","templated":true}]}}