{"id":43397,"date":"2022-05-26T05:33:34","date_gmt":"2022-05-26T03:33:34","guid":{"rendered":"https:\/\/siluteinfo.lt\/freizeit\/zu-besuchende-orte\/katholische-kirche-heiliges-kreuz-silute\/"},"modified":"2025-06-12T15:14:19","modified_gmt":"2025-06-12T13:14:19","slug":"katholische-kirche-heiliges-kreuz-silute","status":"publish","type":"page","link":"https:\/\/siluteinfo.lt\/de\/freizeit\/zu-besuchende-orte\/katholische-kirche-heiliges-kreuz-silute\/","title":{"rendered":"Katholische Kirche zum Heiligen Kreuz in \u0160ilut\u0117"},"content":{"rendered":"\t\t<div data-elementor-type=\"wp-page\" data-elementor-id=\"43397\" class=\"elementor elementor-43397 elementor-11259\" data-elementor-post-type=\"page\">\n\t\t\t\t<div class=\"wd-negative-gap elementor-element elementor-element-d0bc109 e-flex e-con-boxed e-con e-parent\" data-id=\"d0bc109\" data-element_type=\"container\" data-e-type=\"container\">\n\t\t\t\t\t<div class=\"e-con-inner\">\n\t\t<div class=\"elementor-element elementor-element-3cbb86e e-con-full e-flex e-con e-child\" data-id=\"3cbb86e\" data-element_type=\"container\" data-e-type=\"container\">\n\t\t\t\t<div class=\"elementor-element elementor-element-f3a9ae3 elementor-widget elementor-widget-theme-post-featured-image elementor-widget-image\" data-id=\"f3a9ae3\" data-element_type=\"widget\" data-e-type=\"widget\" data-widget_type=\"theme-post-featured-image.default\">\n\t\t\t\t<div class=\"elementor-widget-container\">\n\t\t\t\t\t\t\t\t\t\t\t\t\t\t\t<img loading=\"lazy\" decoding=\"async\" width=\"1200\" height=\"900\" src=\"https:\/\/siluteinfo.lt\/wp-content\/themes\/woodmart\/images\/lazy.svg\" data-src=\"https:\/\/siluteinfo.lt\/wp-content\/uploads\/2023\/11\/lankomi-silutes-sv-kryziaus-kataliku-baznycia.jpg\" class=\" wd-lazy-blur attachment-full size-full wp-image-31902\" alt=\"\u0160v. Kry\u017eiaus katalik\u0173 ba\u017eny\u010dia \u0160ilut\u0117je\" srcset=\"\" data-srcset=\"https:\/\/siluteinfo.lt\/wp-content\/uploads\/2023\/11\/lankomi-silutes-sv-kryziaus-kataliku-baznycia.jpg 1200w, https:\/\/siluteinfo.lt\/wp-content\/uploads\/2023\/11\/lankomi-silutes-sv-kryziaus-kataliku-baznycia-400x300.jpg 400w, https:\/\/siluteinfo.lt\/wp-content\/uploads\/2023\/11\/lankomi-silutes-sv-kryziaus-kataliku-baznycia-768x576.jpg 768w\" sizes=\"auto, (max-width: 1200px) 100vw, 1200px\" \/>\t\t\t\t\t\t\t\t\t\t\t\t\t\t\t<\/div>\n\t\t\t\t<\/div>\n\t\t\t\t<\/div>\n\t\t<div class=\"elementor-element elementor-element-300f03f e-con-full e-flex e-con e-child\" data-id=\"300f03f\" data-element_type=\"container\" data-e-type=\"container\">\n\t\t\t\t<div class=\"elementor-element elementor-element-5d86293 color-scheme-inherit text-left elementor-widget elementor-widget-text-editor\" data-id=\"5d86293\" data-element_type=\"widget\" data-e-type=\"widget\" data-widget_type=\"text-editor.default\">\n\t\t\t\t<div class=\"elementor-widget-container\">\n\t\t\t\t\t\t\t\t\t<div dir=\"auto\" style=\"font-style: normal; font-variant-ligatures: normal; font-variant-caps: normal; font-weight: 400; font-family: Jost, Arial, Helvetica, sans-serif; font-size: 16px; white-space: normal; text-align: justify;\"><div dir=\"auto\" style=\"font-style: normal; font-variant-ligatures: normal; font-variant-caps: normal; font-weight: 400; font-family: Jost, Arial, Helvetica, sans-serif; font-size: 16px; white-space: normal; text-align: justify;\"><div dir=\"auto\" style=\"font-style: normal; font-variant-ligatures: normal; font-variant-caps: normal; font-weight: 400; font-family: Jost, Arial, Helvetica, sans-serif; font-size: 16px; white-space: normal; text-align: justify;\"><p style=\"text-align: left;\">Diese katholische Kirche aus roten Ziegeln wurde 1854 im historistischen Stil erbaut und hat einen rechteckigen Grundriss. Der separat geplante Glockenturm wurde nie realisiert. \u00dcber dem Hauptgiebel erhebt sich ein durchbrochener zweist\u00f6ckiger Turm, die Fenster sind mit sch\u00f6nen Bleiglasfenstern verziert. Das Dach war urspr\u00fcnglich mit holl\u00e4ndischen Ziegeln gedeckt, heute ist es mit rot lackiertem verzinktem Blech eingedeckt. Rechts vom Haupteingang steht eine Statue der Heiligen Jungfrau Maria auf einem hohen Sockel.<br>Im Presbyterium befinden sich zwei Glasfenster \u2013 eines zeigt den heiligen Augustinus, das andere die heilige Elisabeth. Die Kirche verf\u00fcgt \u00fcber drei Alt\u00e4re, alle mit Skulpturen geschm\u00fcckt: der Hauptaltar ist dem Fest der Kreuzerh\u00f6hung gewidmet, die Seitenalt\u00e4re der Heiligsten Herz-Jesu und der Jungfrau Maria. Im Hauptaltar befindet sich ein h\u00f6lzernes Kruzifix, daneben Figuren der Jungfrau Maria sowie der Apostel Petrus und Paulus. Der Bildhauer ist unbekannt.               <br>Die h\u00f6lzerne Kanzel ist im gotischen Stil gehalten, verziert mit Reliefs der vier Evangelisten und der Zehn Gebote.<\/p><\/div><\/div><\/div>\t\t\t\t\t\t\t\t<\/div>\n\t\t\t\t<\/div>\n\t\t\t\t<\/div>\n\t\t<div class=\"elementor-element elementor-element-1c1434e e-con-full e-flex e-con e-child\" data-id=\"1c1434e\" data-element_type=\"container\" data-e-type=\"container\">\n\t\t\t\t<div class=\"elementor-element elementor-element-4364320 elementor-widget elementor-widget-shortcode\" data-id=\"4364320\" data-element_type=\"widget\" data-e-type=\"widget\" data-widget_type=\"shortcode.default\">\n\t\t\t\t<div class=\"elementor-widget-container\">\n\t\t\t\t\t\t\t<div class=\"elementor-shortcode\">\t\t<div id=\"maps-marker-pro-2ee8e004\" class=\"maps-marker-pro mmp-list-below\" style=\"width: 100%;\">\n\t\t\t<div id=\"mmp-map-wrap-2ee8e004\" class=\"mmp-map-wrap\">\n\t\t\t\t\t\t\t\t\t<div id=\"mmp-panel-2ee8e004\" class=\"mmp-panel\"><\/div>\n\t\t\t\t\t\t\t\t<div id=\"mmp-map-2ee8e004\" class=\"mmp-map\" style=\"height: 500px;\"><\/div>\n\t\t\t\t\t\t\t<\/div>\n\t\t\t\t\t\t\t<div id=\"mmp-list-2ee8e004\" class=\"mmp-list\" style=\"flex-basis: 400px;\"><\/div>\n\t\t\t\t\t<\/div>\n\t\t<\/div>\n\t\t\t\t\t\t<\/div>\n\t\t\t\t<\/div>\n\t\t\t\t<\/div>\n\t\t\t\t\t<\/div>\n\t\t\t\t<\/div>\n\t\t\t\t<\/div>\n\t\t","protected":false},"excerpt":{"rendered":"<p>Diese katholische Kirche aus roten Ziegeln wurde 1854 im historistischen Stil erbaut und hat einen rechteckigen Grundriss. Der separat geplante<\/p>\n","protected":false},"author":1,"featured_media":31902,"parent":22976,"menu_order":66,"comment_status":"closed","ping_status":"closed","template":"","meta":{"_acf_changed":false,"_monsterinsights_skip_tracking":false,"_monsterinsights_sitenote_active":false,"_monsterinsights_sitenote_note":"","_monsterinsights_sitenote_category":0,"footnotes":""},"class_list":["post-43397","page","type-page","status-publish","has-post-thumbnail","hentry"],"acf":[],"_links":{"self":[{"href":"https:\/\/siluteinfo.lt\/de\/wp-json\/wp\/v2\/pages\/43397","targetHints":{"allow":["GET"]}}],"collection":[{"href":"https:\/\/siluteinfo.lt\/de\/wp-json\/wp\/v2\/pages"}],"about":[{"href":"https:\/\/siluteinfo.lt\/de\/wp-json\/wp\/v2\/types\/page"}],"author":[{"embeddable":true,"href":"https:\/\/siluteinfo.lt\/de\/wp-json\/wp\/v2\/users\/1"}],"replies":[{"embeddable":true,"href":"https:\/\/siluteinfo.lt\/de\/wp-json\/wp\/v2\/comments?post=43397"}],"version-history":[{"count":0,"href":"https:\/\/siluteinfo.lt\/de\/wp-json\/wp\/v2\/pages\/43397\/revisions"}],"up":[{"embeddable":true,"href":"https:\/\/siluteinfo.lt\/de\/wp-json\/wp\/v2\/pages\/22976"}],"wp:featuredmedia":[{"embeddable":true,"href":"https:\/\/siluteinfo.lt\/de\/wp-json\/wp\/v2\/media\/31902"}],"wp:attachment":[{"href":"https:\/\/siluteinfo.lt\/de\/wp-json\/wp\/v2\/media?parent=43397"}],"curies":[{"name":"wp","href":"https:\/\/api.w.org\/{rel}","templated":true}]}}